{"id":153392,"date":"2023-05-03T16:31:43","date_gmt":"2023-05-03T16:31:43","guid":{"rendered":"https:\/\/ajediam.com\/diamonds-101\/"},"modified":"2026-02-18T17:39:31","modified_gmt":"2026-02-18T17:39:31","slug":"diamanten-101","status":"publish","type":"page","link":"https:\/\/ajediam.com\/de\/diamanten-101\/","title":{"rendered":"Diamanten 101"},"content":{"rendered":"\n<p class=\"tt1\">Alles, was Sie wissen m\u00fcssen, bevor Sie Ihren ersten Diamanten kaufen.<\/p>\n\n\n\n<p class=\"tt2\">Bereiten Sie sich mit unserem unverzichtbaren \u201eDiamanten 101\u201c-Leitfaden auf Ihren Diamantenkauf vor. Er enth\u00e4lt alle wichtigen Informationen, die Sie vor Ihrem ersten Kauf ben\u00f6tigen. Erfahren Sie mehr \u00fcber Diamantengr\u00f6\u00dfen, -formen und -gewichte und wie Sie vermeiden, zu viel f\u00fcr Ihren Diamantschmuck zu bezahlen. Wir beraten Sie auch bei der Versicherung Ihres Diamanten, damit Sie bestens ger\u00fcstet sind, um eine fundierte Entscheidung zu treffen und in ein St\u00fcck zu investieren, das Ihnen Freude und dauerhaften Wert bringt.<\/p>\n","protected":false},"excerpt":{"rendered":"<p>Alles, was Sie wissen m\u00fcssen, bevor Sie Ihren ersten Diamanten kaufen. Bereiten Sie sich mit unserem unverzichtbaren \u201eDiamanten 101\u201c-Leitfaden auf Ihren Diamantenkauf vor. Er enth\u00e4lt alle wichtigen Informationen, die Sie vor Ihrem ersten Kauf ben\u00f6tigen. Erfahren Sie mehr \u00fcber Diamantengr\u00f6\u00dfen, -formen und -gewichte und wie Sie vermeiden, zu viel f\u00fcr Ihren Diamantschmuck zu bezahlen. Wir [&hellip;]<\/p>\n","protected":false},"author":5,"featured_media":0,"parent":0,"menu_order":0,"comment_status":"closed","ping_status":"closed","template":"childpage-page.php","meta":{"ub_ctt_via":"","footnotes":""},"acf":[],"featured_image_src":null,"_links":{"self":[{"href":"https:\/\/ajediam.com\/de\/wp-json\/wp\/v2\/pages\/153392"}],"collection":[{"href":"https:\/\/ajediam.com\/de\/wp-json\/wp\/v2\/pages"}],"about":[{"href":"https:\/\/ajediam.com\/de\/wp-json\/wp\/v2\/types\/page"}],"author":[{"embeddable":true,"href":"https:\/\/ajediam.com\/de\/wp-json\/wp\/v2\/users\/5"}],"replies":[{"embeddable":true,"href":"https:\/\/ajediam.com\/de\/wp-json\/wp\/v2\/comments?post=153392"}],"version-history":[{"count":1,"href":"https:\/\/ajediam.com\/de\/wp-json\/wp\/v2\/pages\/153392\/revisions"}],"predecessor-version":[{"id":153394,"href":"https:\/\/ajediam.com\/de\/wp-json\/wp\/v2\/pages\/153392\/revisions\/153394"}],"wp:attachment":[{"href":"https:\/\/ajediam.com\/de\/wp-json\/wp\/v2\/media?parent=153392"}],"curies":[{"name":"wp","href":"https:\/\/api.w.org\/{rel}","templated":true}]}}