{"id":153395,"date":"2023-05-03T12:04:14","date_gmt":"2023-05-03T12:04:14","guid":{"rendered":"https:\/\/ajediam.com\/diamond-prices\/"},"modified":"2026-02-18T17:44:44","modified_gmt":"2026-02-18T17:44:44","slug":"diamantenpreise","status":"publish","type":"page","link":"https:\/\/ajediam.com\/de\/diamantenpreise\/","title":{"rendered":"Diamantenpreise"},"content":{"rendered":"\n<p class=\"tt1\">Preislisten und Preis-Tools, um Diamantenpreise auf einen Blick zu verstehen.<\/p>\n\n\n\n<p class=\"tt2\">Gewinnen Sie ein tieferes Verst\u00e4ndnis der Diamantenpreisgestaltung mit unseren umfangreichen Ressourcen, darunter Preislisten f\u00fcr wei\u00dfe Diamanten, Rohdiamanten, farbige Diamanten und Synthetiksteine sowie ein benutzerfreundlicher Preisrechner. Tauchen Sie in die Preishistorie von wei\u00df geschliffenen Diamanten ein, um Einblicke in Markttrends und Schwankungen zu erhalten. R\u00fcstet Sie sich mit dem Wissen aus, um den Wert verschiedener Diamanten sicher zu bewerten und zu vergleichen, damit Sie fundierte Entscheidungen bei Ihren wertvollen Investitionen treffen k\u00f6nnen.<\/p>\n","protected":false},"excerpt":{"rendered":"<p>Preislisten und Preis-Tools, um Diamantenpreise auf einen Blick zu verstehen. Gewinnen Sie ein tieferes Verst\u00e4ndnis der Diamantenpreisgestaltung mit unseren umfangreichen Ressourcen, darunter Preislisten f\u00fcr wei\u00dfe Diamanten, Rohdiamanten, farbige Diamanten und Synthetiksteine sowie ein benutzerfreundlicher Preisrechner. Tauchen Sie in die Preishistorie von wei\u00df geschliffenen Diamanten ein, um Einblicke in Markttrends und Schwankungen zu erhalten. R\u00fcstet Sie [&hellip;]<\/p>\n","protected":false},"author":5,"featured_media":0,"parent":0,"menu_order":0,"comment_status":"closed","ping_status":"closed","template":"childpage-page.php","meta":{"ub_ctt_via":"","footnotes":""},"acf":[],"featured_image_src":null,"_links":{"self":[{"href":"https:\/\/ajediam.com\/de\/wp-json\/wp\/v2\/pages\/153395"}],"collection":[{"href":"https:\/\/ajediam.com\/de\/wp-json\/wp\/v2\/pages"}],"about":[{"href":"https:\/\/ajediam.com\/de\/wp-json\/wp\/v2\/types\/page"}],"author":[{"embeddable":true,"href":"https:\/\/ajediam.com\/de\/wp-json\/wp\/v2\/users\/5"}],"replies":[{"embeddable":true,"href":"https:\/\/ajediam.com\/de\/wp-json\/wp\/v2\/comments?post=153395"}],"version-history":[{"count":1,"href":"https:\/\/ajediam.com\/de\/wp-json\/wp\/v2\/pages\/153395\/revisions"}],"predecessor-version":[{"id":153397,"href":"https:\/\/ajediam.com\/de\/wp-json\/wp\/v2\/pages\/153395\/revisions\/153397"}],"wp:attachment":[{"href":"https:\/\/ajediam.com\/de\/wp-json\/wp\/v2\/media?parent=153395"}],"curies":[{"name":"wp","href":"https:\/\/api.w.org\/{rel}","templated":true}]}}