{"id":153402,"date":"2023-05-03T15:48:03","date_gmt":"2023-05-03T15:48:03","guid":{"rendered":"https:\/\/ajediam.com\/vergleichen-sie-die-qualitaeten-von-diamanten\/"},"modified":"2026-04-07T16:11:04","modified_gmt":"2026-04-07T16:11:04","slug":"vergleichen-sie-die-qualitaeten-von-diamanten","status":"publish","type":"page","link":"https:\/\/ajediam.com\/de\/vergleichen-sie-die-qualitaeten-von-diamanten\/","title":{"rendered":"Vergleichen Sie die Qualit\u00e4ten von Diamanten"},"content":{"rendered":"\n<p class=\"tt1\">Lernen Sie, die Qualit\u00e4ten von Diamanten zu vergleichen und die beste Wahl f\u00fcr Sie zu treffen.<\/p>\n\n<p class=\"tt2\">Meistern Sie die Kunst des Diamantenvergleichs mit unserer fachkundigen Anleitung, die Ihnen helfen soll, die beste Wahl f\u00fcr Ihre individuellen Bed\u00fcrfnisse und Vorlieben zu treffen. Verstehen Sie die Feinheiten der Diamantenbewertung, die Bedeutung der 4 Ks und andere Faktoren, die die Sch\u00f6nheit und den Wert eines Diamanten beeinflussen. Erfahren Sie, wie Sie Diamanten anhand ihrer Eigenschaften beurteilen und vergleichen k\u00f6nnen. So k\u00f6nnen Sie fundierte Entscheidungen treffen und den perfekten Diamanten f\u00fcr Ihre Bed\u00fcrfnisse ausw\u00e4hlen.<\/p>\n","protected":false},"excerpt":{"rendered":"<p>Lernen Sie, die Qualit\u00e4ten von Diamanten zu vergleichen und die beste Wahl f\u00fcr Sie zu treffen. Meistern Sie die Kunst des Diamantenvergleichs mit unserer fachkundigen Anleitung, die Ihnen helfen soll, die beste Wahl f\u00fcr Ihre individuellen Bed\u00fcrfnisse und Vorlieben zu treffen. Verstehen Sie die Feinheiten der Diamantenbewertung, die Bedeutung der 4 Ks und andere Faktoren, [&hellip;]<\/p>\n","protected":false},"author":5,"featured_media":0,"parent":0,"menu_order":0,"comment_status":"closed","ping_status":"closed","template":"childpage-page.php","meta":{"ub_ctt_via":"","footnotes":""},"acf":[],"featured_image_src":null,"_links":{"self":[{"href":"https:\/\/ajediam.com\/de\/wp-json\/wp\/v2\/pages\/153402"}],"collection":[{"href":"https:\/\/ajediam.com\/de\/wp-json\/wp\/v2\/pages"}],"about":[{"href":"https:\/\/ajediam.com\/de\/wp-json\/wp\/v2\/types\/page"}],"author":[{"embeddable":true,"href":"https:\/\/ajediam.com\/de\/wp-json\/wp\/v2\/users\/5"}],"replies":[{"embeddable":true,"href":"https:\/\/ajediam.com\/de\/wp-json\/wp\/v2\/comments?post=153402"}],"version-history":[{"count":2,"href":"https:\/\/ajediam.com\/de\/wp-json\/wp\/v2\/pages\/153402\/revisions"}],"predecessor-version":[{"id":153404,"href":"https:\/\/ajediam.com\/de\/wp-json\/wp\/v2\/pages\/153402\/revisions\/153404"}],"wp:attachment":[{"href":"https:\/\/ajediam.com\/de\/wp-json\/wp\/v2\/media?parent=153402"}],"curies":[{"name":"wp","href":"https:\/\/api.w.org\/{rel}","templated":true}]}}