{"id":153408,"date":"2023-05-04T13:42:16","date_gmt":"2023-05-04T13:42:16","guid":{"rendered":"https:\/\/ajediam.com\/schmuck-kunsthandwerk\/"},"modified":"2026-02-18T18:18:36","modified_gmt":"2026-02-18T18:18:36","slug":"schmuck-kunsthandwerk","status":"publish","type":"page","link":"https:\/\/ajediam.com\/de\/schmuck-kunsthandwerk\/","title":{"rendered":"Schmuck &amp; Kunsthandwerk"},"content":{"rendered":"\n<p class=\"tt1\">Technik f\u00fcr feinen Schmuck: Die Kunst und die Geheimnisse der Herstellung und Pflege von feinem Schmuck.<\/p>\n\n<p class=\"tt2\">Enth\u00fcllen Sie die Kunstfertigkeit und die Geheimnisse hinter der Herstellung und Pflege von feinem Schmuck in diesem aufschlussreichen Kapitel. Tauchen Sie ein in die Welt der Handwerkskunst und erkunden Sie die Techniken und das Fachwissen, die f\u00fcr die Herstellung exquisiter, zeitloser St\u00fccke erforderlich sind. Lernen Sie die verschiedenen Materialien, Fassungen und Stile kennen, die zur Sch\u00f6nheit und Langlebigkeit von feinem Schmuck beitragen. Dar\u00fcber hinaus erfahren Sie, wie Sie Ihre kostbaren Sch\u00e4tze am besten pflegen, damit sie auch in Zukunft in Glanz und Eleganz erstrahlen.<\/p>\n","protected":false},"excerpt":{"rendered":"<p>Technik f\u00fcr feinen Schmuck: Die Kunst und die Geheimnisse der Herstellung und Pflege von feinem Schmuck. Enth\u00fcllen Sie die Kunstfertigkeit und die Geheimnisse hinter der Herstellung und Pflege von feinem Schmuck in diesem aufschlussreichen Kapitel. Tauchen Sie ein in die Welt der Handwerkskunst und erkunden Sie die Techniken und das Fachwissen, die f\u00fcr die Herstellung [&hellip;]<\/p>\n","protected":false},"author":5,"featured_media":0,"parent":0,"menu_order":0,"comment_status":"closed","ping_status":"closed","template":"childpage-page.php","meta":{"ub_ctt_via":"","footnotes":""},"acf":[],"featured_image_src":null,"_links":{"self":[{"href":"https:\/\/ajediam.com\/de\/wp-json\/wp\/v2\/pages\/153408"}],"collection":[{"href":"https:\/\/ajediam.com\/de\/wp-json\/wp\/v2\/pages"}],"about":[{"href":"https:\/\/ajediam.com\/de\/wp-json\/wp\/v2\/types\/page"}],"author":[{"embeddable":true,"href":"https:\/\/ajediam.com\/de\/wp-json\/wp\/v2\/users\/5"}],"replies":[{"embeddable":true,"href":"https:\/\/ajediam.com\/de\/wp-json\/wp\/v2\/comments?post=153408"}],"version-history":[{"count":2,"href":"https:\/\/ajediam.com\/de\/wp-json\/wp\/v2\/pages\/153408\/revisions"}],"predecessor-version":[{"id":153410,"href":"https:\/\/ajediam.com\/de\/wp-json\/wp\/v2\/pages\/153408\/revisions\/153410"}],"wp:attachment":[{"href":"https:\/\/ajediam.com\/de\/wp-json\/wp\/v2\/media?parent=153408"}],"curies":[{"name":"wp","href":"https:\/\/api.w.org\/{rel}","templated":true}]}}