{"id":153411,"date":"2023-05-03T16:16:40","date_gmt":"2023-05-03T16:16:40","guid":{"rendered":"https:\/\/ajediam.com\/grob-und-bergbau\/"},"modified":"2026-02-18T18:17:31","modified_gmt":"2026-02-18T18:17:31","slug":"grob-und-bergbau","status":"publish","type":"page","link":"https:\/\/ajediam.com\/de\/grob-und-bergbau\/","title":{"rendered":"Grob und Bergbau"},"content":{"rendered":"\n<p class=\"tt1\">Verstehen Sie die Prozesse der Gewinnung und Herstellung von Diamanten.<\/p>\n\n<p class=\"tt2\">Begeben Sie sich auf ein fesselndes Abenteuer in die Welt der Rohdiamanten und des Diamantenabbaus, von der Gewinnung und Herstellung bis hin zur Erkundung der faszinierenden Reise der Rohdiamanten aus den Tiefen der Erde bis zu ihrer atemberaubenden Verwandlung in geschliffene Edelsteine. Entdecken Sie die aufregende Welt der Abbautechniken, wagen Sie sich an die Standorte der gro\u00dfen Diamantenminen und decken Sie die ethischen Aspekte der Diamantenproduktion auf. Tauchen Sie ein in diese au\u00dfergew\u00f6hnliche Geschichte und vertiefen Sie Ihre Wertsch\u00e4tzung f\u00fcr die faszinierenden Edelsteine, die unser Leben erhellen.  <\/p>\n","protected":false},"excerpt":{"rendered":"<p>Verstehen Sie die Prozesse der Gewinnung und Herstellung von Diamanten. Begeben Sie sich auf ein fesselndes Abenteuer in die Welt der Rohdiamanten und des Diamantenabbaus, von der Gewinnung und Herstellung bis hin zur Erkundung der faszinierenden Reise der Rohdiamanten aus den Tiefen der Erde bis zu ihrer atemberaubenden Verwandlung in geschliffene Edelsteine. Entdecken Sie die [&hellip;]<\/p>\n","protected":false},"author":5,"featured_media":0,"parent":0,"menu_order":0,"comment_status":"closed","ping_status":"closed","template":"childpage-page.php","meta":{"ub_ctt_via":"","footnotes":""},"acf":[],"featured_image_src":null,"_links":{"self":[{"href":"https:\/\/ajediam.com\/de\/wp-json\/wp\/v2\/pages\/153411"}],"collection":[{"href":"https:\/\/ajediam.com\/de\/wp-json\/wp\/v2\/pages"}],"about":[{"href":"https:\/\/ajediam.com\/de\/wp-json\/wp\/v2\/types\/page"}],"author":[{"embeddable":true,"href":"https:\/\/ajediam.com\/de\/wp-json\/wp\/v2\/users\/5"}],"replies":[{"embeddable":true,"href":"https:\/\/ajediam.com\/de\/wp-json\/wp\/v2\/comments?post=153411"}],"version-history":[{"count":2,"href":"https:\/\/ajediam.com\/de\/wp-json\/wp\/v2\/pages\/153411\/revisions"}],"predecessor-version":[{"id":153413,"href":"https:\/\/ajediam.com\/de\/wp-json\/wp\/v2\/pages\/153411\/revisions\/153413"}],"wp:attachment":[{"href":"https:\/\/ajediam.com\/de\/wp-json\/wp\/v2\/media?parent=153411"}],"curies":[{"name":"wp","href":"https:\/\/api.w.org\/{rel}","templated":true}]}}