{"id":153414,"date":"2023-05-03T16:40:49","date_gmt":"2023-05-03T16:40:49","guid":{"rendered":"https:\/\/ajediam.com\/diamantenhandel\/"},"modified":"2026-02-18T18:16:07","modified_gmt":"2026-02-18T18:16:07","slug":"diamantenhandel","status":"publish","type":"page","link":"https:\/\/ajediam.com\/de\/diamantenhandel\/","title":{"rendered":"Diamantenhandel"},"content":{"rendered":"\n<p class=\"tt1\">Das notwendige Wissen, um den internationalen Diamantenhandel zu verstehen.<\/p>\n\n<p class=\"tt2\">Gewinnen Sie mit unserem umfassenden Leitfaden unsch\u00e4tzbare Einblicke in die Welt des internationalen Diamantenhandels. Erforschen Sie die Dynamik dieser komplexen und faszinierenden Branche, von den globalen Handelszentren und den wichtigsten Akteuren bis hin zu den rechtlichen Rahmenbedingungen, die Transaktionen regeln. Verstehen Sie die Faktoren, die die Diamantenpreise, Markttrends und Handelsverhandlungen beeinflussen. Mit unserer fachkundigen Anleitung sind Sie gut ger\u00fcstet, um sich in den Feinheiten des Diamantenhandels weltweit zurechtzufinden und Ihre Wertsch\u00e4tzung f\u00fcr diese kostbaren Edelsteine und ihren sich st\u00e4ndig weiterentwickelnden Markt zu steigern.   <\/p>\n","protected":false},"excerpt":{"rendered":"<p>Das notwendige Wissen, um den internationalen Diamantenhandel zu verstehen. Gewinnen Sie mit unserem umfassenden Leitfaden unsch\u00e4tzbare Einblicke in die Welt des internationalen Diamantenhandels. Erforschen Sie die Dynamik dieser komplexen und faszinierenden Branche, von den globalen Handelszentren und den wichtigsten Akteuren bis hin zu den rechtlichen Rahmenbedingungen, die Transaktionen regeln. Verstehen Sie die Faktoren, die die [&hellip;]<\/p>\n","protected":false},"author":5,"featured_media":0,"parent":0,"menu_order":0,"comment_status":"closed","ping_status":"closed","template":"childpage-page.php","meta":{"ub_ctt_via":"","footnotes":""},"acf":[],"featured_image_src":null,"_links":{"self":[{"href":"https:\/\/ajediam.com\/de\/wp-json\/wp\/v2\/pages\/153414"}],"collection":[{"href":"https:\/\/ajediam.com\/de\/wp-json\/wp\/v2\/pages"}],"about":[{"href":"https:\/\/ajediam.com\/de\/wp-json\/wp\/v2\/types\/page"}],"author":[{"embeddable":true,"href":"https:\/\/ajediam.com\/de\/wp-json\/wp\/v2\/users\/5"}],"replies":[{"embeddable":true,"href":"https:\/\/ajediam.com\/de\/wp-json\/wp\/v2\/comments?post=153414"}],"version-history":[{"count":2,"href":"https:\/\/ajediam.com\/de\/wp-json\/wp\/v2\/pages\/153414\/revisions"}],"predecessor-version":[{"id":153416,"href":"https:\/\/ajediam.com\/de\/wp-json\/wp\/v2\/pages\/153414\/revisions\/153416"}],"wp:attachment":[{"href":"https:\/\/ajediam.com\/de\/wp-json\/wp\/v2\/media?parent=153414"}],"curies":[{"name":"wp","href":"https:\/\/api.w.org\/{rel}","templated":true}]}}