{"id":153417,"date":"2023-05-04T13:35:53","date_gmt":"2023-05-04T13:35:53","guid":{"rendered":"https:\/\/ajediam.com\/behandelt-synthetik\/"},"modified":"2026-02-18T18:13:47","modified_gmt":"2026-02-18T18:13:47","slug":"behandelt-synthetik","status":"publish","type":"page","link":"https:\/\/ajediam.com\/de\/behandelt-synthetik\/","title":{"rendered":"Behandelt &amp; Synthetik"},"content":{"rendered":"\n<p class=\"tt1\">Wie Diamanten in einem Labor veredelt oder geschaffen werden k\u00f6nnen<\/p>\n\n<p class=\"tt2\">Tauchen Sie ein in das Reich der behandelten und synthetischen Diamanten. Erhalten Sie einen Einblick in die Veredelungstechniken, die bei nat\u00fcrlichen Diamanten angewandt werden, sowie in die Methoden, die bei der Herstellung von im Labor gez\u00fcchteten Diamanten zum Einsatz kommen. Lernen Sie, zwischen nat\u00fcrlichen, behandelten und synthetischen Diamanten zu unterscheiden, damit Sie eine fundierte Entscheidung treffen k\u00f6nnen. Mit unserer fachkundigen Anleitung bleiben Sie \u00fcber die Nuancen der Diamantenindustrie auf dem Laufenden und treffen fundierte Entscheidungen, wenn es um diese faszinierenden Edelsteine geht.   <\/p>\n","protected":false},"excerpt":{"rendered":"<p>Wie Diamanten in einem Labor veredelt oder geschaffen werden k\u00f6nnen Tauchen Sie ein in das Reich der behandelten und synthetischen Diamanten. Erhalten Sie einen Einblick in die Veredelungstechniken, die bei nat\u00fcrlichen Diamanten angewandt werden, sowie in die Methoden, die bei der Herstellung von im Labor gez\u00fcchteten Diamanten zum Einsatz kommen. Lernen Sie, zwischen nat\u00fcrlichen, behandelten [&hellip;]<\/p>\n","protected":false},"author":5,"featured_media":0,"parent":0,"menu_order":0,"comment_status":"closed","ping_status":"closed","template":"childpage-page.php","meta":{"ub_ctt_via":"","footnotes":""},"acf":[],"featured_image_src":null,"_links":{"self":[{"href":"https:\/\/ajediam.com\/de\/wp-json\/wp\/v2\/pages\/153417"}],"collection":[{"href":"https:\/\/ajediam.com\/de\/wp-json\/wp\/v2\/pages"}],"about":[{"href":"https:\/\/ajediam.com\/de\/wp-json\/wp\/v2\/types\/page"}],"author":[{"embeddable":true,"href":"https:\/\/ajediam.com\/de\/wp-json\/wp\/v2\/users\/5"}],"replies":[{"embeddable":true,"href":"https:\/\/ajediam.com\/de\/wp-json\/wp\/v2\/comments?post=153417"}],"version-history":[{"count":2,"href":"https:\/\/ajediam.com\/de\/wp-json\/wp\/v2\/pages\/153417\/revisions"}],"predecessor-version":[{"id":153419,"href":"https:\/\/ajediam.com\/de\/wp-json\/wp\/v2\/pages\/153417\/revisions\/153419"}],"wp:attachment":[{"href":"https:\/\/ajediam.com\/de\/wp-json\/wp\/v2\/media?parent=153417"}],"curies":[{"name":"wp","href":"https:\/\/api.w.org\/{rel}","templated":true}]}}