{"id":153420,"date":"2023-05-09T13:21:56","date_gmt":"2023-05-09T13:21:56","guid":{"rendered":"https:\/\/ajediam.com\/geschichte-der-diamanten\/"},"modified":"2026-02-18T18:17:06","modified_gmt":"2026-02-18T18:17:06","slug":"geschichte-der-diamanten","status":"publish","type":"page","link":"https:\/\/ajediam.com\/de\/geschichte-der-diamanten\/","title":{"rendered":"Geschichte der Diamanten"},"content":{"rendered":"\n<p class=\"tt1\">Entdecken Sie die Geschichte durch die Linse eines Diamantenh\u00e4ndlers.<\/p>\n\n<p class=\"tt2\">Begeben Sie sich auf eine fesselnde Reise durch die Zeit mit unserer Rubrik Diamantengeschichte, in der wir die faszinierenden Geschichten der Diamanten und die Entwicklung unserer Branche erkunden. Entdecken Sie die bemerkenswerten Geschichten dieser kostbaren Edelsteine und erfahren Sie mehr \u00fcber die bedeutenden Ereignisse und Meilensteine, die die Welt der Diamanten gepr\u00e4gt haben. Von den antiken Urspr\u00fcngen bis zur modernen Innovation bietet diese historische Erz\u00e4hlung eine einzigartige Perspektive auf die anhaltende Anziehungskraft dieser au\u00dfergew\u00f6hnlichen Sch\u00e4tze.<\/p>\n","protected":false},"excerpt":{"rendered":"<p>Entdecken Sie die Geschichte durch die Linse eines Diamantenh\u00e4ndlers. Begeben Sie sich auf eine fesselnde Reise durch die Zeit mit unserer Rubrik Diamantengeschichte, in der wir die faszinierenden Geschichten der Diamanten und die Entwicklung unserer Branche erkunden. Entdecken Sie die bemerkenswerten Geschichten dieser kostbaren Edelsteine und erfahren Sie mehr \u00fcber die bedeutenden Ereignisse und Meilensteine, [&hellip;]<\/p>\n","protected":false},"author":5,"featured_media":0,"parent":0,"menu_order":0,"comment_status":"closed","ping_status":"closed","template":"childpage-page.php","meta":{"ub_ctt_via":"","footnotes":""},"acf":[],"featured_image_src":null,"_links":{"self":[{"href":"https:\/\/ajediam.com\/de\/wp-json\/wp\/v2\/pages\/153420"}],"collection":[{"href":"https:\/\/ajediam.com\/de\/wp-json\/wp\/v2\/pages"}],"about":[{"href":"https:\/\/ajediam.com\/de\/wp-json\/wp\/v2\/types\/page"}],"author":[{"embeddable":true,"href":"https:\/\/ajediam.com\/de\/wp-json\/wp\/v2\/users\/5"}],"replies":[{"embeddable":true,"href":"https:\/\/ajediam.com\/de\/wp-json\/wp\/v2\/comments?post=153420"}],"version-history":[{"count":2,"href":"https:\/\/ajediam.com\/de\/wp-json\/wp\/v2\/pages\/153420\/revisions"}],"predecessor-version":[{"id":153422,"href":"https:\/\/ajediam.com\/de\/wp-json\/wp\/v2\/pages\/153420\/revisions\/153422"}],"wp:attachment":[{"href":"https:\/\/ajediam.com\/de\/wp-json\/wp\/v2\/media?parent=153420"}],"curies":[{"name":"wp","href":"https:\/\/api.w.org\/{rel}","templated":true}]}}