{"id":153423,"date":"2023-05-08T15:37:05","date_gmt":"2023-05-08T15:37:05","guid":{"rendered":"https:\/\/ajediam.com\/besuchen-sie-antwerpen-europas-verstecktes-juwel\/"},"modified":"2026-02-18T18:15:42","modified_gmt":"2026-02-18T18:15:42","slug":"besuchen-sie-antwerpen-europas-verstecktes-juwel","status":"publish","type":"page","link":"https:\/\/ajediam.com\/de\/besuchen-sie-antwerpen-europas-verstecktes-juwel\/","title":{"rendered":"Besuchen Sie Antwerpen: Europas verstecktes Juwel"},"content":{"rendered":"\n<p class=\"tt1\">Entdecken Sie Europas verstecktes Juwel, eine kulturell reiche, vielf\u00e4ltige und dynamische Stadt.<\/p>\n\n<p class=\"tt2\">Tauchen Sie ein in die pulsierende und fesselnde Stadt Antwerpen, ein europ\u00e4ischer Schatz, der alle Arten von Besuchern anspricht. Antwerpen verf\u00fcgt \u00fcber eine unglaublich reiche und vielf\u00e4ltige Kulturszene und bietet eine F\u00fclle von Erlebnissen: Genie\u00dfen Sie kulinarische K\u00f6stlichkeiten, bestaunen Sie Museen von Weltrang und bewundern Sie beeindruckende Kunst, Design, Mode, Musik und Architektur. In dieser dynamischen und sich st\u00e4ndig weiterentwickelnden Stadt ist f\u00fcr jeden etwas dabei. Sie ist ein Muss f\u00fcr alle, die die sch\u00f6nen Dinge des Lebens zu sch\u00e4tzen wissen.<\/p>\n","protected":false},"excerpt":{"rendered":"<p>Entdecken Sie Europas verstecktes Juwel, eine kulturell reiche, vielf\u00e4ltige und dynamische Stadt. Tauchen Sie ein in die pulsierende und fesselnde Stadt Antwerpen, ein europ\u00e4ischer Schatz, der alle Arten von Besuchern anspricht. Antwerpen verf\u00fcgt \u00fcber eine unglaublich reiche und vielf\u00e4ltige Kulturszene und bietet eine F\u00fclle von Erlebnissen: Genie\u00dfen Sie kulinarische K\u00f6stlichkeiten, bestaunen Sie Museen von Weltrang [&hellip;]<\/p>\n","protected":false},"author":5,"featured_media":95159,"parent":0,"menu_order":0,"comment_status":"closed","ping_status":"closed","template":"childpage-page.php","meta":{"ub_ctt_via":"","footnotes":""},"acf":[],"featured_image_src":"https:\/\/ajediam.com\/wp-content\/uploads\/2025\/07\/Screenshot-2025-07-21-at-18.42.12-1.png","_links":{"self":[{"href":"https:\/\/ajediam.com\/de\/wp-json\/wp\/v2\/pages\/153423"}],"collection":[{"href":"https:\/\/ajediam.com\/de\/wp-json\/wp\/v2\/pages"}],"about":[{"href":"https:\/\/ajediam.com\/de\/wp-json\/wp\/v2\/types\/page"}],"author":[{"embeddable":true,"href":"https:\/\/ajediam.com\/de\/wp-json\/wp\/v2\/users\/5"}],"replies":[{"embeddable":true,"href":"https:\/\/ajediam.com\/de\/wp-json\/wp\/v2\/comments?post=153423"}],"version-history":[{"count":2,"href":"https:\/\/ajediam.com\/de\/wp-json\/wp\/v2\/pages\/153423\/revisions"}],"predecessor-version":[{"id":153425,"href":"https:\/\/ajediam.com\/de\/wp-json\/wp\/v2\/pages\/153423\/revisions\/153425"}],"wp:featuredmedia":[{"embeddable":true,"href":"https:\/\/ajediam.com\/de\/wp-json\/wp\/v2\/media\/95159"}],"wp:attachment":[{"href":"https:\/\/ajediam.com\/de\/wp-json\/wp\/v2\/media?parent=153423"}],"curies":[{"name":"wp","href":"https:\/\/api.w.org\/{rel}","templated":true}]}}