{"id":153441,"date":"2019-03-16T15:48:03","date_gmt":"2019-03-16T15:48:03","guid":{"rendered":"https:\/\/ajediam.com\/diamanten-101\/about-diamonds-4cs\/"},"modified":"2026-02-20T10:53:10","modified_gmt":"2026-02-20T10:53:10","slug":"uber-diamanten-die-4-cs","status":"publish","type":"page","link":"https:\/\/ajediam.com\/de\/diamanten-101\/uber-diamanten-die-4-cs\/","title":{"rendered":"\u00dcber Diamanten &#8211; Die 4 Cs"},"content":{"rendered":"<p><div class='row vc_row '><div class='col-md-12 '><div class='mb-4'><p><\/p>\n<h3 style=\"text-align: left;\">Wie kauft man hochwertige Diamanten zum besten Preis?<\/h3>\n<p>Jeder Diamant ist einzigartig. Sein Wert basiert auf einer Kombination von Faktoren, die hier anhand der wichtigsten Kriterien erl\u00e4utert werden.<\/p>\n<p>Heutzutage gibt es die 8 C\u2019s, die Ihnen helfen, die besten und wertvollsten Diamanten zum niedrigsten Preis zu erwerben.<\/p>\n<p><\/p><\/div><\/div><\/div> <div class='row vc_row '><div class='col-md-12 '><div class='mb-4'><p>Was ist wichtig zu wissen?<br \/>\n<strong>Analyse:<\/strong> Das GIA ist der Begr\u00fcnder des Diamant-Bewertungssystems \u201e4Cs\u201c. Es ist interessant, dies sachlich zu betrachten und zu analysieren, ob dieses System auch heute noch den aktuellen Anforderungen gerecht wird.<\/p>\n<p><strong>Erste Regel:<\/strong> Was Sie sehen, ist das, was es ist &#8211; der sichtbare, tats\u00e4chliche Wert eines Diamanten. Die reale Qualit\u00e4tsabstufung wird von Ajediam durch die Ajediam 8C\u2019s veranschaulicht.<\/p>\n<h4>Checkliste zum Vergleich von Qualit\u00e4t und Vertrauen mit den Ajediam 8C\u2019s:<\/h4>\n<p><\/p><\/div><\/div><\/div> <div class='row vc_row '><div class='col-md-12 '><div class='mb-4'><div class='tab-container'><div class='tab-header d-none d-md-block'><\/div><div class='tab' id='1552750627715-33da1380-f615'><h3 class='tab-title d-block d-md-none'>Diamantzertifikate<\/h3><div class='tab-content'><div class='mb-4'><p><br \/>\nDie Wahl des Diamantzertifikats &#8211; eine Frage des Vertrauens in das gemmologische Labor:<\/p>\n<ul>\n<li>GIA-Zertifikate an erster Stelle, im Vergleich zu HRD und IGI. Vergleichen Sie Diamantzertifikate sorgf\u00e4ltig.<\/li>\n<li>\u00dcberpr\u00fcfen Sie das Ausstellungsdatum des Zertifikats: Es darf ausschlie\u00dflich nicht \u00e4lter als zwei Jahre sein!<\/li>\n<li>Pr\u00fcfen Sie die Bemerkungen (Comments) auf dem Zertifikat!<\/li>\n<li>Kontrollieren Sie die Laserinschrift auf der Rundiste des Diamanten \u2013 fehlt diese, handelt es sich um eine F\u00e4lschung!<\/li>\n<li>\u00dcberpr\u00fcfen Sie den GIA-Diamantbericht online unter: <a href=\"http:\/\/www.gia.edu\/report-check-landing\" target=\"_blank\" rel=\"noopener\">http:\/\/www.gia.edu\/report-check-landing<\/a>, um ganz sicherzugehen!<\/li>\n<\/ul>\n<p><\/p><\/div><\/div><\/div><div class='tab' id='1552750627821-26660c2f-77cb'><h3 class='tab-title d-block d-md-none'>Karatgr\u00f6\u00dfe und Gewicht<\/h3><div class='tab-content'><div class='mb-4'><p> Was Sie zuerst sehen, ist die Karatgr\u00f6\u00dfe \u2013 ob der Diamant gro\u00df oder klein ist.<\/p>\n<p>Sie erkennen es auch ohne Experte zu sein.<\/p><\/div><\/div><\/div><div class='tab' id='1552750945138-8b8c7914-9306'><h3 class='tab-title d-block d-md-none'>Schliff<\/h3><div class='tab-content'><div class='mb-4'><p>Was Sie sofort und nahezu gleichzeitig wahrnehmen, ist die Qualit\u00e4t des Schliffs. Die Schliffqualit\u00e4t, die das Funkeln bestimmt, muss sein:<\/p>\n<p><strong>Schliff (Cut):<\/strong> EX oder VG<br \/>\n<strong>Politur (Polish):<\/strong> EX oder VG<br \/>\n<strong>Symmetrie (Symmetry):<\/strong> EX oder VG<\/p>\n<p><strong>Idealer Schliff:<\/strong> Er verleiht dem Diamanten sein Funkeln, seine Helligkeit, seinen Glanz und seine Brillanz. Die Kunst des Schleifens und Polierens ist der wichtigste Faktor f\u00fcr die Sch\u00f6nheit eines Diamanten!<\/p>\n<p>Maximales Funkeln, Strahlen und Brillanz = h\u00f6chster Wert! \u00dcber dem exzellenten \u201eTriple Excellent\u201c-Grad hinaus gibt es den \u00e4u\u00dferst seltenen H&amp;A-Schliff (Hearts &amp; Arrows).<\/p>\n<p>Betrachten Sie die Preisstruktur des perfekten Diamanten in Abh\u00e4ngigkeit von den gesamten Qualit\u00e4tsfaktoren (8C\u2019s).<\/p>\n<p>Im Bereich von minus 60 % bis plus 50 % des Gro\u00dfhandelspreises. Perfektion im Schliff = h\u00f6here Qualit\u00e4tskosten!<\/p><\/div><\/div><\/div><div class='tab' id='1552751026337-1499b8cf-fefe'><h3 class='tab-title d-block d-md-none'>Rundistendicke<\/h3><div class='tab-content'><div class='mb-4'><p>Eine sehr d\u00fcnne Rundiste ist abzulehnen. Bei einer sehr d\u00fcnnen Rundiste wird der Diamant fr\u00fcher oder sp\u00e4ter brechen!<\/p><\/div><\/div><\/div><div class='tab' id='1552751064111-7d1684ae-451b'><h3 class='tab-title d-block d-md-none'>Farbe<\/h3><div class='tab-content'><div class='mb-4'><p>Das f\u00fcnfte wichtige Element, das Sie wahrnehmen, ist die Farbe.<\/p>\n<p>Sie k\u00f6nnen den Unterschied erkennen, ob ein Diamant schneewei\u00df, gelblich oder eine Fancy-Farbe wie beispielsweise \u00fcberteuerte rosa Diamanten aufweist.<\/p>\n<p>Schneewei\u00df erzeugt in Kombination mit Helligkeit, Glanz und Brillanz den sch\u00f6nsten und edelsten Effekt.<\/p>\n<p>Reines Wei\u00df besitzt die maximale Helligkeit, und reines Schwarz die minimale Helligkeit.<\/p><\/div><\/div><\/div><div class='tab' id='1552751114923-331ca385-ff4d'><h3 class='tab-title d-block d-md-none'>Fluoreszenz<\/h3><div class='tab-content'><div class='mb-4'><p>Wie blaue Fluoreszenz Brillanz, Farbe und Reinheit positiv beeinflussen kann.<\/p><\/div><\/div><\/div><div class='tab' id='1552751156661-b3f87916-92ce'><h3 class='tab-title d-block d-md-none'>Reinheit<\/h3><div class='tab-content'><div class='mb-4'><p>Die Reinheit eines Diamanten ist weniger entscheidend. Einschl\u00fcsse sind die Signatur eines Diamanten. Alles, was mit blo\u00dfem Auge nicht sichtbar ist, ist unsichtbar \u2013 zahlen Sie NICHT daf\u00fcr!<br \/>\nEntscheidend ist die mit blo\u00dfem Auge sichtbare Reinheit!<\/p>\n<p>Sehen Sie hier Bilder der Reinheit in 100-facher Vergr\u00f6\u00dferung!<\/p>\n<p>Sehen Sie hier die Reinheits-Bewertungstabelle f\u00fcr Diamanten.<\/p>\n<p>Zahlen Sie nicht f\u00fcr unsichtbare Einschl\u00fcsse!<\/p>\n<p>Wenn Sie unter dem Mikroskop schauen, werden Sie zahlreiche nat\u00fcrliche Einschl\u00fcsse finden, die als Echtheitsgarantie dienen.<\/p><\/div><\/div><\/div><div class='tab' id='1552751219313-c9e86dad-8847'><h3 class='tab-title d-block d-md-none'>Vertrauen<\/h3><div class='tab-content'><div class='mb-4'><p>Da es einfach ist, Zertifikate zu kopieren, versiegelte Verpackungen zu imitieren und sogar eine Laserinschrift anzubringen, ist Vertrauen einer der wichtigsten Faktoren beim Kauf von Diamanten!<\/p><\/div><\/div><\/div><\/div><\/div><\/div><\/div> <div class='row vc_row '><div class='col-md-12 '><div class='mb-4'><p><\/p>\n<p style=\"text-align: center;\">Vertrauen hat in unserem Gesch\u00e4ft oberste Priorit\u00e4t.<br \/>\nAjediam ist seit mehr als 30 Jahren der unbestrittene Meister im Preis-Leistungs-Verh\u00e4ltnis!<\/p>\n<p style=\"text-align: center;\">Und darauf sind wir stolz! Das macht auch uns gl\u00fccklich! Lesen Sie mehr \u00fcber unzensierte Kommentare und Kundenbewertungen.<\/p>\n<p><\/p><\/div><\/div><\/div> <div class='row vc_row '><div class='col-md-2 '><\/div><div class='col-md-8 '><div class='vc-image '><figure><div><img src='https:\/\/ajediam.com\/wp-content\/uploads\/2019\/03\/Ajediam_footer_Buy_now_13_03_2015.jpg' alt=''><\/div><\/figure><\/div><\/div><div class='col-md-2 '><\/div><\/div> <\/p>\n","protected":false},"excerpt":{"rendered":"","protected":false},"author":5,"featured_media":0,"parent":153392,"menu_order":0,"comment_status":"closed","ping_status":"closed","template":"","meta":{"ub_ctt_via":"","footnotes":""},"acf":[],"featured_image_src":null,"_links":{"self":[{"href":"https:\/\/ajediam.com\/de\/wp-json\/wp\/v2\/pages\/153441"}],"collection":[{"href":"https:\/\/ajediam.com\/de\/wp-json\/wp\/v2\/pages"}],"about":[{"href":"https:\/\/ajediam.com\/de\/wp-json\/wp\/v2\/types\/page"}],"author":[{"embeddable":true,"href":"https:\/\/ajediam.com\/de\/wp-json\/wp\/v2\/users\/5"}],"replies":[{"embeddable":true,"href":"https:\/\/ajediam.com\/de\/wp-json\/wp\/v2\/comments?post=153441"}],"version-history":[{"count":1,"href":"https:\/\/ajediam.com\/de\/wp-json\/wp\/v2\/pages\/153441\/revisions"}],"predecessor-version":[{"id":153517,"href":"https:\/\/ajediam.com\/de\/wp-json\/wp\/v2\/pages\/153441\/revisions\/153517"}],"up":[{"embeddable":true,"href":"https:\/\/ajediam.com\/de\/wp-json\/wp\/v2\/pages\/153392"}],"wp:attachment":[{"href":"https:\/\/ajediam.com\/de\/wp-json\/wp\/v2\/media?parent=153441"}],"curies":[{"name":"wp","href":"https:\/\/api.w.org\/{rel}","templated":true}]}}