{"id":153443,"date":"2024-11-02T17:35:52","date_gmt":"2024-11-02T17:35:52","guid":{"rendered":"https:\/\/ajediam.com\/diamanten-101\/die-auswahl-der-perfekten-hochzeits-und-verlobungsringe-ein-umfassender-leitfaden\/"},"modified":"2026-02-19T18:07:50","modified_gmt":"2026-02-19T18:07:50","slug":"die-auswahl-der-perfekten-hochzeits-und-verlobungsringe-ein-umfassender-leitfaden","status":"publish","type":"page","link":"https:\/\/ajediam.com\/de\/diamanten-101\/die-auswahl-der-perfekten-hochzeits-und-verlobungsringe-ein-umfassender-leitfaden\/","title":{"rendered":"Die Auswahl der perfekten Hochzeits- und Verlobungsringe: Ein umfassender Leitfaden"},"content":{"rendered":"\n<p>Die Wahl der perfekten Hochzeits- und Verlobungsringe ist eine wichtige Entscheidung auf dem Weg eines jeden Paares. Diese Ringe sind nicht einfach nur Schmuckst\u00fccke; sie stehen f\u00fcr Liebe, Engagement und eine gemeinsame Zukunft. Bei Ajediam im Herzen von Antwerpen haben wir uns auf die Anfertigung exquisiter Ringe spezialisiert, die Ihre einzigartige Liebesgeschichte verk\u00f6rpern. Dieser umfassende Leitfaden soll Ihnen die Entscheidungsfindung erleichtern, indem er verschiedene Stile und \u00dcberlegungen sowohl f\u00fcr Verlobungs- als auch f\u00fcr Trauringe behandelt.   <\/p>\n\n\n<div class=\"ub_table-of-contents\" data-showtext=\"show\" data-hidetext=\"hide\" data-scrolltype=\"auto\" id=\"ub_table-of-contents-379b8a0f-ff2b-47e7-8f91-3e1ef5c3cc20\" data-initiallyhideonmobile=\"false\"\n                    data-initiallyshow=\"true\"><div class=\"ub_table-of-contents-extra-container\"><div class=\"ub_table-of-contents-container ub_table-of-contents-1-column \"><ul><li><a href=https:\/\/ajediam.com\/de\/diamanten-101\/die-auswahl-der-perfekten-hochzeits-und-verlobungsringe-ein-umfassender-leitfaden\/#0-teil-1-verlobungsringe-verstehen>Teil 1: Verlobungsringe verstehen<\/a><ul><li><a href=https:\/\/ajediam.com\/de\/diamanten-101\/die-auswahl-der-perfekten-hochzeits-und-verlobungsringe-ein-umfassender-leitfaden\/#1-die-bedeutung-von-verlobungsringen>Die Bedeutung von Verlobungsringen<\/a><\/li><li><a href=https:\/\/ajediam.com\/de\/diamanten-101\/die-auswahl-der-perfekten-hochzeits-und-verlobungsringe-ein-umfassender-leitfaden\/#2-beliebte-verlobungsring-stile>Beliebte Verlobungsring-Stile<\/a><\/li><li><a href=https:\/\/ajediam.com\/de\/diamanten-101\/die-auswahl-der-perfekten-hochzeits-und-verlobungsringe-ein-umfassender-leitfaden\/#3-die-wahl-des-richtigen-steins>Die Wahl des richtigen Steins<\/a><\/li><li><a href=https:\/\/ajediam.com\/de\/diamanten-101\/die-auswahl-der-perfekten-hochzeits-und-verlobungsringe-ein-umfassender-leitfaden\/#4-den-pers%C3%B6nlichen-stil-bestimmen>Den pers\u00f6nlichen Stil bestimmen<\/a><\/li><li><a href=https:\/\/ajediam.com\/de\/diamanten-101\/die-auswahl-der-perfekten-hochzeits-und-verlobungsringe-ein-umfassender-leitfaden\/#5-ein-budget-festlegen>Ein Budget festlegen<\/a><\/li><li><a href=https:\/\/ajediam.com\/de\/diamanten-101\/die-auswahl-der-perfekten-hochzeits-und-verlobungsringe-ein-umfassender-leitfaden\/#6-der-vorschlag>Der Vorschlag<\/a><\/li><\/ul><\/li><li><a href=https:\/\/ajediam.com\/de\/diamanten-101\/die-auswahl-der-perfekten-hochzeits-und-verlobungsringe-ein-umfassender-leitfaden\/#7-teil-2-trauringe-verstehen>Teil 2: Trauringe verstehen<\/a><ul><li><a href=https:\/\/ajediam.com\/de\/diamanten-101\/die-auswahl-der-perfekten-hochzeits-und-verlobungsringe-ein-umfassender-leitfaden\/#8-die-bedeutung-von-eheringen>Die Bedeutung von Eheringen<\/a><\/li><li><a href=https:\/\/ajediam.com\/de\/diamanten-101\/die-auswahl-der-perfekten-hochzeits-und-verlobungsringe-ein-umfassender-leitfaden\/#9-beliebte-ehering-stile>Beliebte Ehering-Stile<\/a><\/li><li><a href=https:\/\/ajediam.com\/de\/diamanten-101\/die-auswahl-der-perfekten-hochzeits-und-verlobungsringe-ein-umfassender-leitfaden\/#10-trauringe-und-verlobungsringe-aufeinander-abstimmen>Trauringe und Verlobungsringe aufeinander abstimmen<\/a><\/li><li><a href=https:\/\/ajediam.com\/de\/diamanten-101\/die-auswahl-der-perfekten-hochzeits-und-verlobungsringe-ein-umfassender-leitfaden\/#11-eine-stressfreie-entscheidung>Eine stressfreie Entscheidung<\/a><\/li><li><a href=https:\/\/ajediam.com\/de\/diamanten-101\/die-auswahl-der-perfekten-hochzeits-und-verlobungsringe-ein-umfassender-leitfaden\/#12-personalisierung-und-individualisierung>Personalisierung und Individualisierung<\/a><\/li><li><a href=https:\/\/ajediam.com\/de\/diamanten-101\/die-auswahl-der-perfekten-hochzeits-und-verlobungsringe-ein-umfassender-leitfaden\/#13-nach-dem-kauf-wartung-und-pflege->Nach dem Kauf: Wartung und Pflege<\/a><\/li><\/ul><\/li><li><a href=https:\/\/ajediam.com\/de\/diamanten-101\/die-auswahl-der-perfekten-hochzeits-und-verlobungsringe-ein-umfassender-leitfaden\/#14-teil-3-hochzeits-und-verlobungsringe-gemeinsam-aussuchen>Teil 3: Hochzeits- und Verlobungsringe gemeinsam aussuchen<\/a><ul><li><a href=https:\/\/ajediam.com\/de\/diamanten-101\/die-auswahl-der-perfekten-hochzeits-und-verlobungsringe-ein-umfassender-leitfaden\/#15-die-bedeutung-gemeinsamer-entscheidungen>Die Bedeutung gemeinsamer Entscheidungen<\/a><\/li><li><a href=https:\/\/ajediam.com\/de\/diamanten-101\/die-auswahl-der-perfekten-hochzeits-und-verlobungsringe-ein-umfassender-leitfaden\/#16-tipps-f%C3%BCr-ein-stressfreies-erlebnis>Tipps f\u00fcr ein stressfreies Erlebnis<\/a><\/li><\/ul><\/li><li><a href=https:\/\/ajediam.com\/de\/diamanten-101\/die-auswahl-der-perfekten-hochzeits-und-verlobungsringe-ein-umfassender-leitfaden\/#17-es-geht-nur-um-den-moment>Es geht nur um den Moment<\/a><\/li><\/ul><\/div><\/div><\/div>\n\n\n<h2 class=\"wp-block-heading\" id=\"0-teil-1-verlobungsringe-verstehen\">Teil 1: Verlobungsringe verstehen<\/h2>\n\n\n\n<h3 class=\"wp-block-heading\" id=\"1-die-bedeutung-von-verlobungsringen\">Die Bedeutung von Verlobungsringen<\/h3>\n\n\n\n<p>Verlobungsringe haben eine reiche kulturelle Bedeutung und symbolisieren das Versprechen der Ehe. Historisch gesehen wurden Diamanten aufgrund ihrer Haltbarkeit und ihres Glanzes zum Stein der Wahl. In diesem Abschnitt erfahren Sie mehr \u00fcber den historischen Hintergrund und die verschiedenen Facetten, die einem Verlobungsring seine Bedeutung verleihen.  <\/p>\n\n\n\n<h3 class=\"wp-block-heading\" id=\"2-beliebte-verlobungsring-stile\">Beliebte Verlobungsring-Stile<\/h3>\n\n\n\n<figure class=\"wp-block-image size-full\"><img decoding=\"async\" width=\"800\" height=\"800\" src=\"https:\/\/ajediam.com\/wp-content\/uploads\/2024\/11\/Classic-18k-White-Gold-Engagement-Ring-Featuring-1.25ct-Round-Brilliant-Diamond-Channel-Set-Accent-Diamonds-side-view.png\" alt=\"Klassischer-18k-Wei\u00dfgold-Verlobungsring-mit-1.25ct-Rundem-Brillant-Diamanten-Kanal-besetzt-Diamanten-Seitenansicht\" class=\"wp-image-55937\" srcset=\"https:\/\/ajediam.com\/wp-content\/uploads\/2024\/11\/Classic-18k-White-Gold-Engagement-Ring-Featuring-1.25ct-Round-Brilliant-Diamond-Channel-Set-Accent-Diamonds-side-view.png 800w, https:\/\/ajediam.com\/wp-content\/uploads\/2024\/11\/Classic-18k-White-Gold-Engagement-Ring-Featuring-1.25ct-Round-Brilliant-Diamond-Channel-Set-Accent-Diamonds-side-view-300x300.png 300w, https:\/\/ajediam.com\/wp-content\/uploads\/2024\/11\/Classic-18k-White-Gold-Engagement-Ring-Featuring-1.25ct-Round-Brilliant-Diamond-Channel-Set-Accent-Diamonds-side-view-150x150.png 150w, https:\/\/ajediam.com\/wp-content\/uploads\/2024\/11\/Classic-18k-White-Gold-Engagement-Ring-Featuring-1.25ct-Round-Brilliant-Diamond-Channel-Set-Accent-Diamonds-side-view-768x768.png 768w\" sizes=\"(max-width: 800px) 100vw, 800px\" \/><figcaption class=\"wp-element-caption\"><em>Klassischer-18k-Wei\u00dfgold-Verlobungsring-mit-1,25ct-rundem-Brillant-Diamant-Kanal-besetzten Akzent-Diamanten-Seitenansicht.<\/em><\/figcaption><\/figure>\n\n\n\n<p>Wenn es um Verlobungsringe geht, haben Sie die Wahl zwischen verschiedenen Stilen. Hier sind einige beliebte Optionen, die bei Ajediam erh\u00e4ltlich sind: <\/p>\n\n\n\n<ol>\n<li><strong>Klassische Solit\u00e4r-Ringe<\/strong>\n<ul>\n<li><strong>Beschreibung<\/strong>: Die zeitlose Anziehungskraft eines Solit\u00e4rrings liegt in seiner Schlichtheit. Ein einzelner Diamant steht im Mittelpunkt und macht ihn zur perfekten Wahl f\u00fcr alle, die Eleganz ohne Extravaganz sch\u00e4tzen. <\/li>\n\n\n\n<li><strong>Beispiel<\/strong>: Unser <strong>Diamant-Solit\u00e4rring (Ref. R537)<\/strong> ist ein Beispiel f\u00fcr diesen klassischen Stil, der den Glanz des Diamanten zur Geltung bringt.<\/li>\n<\/ul>\n<\/li>\n\n\n\n<li><strong>Halo Verlobungsringe<\/strong>\n<ul>\n<li><strong>Beschreibung<\/strong>: Ein Halo-Verlobungsring zeichnet sich durch einen zentralen Diamanten aus, der von kleineren Steinen umringt ist, was seinen visuellen Reiz erh\u00f6ht und einen funkelnden Effekt erzeugt.<\/li>\n\n\n\n<li><strong>Vorteile<\/strong>: Dieser Stil sorgt nicht nur f\u00fcr mehr Brillanz, sondern kann auch den zentralen Diamanten gr\u00f6\u00dfer erscheinen lassen, als er ist, und bietet so einen auff\u00e4lligen Look ohne ein h\u00f6heres Karatgewicht.<\/li>\n<\/ul>\n<\/li>\n\n\n\n<li><strong>Drei-Stein-Ringe<\/strong>\n<ul>\n<li><strong>Beschreibung<\/strong>: Der <strong>Dreistein-Diamant-Trilogie-Ring (Ref. R141)<\/strong> steht f\u00fcr die Vergangenheit, die Gegenwart und die Zukunft Ihrer Beziehung. Mit diesem bedeutungsvollen Design k\u00f6nnen Paare ihren gemeinsamen Weg feiern. <\/li>\n\n\n\n<li><strong>Symbolik<\/strong>: Jeder Stein kann f\u00fcr verschiedene Phasen Ihrer Beziehung stehen, was ihn zu einer sehr pers\u00f6nlichen Wahl macht.<\/li>\n<\/ul>\n<\/li>\n\n\n\n<li><strong>Vintage und antike Ringe<\/strong>\n<ul>\n<li><strong>Beschreibung<\/strong>: Verlobungsringe im Vintage-Stil weisen oft komplizierte Details und einzigartige Designs auf, die an fr\u00fchere Epochen erinnern.<\/li>\n\n\n\n<li><strong>Beispiel<\/strong>: Nehmen Sie unseren <strong>Verlobungsring im Smaragd-Schliff<\/strong>, der f\u00fcr seine raffinierte Vintage-\u00c4sthetik bekannt ist.<\/li>\n<\/ul>\n<\/li>\n\n\n\n<li><strong>Moderne und geometrische Designs<\/strong>\n<ul>\n<li><strong>Beschreibung<\/strong>: Diese Ringe zeichnen sich durch klare Linien und zeitgen\u00f6ssische Formen aus und sprechen Br\u00e4ute an, die eine moderne \u00c4sthetik bevorzugen.<\/li>\n\n\n\n<li><strong>Beispiel<\/strong>: Unser <strong>Verlobungsring im Princess-Schliff<\/strong> hat ein schickes, geometrisches Design, das traditionelle Eleganz mit modernem Flair verbindet.<\/li>\n<\/ul>\n<\/li>\n<\/ol>\n\n\n\n<h3 class=\"wp-block-heading\" id=\"3-die-wahl-des-richtigen-steins\">Die Wahl des richtigen Steins<\/h3>\n\n\n\n<div class=\"wp-block-media-text is-stacked-on-mobile\" style=\"grid-template-columns:38% auto\"><figure class=\"wp-block-media-text__media\"><video controls src=\"https:\/\/ajediam.com\/wp-content\/uploads\/2024\/12\/The-Perfect-Diamond-Engagement-Ring-at-Ajediam-in-Antwerp.mp4\"><\/video><\/figure><div class=\"wp-block-media-text__content\">\n<p>Diamanten sind zwar nach wie vor die beliebteste Wahl f\u00fcr Verlobungsringe, aber auch andere Edelsteine wie <a href=\"https:\/\/ajediam.com\/sapphires-diamond-rings\/\" data-type=\"page\" data-id=\"3795\">Saphire<\/a>, <a href=\"https:\/\/ajediam.com\/rubies-diamond-rings\/\" data-type=\"page\" data-id=\"3470\">Rubine<\/a> und <a href=\"https:\/\/ajediam.com\/emerald-rings\/\" data-type=\"page\" data-id=\"3286\">Smaragde<\/a> k\u00f6nnen atemberaubende Alternativen sein. Wenn Sie die Eigenschaften der verschiedenen Steine verstehen, k\u00f6nnen Sie eine fundierte Entscheidung treffen. <\/p>\n\n\n\n<ol>\n<li><strong>Diamanten<\/strong>\n<ul>\n<li><strong>Eigenschaften<\/strong>: Diamanten sind bekannt f\u00fcr ihre H\u00e4rte und Brillanz. Achten Sie bei der Auswahl eines Diamanten auf die 4 Ks: Schliff, Farbe, Reinheit und Karatgewicht. <\/li>\n\n\n\n<li><strong>Beispiel<\/strong>: Ein hochwertiger Diamant-Verlobungsring von Ajediam sorgt daf\u00fcr, dass Ihr Stein nicht nur hell leuchtet, sondern auch seinen Wert im Laufe der Zeit beh\u00e4lt.<\/li>\n<\/ul>\n<\/li>\n\n\n\n<li><strong>Alternative Edelsteine<\/strong>\n<ul>\n<li><strong>Vorteile<\/strong>: Edelsteine wie Saphire und Smaragde k\u00f6nnen einzigartige Farben und eine pers\u00f6nliche Bedeutung haben. Sie k\u00f6nnen erschwinglicher als Diamanten sein und bieten einen unverwechselbaren Look. <\/li>\n<\/ul>\n<\/li>\n<\/ol>\n<\/div><\/div>\n\n\n\n<h3 class=\"wp-block-heading\" id=\"4-den-pers%C3%B6nlichen-stil-bestimmen\">Den pers\u00f6nlichen Stil bestimmen<\/h3>\n\n\n\n<p>Um den richtigen Verlobungsring auszuw\u00e4hlen, m\u00fcssen Sie den pers\u00f6nlichen Stil Ihres Partners kennen. Hier sind einige Fragen, die Sie ber\u00fccksichtigen sollten: <\/p>\n\n\n\n<ul>\n<li><strong>Was tr\u00e4gt sie regelm\u00e4\u00dfig?<\/strong><\/li>\n\n\n\n<li><strong>Ist ihr Stil klassisch, modern oder eklektisch?<\/strong><\/li>\n\n\n\n<li><strong>Bevorzugt sie Gold, Wei\u00dfgold oder Platin?<\/strong><\/li>\n<\/ul>\n\n\n\n<h3 class=\"wp-block-heading\" id=\"5-ein-budget-festlegen\">Ein Budget festlegen<\/h3>\n\n\n\n<p>Bei der Auswahl eines Verlobungsrings ist es wichtig, ein Budget festzulegen. Hier sind einige Tipps, die Sie ber\u00fccksichtigen sollten: <\/p>\n\n\n\n<ul>\n<li><strong>Legen Sie eine Spanne fest<\/strong>: Legen Sie eine komfortable Preisspanne fest, die Ihre finanzielle Situation widerspiegelt. Denken Sie daran, dass es nicht nur um den Erstkauf geht, sondern auch um den langfristigen Wert. <\/li>\n\n\n\n<li><strong>Kennen Sie Ihre Optionen<\/strong>: Bei Ajediam bieten wir eine gro\u00dfe Auswahl an Verlobungsringen f\u00fcr unterschiedliche Budgets an, ohne Kompromisse bei der Qualit\u00e4t einzugehen.<\/li>\n<\/ul>\n\n\n\n<h3 class=\"wp-block-heading\" id=\"6-der-vorschlag\">Der Vorschlag<\/h3>\n\n\n\n<p>Sobald Sie den perfekten Ring ausgew\u00e4hlt haben, ist es an der Zeit, den Antrag zu planen. \u00dcberlegen Sie, wie der Stil des Rings und die Vorlieben Ihres Partners diesen besonderen Moment beeinflussen k\u00f6nnen. W\u00e4hlen Sie einen Rahmen, der Ihre Beziehung widerspiegelt und machen Sie das Erlebnis unvergesslich.  <\/p>\n\n\n\n<h2 class=\"wp-block-heading\" id=\"7-teil-2-trauringe-verstehen\">Teil 2: Trauringe verstehen<\/h2>\n\n\n\n<h3 class=\"wp-block-heading\" id=\"8-die-bedeutung-von-eheringen\">Die Bedeutung von Eheringen<\/h3>\n\n\n\n<p>Eheringe symbolisieren das Gel\u00fcbde, das w\u00e4hrend der Hochzeitszeremonie ausgetauscht wurde. Sie werden als Erinnerung an die eingegangene Verpflichtung getragen und sind im Vergleich zu Verlobungsringen in der Regel einfacher gestaltet. <\/p>\n\n\n\n<h3 class=\"wp-block-heading\" id=\"9-beliebte-ehering-stile\">Beliebte Ehering-Stile<\/h3>\n\n\n\n<ol>\n<li><strong>Klassische Hochzeitsb\u00e4nder<\/strong>\n<ul>\n<li><strong>Beschreibung<\/strong>: Der <strong>Classic Comfort Fit Diamond Wedding Ring (Ref R605)<\/strong> ist eine zeitlose Wahl, die Schlichtheit mit Eleganz verbindet. Seine glatte Innenseite macht ihn bequem f\u00fcr das t\u00e4gliche Tragen. <\/li>\n\n\n\n<li><strong>Vorteile<\/strong>: Klassische Armb\u00e4nder sind vielseitig und k\u00f6nnen allein oder zusammen mit einem Verlobungsring getragen werden.<\/li>\n<\/ul>\n<\/li>\n\n\n\n<li><strong>Diamantbesetzte Eheringe<\/strong>\n<ul>\n<li><strong>Beschreibung<\/strong>: Unser <strong>wundersch\u00f6ner Prinzessinnen-Diamanten-Ehering (Ref. R023<\/strong>) ist mit kanalgefassten Diamanten besetzt, die f\u00fcr Glanz und Raffinesse sorgen.<\/li>\n\n\n\n<li><strong>Symbolik<\/strong>: Diamanten in Eheringen k\u00f6nnen die Dauerhaftigkeit Ihrer Liebe symbolisieren.<\/li>\n<\/ul>\n<\/li>\n\n\n\n<li><strong>Individuelles und einzigartiges Design<\/strong>\n<ul>\n<li><strong>Beschreibung<\/strong>: Entdecken Sie unser <strong>Original Design Diamant-Hochzeitsarmband (Ref R048)<\/strong>, das mit einer markanten Zackenfassung aufwartet, die die Sch\u00f6nheit jedes einzelnen Diamanten hervorhebt.<\/li>\n\n\n\n<li><strong>Vorteile<\/strong>: Individuelle Designs k\u00f6nnen Ihre Pers\u00f6nlichkeit und Ihre gemeinsamen Erfahrungen widerspiegeln.<\/li>\n<\/ul>\n<\/li>\n\n\n\n<li><strong>Ewige Ringe<\/strong>\n<ul>\n<li><strong>Beschreibung<\/strong>: Ein Ewigkeitsring ist mit einer durchgehenden Linie aus Diamanten besetzt, die ewige Liebe symbolisiert. Dieses Modell kann als Ehering getragen oder zu besonderen Jahrestagen verschenkt werden. <\/li>\n\n\n\n<li><strong>Beispiel<\/strong>: Unser <strong>Cubic Eternity Diamond Wedding Ring (Ref. R004)<\/strong> zeichnet sich durch eine atemberaubende, durchgehende Reihe von Diamanten aus, die einen brillanten Effekt erzeugen.<\/li>\n<\/ul>\n<\/li>\n\n\n\n<li><strong>Zweifarbige und einzigartige Stile<\/strong>\n<ul>\n<li><strong>Beschreibung<\/strong>: Der <strong>zweifarbige 2-Band-Diamant-Trauring (Ref R614)<\/strong> kombiniert verschiedene Metalle f\u00fcr einen einzigartigen Look. Dieser Stil kann mit verschiedenen Verlobungsringen kombiniert werden und bietet gleichzeitig einen unverwechselbaren Twist. <\/li>\n\n\n\n<li><strong>Vorteile<\/strong>: Das Mischen von Metallen kann f\u00fcr eine moderne \u00c4sthetik sorgen und l\u00e4sst Kreativit\u00e4t im Design zu.<\/li>\n<\/ul>\n<\/li>\n<\/ol>\n\n\n\n<h3 class=\"wp-block-heading\" id=\"10-trauringe-und-verlobungsringe-aufeinander-abstimmen\">Trauringe und <a href=\"https:\/\/ajediam.com\/the-ultimate-guide-to-choosing-engagement-rings-styles-tips-and-insights\/\" data-type=\"page\" data-id=\"55913\">Verlobungsringe<\/a> aufeinander abstimmen<\/h3>\n\n\n\n<p>Wenn Sie einen Ehering ausw\u00e4hlen, sollten Sie unbedingt darauf achten, wie er den Verlobungsring erg\u00e4nzt. Hier sind einige Tipps: <\/p>\n\n\n\n<ul>\n<li><strong>Metallart<\/strong>: Wenn der Verlobungsring aus Wei\u00dfgold ist, sollten Sie einen Ehering aus demselben Metall w\u00e4hlen, um einen einheitlichen Look zu erzielen.<\/li>\n\n\n\n<li><strong>\u00c4sthetisches Design<\/strong>: W\u00e4hlen Sie einen Ehering, der zum Verlobungsring passt oder einen sch\u00f6nen Kontrast dazu bildet, um einen ausgewogenen Look zu schaffen.<\/li>\n<\/ul>\n\n\n\n<h3 class=\"wp-block-heading\" id=\"11-eine-stressfreie-entscheidung\">Eine stressfreie Entscheidung<\/h3>\n\n\n\n<ol>\n<li><strong>Kommunikation ist der Schl\u00fcssel<\/strong>: Besprechen Sie Ihre Vorlieben offen mit Ihrem Partner. Wenn Sie den Stil des anderen verstehen, kann der Entscheidungsprozess viel reibungsloser verlaufen. <\/li>\n\n\n\n<li><strong>Beginnen Sie fr\u00fch<\/strong>: Geben Sie sich viel Zeit, um die Optionen zu erkunden. Das Anprobieren verschiedener Stile kann Ihnen helfen, herauszufinden, was Sie beide m\u00f6gen. <\/li>\n\n\n\n<li><strong>Bedenken Sie die Praktikabilit\u00e4t<\/strong>: Denken Sie daran, dass Eheringe t\u00e4glich getragen werden. W\u00e4hlen Sie einen Stil, der zu Ihrem Lebensstil passt, besonders wenn Ihr Partner einen aktiven Beruf hat. <\/li>\n<\/ol>\n\n\n\n<h3 class=\"wp-block-heading\" id=\"12-personalisierung-und-individualisierung\">Personalisierung und Individualisierung<\/h3>\n\n\n\n<p>Wenn Sie Ihren Eheringen eine pers\u00f6nliche Note verleihen, k\u00f6nnen Sie ihre Bedeutung noch steigern. Hier sind einige M\u00f6glichkeiten, sie individuell zu gestalten: <\/p>\n\n\n\n<ul>\n<li><strong>Gravur<\/strong>: \u00dcberlegen Sie sich, ob Sie bedeutungsvolle Botschaften oder Daten in das Band eingravieren lassen wollen, um es einzigartig f\u00fcr Ihre Beziehung zu machen.<\/li>\n\n\n\n<li><strong>Ma\u00dfgeschneiderte Designs<\/strong>: Bei Ajediam k\u00f6nnen unsere Kunsthandwerker Ringe nach Ma\u00df anfertigen, die Ihre gemeinsamen Werte und Erfahrungen widerspiegeln.<\/li>\n<\/ul>\n\n\n\n<h3 class=\"wp-block-heading\" id=\"13-nach-dem-kauf-wartung-und-pflege-\">Nach dem Kauf: <a href=\"https:\/\/ajediam.com\/jewelry-craftsmanship\/jewelry-care\/\" data-type=\"page\" data-id=\"3333\">Wartung und Pflege<\/a><\/h3>\n\n\n\n<ol>\n<li><strong>Regelm\u00e4\u00dfige Reinigung<\/strong>: Um die Sch\u00f6nheit Ihrer Ringe zu erhalten, ist es wichtig, sie sauber zu halten. Regelm\u00e4\u00dfige Pflege kann Schmutzablagerungen verhindern und daf\u00fcr sorgen, dass sie weiterhin gl\u00e4nzen. <\/li>\n\n\n\n<li><strong>Professionelle Pflege<\/strong>: Ajediam bietet einen Wartungsservice an, damit Ihre Ringe immer gut aussehen und Sie sich auf Ihre Investition verlassen k\u00f6nnen.<\/li>\n<\/ol>\n\n\n\n<h2 class=\"wp-block-heading\" id=\"14-teil-3-hochzeits-und-verlobungsringe-gemeinsam-aussuchen\">Teil 3: Hochzeits- und Verlobungsringe gemeinsam aussuchen<\/h2>\n\n\n\n<h3 class=\"wp-block-heading\" id=\"15-die-bedeutung-gemeinsamer-entscheidungen\">Die Bedeutung gemeinsamer Entscheidungen<\/h3>\n\n\n\n<p>Die gemeinsame Auswahl von Ringen kann Ihre Bindung st\u00e4rken. Hier sind ein paar Gr\u00fcnde, warum gemeinsame Entscheidungen wichtig sind: <\/p>\n\n\n\n<ul>\n<li><strong>Gemeinsame Erfahrung<\/strong>: Das gemeinsame Aussuchen von Ringen kann ein verbindendes Erlebnis sein, das Ihre Beziehung st\u00e4rkt.<\/li>\n\n\n\n<li><strong>Beide Stile widerspiegeln<\/strong>: Die Zusammenarbeit stellt sicher, dass beide Partner ihren Beitrag leisten, was zu Ringen f\u00fchrt, die Ihre gemeinsame Reise repr\u00e4sentieren.<\/li>\n<\/ul>\n\n\n\n<h3 class=\"wp-block-heading\" id=\"16-tipps-f%C3%BCr-ein-stressfreies-erlebnis\">Tipps f\u00fcr ein stressfreies Erlebnis<\/h3>\n\n\n\n<ol>\n<li><strong>Setzen Sie realistische Erwartungen<\/strong>: Machen Sie sich klar, dass die Suche nach den perfekten Ringen Zeit in Anspruch nehmen kann. Seien Sie offen daf\u00fcr, verschiedene Optionen ohne Druck zu erkunden. <\/li>\n\n\n\n<li><strong>Gemeinsam erkunden<\/strong>: Ein gemeinsamer Besuch bei einem Juwelier gibt beiden Partnern die M\u00f6glichkeit, ihre Vorlieben zu \u00e4u\u00dfern und verschiedene Stile kennenzulernen.<\/li>\n\n\n\n<li><strong>Nutzen Sie Online-Ressourcen<\/strong>: Nutzen Sie die Website von Ajediam, um Stile zu entdecken und sich inspirieren zu lassen. Erstellen Sie eine gemeinsame Wunschliste mit Ihren Favoriten, um den Auswahlprozess zu vereinfachen. <\/li>\n<\/ol>\n\n\n\n<h2 class=\"wp-block-heading\" id=\"17-es-geht-nur-um-den-moment\">Es geht nur um den Moment<\/h2>\n\n\n\n<p>Die Wahl der perfekten Verlobungs- und Eheringe sollte eine freudige Erfahrung sein, die Ihre einzigartige Liebesgeschichte widerspiegelt. Bei Ajediam finden Sie verschiedene Modelle, darunter unseren <strong>Diamantring mit zwei Ringen und seitlichen Steinen (Ref. R048)<\/strong>und unsere <strong>zweifarbigen Cognac-Diamanten-Trauringe (Ref. R603)<\/strong>. So k\u00f6nnen Sie die idealen St\u00fccke finden, die zu Ihrem pers\u00f6nlichen Stil und Ihrem Engagement passen. <\/p>\n\n\n\n<p>Wenn Sie die verschiedenen Stile kennen und fundierte Entscheidungen treffen, k\u00f6nnen Sie sicherstellen, dass die Ringe, die Sie ausw\u00e4hlen, die Liebe und Partnerschaft symbolisieren, die Sie teilen. Ihre Reise zur Auswahl dieser wertvollen St\u00fccke sollte mit Aufregung, Liebe und dem Versprechen einer sch\u00f6nen gemeinsamen Zukunft gef\u00fcllt sein. Kontaktieren Sie uns f\u00fcr Ihren individuellen Ring unter care@ajediam.com!  <\/p>\n","protected":false},"excerpt":{"rendered":"<p>Die Wahl der perfekten Hochzeits- und Verlobungsringe ist eine wichtige Entscheidung auf dem Weg eines jeden Paares. Diese Ringe sind nicht einfach nur Schmuckst\u00fccke; sie stehen f\u00fcr Liebe, Engagement und eine gemeinsame Zukunft. Bei Ajediam im Herzen von Antwerpen haben wir uns auf die Anfertigung exquisiter Ringe spezialisiert, die Ihre einzigartige Liebesgeschichte verk\u00f6rpern. Dieser umfassende [&hellip;]<\/p>\n","protected":false},"author":5,"featured_media":79482,"parent":153392,"menu_order":0,"comment_status":"closed","ping_status":"closed","template":"jewel-cleaner-page.php","meta":{"ub_ctt_via":"","footnotes":""},"acf":[],"featured_image_src":"https:\/\/ajediam.com\/wp-content\/uploads\/2025\/05\/1.png","_links":{"self":[{"href":"https:\/\/ajediam.com\/de\/wp-json\/wp\/v2\/pages\/153443"}],"collection":[{"href":"https:\/\/ajediam.com\/de\/wp-json\/wp\/v2\/pages"}],"about":[{"href":"https:\/\/ajediam.com\/de\/wp-json\/wp\/v2\/types\/page"}],"author":[{"embeddable":true,"href":"https:\/\/ajediam.com\/de\/wp-json\/wp\/v2\/users\/5"}],"replies":[{"embeddable":true,"href":"https:\/\/ajediam.com\/de\/wp-json\/wp\/v2\/comments?post=153443"}],"version-history":[{"count":3,"href":"https:\/\/ajediam.com\/de\/wp-json\/wp\/v2\/pages\/153443\/revisions"}],"predecessor-version":[{"id":153457,"href":"https:\/\/ajediam.com\/de\/wp-json\/wp\/v2\/pages\/153443\/revisions\/153457"}],"up":[{"embeddable":true,"href":"https:\/\/ajediam.com\/de\/wp-json\/wp\/v2\/pages\/153392"}],"wp:featuredmedia":[{"embeddable":true,"href":"https:\/\/ajediam.com\/de\/wp-json\/wp\/v2\/media\/79482"}],"wp:attachment":[{"href":"https:\/\/ajediam.com\/de\/wp-json\/wp\/v2\/media?parent=153443"}],"curies":[{"name":"wp","href":"https:\/\/api.w.org\/{rel}","templated":true}]}}