{"id":153461,"date":"2024-12-19T13:08:23","date_gmt":"2024-12-19T13:08:23","guid":{"rendered":"https:\/\/ajediam.com\/diamanten-101\/der-ultimative-leitfaden-fuer-herzfoermige-diamanten-alles-was-sie-wissen-muessen\/"},"modified":"2026-02-19T18:13:12","modified_gmt":"2026-02-19T18:13:12","slug":"der-ultimative-leitfaden-fuer-herzfoermige-diamanten-alles-was-sie-wissen-muessen","status":"publish","type":"page","link":"https:\/\/ajediam.com\/de\/diamanten-101\/der-ultimative-leitfaden-fuer-herzfoermige-diamanten-alles-was-sie-wissen-muessen\/","title":{"rendered":"Der ultimative Leitfaden f\u00fcr herzf\u00f6rmige Diamanten: Alles, was Sie wissen m\u00fcssen"},"content":{"rendered":"\n<p class=\"postTitle\">Diamanten in Herzform: Ein Symbol f\u00fcr Liebe und Romantik<\/p>\n\n\n\n<p>Der herzf\u00f6rmige Diamant ist mehr als nur ein Schliff; er ist ein starkes Symbol f\u00fcr Liebe und Romantik. Gefeiert f\u00fcr seine unverwechselbare Form, spricht dieser Schliff diejenigen an, die ein Schmuckst\u00fcck suchen, das sowohl visuell fesselnd als auch reich an Gef\u00fchlen ist. Ob als Verlobungsring oder als einzigartiger Anh\u00e4nger, der Herzschliff verk\u00f6rpert eine tiefe emotionale Bedeutung und verleiht jeder Schmucksammlung eine pers\u00f6nliche Note.  <\/p>\n\n\n<div class=\"ub_table-of-contents\" data-showtext=\"show\" data-hidetext=\"hide\" data-scrolltype=\"auto\" id=\"ub_table-of-contents-9a2580df-537f-4d65-9347-b5dedb366cb3\" data-initiallyhideonmobile=\"false\"\n                    data-initiallyshow=\"true\"><div class=\"ub_table-of-contents-header-container\"><div class=\"ub_table-of-contents-header\">\n                    <div class=\"ub_table-of-contents-title\"><strong>Inhaltsverzeichnis<\/strong><\/div><\/div><\/div><div class=\"ub_table-of-contents-extra-container\"><div class=\"ub_table-of-contents-container ub_table-of-contents-1-column \"><ol><li><a href=https:\/\/ajediam.com\/de\/diamanten-101\/der-ultimative-leitfaden-fuer-herzfoermige-diamanten-alles-was-sie-wissen-muessen\/#0-die-geschichte-der-herzf%C3%B6rmigen-diamanten>Die Geschichte der herzf\u00f6rmigen Diamanten<\/a><\/li><li><a href=https:\/\/ajediam.com\/de\/diamanten-101\/der-ultimative-leitfaden-fuer-herzfoermige-diamanten-alles-was-sie-wissen-muessen\/#1-die-einzigartigen-aspekte-des-herzschnitts-verstehen>Die einzigartigen Aspekte des Herzschnitts verstehen<\/a><\/li><li><a href=https:\/\/ajediam.com\/de\/diamanten-101\/der-ultimative-leitfaden-fuer-herzfoermige-diamanten-alles-was-sie-wissen-muessen\/#2-warum-gibt-es-auf-den-laborberichten-herzf%C3%B6rmiger-diamanten-keine-schliffnote>Warum gibt es auf den Laborberichten herzf\u00f6rmiger Diamanten keine Schliffnote?<\/a><\/li><li><a href=https:\/\/ajediam.com\/de\/diamanten-101\/der-ultimative-leitfaden-fuer-herzfoermige-diamanten-alles-was-sie-wissen-muessen\/#3-herzf%C3%B6rmige-diamanten-die-wahl-der-richtigen-qualit%C3%A4t>Herzf\u00f6rmige Diamanten: Die Wahl der richtigen Qualit\u00e4t<\/a><\/li><li><a href=https:\/\/ajediam.com\/de\/diamanten-101\/der-ultimative-leitfaden-fuer-herzfoermige-diamanten-alles-was-sie-wissen-muessen\/#4-ideale-fassungen-f%C3%BCr-herzf%C3%B6rmige-diamanten>Ideale Fassungen f\u00fcr herzf\u00f6rmige Diamanten<\/a><\/li><li><a href=https:\/\/ajediam.com\/de\/diamanten-101\/der-ultimative-leitfaden-fuer-herzfoermige-diamanten-alles-was-sie-wissen-muessen\/#5-stil-inspiration-wie-man-herzf%C3%B6rmige-diamanten-tr%C3%A4gt>Stil-Inspiration: Wie man herzf\u00f6rmige Diamanten tr\u00e4gt<\/a><\/li><li><a href=https:\/\/ajediam.com\/de\/diamanten-101\/der-ultimative-leitfaden-fuer-herzfoermige-diamanten-alles-was-sie-wissen-muessen\/#6-investitionswert-von-herzf%C3%B6rmigen-diamanten>Investitionswert von herzf\u00f6rmigen Diamanten<\/a><\/li><li><a href=https:\/\/ajediam.com\/de\/diamanten-101\/der-ultimative-leitfaden-fuer-herzfoermige-diamanten-alles-was-sie-wissen-muessen\/#7-diamanten-in-herzform-im-vergleich-zu-anderen-formen>Diamanten in Herzform im Vergleich zu anderen Formen<\/a><\/li><li><a href=https:\/\/ajediam.com\/de\/diamanten-101\/der-ultimative-leitfaden-fuer-herzfoermige-diamanten-alles-was-sie-wissen-muessen\/#8-pflege-von-herzf%C3%B6rmigen-diamanten>Pflege von herzf\u00f6rmigen Diamanten<\/a><\/li><li><a href=https:\/\/ajediam.com\/de\/diamanten-101\/der-ultimative-leitfaden-fuer-herzfoermige-diamanten-alles-was-sie-wissen-muessen\/#9-ber%C3%BChmte-fans-von-heart-shaped-diamond>Ber\u00fchmte Fans von Heart-Shaped Diamond<\/a><\/li><li><a href=https:\/\/ajediam.com\/de\/diamanten-101\/der-ultimative-leitfaden-fuer-herzfoermige-diamanten-alles-was-sie-wissen-muessen\/#10-faqs-%C3%BCber-herzf%C3%B6rmige-diamanten->FAQs \u00fcber herzf\u00f6rmige Diamanten<\/a><\/li><li><a href=https:\/\/ajediam.com\/de\/diamanten-101\/der-ultimative-leitfaden-fuer-herzfoermige-diamanten-alles-was-sie-wissen-muessen\/#11-letzter-gedanke-finden-sie-ihren-perfekten-herzf%C3%B6rmigen-diamanten-bei-ajediam>Letzter Gedanke: Finden Sie Ihren perfekten herzf\u00f6rmigen Diamanten bei Ajediam<\/a><\/li><\/ol><\/div><\/div><\/div>\n\n\n<h2 class=\"wp-block-heading\" id=\"0-die-geschichte-der-herzf%C3%B6rmigen-diamanten\">Die Geschichte der herzf\u00f6rmigen Diamanten<\/h2>\n\n\n\n<p>Die Geschichte der herzf\u00f6rmigen Diamanten reicht bis in die Renaissance zur\u00fcck, wo sie wegen ihrer Sch\u00f6nheit und Bedeutung gesch\u00e4tzt wurden. Dieser Schliff wurde zu einem Symbol der k\u00f6niglichen Liebe und wurde oft f\u00fcr Geschenke und Schmuck zwischen adligen Familien verwendet. Zu den ber\u00fchmten Herzdiamanten geh\u00f6ren das &#8222;Herz der Ewigkeit&#8220; und das &#8222;Herz der Liebe&#8220; von Graff, die jeweils f\u00fcr Luxus und Romantik stehen.  <\/p>\n\n\n\n<p><strong>Historische H\u00f6hepunkte<\/strong>:<\/p>\n\n\n\n<ul>\n<li><strong>Urspr\u00fcnge<\/strong>: Der Adel der Renaissance tauschte Herzdiamanten als Zeichen der Treue und Liebe aus.<\/li>\n\n\n\n<li><strong>Ber\u00fchmte St\u00fccke<\/strong>: <a href=\"https:\/\/ajediam.com\/diamond-history\/famous-diamonds\/the-blue-heart-diamond\/\">Das Blaue Herz<\/a>, das Herz der Ewigkeit, das Herz der Liebe und das Herz des Ozeans haben zu seinem Prestige beigetragen.<\/li>\n\n\n\n<li><strong>Moderne Anziehungskraft<\/strong>: Das einzigartige Design des Heart-Schliffs spricht diejenigen an, die bei ihrem Schmuck Wert auf Sentimentalit\u00e4t legen, und macht ihn zu einer zeitlosen Wahl.<\/li>\n<\/ul>\n\n\n\n<h2 class=\"wp-block-heading\" id=\"1-die-einzigartigen-aspekte-des-herzschnitts-verstehen\">Die einzigartigen Aspekte des Herzschnitts verstehen<\/h2>\n\n\n\n<div class=\"wp-block-media-text is-stacked-on-mobile\" style=\"grid-template-columns:39% auto\"><figure class=\"wp-block-media-text__media\"><video controls src=\"https:\/\/ajediam.com\/wp-content\/uploads\/2025\/08\/Impressive-12-carat-heart-shaped-diamond-from-Ajediam-in-Antwerp-1.mp4\"><\/video><\/figure><div class=\"wp-block-media-text__content\">\n<p>Der herzf\u00f6rmige Diamant ist ein modifizierter Brillantschliff, der fachm\u00e4nnische Pr\u00e4zision erfordert, um seine Proportionen und Symmetrie auszugleichen. Die ausgepr\u00e4gte &#8222;Spalte&#8220; und die &#8222;Lappen&#8220; geben dem Heart seine Form, so dass die Symmetrie f\u00fcr die visuelle Attraktivit\u00e4t entscheidend ist. <\/p>\n\n\n\n<p><strong>Wichtige Merkmale<\/strong>:<\/p>\n\n\n\n<ul>\n<li><strong>Der Spalt<\/strong>: Dieser charakteristische Spalt an der Spitze ist ein Hauptmerkmal des Heart-Schliffs und erfordert akribische Pr\u00e4zision.<\/li>\n\n\n\n<li><strong>Die Lappen<\/strong>: Abgerundete Teile an der Spitze des Diamanten verst\u00e4rken die F\u00fclle der Herzform.<\/li>\n\n\n\n<li><strong>Symmetrie<\/strong>: Perfekte Symmetrie zwischen den Lappen und \u00fcber die Spalte sorgt daf\u00fcr, dass die Herzform leicht erkennbar ist und das Funkeln maximiert wird.<\/li>\n<\/ul>\n<\/div><\/div>\n\n\n\n<h2 class=\"wp-block-heading\" id=\"2-warum-gibt-es-auf-den-laborberichten-herzf%C3%B6rmiger-diamanten-keine-schliffnote\">Warum gibt es auf den Laborberichten herzf\u00f6rmiger Diamanten keine Schliffnote?<\/h2>\n\n\n\n<figure class=\"wp-block-image size-full is-resized\"><img decoding=\"async\" width=\"1115\" height=\"1418\" src=\"https:\/\/ajediam.com\/wp-content\/uploads\/2024\/12\/Fancy-Cut-Diamond-Certificates-dont-show-cut-grades-only-symetry-and-polish.jpeg\" alt=\"Fancy-Cut-Diamantenzertifikate weisen keine Schliffwerte aus, sondern nur Symmetrie und Politur.\" class=\"wp-image-58223\" style=\"width:500px\" srcset=\"https:\/\/ajediam.com\/wp-content\/uploads\/2024\/12\/Fancy-Cut-Diamond-Certificates-dont-show-cut-grades-only-symetry-and-polish.jpeg 1115w, https:\/\/ajediam.com\/wp-content\/uploads\/2024\/12\/Fancy-Cut-Diamond-Certificates-dont-show-cut-grades-only-symetry-and-polish-236x300.jpeg 236w, https:\/\/ajediam.com\/wp-content\/uploads\/2024\/12\/Fancy-Cut-Diamond-Certificates-dont-show-cut-grades-only-symetry-and-polish-768x977.jpeg 768w\" sizes=\"(max-width: 1115px) 100vw, 1115px\" \/><\/figure>\n\n\n\n<p><strong>Schnittqualit\u00e4t und das Fehlen von standardisierten Noten:<\/strong><\/p>\n\n\n\n<p>Im Gegensatz zu runden Brillanten, die von Institutionen wie dem <a href=\"https:\/\/ajediam.com\/diamond-identification\/gia-diamond-grading\/\">Gemological Institute of America <\/a>(GIA) standardisierte Schliffbewertungen erhalten, gibt es f\u00fcr Fancy-Diamanten &#8211; einschlie\u00dflich herzf\u00f6rmiger Diamanten &#8211;<strong>keine allgemein anerkannten Schliffbewertungen<\/strong>. Dies ist auf die unterschiedlichen Formen und Facettenanordnungen von Fancy-Diamanten zur\u00fcckzuf\u00fchren, die die Anwendung eines einheitlichen Bewertungsstandards erschweren. <\/p>\n\n\n\n<p>Trotz des Fehlens formeller Schliffnoten ist die Bewertung der Schliffqualit\u00e4t eines herzf\u00f6rmigen Diamanten nach wie vor unerl\u00e4sslich. Konzentrieren Sie sich auf Aspekte wie Schliff und Symmetrie, die individuell bewertet und auf den Bewertungszertifikaten angegeben werden. Eine hochwertige Politur und Symmetrie tragen dazu bei, dass der Diamant das Licht effektiv reflektiert und sein Funkeln verst\u00e4rkt.  <\/p>\n\n\n\n<h2 class=\"wp-block-heading\" id=\"3-herzf%C3%B6rmige-diamanten-die-wahl-der-richtigen-qualit%C3%A4t\">Herzf\u00f6rmige Diamanten: Die Wahl der richtigen Qualit\u00e4t<\/h2>\n\n\n\n<p>Die Auswahl eines herzf\u00f6rmigen Diamanten erfordert, wie bei den meisten ausgefallenen Formen, ein genaues Verst\u00e4ndnis des Schliffs und dessen Einfluss auf die allgemeine Sch\u00f6nheit des Diamanten. Der Schliff ist der wichtigste Faktor, der die Brillanz und den Charme des Diamanten bestimmt. <\/p>\n\n\n\n<p>Da es keinen offiziellen Konsens dar\u00fcber gibt, welchen Schliff ein herzf\u00f6rmiger Diamant haben sollte, m\u00f6chten wir Ihnen mitteilen <strong>, worauf wir als Profis bei herzf\u00f6rmigen Diamanten achten<\/strong>.  <\/p>\n\n\n\n<figure class=\"wp-block-video\"><video autoplay controls loop muted src=\"https:\/\/ajediam.com\/wp-content\/uploads\/2024\/12\/poorly-cut-heart-shaped-diamonds-too-rounded-and-too-slender.mov\"><\/video><figcaption class=\"wp-element-caption\"><em>In diesem Video ist ein Diamant zu rund und der andere zu schlank, was in beiden F\u00e4llen zu einer weniger ansprechenden Form f\u00fchrt<\/em><\/figcaption><\/figure>\n\n\n\n<p><strong>Proportionen:<\/strong><\/p>\n\n\n\n<p>Die Proportionen eines herzf\u00f6rmigen Diamanten wirken sich erheblich auf sein <strong>&#8222;Feuer&#8220; und seine &#8222;Lebendigkeit&#8220;<\/strong>aus &#8211; Begriffe, die in der Fachwelt verwendet werden, um seine Brillanz und sein Funkeln zu beschreiben. Ein Diamant mit \u00fcberm\u00e4\u00dfiger Tiefe kann unter einem Fliege-Effekt (einem Schatten in der Mitte) leiden, w\u00e4hrend ein flacher Stein stumpf erscheinen kann. Streben Sie ein Verh\u00e4ltnis von <strong>L\u00e4nge zu Breite <\/strong>zwischen <strong>0,85 und 0,95<\/strong> und eine ideale<strong> Gesamttiefe<\/strong> von etwa <strong>58-63%<\/strong> an, um ein ausgewogenes und lebendiges Erscheinungsbild zu erzielen.  <\/p>\n\n\n\n<p><strong>Form und Symmetrie:<\/strong><\/p>\n\n\n\n<p>Die Gesamtform des Diamanten sollte gut ausbalanciert sein. Vermeiden Sie Steine, die zu &#8222;rund&#8220; oder &#8222;langgestreckt&#8220; wirken, da sie von der ikonischen Herzsilhouette ablenken. <strong>Perfekte Symmetrie ist unerl\u00e4sslich<\/strong>; ohne sie verliert ein herzf\u00f6rmiger Diamant seinen Reiz und seine Eleganz. <\/p>\n\n\n\n<p><strong>Unser Engagement:<\/strong><\/p>\n\n\n\n<p>Bei Ajediam bem\u00fchen wir uns, Diamanten mit au\u00dfergew\u00f6hnlichen Schliffen anzubieten, um den Wert und die Sch\u00f6nheit zu maximieren. Alle unsere Diamanten werden standardm\u00e4\u00dfig mit einem<a href=\"https:\/\/www.gia.edu\/report-check-landing\" target=\"_blank\" rel=\"noopener\"> GIA-Gutachten<\/a> geliefert. Wir ermutigen unsere Kunden auch, mehrere Optionen zu vergleichen, bevor sie eine Entscheidung treffen. <strong>Schulen Sie Ihr Auge<\/strong>, indem Sie Angebote aus verschiedenen Quellen pr\u00fcfen, um besser zu verstehen, was einen wirklich atemberaubenden herzf\u00f6rmigen Diamanten ausmacht. Denken Sie daran, dass die richtige Wahl sowohl technische Exzellenz als auch pers\u00f6nliche Vorlieben vereint.  <br><br>Wenn Sie ein Angebot erhalten <strong>, bitten Sie um ein Video des Diamanten, das alle Seiten zeigt<\/strong>. Es ist leicht, weniger w\u00fcnschenswerte Aspekte eines Diamanten in gut gemachten Fotos zu verbergen.<\/p>\n\n\n\n<h2 class=\"wp-block-heading\" id=\"4-ideale-fassungen-f%C3%BCr-herzf%C3%B6rmige-diamanten\">Ideale Fassungen f\u00fcr herzf\u00f6rmige Diamanten<\/h2>\n\n\n\n<div class=\"wp-block-media-text is-stacked-on-mobile\" style=\"grid-template-columns:35% auto\"><figure class=\"wp-block-media-text__media\"><video controls src=\"https:\/\/ajediam.com\/wp-content\/uploads\/2025\/08\/Beautiful-fancy-intense-yellow-heart-shaped-diamond-engagement-ring-with-a-1-2-1.mp4\"><\/video><\/figure><div class=\"wp-block-media-text__content\">\n<p>Die richtige Fassung unterstreicht die Sch\u00f6nheit und den Schutz eines herzf\u00f6rmigen Diamanten. Beliebte Auswahlm\u00f6glichkeiten sind: <\/p>\n\n\n\n<ul>\n<li><strong>Solit\u00e4r<\/strong>: Betont die Form des Diamanten in einem klassischen, eleganten Stil.<\/li>\n\n\n\n<li><strong>Halo<\/strong>: Wenn Sie den Herzdiamanten mit kleineren Steinen umgeben, wird seine Brillanz verst\u00e4rkt und er kann gr\u00f6\u00dfer erscheinen.<\/li>\n\n\n\n<li><strong>L\u00fcnette<\/strong>: Diese vollst\u00e4ndig umlaufende Fassung sch\u00fctzt die spitze Spitze und bringt die Kontur des Herzens zur Geltung.<\/li>\n\n\n\n<li><strong>Dreisteinig<\/strong>: Diese Fassung wird oft mit runden oder birnenf\u00f6rmigen Steinen kombiniert, um der Herzform mehr Tiefe zu verleihen und sie zu betonen.<\/li>\n<\/ul>\n\n\n\n<p>Ziehen Sie Fassungen in Betracht, die die spitze Spitze sch\u00fctzen, um ein Absplittern zu verhindern, was ein h\u00e4ufiges Problem bei Herzdiamanten ist.<\/p>\n<\/div><\/div>\n\n\n\n<h2 class=\"wp-block-heading\" id=\"5-stil-inspiration-wie-man-herzf%C3%B6rmige-diamanten-tr%C3%A4gt\">Stil-Inspiration: Wie man herzf\u00f6rmige Diamanten tr\u00e4gt<\/h2>\n\n\n\n<p>Herzf\u00f6rmige Diamanten sind eine vielseitige Wahl f\u00fcr verschiedene Arten von Schmuck. Hier erfahren Sie, wie Sie sie stil\u00fcbergreifend tragen k\u00f6nnen: <\/p>\n\n\n\n<ul>\n<li><strong>Verlobungsringe<\/strong>: Eine gef\u00fchlvolle Wahl, die sich von den traditionellen runden Schliffen abhebt.<\/li>\n\n\n\n<li><strong>Halsketten und Anh\u00e4nger<\/strong>: Die Herzform eignet sich hervorragend als Anh\u00e4nger, der einen eleganten und romantischen Touch hat.<\/li>\n\n\n\n<li><strong>Ohrringe und Armb\u00e4nder<\/strong>: Herzdiamanten k\u00f6nnen in Ohrringe oder Armb\u00e4nder gefasst werden und verleihen ihnen ein charmantes Funkeln und ein einzigartiges Stilelement.<\/li>\n<\/ul>\n\n\n\n<p>Styling-Tipp: Kombinieren Sie herzf\u00f6rmige Diamanten mit schlichten Schmuckst\u00fccken, um ihre komplizierte Form nicht zu \u00fcbertreiben. Fassungen aus Ros\u00e9gold unterstreichen den romantischen Reiz, w\u00e4hrend Platin einen modernen Akzent setzt. <\/p>\n\n\n\n<h2 class=\"wp-block-heading\" id=\"6-investitionswert-von-herzf%C3%B6rmigen-diamanten\">Investitionswert von herzf\u00f6rmigen Diamanten<\/h2>\n\n\n\n<div class=\"wp-block-media-text has-media-on-the-right is-stacked-on-mobile\" style=\"grid-template-columns:auto 36%\"><div class=\"wp-block-media-text__content\">\n<p>Herzf\u00f6rmige Diamanten sind f\u00fcr Sammler und Romantiker gleicherma\u00dfen wertvoll, aber ihr Investitionspotenzial wird von mehreren Faktoren beeinflusst:<\/p>\n\n\n\n<ul>\n<li><strong>Marktnachfrage<\/strong>: Herzf\u00f6rmige Diamanten sind weniger h\u00e4ufig, was zu einer h\u00f6heren Wertsteigerung f\u00fchren kann, wenn die Nachfrage nach gr\u00f6\u00dferen herzf\u00f6rmigen Diamanten von h\u00f6chster Qualit\u00e4t steigt.<\/li>\n\n\n\n<li><strong>Seltenheit und Preisgestaltung<\/strong>: Da es sich um einen nicht-traditionellen Schliff handelt, kann der Preis niedriger sein als bei runden Diamanten, aber sie sind wegen ihres einzigartigen Designs immer noch begehrt. W\u00e4hlen Sie die Herzform in unseren <a href=\"https:\/\/ajediam.com\/diamond-prices\/white-natural-diamond\/\">Preislisten f\u00fcr nat\u00fcrliche wei\u00dfe Diamanten <\/a>aus und sehen Sie sich ihre aktuellen Marktpreise an. <\/li>\n<\/ul>\n\n\n\n<p>Um <strong>einen langfristigen Wert zu erzielen<\/strong>, sollten Sie herzf\u00f6rmige Diamanten mit einer sch\u00f6nen Form und einer erstklassigen Bewertung in den Laborberichten w\u00e4hlen, da diese eher einen Wertzuwachs erfahren.<br><br>Beachten Sie, dass der Preisunterschied zwischen einem wundersch\u00f6n geschliffenen herzf\u00f6rmigen Diamanten und einem schlecht geschliffenen Diamanten mehr als 50 % betragen kann und dass ein stumpfer Diamant wahrscheinlich nur sehr schwer wieder verkauft werden kann.<\/p>\n<\/div><figure class=\"wp-block-media-text__media\"><video controls src=\"https:\/\/ajediam.com\/wp-content\/uploads\/2025\/08\/A-beautiful-couple-heart-shaped-diamonds-used-as-side-stones-for-an-impressive-light-pink-asscher-cut-diamond-1.mp4\"><\/video><\/figure><\/div>\n\n\n\n<h2 class=\"wp-block-heading\" id=\"7-diamanten-in-herzform-im-vergleich-zu-anderen-formen\">Diamanten in Herzform im Vergleich zu anderen Formen<\/h2>\n\n\n\n<p>Herzf\u00f6rmige Diamanten k\u00f6nnen mit anderen romantischen Formen wie Birne und Oval verglichen werden, um ihre einzigartigen Eigenschaften hervorzuheben.<\/p>\n\n\n\n<figure class=\"wp-block-table\"><table><tbody><tr><td><strong>Diamantform<\/strong><\/td><td><strong>Wesentliche Merkmale<\/strong><\/td><td><strong>Brillanz<\/strong><\/td><td><strong>Preisspanne<\/strong><\/td><\/tr><tr><td><strong>Herz<\/strong><\/td><td>Symbolisch, sentimental<\/td><td>Hoch<\/td><td>M\u00e4\u00dfig<\/td><\/tr><tr><td><strong>Rund<\/strong><\/td><td>Zeitlos, vielseitig<\/td><td>H\u00f6chste<\/td><td>Hoch<\/td><\/tr><tr><td><strong>Birne<\/strong><\/td><td>L\u00e4nglich, schlank<\/td><td>Hoch<\/td><td>M\u00e4\u00dfig<\/td><\/tr><tr><td><strong>Oval<\/strong><\/td><td>Vintage-Appeal<\/td><td>Hoch<\/td><td>M\u00e4\u00dfig<\/td><\/tr><\/tbody><\/table><\/figure>\n\n\n\n<h2 class=\"wp-block-heading\" id=\"8-pflege-von-herzf%C3%B6rmigen-diamanten\">  Pflege von herzf\u00f6rmigen Diamanten<\/h2>\n\n\n\n<p>Der Schutz Ihres herzf\u00f6rmigen Diamanten gew\u00e4hrleistet seine Langlebigkeit und sein Funkeln. Hier finden Sie Pflegetipps, die speziell auf diese Form zugeschnitten sind: <\/p>\n\n\n\n<ul>\n<li><strong>Reinigung<\/strong>: Eine regelm\u00e4\u00dfige Reinigung mit milder Seife und einer weichen B\u00fcrste hilft, den Glanz zu erhalten.<\/li>\n\n\n\n<li><strong>Schutz<\/strong>: Ziehen Sie eine Schutzeinstellung f\u00fcr die Spitze in Betracht und vermeiden Sie es, sie bei intensiven Aktivit\u00e4ten zu tragen.<\/li>\n\n\n\n<li><strong>Aufbewahrung<\/strong>: Bewahren Sie es getrennt von anderem Diamantschmuck in einem weich gef\u00fctterten Schmuckk\u00e4stchen auf, um Kratzer zu vermeiden.<\/li>\n<\/ul>\n\n\n\n<p>Ein gut gepflegter herzf\u00f6rmiger Diamant wird seine Sch\u00f6nheit f\u00fcr Generationen bewahren.<\/p>\n\n\n\n<h2 class=\"wp-block-heading\" id=\"9-ber%C3%BChmte-fans-von-heart-shaped-diamond\">Ber\u00fchmte Fans von Heart-Shaped Diamond<\/h2>\n\n\n\n<p>Der herzf\u00f6rmige Diamant mit seinem romantischen und skurrilen Design hat viele Prominente in seinen Bann gezogen, die mit ihren Verlobungsringen eine k\u00fchne, symbolische Aussage machen wollen.<\/p>\n\n\n\n<p><strong>Lady Gaga<\/strong><strong><br><\/strong>Lady Gagas Verlobungsring von Taylor Kinney zeichnete sich durch einen atemberaubenden herzf\u00f6rmigen Diamanten aus, der auf einem Pav\u00e9-Diamantband gefasst war. Das romantische Design passte perfekt zu Gagas einzigartiger und ausdrucksstarker Pers\u00f6nlichkeit. <\/p>\n\n\n\n<p><strong>Nicki Minaj<\/strong><strong><br><\/strong>Nicki Minaj erhielt von ihrem Partner einen schillernden herzf\u00f6rmigen Diamant-Verlobungsring mit einem gro\u00dfen Mittelstein, der von einem Heiligenschein aus kleineren Diamanten umgeben ist. Der Ring spiegelt Nickis k\u00fchnen, extravaganten Stil wider. <\/p>\n\n\n\n<p><strong>Gwen Stefani<\/strong><br>Gwen Stefanis herzf\u00f6rmiger Diamant-Verlobungsring von Gavin Rossdale ist ein zeitloser Klassiker, der Romantik ausstrahlt, genau wie Gwens m\u00fchelos coole und gef\u00fchlvolle Pers\u00f6nlichkeit.<\/p>\n\n\n\n<h2 class=\"wp-block-heading\" id=\"10-faqs-%C3%BCber-herzf%C3%B6rmige-diamanten-\"><strong>FAQs \u00fcber herzf\u00f6rmige Diamanten<\/strong><\/h2>\n\n\n<div id=\"rank-math-faq\" class=\"rank-math-block\">\n<div class=\"rank-math-list \">\n<div id=\"faq-question-1734500533218\" class=\"rank-math-list-item\">\n<h3 class=\"rank-math-question \"><strong>1. Sind herzf\u00f6rmige Diamanten teurer als andere Formen?<\/strong><\/h3>\n<div class=\"rank-math-answer \">\n\n<p>Nicht unbedingt. Herzf\u00f6rmige Diamanten sind in der Regel erschwinglicher als runde Diamanten desselben Karats, aber hochwertige Herzschliffe k\u00f6nnen einen Aufpreis erfordern. <\/p>\n\n<\/div>\n<\/div>\n<div id=\"faq-question-1734500569256\" class=\"rank-math-list-item\">\n<h3 class=\"rank-math-question \">2. <strong>Was ist die beste Karatgr\u00f6\u00dfe f\u00fcr herzf\u00f6rmige Diamanten?<\/strong><\/h3>\n<div class=\"rank-math-answer \">\n\n<p>Ein Karatgewicht von 1,0 oder mehr ist ideal, da bei kleineren Herzen die Form nicht so deutlich zu erkennen ist.<\/p>\n\n<\/div>\n<\/div>\n<div id=\"faq-question-1734500602190\" class=\"rank-math-list-item\">\n<h3 class=\"rank-math-question \">3. <strong>Welchen Reinheitsgrad sollte ich f\u00fcr einen Herzdiamanten w\u00e4hlen?<\/strong><\/h3>\n<div class=\"rank-math-answer \">\n\n<p>Eine Reinheit von VS1 oder h\u00f6her wird empfohlen, da die offenen Facetten im Herzschliff die Einschl\u00fcsse besser sichtbar machen.<\/p>\n\n<\/div>\n<\/div>\n<div id=\"faq-question-1734500633987\" class=\"rank-math-list-item\">\n<h3 class=\"rank-math-question \">4.  <strong>  K\u00f6nnen herzf\u00f6rmige Diamanten in Verlobungsringen verwendet werden?<\/strong><\/h3>\n<div class=\"rank-math-answer \">\n\n<p>Ja, herzf\u00f6rmige Diamanten sind beliebt f\u00fcr Verlobungsringe und symbolisieren Liebe und Engagement.<\/p>\n\n<\/div>\n<\/div>\n<div id=\"faq-question-1734500664789\" class=\"rank-math-list-item\">\n<h3 class=\"rank-math-question \">5.  <strong>  Ben\u00f6tigen herzf\u00f6rmige Diamanten eine bestimmte Art von Fassung?<\/strong><\/h3>\n<div class=\"rank-math-answer \">\n\n<p>L\u00fcnetten- und Halo-Fassungen eignen sich gut, um die spitze Spitze der Form zu sch\u00fctzen, w\u00e4hrend eine Solit\u00e4r-Fassung die Form zur Geltung bringt.<\/p>\n\n<\/div>\n<\/div>\n<\/div>\n<\/div>\n\n\n<h2 class=\"wp-block-heading\" id=\"11-letzter-gedanke-finden-sie-ihren-perfekten-herzf%C3%B6rmigen-diamanten-bei-ajediam\">Letzter Gedanke: Finden Sie Ihren perfekten herzf\u00f6rmigen Diamanten bei Ajediam<\/h2>\n\n\n\n<p>Entdecken Sie die Kollektion herzf\u00f6rmiger Diamanten von Ajediam und finden Sie das perfekte Symbol f\u00fcr Ihre Liebe. Ganz gleich, ob Sie einen klassischen Verlobungsring oder ein einzigartiges St\u00fcck suchen, unser Expertenteam in Antwerpen steht Ihnen gerne zur Verf\u00fcgung. Vereinbaren Sie noch heute einen Termin und lassen Sie sich von uns zu Ihrem perfekten Herzdiamanten f\u00fchren.  <\/p>\n","protected":false},"excerpt":{"rendered":"<p>Diamanten in Herzform: Ein Symbol f\u00fcr Liebe und Romantik Der herzf\u00f6rmige Diamant ist mehr als nur ein Schliff; er ist ein starkes Symbol f\u00fcr Liebe und Romantik. Gefeiert f\u00fcr seine unverwechselbare Form, spricht dieser Schliff diejenigen an, die ein Schmuckst\u00fcck suchen, das sowohl visuell fesselnd als auch reich an Gef\u00fchlen ist. Ob als Verlobungsring oder [&hellip;]<\/p>\n","protected":false},"author":9,"featured_media":58164,"parent":153392,"menu_order":0,"comment_status":"closed","ping_status":"closed","template":"jewel-cleaner-page.php","meta":{"ub_ctt_via":"","footnotes":""},"acf":[],"featured_image_src":"https:\/\/ajediam.com\/wp-content\/uploads\/2024\/12\/WhatsApp-Image-2024-12-19-at-12.28.48.jpeg","_links":{"self":[{"href":"https:\/\/ajediam.com\/de\/wp-json\/wp\/v2\/pages\/153461"}],"collection":[{"href":"https:\/\/ajediam.com\/de\/wp-json\/wp\/v2\/pages"}],"about":[{"href":"https:\/\/ajediam.com\/de\/wp-json\/wp\/v2\/types\/page"}],"author":[{"embeddable":true,"href":"https:\/\/ajediam.com\/de\/wp-json\/wp\/v2\/users\/9"}],"replies":[{"embeddable":true,"href":"https:\/\/ajediam.com\/de\/wp-json\/wp\/v2\/comments?post=153461"}],"version-history":[{"count":3,"href":"https:\/\/ajediam.com\/de\/wp-json\/wp\/v2\/pages\/153461\/revisions"}],"predecessor-version":[{"id":153465,"href":"https:\/\/ajediam.com\/de\/wp-json\/wp\/v2\/pages\/153461\/revisions\/153465"}],"up":[{"embeddable":true,"href":"https:\/\/ajediam.com\/de\/wp-json\/wp\/v2\/pages\/153392"}],"wp:featuredmedia":[{"embeddable":true,"href":"https:\/\/ajediam.com\/de\/wp-json\/wp\/v2\/media\/58164"}],"wp:attachment":[{"href":"https:\/\/ajediam.com\/de\/wp-json\/wp\/v2\/media?parent=153461"}],"curies":[{"name":"wp","href":"https:\/\/api.w.org\/{rel}","templated":true}]}}