{"id":153499,"date":"2023-03-31T20:37:59","date_gmt":"2023-03-31T20:37:59","guid":{"rendered":"https:\/\/ajediam.com\/ajediam-nutzungsbedingungen\/"},"modified":"2026-02-19T20:05:47","modified_gmt":"2026-02-19T20:05:47","slug":"ajediam-nutzungsbedingungen","status":"publish","type":"page","link":"https:\/\/ajediam.com\/de\/ajediam-nutzungsbedingungen\/","title":{"rendered":"Ajediam-Nutzungsbedingungen"},"content":{"rendered":"\n<p>Nutzungsbedingungen f\u00fcr Ajediam.com<\/p>\n\n<ol><li>Einf\u00fchrung<\/li><\/ol>\n\n<p>Diese Nutzungsbedingungen (&#8222;Bedingungen&#8220;) regeln Ihren Zugriff auf und Ihre Nutzung der Website Ajediam.com (&#8222;Website&#8220;), die OnlyJewels BV (&#8222;Ajediam&#8220;, &#8222;wir&#8220;, &#8222;uns&#8220; oder &#8222;unser&#8220;) geh\u00f6rt und von ihr betrieben wird. Indem Sie auf die Website zugreifen oder diese nutzen, erkl\u00e4ren Sie sich mit diesen Bedingungen einverstanden. Wenn Sie mit diesen Bedingungen nicht einverstanden sind, bitten wir Sie, die Website nicht zu besuchen oder zu nutzen.<\/p>\n\n<ol start=\"2\"><li>Teilnahmeberechtigung<\/li><\/ol>\n\n<p>Indem Sie die Website nutzen, erkl\u00e4ren und garantieren Sie, dass Sie mindestens 18 Jahre alt sind bzw. in Ihrer Gerichtsbarkeit die Vollj\u00e4hrigkeit erreicht haben und die Rechtsf\u00e4higkeit besitzen, diese Bedingungen einzuhalten.<\/p>\n\n<ol start=\"3\"><li>Rechte an geistigem Eigentum<\/li><\/ol>\n\n<p>Alle Inhalte, einschlie\u00dflich, aber nicht beschr\u00e4nkt auf, Texte, Bilder, Grafiken, Logos und Designs auf der Website sind Eigentum von Ajediam oder seinen Lizenzgebern und sind durch Urheberrecht, Markenrecht und andere Gesetze zum Schutz geistigen Eigentums gesch\u00fctzt. Sie sind nicht berechtigt, den Inhalt der Website ohne unsere vorherige schriftliche Zustimmung zu nutzen, zu reproduzieren, zu ver\u00e4ndern, zu verbreiten oder darzustellen.<\/p>\n\n<ol start=\"4\"><li>Benutzerkonten<\/li><\/ol>\n\n<p>Um auf bestimmte Funktionen der Website zugreifen zu k\u00f6nnen, m\u00fcssen Sie m\u00f6glicherweise ein Konto anlegen. Sie sind verantwortlich f\u00fcr die Geheimhaltung Ihrer Kontoinformationen und Ihres Passworts sowie f\u00fcr alle Aktivit\u00e4ten, die unter Ihrem Konto stattfinden. Sie verpflichten sich, uns unverz\u00fcglich \u00fcber jede unbefugte Nutzung Ihres Kontos zu informieren.<\/p>\n\n<ol start=\"5\"><li>Benutzerverhalten<\/li><\/ol>\n\n<p>Durch die Nutzung der Website erkl\u00e4ren Sie sich damit einverstanden, nichts zu tun:<\/p>\n\n<p>a. sich an illegalen oder nicht autorisierten Aktivit\u00e4ten zu beteiligen, einschlie\u00dflich, aber nicht beschr\u00e4nkt auf, Betrug, Bel\u00e4stigung oder Spamming.  <br\/><br\/>b. die Rechte anderer zu verletzen, einschlie\u00dflich der Rechte an geistigem Eigentum, der Privatsph\u00e4re oder der \u00d6ffentlichkeitsrechte, oder diese zu verletzen.  <\/p>\n\n<p>c. Sch\u00e4dliche, beleidigende oder anderweitig anst\u00f6\u00dfige Inhalte zu \u00fcbermitteln oder hochzuladen.  <\/p>\n\n<p>d. die Website, ihre Server oder damit verbundene Netzwerke zu st\u00f6ren oder zu unterbrechen.<\/p>\n\n<ol start=\"6\"><li>Produkt- und Servicebeschreibungen<\/li><\/ol>\n\n<p>Wir bem\u00fchen uns, genaue und aktuelle Informationen \u00fcber unsere Produkte und Dienstleistungen bereitzustellen. Wir k\u00f6nnen jedoch nicht garantieren, dass alle Produktbeschreibungen, Bilder und Preise immer fehlerfrei sind. Im Falle von Unstimmigkeiten behalten wir uns das Recht vor, die Angaben zu korrigieren und Ihre Bestellung entsprechend anzupassen.<\/p>\n\n<ol start=\"7\"><li>Zahlungen und Erstattungen<\/li><\/ol>\n\n<p>Alle Zahlungen m\u00fcssen in der auf der Website angegebenen W\u00e4hrung geleistet werden. Wir akzeptieren verschiedene Zahlungsarten, wie w\u00e4hrend des Bestellvorgangs angegeben. Wir behalten uns das Recht vor, jede Bestellung aus irgendeinem Grund abzulehnen oder zu stornieren, einschlie\u00dflich, aber nicht beschr\u00e4nkt auf Zahlungsbetrug, Inventarprobleme oder Preisfehler.<\/p>\n\n<p>R\u00fcckerstattung und Umtausch unterliegen unseren R\u00fcckgabebedingungen, die Ihnen zum Zeitpunkt des Kaufs mitgeteilt werden.<\/p>\n\n<ol start=\"8\"><li>Einschr\u00e4nkung der Haftung<\/li><\/ol>\n\n<p>Soweit gesetzlich zul\u00e4ssig, haften Ajediam, seine Partner, Direktoren, Mitarbeiter oder Vertreter in keinem Fall f\u00fcr direkte, indirekte, zuf\u00e4llige, besondere oder Folgesch\u00e4den, die sich aus Ihrem Zugriff auf die Website, deren Inhalt oder \u00fcber die Website erworbene Produkte oder Dienstleistungen ergeben, unabh\u00e4ngig davon, ob diese auf einer Garantie, einem Vertrag, einer unerlaubten Handlung oder einer anderen Rechtstheorie beruhen, und unabh\u00e4ngig davon, ob Ajediam auf die M\u00f6glichkeit solcher Sch\u00e4den hingewiesen wurde oder nicht.<\/p>\n\n<ol start=\"9\"><li>Entsch\u00e4digung<\/li><\/ol>\n\n<p>Sie erkl\u00e4ren sich damit einverstanden, Ajediam, seine verbundenen Unternehmen, Direktoren, Mitarbeiter und Agenten zu entsch\u00e4digen, zu verteidigen und schadlos zu halten von und gegen alle Anspr\u00fcche, Haftungen, Sch\u00e4den, Verluste oder Ausgaben, einschlie\u00dflich angemessener Anwaltskosten, die sich aus oder im Zusammenhang mit Ihrem Zugriff auf oder Ihrer Nutzung der Website, Ihrer Verletzung dieser Bedingungen oder der Verletzung von Rechten Dritter ergeben.<\/p>\n\n<ol start=\"10\"><li>Geltendes Recht und Gerichtsstand<\/li><\/ol>\n\n<p>Diese Bedingungen unterliegen den Gesetzen des Landes, in dem OnlyJewels BV seinen Sitz hat, n\u00e4mlich Belgien, und sind entsprechend auszulegen, ungeachtet der Bestimmungen des Kollisionsrechts. Alle Streitigkeiten, die sich aus oder im Zusammenhang mit<\/p>\n","protected":false},"excerpt":{"rendered":"<p>Nutzungsbedingungen f\u00fcr Ajediam.com Einf\u00fchrung Diese Nutzungsbedingungen (&#8222;Bedingungen&#8220;) regeln Ihren Zugriff auf und Ihre Nutzung der Website Ajediam.com (&#8222;Website&#8220;), die OnlyJewels BV (&#8222;Ajediam&#8220;, &#8222;wir&#8220;, &#8222;uns&#8220; oder &#8222;unser&#8220;) geh\u00f6rt und von ihr betrieben wird. Indem Sie auf die Website zugreifen oder diese nutzen, erkl\u00e4ren Sie sich mit diesen Bedingungen einverstanden. Wenn Sie mit diesen Bedingungen nicht einverstanden [&hellip;]<\/p>\n","protected":false},"author":5,"featured_media":0,"parent":0,"menu_order":0,"comment_status":"closed","ping_status":"closed","template":"legal-page.php","meta":{"ub_ctt_via":"","footnotes":""},"acf":[],"featured_image_src":null,"_links":{"self":[{"href":"https:\/\/ajediam.com\/de\/wp-json\/wp\/v2\/pages\/153499"}],"collection":[{"href":"https:\/\/ajediam.com\/de\/wp-json\/wp\/v2\/pages"}],"about":[{"href":"https:\/\/ajediam.com\/de\/wp-json\/wp\/v2\/types\/page"}],"author":[{"embeddable":true,"href":"https:\/\/ajediam.com\/de\/wp-json\/wp\/v2\/users\/5"}],"replies":[{"embeddable":true,"href":"https:\/\/ajediam.com\/de\/wp-json\/wp\/v2\/comments?post=153499"}],"version-history":[{"count":2,"href":"https:\/\/ajediam.com\/de\/wp-json\/wp\/v2\/pages\/153499\/revisions"}],"predecessor-version":[{"id":153501,"href":"https:\/\/ajediam.com\/de\/wp-json\/wp\/v2\/pages\/153499\/revisions\/153501"}],"wp:attachment":[{"href":"https:\/\/ajediam.com\/de\/wp-json\/wp\/v2\/media?parent=153499"}],"curies":[{"name":"wp","href":"https:\/\/api.w.org\/{rel}","templated":true}]}}