{"id":153502,"date":"2022-07-07T09:22:03","date_gmt":"2022-07-07T09:22:03","guid":{"rendered":"https:\/\/ajediam.com\/datenschutz-bei-ajediam\/"},"modified":"2026-02-19T20:06:21","modified_gmt":"2026-02-19T20:06:21","slug":"datenschutz-bei-ajediam","status":"publish","type":"page","link":"https:\/\/ajediam.com\/de\/datenschutz-bei-ajediam\/","title":{"rendered":"Datenschutz bei Ajediam"},"content":{"rendered":"\n<p>Wir bei Ajediam.com verpflichten uns, Ihre pers\u00f6nlichen Daten in \u00dcbereinstimmung mit den neuesten gesetzlichen Verpflichtungen wie der Allgemeinen Datenschutzverordnung sicher aufzubewahren und zu sch\u00fctzen.<\/p>\n\n<p>Wenn Sie nur auf unserer Website surfen m\u00f6chten, ohne unseren Newsletter zu abonnieren und ohne uns Anfragen zu senden, k\u00f6nnen Sie festlegen, dass keine Informationen \u00fcber unsere Cookies weitergegeben werden, indem Sie die Einstellungen Ihres Webbrowsers anpassen.<\/p>\n\n<p>Um Ihnen den bestm\u00f6glichen Service bieten zu k\u00f6nnen, erfassen wir bestimmte Arten von personenbezogenen Daten, wie z.B. Ihren Standort, Ihre Online-Aktivit\u00e4ten auf unserer Website sowie Ihren Namen und Ihre Kontaktdaten, wenn Sie uns diese in unseren Mitteilungen oder Anmelde- und Anfrageformularen mitgeteilt haben.<\/p>\n\n<p>Das Gesetz verlangt von uns, die Rechtsgrundlage f\u00fcr die Verarbeitung Ihrer pers\u00f6nlichen Daten mitzuteilen. Die beiden Haupts\u00e4ulen sind die Einwilligung und die Notwendigkeit, unsere berechtigten Interessen zu erf\u00fcllen, wie z.B. die Bearbeitung von Bestellungen und die Verwaltung von R\u00fccksendungen oder Erstattungen.<\/p>\n\n<p>Wir bewahren Ihre pers\u00f6nlichen Daten nicht l\u00e4nger als n\u00f6tig auf, wobei f\u00fcr verschiedene Arten von Daten unterschiedliche Aufbewahrungsfristen gelten. Wir sind uns der Bedeutung von Speicherbegrenzungen bewusst und verpflichten uns, unsere Informationen regelm\u00e4\u00dfig zu \u00fcberpr\u00fcfen und pers\u00f6nliche Daten zu l\u00f6schen oder zu anonymisieren, wenn wir sie nicht mehr ben\u00f6tigen.<\/p>\n\n<p>Sie haben jederzeit das Recht, auf Ihre pers\u00f6nlichen Daten zuzugreifen, sie zu berichtigen oder uns einen Antrag auf L\u00f6schung der \u00fcber Sie gespeicherten Daten zu senden, wenn Sie Ihre Zustimmung zur\u00fcckgezogen haben. Auf Ihre Anfrage hin werden wir alle pers\u00f6nlichen Daten l\u00f6schen, die wir aus irgendeinem Grund nicht mehr ben\u00f6tigen.<\/p>\n\n<p>Wenn Sie eines Ihrer Rechte aus\u00fcben m\u00f6chten, kontaktieren Sie uns bitte \u00fcber care@ajediam.com und wir werden uns innerhalb von drei\u00dfig (30) Tagen nach Ihrer Anfrage bei Ihnen melden.<\/p>\n\n<p>Sie k\u00f6nnen sich jederzeit von allen Diensten, f\u00fcr die Sie sich angemeldet haben, \u00fcber unsere benutzerfreundlichen Abmeldeschaltfl\u00e4chen abmelden.  <\/p>\n\n<p>Unsere Website verwendet Cookies. Cookies sind kleine Datenelemente, die eine Website zu Aufzeichnungszwecken an Ihren Computer senden kann. Die meisten Internetnutzer akzeptieren Cookies automatisch. F\u00fcr weitere Informationen kontaktieren Sie uns bitte \u00fcber care@ajediam.com.<\/p>\n","protected":false},"excerpt":{"rendered":"<p>Wir bei Ajediam.com verpflichten uns, Ihre pers\u00f6nlichen Daten in \u00dcbereinstimmung mit den neuesten gesetzlichen Verpflichtungen wie der Allgemeinen Datenschutzverordnung sicher aufzubewahren und zu sch\u00fctzen. Wenn Sie nur auf unserer Website surfen m\u00f6chten, ohne unseren Newsletter zu abonnieren und ohne uns Anfragen zu senden, k\u00f6nnen Sie festlegen, dass keine Informationen \u00fcber unsere Cookies weitergegeben werden, indem [&hellip;]<\/p>\n","protected":false},"author":5,"featured_media":0,"parent":0,"menu_order":0,"comment_status":"closed","ping_status":"closed","template":"legal-page.php","meta":{"ub_ctt_via":"","footnotes":""},"acf":[],"featured_image_src":null,"_links":{"self":[{"href":"https:\/\/ajediam.com\/de\/wp-json\/wp\/v2\/pages\/153502"}],"collection":[{"href":"https:\/\/ajediam.com\/de\/wp-json\/wp\/v2\/pages"}],"about":[{"href":"https:\/\/ajediam.com\/de\/wp-json\/wp\/v2\/types\/page"}],"author":[{"embeddable":true,"href":"https:\/\/ajediam.com\/de\/wp-json\/wp\/v2\/users\/5"}],"replies":[{"embeddable":true,"href":"https:\/\/ajediam.com\/de\/wp-json\/wp\/v2\/comments?post=153502"}],"version-history":[{"count":2,"href":"https:\/\/ajediam.com\/de\/wp-json\/wp\/v2\/pages\/153502\/revisions"}],"predecessor-version":[{"id":153504,"href":"https:\/\/ajediam.com\/de\/wp-json\/wp\/v2\/pages\/153502\/revisions\/153504"}],"wp:attachment":[{"href":"https:\/\/ajediam.com\/de\/wp-json\/wp\/v2\/media?parent=153502"}],"curies":[{"name":"wp","href":"https:\/\/api.w.org\/{rel}","templated":true}]}}