{"id":153505,"date":"2023-12-27T19:33:48","date_gmt":"2023-12-27T19:33:48","guid":{"rendered":"https:\/\/ajediam.com\/cookie-richtlinie\/"},"modified":"2026-02-24T12:14:04","modified_gmt":"2026-02-24T12:14:04","slug":"cookie-richtlinie","status":"publish","type":"page","link":"https:\/\/ajediam.com\/de\/cookie-richtlinie\/","title":{"rendered":"Cookie-Richtlinie"},"content":{"rendered":"\n<p>Diese Cookie-Richtlinie erkl\u00e4rt, was Cookies sind und wie wir sie verwenden. Sie sollten diese Richtlinie lesen, damit Sie verstehen, welche Art von Cookies Wir verwenden oder welche Informationen Wir mithilfe von Cookies sammeln und wie diese Informationen verwendet werden. <\/p>\n\n<p>Cookies enthalten in der Regel keine Informationen, die einen Benutzer pers\u00f6nlich identifizieren. Pers\u00f6nliche Daten, die wir \u00fcber Sie speichern, k\u00f6nnen jedoch mit den in Cookies gespeicherten und von ihnen erhaltenen Informationen verkn\u00fcpft werden. Weitere Informationen dar\u00fcber, wie wir Ihre pers\u00f6nlichen Daten verwenden, speichern und sicher aufbewahren, finden Sie in unserer Datenschutzrichtlinie. <\/p>\n\n<p>Wir speichern keine sensiblen pers\u00f6nlichen Daten wie Postadressen, Kontopassw\u00f6rter usw. in den von uns verwendeten Cookies.<\/p>\n\n<h2 class=\"wp-block-heading\">Auslegung und Definitionen<\/h2>\n\n<h3 class=\"wp-block-heading\">Interpretation<\/h3>\n\n<p>Die W\u00f6rter, deren Anfangsbuchstaben gro\u00df geschrieben sind, haben die unter den folgenden Bedingungen definierten Bedeutungen. Die folgenden Definitionen haben dieselbe Bedeutung, unabh\u00e4ngig davon, ob sie im Singular oder im Plural stehen. <\/p>\n\n<h3 class=\"wp-block-heading\">Definitionen<\/h3>\n\n<p>F\u00fcr die Zwecke dieser Cookie-Richtlinie:<\/p>\n\n<ul>\n<li><p><strong>Unternehmen<\/strong> (in dieser Cookie-Richtlinie entweder als &#8222;das Unternehmen&#8220;, &#8222;wir&#8220;, &#8222;uns&#8220; oder &#8222;unser&#8220; bezeichnet) bezieht sich auf Ajediam Ltd, Hovenierstraat 19, 2018 Antwerpen, Belgien.<\/p><\/li>\n\n\n\n<li><p><strong>Cookies<\/strong> sind kleine Dateien, die von einer Website auf Ihrem Computer, Ihrem Mobilger\u00e4t oder einem anderen Ger\u00e4t abgelegt werden und unter anderem Angaben zu Ihrem Surfverhalten auf dieser Website enthalten.<\/p><\/li>\n\n\n\n<li><p><strong>Die Website<\/strong> verweist auf Ajediam, erreichbar \u00fcber <a href=\"https:\/\/ajediam.com\">https:\/\/www.ajediam.com<\/a><\/p><\/li>\n\n\n\n<li><p><strong>Sie<\/strong> sind die nat\u00fcrliche Person, die auf die Website zugreift oder sie nutzt, oder ein Unternehmen oder eine juristische Person, in deren Namen eine solche nat\u00fcrliche Person auf die Website zugreift oder sie nutzt, je nachdem.<\/p><\/li>\n<\/ul>\n\n<h2 class=\"wp-block-heading\">Die Verwendung der Cookies<\/h2>\n\n<h3 class=\"wp-block-heading\">Art der von uns verwendeten Cookies<\/h3>\n\n<p>Cookies k\u00f6nnen &#8222;dauerhafte&#8220; oder &#8222;Sitzungscookies&#8220; sein. Dauerhafte Cookies verbleiben auf Ihrem Computer oder Mobilger\u00e4t, wenn Sie offline gehen, w\u00e4hrend Sitzungscookies gel\u00f6scht werden, sobald Sie Ihren Webbrowser schlie\u00dfen. <\/p>\n\n<p>Wir verwenden sowohl Sitzungscookies als auch dauerhafte Cookies f\u00fcr die unten genannten Zwecke:<\/p>\n\n<figure class=\"wp-block-table alignleft is-style-regular\"><table><thead><tr><th class=\"has-text-align-left\" data-align=\"left\">Keks<\/th><th>Domain<\/th><th>Beschreibung<\/th><th>Dauer<\/th><th>Typ<\/th><\/tr><\/thead><tbody><tr><td class=\"has-text-align-left\" data-align=\"left\">CLID<\/td><td>www.clarity.ms<\/td><td>Microsoft Clarity setzt dieses Cookie, um Informationen dar\u00fcber zu speichern, wie Besucher mit der Website interagieren. Das Cookie hilft bei der Erstellung eines Analyseberichts. Die Datenerfassung umfasst die Anzahl der Besucher, den Ort, an dem sie die Website besuchen, und die besuchten Seiten.  <\/td><td>1 Jahr<\/td><td>Analytik<\/td><\/tr><tr><td class=\"has-text-align-left\" data-align=\"left\">_gcl_au<\/td><td>.ajediam.com<\/td><td>Google Tag Manager setzt das Cookie, um die Werbeeffizienz von Websites zu testen, die seine Dienste nutzen.<\/td><td>3 Monate<\/td><td>Analytik<\/td><\/tr><tr><td class=\"has-text-align-left\" data-align=\"left\">test_cookie<\/td><td>.doubleclick.net<\/td><td>doubleclick.net setzt dieses Cookie, um festzustellen, ob der Browser des Benutzers Cookies unterst\u00fctzt.<\/td><td>15 Minuten<\/td><td>Anzeige<\/td><\/tr><tr><td class=\"has-text-align-left\" data-align=\"left\">wp-wpml_aktuelle_Sprache<\/td><td>ajediam.com<\/td><td>Das mehrsprachige WordPress-Plugin setzt dieses Cookie, um die aktuelle Sprache\/Spracheinstellungen zu speichern.<\/td><td>Sitzung<\/td><td>Funktional<\/td><\/tr><tr><td class=\"has-text-align-left\" data-align=\"left\">_clck<\/td><td>.ajediam.com<\/td><td>Microsoft Clarity setzt dieses Cookie, um die Clarity-Benutzer-ID des Browsers und die Einstellungen exklusiv f\u00fcr diese Website zu speichern. Dadurch wird gew\u00e4hrleistet, dass Aktionen, die bei sp\u00e4teren Besuchen derselben Website durchgef\u00fchrt werden, mit derselben Benutzer-ID verkn\u00fcpft werden. <\/td><td>1 Jahr<\/td><td>Analytik<\/td><\/tr><tr><td class=\"has-text-align-left\" data-align=\"left\">_ga_*<\/td><td>.ajediam.com<\/td><td>Google Analytics setzt dieses Cookie, um Seitenaufrufe zu speichern und zu z\u00e4hlen.<\/td><td>1 Jahr 1 Monat 4 Tage<\/td><td>Analytik<\/td><\/tr><tr><td class=\"has-text-align-left\" data-align=\"left\">_ga<\/td><td>.ajediam.com<\/td><td>Google Analytics setzt dieses Cookie, um Besucher-, Sitzungs- und Kampagnendaten zu berechnen und die Nutzung der Website f\u00fcr den Analysebericht der Website zu verfolgen. Das Cookie speichert Informationen anonym und weist eine zuf\u00e4llig generierte Nummer zu, um eindeutige Besucher zu erkennen. <\/td><td>1 Jahr 1 Monat 4 Tage<\/td><td>Analytik<\/td><\/tr><tr><td class=\"has-text-align-left\" data-align=\"left\">_clsk<\/td><td>.ajediam.com<\/td><td>Microsoft Clarity setzt dieses Cookie, um die Seitenaufrufe eines Benutzers zu speichern und in einer einzigen Sitzungsaufzeichnung zusammenzufassen.<\/td><td>1 Tag<\/td><td>Analytik<\/td><\/tr><tr><td class=\"has-text-align-left\" data-align=\"left\">SM<\/td><td>.c.klarheit.ms<\/td><td>Microsoft Clarity Cookie setzt dieses Cookie f\u00fcr die Synchronisierung der MUID zwischen Microsoft-Dom\u00e4nen.<\/td><td>Sitzung<\/td><td>Analytik<\/td><\/tr><tr><td class=\"has-text-align-left\" data-align=\"left\">MUID<\/td><td>.klarheit.ms<\/td><td>Bing setzt dieses Cookie, um einzelne Webbrowser zu erkennen, die Microsoft-Seiten besuchen. Dieses Cookie wird f\u00fcr Werbung, Website-Analysen und andere Vorg\u00e4nge verwendet. <\/td><td>1 Jahr 24 Tage<\/td><td>Anzeige<\/td><\/tr><tr><td class=\"has-text-align-left\" data-align=\"left\">MUID<\/td><td>.bing.com<\/td><td>Bing setzt dieses Cookie, um einzelne Webbrowser zu erkennen, die Microsoft-Seiten besuchen. Dieses Cookie wird f\u00fcr Werbung, Website-Analysen und andere Vorg\u00e4nge verwendet. <\/td><td>1 Jahr 24 Tage<\/td><td>Anzeige<\/td><\/tr><tr><td class=\"has-text-align-left\" data-align=\"left\">MR<\/td><td>.c.bing.com<\/td><td>Dieses von Bing gesetzte Cookie wird verwendet, um Benutzerinformationen f\u00fcr Analysezwecke zu sammeln.<\/td><td>7 Tage<\/td><td>Analytik<\/td><\/tr><tr><td class=\"has-text-align-left\" data-align=\"left\">SRM_B<\/td><td>.c.bing.com<\/td><td>Wird von Microsoft Advertising als eindeutige ID f\u00fcr Besucher verwendet.<\/td><td>1 Jahr 24 Tage<\/td><td>Leistung<\/td><\/tr><tr><td class=\"has-text-align-left\" data-align=\"left\">MR<\/td><td>.c.klarheit.ms<\/td><td>Dieses von Bing gesetzte Cookie wird verwendet, um Benutzerinformationen f\u00fcr Analysezwecke zu sammeln.<\/td><td>7 Tage<\/td><td>Analytik<\/td><\/tr><tr><td class=\"has-text-align-left\" data-align=\"left\">ANONCHK<\/td><td>.c.klarheit.ms<\/td><td>Das von Bing gesetzte ANONCHK-Cookie wird verwendet, um die Sitzungs-ID eines Benutzers zu speichern und die Klicks auf Anzeigen in der Bing-Suchmaschine zu \u00fcberpr\u00fcfen. Das Cookie hilft auch bei der Berichterstattung und Personalisierung. <\/td><td>10 Minuten<\/td><td>Anzeige<\/td><\/tr><tr><td class=\"has-text-align-left\" data-align=\"left\">_GRECAPTCHA<\/td><td>www.google.com<\/td><td>Der Google Recaptcha-Dienst setzt dieses Cookie, um Bots zu identifizieren und die Website vor b\u00f6sartigen Spam-Angriffen zu sch\u00fctzen.<\/td><td>6 Monate<\/td><td>N\u00f6tig<\/td><\/tr><tr><td class=\"has-text-align-left\" data-align=\"left\">PHPSESSID<\/td><td>app.mailerlite.com<\/td><td>Dieses Cookie ist nativ f\u00fcr PHP-Anwendungen. Das Cookie speichert und identifiziert die eindeutige Sitzungs-ID eines Benutzers, um Benutzersitzungen auf der Website zu verwalten. Das Cookie ist ein Sitzungscookie und wird gel\u00f6scht, wenn alle Browserfenster geschlossen werden.  <\/td><td>Sitzung<\/td><td>N\u00f6tig<\/td><\/tr><\/tbody><\/table><\/figure>\n\n<p><\/p>\n\n<div style=\"height:20px\" aria-hidden=\"true\" class=\"wp-block-spacer\"><\/div>\n\n<h3 class=\"wp-block-heading\">Ihre Wahlm\u00f6glichkeiten in Bezug auf Cookies<\/h3>\n\n<p>Wenn Sie es vorziehen, die Verwendung von Cookies auf der Website zu vermeiden, k\u00f6nnen Sie im Pop-up-Fenster zur Cookie-Zustimmung auf die Schaltfl\u00e4che &#8222;Ablehnen&#8220; klicken. Sie k\u00f6nnen dies auch tun, indem Sie die Verwendung von Cookies in Ihrem Browser deaktivieren und dann die in Ihrem Browser gespeicherten Cookies im Zusammenhang mit dieser Website l\u00f6schen. Sie k\u00f6nnen diese Option jederzeit nutzen, um die Verwendung von Cookies zu verhindern.  <\/p>\n\n<p>Wenn Sie unsere Cookies nicht akzeptieren, kann es zu Unannehmlichkeiten bei der Nutzung der Website kommen und einige Funktionen k\u00f6nnten nicht richtig funktionieren.<\/p>\n\n<p>Wenn Sie Cookies l\u00f6schen m\u00f6chten oder Ihren Webbrowser anweisen m\u00f6chten, Cookies zu l\u00f6schen oder abzulehnen, besuchen Sie bitte die Hilfeseiten Ihres Webbrowsers.<\/p>\n\n<ul>\n<li><p>F\u00fcr den Webbrowser Chrome besuchen Sie bitte diese Seite von Google: <a href=\"https:\/\/support.google.com\/accounts\/answer\/32050\" target=\"_blank\" rel=\"external nofollow noopener\">https:\/\/support.google.com\/accounts\/answer\/32050<\/a><\/p><\/li>\n\n\n\n<li><p>F\u00fcr den Internet Explorer Webbrowser besuchen Sie bitte diese Seite von Microsoft: <a href=\"http:\/\/support.microsoft.com\/kb\/278835\" target=\"_blank\" rel=\"external nofollow noopener\">http:\/\/support.microsoft.com\/kb\/278835<\/a><\/p><\/li>\n\n\n\n<li><p>F\u00fcr den Opera Webbrowser besuchen Sie bitte diese Seite von Opera: <a href=\"https:\/\/www.opera.com\/help\/tutorials\/security\/privacy\/\" target=\"_blank\" data-type=\"URL\" data-id=\"https:\/\/www.opera.com\/help\/tutorials\/security\/privacy\/\" rel=\"noreferrer noopener nofollow\">https:\/\/www.opera.com\/help\/tutorials\/security\/privacy\/<\/a><\/p><\/li>\n\n\n\n<li><p>F\u00fcr den Safari-Webbrowser besuchen Sie bitte diese Seite von Apple: <a href=\"https:\/\/support.apple.com\/guide\/safari\/manage-cookies-and-website-data-sfri11471\/mac\" target=\"_blank\" rel=\"external nofollow noopener\">https:\/\/support.apple.com\/guide\/safari\/manage-cookies-and-website-data-sfri11471\/mac<\/a><\/p><\/li>\n\n\n\n<li><p>F\u00fcr den Firefox-Webbrowser besuchen Sie bitte diese Seite von Mozilla: <a style=\"font-size: revert;\" href=\"https:\/\/support.mozilla.org\/en-US\/kb\/delete-cookies-remove-info-websites-stored\" target=\"_blank\" rel=\"external nofollow noopener\">https:\/\/support.mozilla.org\/en-US\/kb\/delete-cookies-remove-info-websites-stored<\/a><\/p><\/li>\n\n\n\n<li><p>F\u00fcr den Edge-Webbrowser besuchen Sie bitte diese Seite von Microsoft:<br\/><a href=\"https:\/\/privacy.microsoft.com\/en-us\/windows-10-microsoft-edge-and-privacy\" target=\"_blank\" rel=\"noreferrer noopener\">https:\/\/privacy.microsoft.com\/en-us\/windows-10-microsoft-edge-and-privacy<\/a><\/p> <\/li>\n<\/ul>\n\n<p>F\u00fcr jeden anderen Webbrowser besuchen Sie bitte die offiziellen Webseiten Ihres Webbrowsers.<\/p>\n\n<h3 class=\"wp-block-heading\">Mehr Informationen \u00fcber Cookies<\/h3>\n\n<p>Sie k\u00f6nnen mehr \u00fcber Cookies erfahren: <a href=\"https:\/\/en.wikipedia.org\/wiki\/HTTP_cookie\" target=\"_blank\" data-type=\"URL\" data-id=\"https:\/\/en.wikipedia.org\/wiki\/HTTP_cookie\" rel=\"noreferrer noopener nofollow\">Was sind Cookies?<\/a>.<\/p>\n\n<h3 class=\"wp-block-heading\">Kontaktieren Sie uns<\/h3>\n\n<p>Wenn Sie Fragen zu dieser Cookie-Richtlinie haben, k\u00f6nnen Sie uns kontaktieren:<\/p>\n\n<ul>\n<li><p>Per E-Mail: <a href=\"mailto:care@ajediam.com\">care@ajediam.com<\/a><\/p><\/li>\n\n\n\n<li><p>Indem Sie diese Seite auf unserer Website besuchen: <a href=\"https:\/\/ajediam.com\/about-ajediam\/contact-us\/callback\/\">https:\/\/ajediam.com\/about-ajediam\/contact-us\/callback\/<\/a><\/p> <\/li>\n<\/ul>\n","protected":false},"excerpt":{"rendered":"<p>Diese Cookie-Richtlinie erkl\u00e4rt, was Cookies sind und wie wir sie verwenden. Sie sollten diese Richtlinie lesen, damit Sie verstehen, welche Art von Cookies Wir verwenden oder welche Informationen Wir mithilfe von Cookies sammeln und wie diese Informationen verwendet werden. Cookies enthalten in der Regel keine Informationen, die einen Benutzer pers\u00f6nlich identifizieren. Pers\u00f6nliche Daten, die wir [&hellip;]<\/p>\n","protected":false},"author":5,"featured_media":0,"parent":0,"menu_order":0,"comment_status":"closed","ping_status":"closed","template":"legal-page.php","meta":{"ub_ctt_via":"","footnotes":""},"acf":[],"featured_image_src":null,"_links":{"self":[{"href":"https:\/\/ajediam.com\/de\/wp-json\/wp\/v2\/pages\/153505"}],"collection":[{"href":"https:\/\/ajediam.com\/de\/wp-json\/wp\/v2\/pages"}],"about":[{"href":"https:\/\/ajediam.com\/de\/wp-json\/wp\/v2\/types\/page"}],"author":[{"embeddable":true,"href":"https:\/\/ajediam.com\/de\/wp-json\/wp\/v2\/users\/5"}],"replies":[{"embeddable":true,"href":"https:\/\/ajediam.com\/de\/wp-json\/wp\/v2\/comments?post=153505"}],"version-history":[{"count":2,"href":"https:\/\/ajediam.com\/de\/wp-json\/wp\/v2\/pages\/153505\/revisions"}],"predecessor-version":[{"id":153507,"href":"https:\/\/ajediam.com\/de\/wp-json\/wp\/v2\/pages\/153505\/revisions\/153507"}],"wp:attachment":[{"href":"https:\/\/ajediam.com\/de\/wp-json\/wp\/v2\/media?parent=153505"}],"curies":[{"name":"wp","href":"https:\/\/api.w.org\/{rel}","templated":true}]}}