{"id":153542,"date":"2019-04-05T06:32:42","date_gmt":"2019-04-05T06:32:42","guid":{"rendered":"https:\/\/ajediam.com\/geschichte-der-diamanten\/interessanter-aufstieg-und-niedergang-des-amsterdamer-diamantenmarktes\/"},"modified":"2026-02-23T12:22:07","modified_gmt":"2026-02-23T12:22:07","slug":"interessanter-aufstieg-und-niedergang-des-amsterdamer-diamantenmarktes","status":"publish","type":"page","link":"https:\/\/ajediam.com\/de\/geschichte-der-diamanten\/interessanter-aufstieg-und-niedergang-des-amsterdamer-diamantenmarktes\/","title":{"rendered":"Interessanter Aufstieg und Niedergang des Amsterdamer Diamantenmarktes"},"content":{"rendered":"\n<div style=\"height:100px\" aria-hidden=\"true\" class=\"wp-block-spacer\"><\/div>\n\n<p>Wenn Sie heute dar\u00fcber nachdenken, wo Sie Ihren Diamanten kaufen, denken Sie vielleicht an Antwerpen. Aber wussten Sie, dass die Diamantenhauptstadt der Welt einst Amsterdam war? \u00dcber 300 Jahre lang war die niederl\u00e4ndische Hauptstadt die Heimat ber\u00fchmter Diamantenmeister und -h\u00e4ndler. Diese Diamantenmeister waren gr\u00f6\u00dftenteils sephardische Juden, die vor der Inquisition nach Amsterdam geflohen waren. Die Niederlande waren seit dem Mittelalter einer der religi\u00f6s tolerantesten Orte in Europa. So wurde es zu einem Zufluchtsort f\u00fcr die Juden, die vor der Verfolgung flohen. Sie wiederum verhalfen dem Diamantenhandel zum Aufbl\u00fchen und machten Amsterdam zu einer reichen und m\u00e4chtigen Stadt. Die niederl\u00e4ndische Hauptstadt war \u00fcber 300 Jahre lang die &#8218;Stadt der Diamanten&#8216;, bis dieser Titel an das belgische Antwerpen \u00fcberging.         <\/p>\n\n<p>In diesem Artikel finden Sie:<\/p>\n\n<ul><li>Die Urspr\u00fcnge des Diamantenhandels in Amsterdam<\/li><li>Ber\u00fchmte Edelsteine aus der &#8218;Stadt der Diamanten&#8216;<\/li><li>Der Niedergang Amsterdams im Diamantenhandel<\/li><li>Der internationale Diamantenmarkt heute  <\/li><\/ul>\n\n<h2 class=\"wp-block-heading\">Die Urspr\u00fcnge des Diamantenhandels in Amsterdam<\/h2>\n\n<h3 class=\"wp-block-heading\">Der lange Weg nach Amsterdam<\/h3>\n\n<p>Wenn man \u00fcber die Geschichte Amsterdams als Stadt der Diamanten spricht, kann man den wesentlichen Einfluss des j\u00fcdischen Volkes nicht ignorieren. Ihre Geschichte reicht bis nach Spanien und Portugal in den 1500er Jahren zur\u00fcck, wo sie bereits als Goldschmiede und Diamantenh\u00e4ndler bekannt waren. Die Inquisition auf der iberischen Halbinsel zwang sie, zwischen Vertreibung und Konvertierung zu w\u00e4hlen. Die meisten sephardischen Juden fanden in Antwerpen und Amsterdam eine neue Heimat und brachten ihr Fachwissen und ihre Verbindungen im Edelsteinhandel mit.     <\/p>\n\n<p>Die beiden St\u00e4dte erlaubten den sephardischen j\u00fcdischen Gemeinden, ihre Religion frei auszu\u00fcben. Sie durften kein Land besitzen und nicht in die Z\u00fcnfte vieler Handwerke und Berufe eintreten. Sie durften nur die &#8218;freien Berufe&#8216; aus\u00fcben, darunter den Handel. Es ist erw\u00e4hnenswert, dass ihre Handwerkskunst und ihr Fachwissen beiden St\u00e4dten \u00fcber Jahrhunderte hinweg zu Ruhm und Reichtum verholfen haben sollen.     <\/p>\n\n<p>In den H\u00e4fen von Antwerpen liefen Schiffe aus aller Welt ein, was die Stadt zum m\u00e4chtigsten Handelszentrum in Europa machte. In den 1500er Jahren liefen etwa 40% des Welthandels \u00fcber die H\u00e4fen von Antwerpen. Au\u00dferdem war das Schleifen von Edelsteinen zu dieser Zeit in Europa sehr selten, was Antwerpen noch ber\u00fchmter machte. Dieses Goldene Zeitalter der Finanzen und des Reichtums brachte jedoch auch politische Unruhen mit sich. Der H\u00f6hepunkt der Gewalt wurde bekannt als die <a href=\"https:\/\/en.wikipedia.org\/wiki\/Sack_of_Antwerp\" target=\"_blank\" rel=\"noopener\"><em>Spanische Wut<\/em><\/a> die \u00fcberall in den Niederen Landen auftrat. In Antwerpen wurden im November 1576 etwa tausend Geb\u00e4ude in Brand gesteckt und 17.000 M\u00e4nner, Frauen und Kinder ermordet.     <\/p>\n\n<p>Dieses Ereignis war wahrscheinlich der Grund daf\u00fcr, dass die Mehrheit der Diamantenmeister nach Amsterdam zog. Diese Verlagerung von Fachkr\u00e4ften machte die Stadt schlie\u00dflich zum wichtigsten Zentrum des Diamantenhandels in Europa. Ein Drittel der j\u00fcdischen Gemeinde war in den Diamantenhandel involviert, der einen gro\u00dfen Teil der Wirtschaft der Stadt ausmachte. Das alte j\u00fcdische Viertel befindet sich auch heute noch im Herzen von Amsterdam, direkt an der Amstel. Das Viertel ist auf allen Seiten von Grachten umgeben &#8211; Nieuwe Herengracht, Oudeschans und Oosterdok.      <\/p>\n\n<h3 class=\"wp-block-heading\">Willem Vermaet &#8211; der erste dokumentierte Diamantenh\u00e4ndler in Amsterdam<\/h3>\n\n<p>Bis zum 15. November 1586 sind nicht viele Dokumente \u00fcber den Diamantenhandel in Amsterdam \u00fcberliefert. An diesem Tag wurde Willem Vermaet, ein Diamantenarbeiter, in den Heiratsregistern der Stadt mit der Berufsbezeichnung &#8218;Diamantenarbeiter&#8216; eingetragen. Vermaet war einer der Antwerpener B\u00fcrger, die 1585 vor der Spanischen Furie flohen. Er war Diamantenh\u00e4ndler und setzte sein Handwerk in Amsterdam fort. Dies war das erste Dokument, das Amsterdams Platz in der Geschichte als Zentrum des Diamantenhandels beweist.      <\/p>\n\n<h2 class=\"wp-block-heading\">Ber\u00fchmte Edelsteine aus Amsterdam &#8218;Die Stadt der Diamanten&#8216;<\/h2>\n\n<p>W\u00e4hrend Amsterdams Herrschaft als &#8218;Stadt der Diamanten&#8216; produzierte und verarbeitete die Diamantenindustrie einige der ber\u00fchmtesten Steine in der Geschichte des Diamantenhandels. Wir haben vier der schillerndsten und bezauberndsten Diamanten, die in Amsterdam gehandelt wurden, handverlesen.   <\/p>\n\n<h3 class=\"wp-block-heading\">Der Orlow-Diamant und Katharina die Gro\u00dfe (189,62 Karat)<\/h3>\n\n<p>Der Orlov, benannt nach dem Grafen Grigori Orlov, hat eine interessante Geschichte. Der Legende nach war der Stein das Auge einer Tempelstatue in Madras &#8211; einem ehemaligen indischen Staat. Ein franz\u00f6sischer Soldat stahl ihn angeblich in der Mitte des 18. Jahrhunderts. Der Diamant reiste um die Welt und fand schlie\u00dflich 1767 seinen Weg nach Amsterdam. Er wurde als &#8222;kleines Bantam-H\u00fchnerei&#8220; beschrieben.      <\/p>\n\n<p>Viele Gelehrte glauben, dass der Orlov-Diamant der ber\u00fcchtigte Gro\u00dfmogul-Diamant sein k\u00f6nnte. Sobald er in den Niederlanden war, wurde der Diamant von Graf Orlov gekauft, von dem der Stein seinen Namen hat. Der Graf kaufte ihn als Zeichen seiner Wertsch\u00e4tzung f\u00fcr die russische Kaiserin Katharina II (Katharina die Gro\u00dfe). Er hoffte, dass sie seine Liebe erwidern w\u00fcrde.     <\/p>\n\n<p>Die Kaiserin nahm das Geschenk an, nicht aber Graf Orlow. Sie lie\u00df den Diamanten in das kaiserliche Zepter einsetzen, wo er bis heute verbleibt. Derzeit ist er in der Moskauer Kreml-Waffenkammer als Teil der Diamond Fund Collection ausgestellt.  <\/p>\n\n<h3 class=\"wp-block-heading\">Der Koh-I-Noor und die britische K\u00f6nigsfamilie (105,6 Karat)<\/h3>\n\n<p>Der Koh-I-Noor ist einer der ber\u00fchmtesten Diamanten der ganzen Welt. Mit einem Gewicht von 105,6 Karat ist er einer der gr\u00f6\u00dften geschliffenen Diamanten, die es gibt. Als er 1851 auf der Weltausstellung in London zum ersten Mal ausgestellt wurde, beeindruckte er die Betrachter nicht gerade durch seinen Schliff. Prinz Albert (der Ehemann von K\u00f6nigin Victoria) kaufte ihn. Er schickte ihn dann zu Coster Diamonds in Amsterdam, um ihn zu einem ovalen Brillanten umschleifen zu lassen. K\u00f6nigin Victoria trug den Diamanten bis zu ihrem Tod.       <\/p>\n\n<p>Er wurde an ihre weiblichen Nachkommen weitergegeben. Interessanterweise ist dies auf die blutige Geschichte des Diamanten zur\u00fcckzuf\u00fchren, bevor er in den Besitz der Krone gelangte. Das britische K\u00f6nigshaus glaubte, dass er allen M\u00e4nnern, die ihn tragen, Ungl\u00fcck bringt. Deshalb wird er seit seinem Kauf nur von Frauen getragen. Der letzte Platz des Koh-I-Noor war in der Krone von K\u00f6nigin Elizabeth (der K\u00f6niginmutter), wo er bis heute geblieben ist. Er kann im Juwelenhaus im Tower of London besichtigt werden.       <\/p>\n\n<p>Der Diamant stammt h\u00f6chstwahrscheinlich aus Indien. Seit der Unabh\u00e4ngigkeit des Landes von Gro\u00dfbritannien haben die Regierungen Indiens, Pakistans, Irans und Afghanistans die R\u00fcckgabe des Koh-I-Noor gefordert. Sie glauben, dass sie die rechtm\u00e4\u00dfigen Besitzer sind. Die Krone hat alle Antr\u00e4ge mit der Begr\u00fcndung abgelehnt, dass der Diamant rechtm\u00e4\u00dfig erworben wurde. Somit ist er rechtm\u00e4\u00dfiges Eigentum des britischen K\u00f6nigshauses.      <\/p>\n\n<h3 class=\"wp-block-heading\">Der Amsterdamer Diamant<\/h3>\n\n<p>Einer der seltensten Edelsteine der Welt &#8211; der schwarze Amsterdam-Diamant mit 33,7 Karat. Er wurde in den 1970er Jahren in S\u00fcdafrika entdeckt. Seine Farbe, sein Gewicht und seine H\u00e4rte waren so selten und beeindruckend, dass er m\u00f6glicherweise der einzige Diamant seiner Art ist, der jemals in S\u00fcdafrika gefunden wurde. Das Schicksal des Steins war es, zu Diamantenstaub zu werden oder in kleinere St\u00fccke gebrochen zu werden.     <\/p>\n\n<p>Seine Eigenschaften waren jedoch so beeindruckend, dass die Amsterdamer Diamantschleiferei D. Drukker &amp; Sohn, die den Stein 1972 erwarb, beschloss, ihn zu einem Edelstein zu schleifen und zu polieren. Da die Stadt Amsterdam ihr 700-j\u00e4hriges Bestehen feierte, wurde der Stein ihr zu Ehren &#8218;The Amsterdam Diamond&#8216; genannt. Er wurde in einer Birnenform geschliffen. Im Gegensatz zu anderen schwarzen Diamanten bleibt der Amsterdamer Diamant im Licht sehr undurchsichtig, wodurch er bemerkenswert gl\u00e4nzt. Dies tr\u00e4gt noch mehr zu seiner Einzigartigkeit bei. Seit den 70er Jahren wurde der Diamant in zahlreichen Ausstellungen gezeigt.     <\/p>\n\n<h3 class=\"wp-block-heading\">Der Asscher-Schliff<\/h3>\n\n<p>Obwohl der Asscher-Schliff an sich kein Diamant ist, ist er einer der klassischsten und begehrtesten Diamantschliffe. Deshalb haben wir beschlossen, ihn in unsere ber\u00fchmten Diamanten aus Amsterdam aufzunehmen. Er wurde erstmals 1902 von Joseph Asscher aus Amsterdam patentiert. Der Schliff, der auch als quadratischer Smaragdschliff bekannt ist, wurde vor allem w\u00e4hrend der Art D\u00e9co-Periode popul\u00e4r, denn die Form war sehr ansprechend und passte zu diesem Stil. Da das Patent w\u00e4hrend des 2. Weltkriegs auslief, f\u00e4llt es den meisten Diamantschleifern schwer, den Asscher-Schliff zu schleifen. Heutzutage ist der Schliff beliebter denn je und kann \u00fcberall auf der Welt gefunden werden.      <\/p>\n\n<h2 class=\"wp-block-heading\">Der Niedergang Amsterdams im Diamantenhandel<\/h2>\n\n<p>Der Diamantenhandel florierte in Amsterdam jahrhundertelang. Das lag vor allem daran, dass die Stadt ein Zufluchtsort f\u00fcr j\u00fcdische Gemeinden war, die sich auf den Diamantenhandel spezialisiert hatten. Als jedoch der Zweite Weltkrieg die Niederlande erreichte, war Amsterdam kein sicherer Ort mehr f\u00fcr Juden.    <\/p>\n\n<h3 class=\"wp-block-heading\">Die Auswirkungen des Zweiten Weltkriegs, von Amsterdam zur\u00fcck nach Antwerpen<\/h3>\n\n<p>Nazideutschland brachte seine Politik der Rassentrennung 1940 in die Niederlande. Dies f\u00fchrte dazu, dass die Juden systematisch ihres gesamten Besitzes beraubt und schlie\u00dflich in die Todeslager deportiert wurden. Von den 140.000 niederl\u00e4ndischen Juden, die in den Niederlanden lebten, \u00fcberlebten weniger als 25% die Nazi-Besetzung. Die morbide Statistik der Holocaust-Opferzahlen zeigt, dass dies f\u00fcr eine westeurop\u00e4ische Stadt besonders hoch ist.     <\/p>\n\n<p>Das Amsterdamer Diamantenviertel erholte sich nie von diesem Verlust. Nach dem Holocaust beschlossen die j\u00fcdischen Diamantenarbeiter, die \u00fcberlebt hatten, in Antwerpen neu anzufangen. Die Hauptgr\u00fcnde daf\u00fcr waren wirtschaftlicher Natur. Die Stadt Antwerpen bot den Diamantenh\u00e4ndlern steuerliche Anreize, die f\u00fcr die H\u00e4ndler, die ihr Gesch\u00e4ft von Grund auf neu aufbauen mussten, entscheidend waren.     <\/p>\n\n<p>Die Niederlande taten wenig, um ihre j\u00fcdische Bev\u00f6lkerung vor der Deportation zu sch\u00fctzen. Unterdessen protestierte die nichtj\u00fcdische Bev\u00f6lkerung Antwerpens in gro\u00dfer Zahl und wehrte sich gegen die Ma\u00dfnahmen, die w\u00e4hrend der Besatzung gegen ihre j\u00fcdische Bev\u00f6lkerung ergriffen wurden. Obwohl die Verluste in beiden L\u00e4ndern sehr hoch waren, ist der Unterschied in der Zahl der Todesopfer von gro\u00dfer Bedeutung.  <\/p>\n\n<h3 class=\"wp-block-heading\">Das Erbe von Amsterdam<\/h3>\n\n<p>Aufgrund ihrer reichen Geschichte mit Diamanten pflegt die niederl\u00e4ndische Stadt einige Verbindungen zur Diamantenschleiftradition. Der Ruhm von Diamanten wie dem Koh-I-Noor und dem Cullinan hallt noch immer nach. Amsterdam hat jedoch seinen Status als Handelszentrum f\u00fcr Diamanten verloren und nimmt in der Branche keine bedeutende Stellung mehr ein.  <\/p>\n\n<h2 class=\"wp-block-heading\">Die internationalen Diamantenm\u00e4rkte heute<\/h2>\n\n<p>Heute ist Antwerpen die Diamantenhauptstadt der Welt. Es wird berichtet, dass auf der Quadratmeile des Diamantenviertels etwa 1.600 Diamantenh\u00e4ndler ans\u00e4ssig sind. Mit seinen vier Diamantenb\u00f6rsen kontrolliert Antwerpen 86% des weltweiten Handels mit Rohdiamanten und 50% des Handels mit geschliffenen Diamanten.    <\/p>\n\n<p>New York und Tel Aviv haben sich als sekund\u00e4re Zentren des Diamantenhandels etabliert, da viele j\u00fcdische Familien, die mit Diamanten handeln, w\u00e4hrend des Zweiten Weltkriegs au\u00dferhalb des alten Kontinents angesiedelt wurden.  <\/p>\n\n<p>K\u00fcrzlich haben auch Mumbai und Hongkong das Niveau eines internationalen Sekund\u00e4rmarktes erreicht. Dennoch ist Antwerpen aufgrund seiner unvergleichlichen Diamantenarbeiterschaft nach wie vor die erste Adresse f\u00fcr Diamantenk\u00e4ufer aus aller Welt. <\/p>\n\n<h3 class=\"wp-block-heading\">F\u00fcr Diamanten-Liebhaber  <\/h3>\n\n<p>Der Kauf eines Diamanten kann ein Abenteuer f\u00fcr sich sein, wenn Sie bereit sind, zu reisen und nach dem idealen Partner zu suchen. Wenn Sie auf der Suche nach einer authentischen Erfahrung sind, sollten Sie die moderne Diamantenhauptstadt der Welt besuchen &#8211; Antwerpen. Wir von Ajediam helfen Ihnen gerne, den perfekten Diamanten zu finden! <a href=\"http:\/\/ajediam.com\/contact-us\" target=\"_blank\" rel=\"noreferrer noopener nofollow\">Kontaktieren Sie<\/a> jetzt das Ajediam-Team.  <\/p>\n\n<p><\/p>\n","protected":false},"excerpt":{"rendered":"<p>Wenn Sie heute dar\u00fcber nachdenken, wo Sie Ihren Diamanten kaufen, denken Sie vielleicht an Antwerpen. Aber wussten Sie, dass die Diamantenhauptstadt der Welt einst Amsterdam war? \u00dcber 300 Jahre lang war die niederl\u00e4ndische Hauptstadt die Heimat ber\u00fchmter Diamantenmeister und -h\u00e4ndler. Diese Diamantenmeister waren gr\u00f6\u00dftenteils sephardische Juden, die vor der Inquisition nach Amsterdam geflohen waren. Die [&hellip;]<\/p>\n","protected":false},"author":5,"featured_media":51288,"parent":153420,"menu_order":0,"comment_status":"closed","ping_status":"closed","template":"jewel-cleaner-page.php","meta":{"ub_ctt_via":"","footnotes":""},"acf":[],"featured_image_src":"https:\/\/ajediam.com\/wp-content\/uploads\/2022\/06\/Ships-on-the-River-near-Amsterdam-dutch-school-first-half-18th-century-dorotheum-scaled.jpg","_links":{"self":[{"href":"https:\/\/ajediam.com\/de\/wp-json\/wp\/v2\/pages\/153542"}],"collection":[{"href":"https:\/\/ajediam.com\/de\/wp-json\/wp\/v2\/pages"}],"about":[{"href":"https:\/\/ajediam.com\/de\/wp-json\/wp\/v2\/types\/page"}],"author":[{"embeddable":true,"href":"https:\/\/ajediam.com\/de\/wp-json\/wp\/v2\/users\/5"}],"replies":[{"embeddable":true,"href":"https:\/\/ajediam.com\/de\/wp-json\/wp\/v2\/comments?post=153542"}],"version-history":[{"count":2,"href":"https:\/\/ajediam.com\/de\/wp-json\/wp\/v2\/pages\/153542\/revisions"}],"predecessor-version":[{"id":153544,"href":"https:\/\/ajediam.com\/de\/wp-json\/wp\/v2\/pages\/153542\/revisions\/153544"}],"up":[{"embeddable":true,"href":"https:\/\/ajediam.com\/de\/wp-json\/wp\/v2\/pages\/153420"}],"wp:featuredmedia":[{"embeddable":true,"href":"https:\/\/ajediam.com\/de\/wp-json\/wp\/v2\/media\/51288"}],"wp:attachment":[{"href":"https:\/\/ajediam.com\/de\/wp-json\/wp\/v2\/media?parent=153542"}],"curies":[{"name":"wp","href":"https:\/\/api.w.org\/{rel}","templated":true}]}}