{"id":153548,"date":"2019-03-31T08:57:51","date_gmt":"2019-03-31T08:57:51","guid":{"rendered":"https:\/\/ajediam.com\/ueber-ajediam\/das-diamantenrueckkaufprogramm-von-ajediam-eine-partnerschaft-auf-lebenszeit\/"},"modified":"2026-02-24T11:33:19","modified_gmt":"2026-02-24T11:33:19","slug":"das-diamantenrueckkaufprogramm-von-ajediam-eine-partnerschaft-auf-lebenszeit","status":"publish","type":"page","link":"https:\/\/ajediam.com\/de\/ueber-ajediam\/das-diamantenrueckkaufprogramm-von-ajediam-eine-partnerschaft-auf-lebenszeit\/","title":{"rendered":"Das Diamantenr\u00fcckkaufprogramm von Ajediam: Eine Partnerschaft auf Lebenszeit"},"content":{"rendered":"\n<p class=\"postTitle\">Wie und wo kann ich meine Diamanten verkaufen? Wie erhalte ich den besten Preis an der Diamantenb\u00f6rse? <\/p>\n\n\n\n<p>Eine Investition in Diamanten ist eine langfristige Verpflichtung. Ajediam stellt mit seinem Lifetime Diamond Buyback Program sicher, dass Sie immer Optionen haben. Ganz gleich, ob Sie verkaufen, aufwerten oder neu investieren m\u00f6chten, wir bieten Ihnen ma\u00dfgeschneiderte L\u00f6sungen, um Ihre Rendite zu maximieren. Unser Engagement f\u00fcr Transparenz und fachkundige Beratung stellt sicher, dass Sie bei jedem Schritt zufrieden sind. Wir bei Ajediam verstehen den Wert Ihrer Diamanteninvestitionen.     <\/p>\n\n\n<div class=\"ub_table-of-contents\" data-showtext=\"show\" data-hidetext=\"hide\" data-scrolltype=\"auto\" id=\"ub_table-of-contents-c28cbe8a-f5cc-4865-b985-b7ebe017e2e0\" data-initiallyhideonmobile=\"false\"\n                    data-initiallyshow=\"true\"><div class=\"ub_table-of-contents-extra-container\"><div class=\"ub_table-of-contents-container ub_table-of-contents-1-column \"><ul><li><a href=https:\/\/ajediam.com\/de\/ueber-ajediam\/das-diamantenrueckkaufprogramm-von-ajediam-eine-partnerschaft-auf-lebenszeit\/#0-hauptmerkmale-unseres-programms>Hauptmerkmale unseres Programms<\/a><\/li><li><a href=https:\/\/ajediam.com\/de\/ueber-ajediam\/das-diamantenrueckkaufprogramm-von-ajediam-eine-partnerschaft-auf-lebenszeit\/#5-kostenlose-termine-zur-pers%C3%B6nlichen-begutachtung-in-antwerpen>Kostenlose Termine zur pers\u00f6nlichen Begutachtung in Antwerpen<\/a><\/li><li><a href=https:\/\/ajediam.com\/de\/ueber-ajediam\/das-diamantenrueckkaufprogramm-von-ajediam-eine-partnerschaft-auf-lebenszeit\/#6-lebenslange-diamant-r%C3%BCckkauf-und-r%C3%BCckkaufgarantie-welche-optionen-gibt-es>Lebenslange Diamant-R\u00fcckkauf- und R\u00fcckkaufgarantie, welche Optionen gibt es?<\/a><\/li><li><a href=https:\/\/ajediam.com\/de\/ueber-ajediam\/das-diamantenrueckkaufprogramm-von-ajediam-eine-partnerschaft-auf-lebenszeit\/#10-upgrade-innerhalb-des-r%C3%BCckkaufsystems>Upgrade innerhalb des R\u00fcckkaufsystems<\/a><\/li><li><a href=https:\/\/ajediam.com\/de\/ueber-ajediam\/das-diamantenrueckkaufprogramm-von-ajediam-eine-partnerschaft-auf-lebenszeit\/#11-wann-ist-der-richtige-zeitpunkt-zum-verkaufen>Wann ist der richtige Zeitpunkt zum Verkaufen?<\/a><\/li><li><a href=https:\/\/ajediam.com\/de\/ueber-ajediam\/das-diamantenrueckkaufprogramm-von-ajediam-eine-partnerschaft-auf-lebenszeit\/#12-beste-preise-und-transparenz>Beste Preise und Transparenz<\/a><\/li><\/ul><\/div><\/div><\/div>\n\n\n<h2 class=\"wp-block-heading\" id=\"0-hauptmerkmale-unseres-programms\">Hauptmerkmale unseres Programms<\/h2>\n\n\n\n<h4 class=\"wp-block-heading\" id=\"1-expertenbewertung-mit-marktberatung\">Expertenbewertung mit Marktberatung<\/h4>\n\n\n\n<p>Profitieren Sie bei Ihrem Besuch in unserem Hauptsitz in Antwerpen von sofortigen, fachkundigen Sch\u00e4tzungen. Auf der Grundlage von Markttrends erhalten Sie eine professionelle Beratung \u00fcber den besten Zeitpunkt f\u00fcr den Verkauf. <\/p>\n\n\n\n<h4 class=\"wp-block-heading\" id=\"2-lebenslange-r%C3%BCckkauf-und-r%C3%BCcknahmegarantie\">Lebenslange R\u00fcckkauf- und R\u00fccknahmegarantie<\/h4>\n\n\n\n<p>  Verkaufen Sie Ihre bei Ajediam gekauften Diamanten zu wettbewerbsf\u00e4higen Marktpreisen zur\u00fcck. (Wir kaufen auch von anderen H\u00e4ndlern gekaufte Diamanten zur\u00fcck, vorausgesetzt, sie erf\u00fcllen unsere Ankaufskriterien) <\/p>\n\n\n\n<h4 class=\"wp-block-heading\" id=\"3-diamant-upgrades\">Diamant Upgrades<\/h4>\n\n\n\n<p>  Entscheiden Sie sich daf\u00fcr, Ihr Schmuckst\u00fcck mit gr\u00f6\u00dferen Diamanten oder solchen mit h\u00f6herer Reinheit und Farbe aufzuwerten.<\/p>\n\n\n\n<h4 class=\"wp-block-heading\" id=\"4-programm-f%C3%BCr-totale-kundenzufriedenheit\">Programm f\u00fcr totale Kundenzufriedenheit<\/h4>\n\n\n\n<p>Transparenz ist unser Motto. Wir sorgen daf\u00fcr, dass Sie den Verkaufs- und Preisbildungsprozess genau verstehen. Was gut f\u00fcr Sie ist, ist auch gut f\u00fcr uns. <\/p>\n\n\n\n<h2 class=\"wp-block-heading\" id=\"5-kostenlose-termine-zur-pers%C3%B6nlichen-begutachtung-in-antwerpen\">Kostenlose Termine zur pers\u00f6nlichen Begutachtung in Antwerpen<\/h2>\n\n\n\n<p>Wir bei Ajediam sind darauf spezialisiert, genaue und professionelle Sch\u00e4tzungen von Diamanten und Schmuck pers\u00f6nlich vorzunehmen. W\u00e4hrend wir fr\u00fcher sowohl Online- als auch pers\u00f6nliche Sch\u00e4tzungen angeboten haben, gehen wir jetzt dazu \u00fcber, ausschlie\u00dflich pers\u00f6nliche Termine zu vereinbaren, um ein H\u00f6chstma\u00df an Service und Pr\u00e4zision zu gew\u00e4hrleisten.   <\/p>\n\n\n\n<p>Bevor Sie einen Termin vereinbaren, bitten wir Sie, uns alle relevanten Informationen zu Ihrem Schmuckst\u00fcck \u00fcber das Formular auf unserer <a href=\"https:\/\/ajediam.com\/about-ajediam\/contact-us\/appraisal-diamonds-jewelry\/form\/\" target=\"_blank\" rel=\"noreferrer noopener\">Sch\u00e4tzungsseite<\/a> zukommen zu lassen. So k\u00f6nnen wir beurteilen, ob Ihr Schmuckst\u00fcck unseren Bewertungskriterien entspricht. Nach der Pr\u00fcfung vereinbaren wir einen Termin f\u00fcr Ihre pers\u00f6nliche Begutachtung in unserem Hauptsitz in Antwerpen. Unsere Experten sind in der Lage, detaillierte Bewertungen zu erstellen, auch f\u00fcr alte oder einzigartige St\u00fccke sowie f\u00fcr solche ohne Zertifikat.   <\/p>\n\n\n\n<h2 class=\"wp-block-heading\" id=\"6-lebenslange-diamant-r%C3%BCckkauf-und-r%C3%BCckkaufgarantie-welche-optionen-gibt-es\">Lebenslange Diamant-R\u00fcckkauf- und R\u00fcckkaufgarantie, welche Optionen gibt es?<\/h2>\n\n\n\n<h4 class=\"wp-block-heading\" id=\"7-option-1-sofortiger-wiederverkauf-zum-marktpreis\">Option 1: Sofortiger Wiederverkauf zum Marktpreis<\/h4>\n\n\n\n<p>Verkaufen Sie Ihren Diamantschmuck schnell und effizient. Wir k\u00f6nnen Ihnen ein konkurrenzf\u00e4higes Angebot f\u00fcr Ihre Artikel machen und so eine schnelle und reibungslose Transaktion gew\u00e4hrleisten.   <\/p>\n\n\n\n<h4 class=\"wp-block-heading\" id=\"8-option-2-auktion-oder-online-verkauf\">Option 2: Auktion oder Online-Verkauf<\/h4>\n\n\n\n<p>Wenn Sie es mit dem Verkauf nicht eilig haben, empfehlen wir Ihnen seri\u00f6se Auktionsh\u00e4user oder Online-Plattformen, auf denen Sie m\u00f6glicherweise einen h\u00f6heren Preis f\u00fcr Ihre Diamanten und Ihren Schmuck erzielen.<\/p>\n\n\n\n<h4 class=\"wp-block-heading\" id=\"9-option-3-in-house-pr%C3%A4sentation-amp-privatverkauf\">Option 3: In-House-Pr\u00e4sentation &amp; Privatverkauf<\/h4>\n\n\n\n<p>F\u00fcr besondere St\u00fccke k\u00f6nnen wir in Erw\u00e4gung ziehen, Ihre Artikel in unserem Ausstellungsraum und auf unseren Websites zu pr\u00e4sentieren. Dabei handelt es sich um ein Programm mit Gewinnbeteiligung, bei dem wir nur eine Provision f\u00fcr den Verkauf nehmen, aber keinen bestimmten Zeitrahmen f\u00fcr die Transaktion garantieren k\u00f6nnen. Diese Option ist ideal f\u00fcr diejenigen, die ein Maximum an Wert und Aufmerksamkeit f\u00fcr ihre St\u00fccke suchen.  <\/p>\n\n\n\n<h2 class=\"wp-block-heading\" id=\"10-upgrade-innerhalb-des-r%C3%BCckkaufsystems\">Upgrade innerhalb des R\u00fcckkaufsystems<\/h2>\n\n\n\n<p>Unser R\u00fcckkaufprogramm erm\u00f6glicht es Ihnen auch, Ihr vorhandenes Schmuckst\u00fcck aufzuwerten und in etwas noch Au\u00dfergew\u00f6hnlicheres zu verwandeln, das ganz auf Ihre W\u00fcnsche zugeschnitten ist.<\/p>\n\n\n\n<p>Wenn Sie Ihr Schmuckst\u00fcck verkaufen m\u00f6chten, um sich einen <strong>gr\u00f6\u00dferen Diamanten<\/strong> oder einen mit <strong>h\u00f6herer Reinheit und Farbe<\/strong> leisten zu k\u00f6nnen. Wir k\u00f6nnen Ihnen nicht nur mit dem Diamanten helfen, sondern auch mit der Umwandlung des Schmuckst\u00fccks in unseren Antwerpener Schmuckateliers. <br><br><\/p>\n\n\n\n<h2 class=\"wp-block-heading\" id=\"11-wann-ist-der-richtige-zeitpunkt-zum-verkaufen\">Wann ist der richtige Zeitpunkt zum Verkaufen?<\/h2>\n\n\n\n<p>Diamanten sind im Allgemeinen eine vertrauensw\u00fcrdige Alternative zu traditionellen Investitionen wie privaten Immobilien oder Kunst und werden oft zu gesch\u00e4tzten Familienerbst\u00fccken. In Schmuck gefasst, bringen sie Freude und sentimentalen Wert mit sich, w\u00e4hrend ihre Fassungen aktualisiert werden k\u00f6nnen, um dem sich \u00e4ndernden Geschmack zu entsprechen, was sie zu einem zeitlosen Wert macht. <\/p>\n\n\n\n<p>Wenn Sie unsere <a href=\"https:\/\/ajediam.com\/de\/diamantenpreise\/historische-diamantenpreise\/\" data-type=\"link\" data-id=\"https:\/\/ajediam.com\/diamond-prices\/historical-diamond-prices\/\">historischen <\/a><a href=\"https:\/\/ajediam.com\/de\/diamantenpreise\/historische-diamantenpreise\/\" data-type=\"link\" data-id=\"https:\/\/ajediam.com\/diamond-prices\/historical-diamond-prices\/\" target=\"_blank\" rel=\"noreferrer noopener\">Preisdiagramme<\/a> studieren, werden Sie feststellen, dass die Diamantenpreise je nach den globalen wirtschaftlichen Bedingungen, der Marktnachfrage und anderen Faktoren schwanken. Wir bei Ajediam sind bestrebt, Sie fachkundig zu beraten, um den besten Zeitpunkt f\u00fcr den Verkauf zu bestimmen. Wie in jeder anderen Branche auch, gibt es <strong>gute Zeiten zum Verkaufen<\/strong>: Wenn die Marktpreise hoch sind. Es gibt auch <strong>schlechte Zeiten f\u00fcr den Verkauf<\/strong>: Wenn die Marktpreise niedrig sind.   <\/p>\n\n\n\n<p>Unser Team beobachtet kontinuierlich die Markttrends und hilft Ihnen dabei, fundierte Entscheidungen \u00fcber den Zeitpunkt Ihres Verkaufs zu treffen.<\/p>\n\n\n\n<h2 class=\"wp-block-heading\" id=\"12-beste-preise-und-transparenz\">Beste Preise und Transparenz<\/h2>\n\n\n\n<p>Wir tun unser Bestes, um die h\u00f6chstm\u00f6glichen Preise anzubieten, die von den aktuellen Marktbedingungen diktiert werden. Wir ermutigen unsere Kunden jedoch, fundierte Entscheidungen zu treffen: <\/p>\n\n\n\n<p><strong>Holen Sie mehrere Angebote ein<\/strong>: Fragen Sie bei verschiedenen H\u00e4ndlern nach, um sicherzustellen, dass Sie das beste Angebot erhalten.<\/p>\n\n\n\n<p><strong>Bereiten Sie sich auf Ihre Sch\u00e4tzung vor<\/strong>: Vereinbaren Sie einen Termin auf unserer <a href=\"https:\/\/ajediam.com\/about-ajediam\/contact-us\/appraisal-diamonds-jewelry\/form\/\" target=\"_blank\" rel=\"noreferrer noopener\">Sch\u00e4tzungsseite<\/a> und bringen Sie alle Unterlagen wie Zertifikate, Bilder und Beschreibungen Ihres Schmuckst\u00fccks mit.<\/p>\n","protected":false},"excerpt":{"rendered":"<p>Wie und wo kann ich meine Diamanten verkaufen? Wie erhalte ich den besten Preis an der Diamantenb\u00f6rse? Eine Investition in Diamanten ist eine langfristige Verpflichtung. Ajediam stellt mit seinem Lifetime Diamond Buyback Program sicher, dass Sie immer Optionen haben. Ganz gleich, ob Sie verkaufen, aufwerten oder neu investieren m\u00f6chten, wir bieten Ihnen ma\u00dfgeschneiderte L\u00f6sungen, um [&hellip;]<\/p>\n","protected":false},"author":5,"featured_media":57133,"parent":15547,"menu_order":1,"comment_status":"closed","ping_status":"closed","template":"jewel-cleaner-page.php","meta":{"ub_ctt_via":"","footnotes":""},"acf":[],"featured_image_src":"https:\/\/ajediam.com\/wp-content\/uploads\/2024\/12\/Screenshot-2024-12-03-at-12.52.45.png","_links":{"self":[{"href":"https:\/\/ajediam.com\/de\/wp-json\/wp\/v2\/pages\/153548"}],"collection":[{"href":"https:\/\/ajediam.com\/de\/wp-json\/wp\/v2\/pages"}],"about":[{"href":"https:\/\/ajediam.com\/de\/wp-json\/wp\/v2\/types\/page"}],"author":[{"embeddable":true,"href":"https:\/\/ajediam.com\/de\/wp-json\/wp\/v2\/users\/5"}],"replies":[{"embeddable":true,"href":"https:\/\/ajediam.com\/de\/wp-json\/wp\/v2\/comments?post=153548"}],"version-history":[{"count":4,"href":"https:\/\/ajediam.com\/de\/wp-json\/wp\/v2\/pages\/153548\/revisions"}],"predecessor-version":[{"id":153713,"href":"https:\/\/ajediam.com\/de\/wp-json\/wp\/v2\/pages\/153548\/revisions\/153713"}],"up":[{"embeddable":true,"href":"https:\/\/ajediam.com\/de\/wp-json\/wp\/v2\/pages\/15547"}],"wp:featuredmedia":[{"embeddable":true,"href":"https:\/\/ajediam.com\/de\/wp-json\/wp\/v2\/media\/57133"}],"wp:attachment":[{"href":"https:\/\/ajediam.com\/de\/wp-json\/wp\/v2\/media?parent=153548"}],"curies":[{"name":"wp","href":"https:\/\/api.w.org\/{rel}","templated":true}]}}