{"id":153551,"date":"2022-06-27T12:48:23","date_gmt":"2022-06-27T12:48:23","guid":{"rendered":"https:\/\/ajediam.com\/ueber-ajediam\/das-diamantenrueckkaufprogramm-von-ajediam-eine-partnerschaft-auf-lebenszeit\/zahlungs-und-lieferbedingungen-bei-ajediam\/"},"modified":"2026-02-24T12:15:04","modified_gmt":"2026-02-24T12:15:04","slug":"zahlungs-und-lieferbedingungen-bei-ajediam","status":"publish","type":"page","link":"https:\/\/ajediam.com\/de\/ueber-ajediam\/das-diamantenrueckkaufprogramm-von-ajediam-eine-partnerschaft-auf-lebenszeit\/zahlungs-und-lieferbedingungen-bei-ajediam\/","title":{"rendered":"Zahlungs- und Lieferbedingungen bei Ajediam"},"content":{"rendered":"\n<h2 class=\"wp-block-heading\">Akzeptierte Zahlungsarten<\/h2>\n\n<p>Wir bei Ajediam m\u00f6chten Ihren Einkauf so einfach wie m\u00f6glich gestalten. Deshalb akzeptieren wir eine Reihe verschiedener Zahlungsarten. Bitte lesen Sie die Informationen zu den von Ihnen bevorzugten Zahlungsarten, um einen reibungslosen Einkauf zu erm\u00f6glichen. F\u00fcr weitere Informationen steht Ihnen unser Kundenbetreuungsteam gerne zur Verf\u00fcgung: +32 (0) 3 808 72 02 oder <a href=\"mailto:care@ajediam.com\">care@ajediam.com<\/a>.     <\/p>\n\n<p><strong>Kartenzahlungen<\/strong><\/p>\n\n<p>Wir akzeptieren Zahlungen mit Mastercard, JCB, CUP, American Express, Visa, Bancontact, Maestro, V PAY, und Visa Electron.  <\/p>\n\n<p><strong>Bank\u00fcberweisung<\/strong><\/p>\n\n<p>Die sicherste und schnellste Zahlungsmethode, wenn es um gr\u00f6\u00dfere Geldbetr\u00e4ge geht, bleibt die Bank\u00fcberweisung. Die f\u00fcr Zahlungen erforderlichen Bankdaten von Ajediam werden immer in den Proforma-Rechnungen und Rechnungen angegeben.   <\/p>\n\n<p><strong>Zahlungssicherheit f\u00fcr Ferntransaktionen<\/strong><\/p>\n\n<p>Um Betrug zu vermeiden und die Sicherheit unserer Kunden zu gew\u00e4hrleisten, werden Kreditkarten- und \u00dcberweisungsauftr\u00e4ge in der Regel nur akzeptiert, wenn der Name des Kreditkarteninhabers oder des Kontoinhabers mit dem Namen der Person \u00fcbereinstimmt, die das Paket pers\u00f6nlich in Empfang nehmen wird (Identifikation erforderlich).  <\/p>\n\n<h2 class=\"wp-block-heading\">MwSt.-Erstattungen f\u00fcr nicht in der Europ\u00e4ischen Union ans\u00e4ssige Personen<\/h2>\n\n<p>Alle unsere Preise enthalten die belgische Mehrwertsteuer von 21%. Wenn Sie Ihren Wohnsitz au\u00dferhalb der Europ\u00e4ischen Union haben, k\u00f6nnen Sie den Mehrwertsteuerabzug in Anspruch nehmen.   <\/p>\n\n<p><strong>Erhalten Sie eine 100%ige R\u00fcckerstattung der Mehrwertsteuer f\u00fcr Ihren Kauf von Diamantschmuck<\/strong><\/p>\n\n<p>Wenn Nicht-EU-B\u00fcrger pers\u00f6nlich bei Ajediam einkaufen und in ihr Land (Nicht-EU) zur\u00fcckfliegen, k\u00f6nnen sie ihre Ajediam-Rechnung zusammen mit ihrem Reisepass, ihrer Bordkarte und dem Schmuckst\u00fcck mit den betreffenden Zertifikaten zum Zoll des europ\u00e4ischen Flughafens bringen, von dem aus sie die EU verlassen werden. Der Zoll stempelt die Rechnung ab und der Kunde kann die abgestempelte Rechnung per Post an unser B\u00fcro zur\u00fcckschicken.   <\/p>\n\n<p>Wenn wir die vom Zoll abgestempelte Rechnung vom Kunden erhalten, k\u00f6nnen wir die notwendigen Verfahren durchf\u00fchren und die Mehrwertsteuer an unsere Kunden zur\u00fcckerstatten. Solche Antr\u00e4ge auf R\u00fcckerstattung der Mehrwertsteuer k\u00f6nnen sp\u00e4testens bis zum Ende des dritten Monats nach dem Monat gestellt werden, in dem die betreffenden Waren gekauft wurden.   <\/p>\n\n<p><strong>Erhalten Sie eine Mehrwertsteuererstattung direkt am Flughafen<\/strong><\/p>\n\n<p>Wenn Ihnen das Verfahren f\u00fcr eine vollst\u00e4ndige R\u00fcckerstattung zu langwierig ist, k\u00f6nnen Sie eine teilweise R\u00fcckerstattung der Mehrwertsteuer direkt am Flughafen in Erw\u00e4gung ziehen, zum Beispiel \u00fcber GlobalBlue. Wir haben die notwendigen Formulare in unseren B\u00fcros.   <\/p>\n\n<p><strong>MwSt.-Abzug f\u00fcr Sendungen au\u00dferhalb der EU  <\/strong><\/p>\n\n<p>Die Mehrwertsteuer kann nur bei einer Lieferung au\u00dferhalb der EU abgezogen werden, unsere Rechnungen enthalten keine Mehrwertsteuer. Die Erstattung der Mehrwertsteuer gilt nicht f\u00fcr Sendungen innerhalb der EU. Wenn unsere Kunden, die ihren Wohnsitz nicht in der EU haben, eine Lieferung w\u00fcnschen und die Lieferadresse f\u00fcr den Versand in der EU liegt, kann die Mehrwertsteuer nicht abgezogen werden.    <\/p>\n\n<h2 class=\"wp-block-heading\">Einfuhrsteuern &amp; Z\u00f6lle<\/h2>\n\n<p><strong>F\u00fcr Sendungen<\/strong><\/p>\n\n<p>Wenn Ajediam eine Bestellung f\u00fcr eine internationale Lieferung (au\u00dferhalb der EU) bearbeitet, wird die Sendung automatisch als Export registriert. Sobald die Sendung die Grenze des Ziellandes \u00fcberschreitet, wird sie folglich als Import auf den Namen des Empf\u00e4ngers registriert.   <\/p>\n\n<p>Der Empf\u00e4nger ist dann f\u00fcr die Einfuhrsteuern und -abgaben der Sendung verantwortlich. Deren H\u00f6he variiert von Land zu Land. Auch wenn wir unsere Kunden w\u00e4hrend des gesamten Prozesses begleiten, empfehlen wir Ihnen, die aktuellen Tarife f\u00fcr die Einfuhr von feinem Schmuck oder losen Diamanten bei Ihrem \u00f6rtlichen Zollamt zu erfragen.    <\/p>\n\n<p><strong>F\u00fcr Reisende<\/strong><\/p>\n\n<p>Reisende, die in Europa Waren kaufen und diese mit nach Hause bringen, werden m\u00f6glicherweise nicht automatisch vom Zoll auf ihre Einfuhren kontrolliert. Sie m\u00fcssen daher jede Einfuhr in das Land ihres Wohnsitzes deklarieren. Auch hier variieren die Tarife von Land zu Land. Wir empfehlen Ihnen, die aktuellen Tarife f\u00fcr die Einfuhr von feinem Schmuck oder losen Diamanten bei Ihrem \u00f6rtlichen Zollamt zu erfragen.     <\/p>\n\n<h2 class=\"wp-block-heading\">Stornierungen von Bestellungen<\/h2>\n\n<p>Es ist Ihr Recht, eine Bestellung zu stornieren. Wir empfehlen Ihnen, dies so schnell wie m\u00f6glich zu tun, damit Sie eine vollst\u00e4ndige R\u00fcckerstattung erhalten.   <\/p>\n\n<p>Wenn es sich bei der Bestellung um die Ma\u00dfanfertigung eines Schmuckst\u00fccks handelt und diese Produktion bereits begonnen hat, ist eine Stornierung nicht mehr m\u00f6glich.  <\/p>\n\n<p>Wenn es sich bei der Bestellung um ein versandfertiges St\u00fcck handelt, das nicht nach Ma\u00df angefertigt wurde, und dieses bereits versandt wurde, k\u00f6nnen Sie Ihre Bestellung ebenfalls nicht mehr stornieren. Sie k\u00f6nnen sie jedoch zur\u00fcckgeben. Lesen Sie unsere<a href=\"https:\/\/ajediam.com\/returns-refunds\" target=\"_blank\" rel=\"noreferrer noopener nofollow\"> R\u00fcckgabe- und Erstattungsbedingungen<\/a> f\u00fcr weitere Informationen.  <\/p>\n\n<h2 class=\"wp-block-heading\">Lieferung<\/h2>\n\n<p>Bei Ajediam bieten wir eine kostenlose weltweite Lieferung an. Alle unsere Kunden k\u00f6nnen sich f\u00fcr eine Expresslieferung entscheiden, wenn sie dies w\u00fcnschen. F\u00fcr weitere Informationen kontaktieren Sie bitte unser Kundenbetreuungsteam: +32 (0) 3 808 72 02 oder <a href=\"mailto:care@ajediam.com\">care@ajediam.com<\/a>.    <\/p>\n\n<p><strong>Versand-Partner<\/strong><\/p>\n\n<p>Wir wissen, dass die Lieferung ein entscheidender Bestandteil Ihrer Kundenreise ist. Daher beschr\u00e4nkt sich unsere Arbeit nicht darauf, sicherzustellen, dass Ihr Schmuckst\u00fcck sch\u00f6n verpackt ist. Unser Kundenbetreuungsteam begleitet die Kunden w\u00e4hrend des gesamten Lieferprozesses. Wir haben verschiedene Versandpartner. Je nach Schmuckst\u00fcck, Bestimmungsort und Wert des Schmuckst\u00fccks w\u00e4hlen wir mit Bedacht aus, damit Ihre Bestellung versichert und so schnell und sicher wie m\u00f6glich versandt wird. Wir arbeiten mit <a href=\"https:\/\/www.fedex.com\/\" target=\"_blank\" rel=\"noreferrer noopener nofollow\">Fedex<\/a>, <a href=\"https:\/\/www.ferrarigroup.net\/office-locator\/europe\/belgium\/\" target=\"_blank\" rel=\"noreferrer noopener nofollow\">Ferrari<\/a>, <a href=\"https:\/\/www.dhl.com\/\" target=\"_blank\" rel=\"noreferrer noopener nofollow\">DHL<\/a>, <a href=\"http:\/\/www.ups.com\" target=\"_blank\" rel=\"noreferrer noopener nofollow\">UPS<\/a>, <a href=\"https:\/\/www.malca-amit.com\/\" target=\"_blank\" rel=\"noreferrer noopener nofollow\">Malca Amit<\/a>, <a href=\"http:\/\/www.brinks.com\" target=\"_blank\" rel=\"noreferrer noopener nofollow\">Brinks<\/a> und manchmal sogar mit uns selbst zusammen.     <\/p>\n\n<p><strong>Versandziele<\/strong><\/p>\n\n<p><em>Wenn Ihr Land nicht in der Liste unten aufgef\u00fchrt ist, wenden Sie sich bitte an unser Kundenbetreuungsteam, um eine individuelle Versandl\u00f6sung zu finden.<\/em><\/p>\n\n<p>Argentinien &#8211; Australien &#8211; Belgien &#8211; Bulgarien &#8211; China &#8211; D\u00e4nemark &#8211; Deutschland &#8211; Estland &#8211; Finnland &#8211; Frankreich &#8211; Frankreich (Korsika) &#8211; Griechenland &#8211; Gro\u00dfbritannien &#8211; Irland &#8211; Italien &#8211; Japan &#8211; Kanada &#8211; Lettland &#8211; Litauen &#8211; Luxemburg &#8211; Malaysia &#8211; Malta &#8211; Mexiko &#8211; Neuseeland &#8211; Niederlande &#8211; Norwegen &#8211; \u00d6sterreich &#8211; Panama &#8211; Polen &#8211; Portugal &#8211; Rum\u00e4nien &#8211; Schweden &#8211; Schweiz &#8211; Singapur &#8211; Slowakei &#8211; Slowenien &#8211; Spanien &#8211; Sri Lanka &#8211; S\u00fcdkorea &#8211; Taiwan &#8211; Thailand &#8211; Ungarn &#8211; USA &#8211; Vietnam &#8211; Zypern<\/p>\n","protected":false},"excerpt":{"rendered":"<p>Akzeptierte Zahlungsarten Wir bei Ajediam m\u00f6chten Ihren Einkauf so einfach wie m\u00f6glich gestalten. Deshalb akzeptieren wir eine Reihe verschiedener Zahlungsarten. Bitte lesen Sie die Informationen zu den von Ihnen bevorzugten Zahlungsarten, um einen reibungslosen Einkauf zu erm\u00f6glichen. F\u00fcr weitere Informationen steht Ihnen unser Kundenbetreuungsteam gerne zur Verf\u00fcgung: +32 (0) 3 808 72 02 oder care@ajediam.com. [&hellip;]<\/p>\n","protected":false},"author":5,"featured_media":0,"parent":153548,"menu_order":0,"comment_status":"closed","ping_status":"closed","template":"","meta":{"ub_ctt_via":"","footnotes":""},"acf":[],"featured_image_src":null,"_links":{"self":[{"href":"https:\/\/ajediam.com\/de\/wp-json\/wp\/v2\/pages\/153551"}],"collection":[{"href":"https:\/\/ajediam.com\/de\/wp-json\/wp\/v2\/pages"}],"about":[{"href":"https:\/\/ajediam.com\/de\/wp-json\/wp\/v2\/types\/page"}],"author":[{"embeddable":true,"href":"https:\/\/ajediam.com\/de\/wp-json\/wp\/v2\/users\/5"}],"replies":[{"embeddable":true,"href":"https:\/\/ajediam.com\/de\/wp-json\/wp\/v2\/comments?post=153551"}],"version-history":[{"count":2,"href":"https:\/\/ajediam.com\/de\/wp-json\/wp\/v2\/pages\/153551\/revisions"}],"predecessor-version":[{"id":153553,"href":"https:\/\/ajediam.com\/de\/wp-json\/wp\/v2\/pages\/153551\/revisions\/153553"}],"up":[{"embeddable":true,"href":"https:\/\/ajediam.com\/de\/wp-json\/wp\/v2\/pages\/153548"}],"wp:attachment":[{"href":"https:\/\/ajediam.com\/de\/wp-json\/wp\/v2\/media?parent=153551"}],"curies":[{"name":"wp","href":"https:\/\/api.w.org\/{rel}","templated":true}]}}