{"id":153557,"date":"2022-07-06T12:18:43","date_gmt":"2022-07-06T12:18:43","guid":{"rendered":"https:\/\/ajediam.com\/ueber-ajediam\/das-diamantenrueckkaufprogramm-von-ajediam-eine-partnerschaft-auf-lebenszeit\/goldschmiedekunst-antwerpener-ateliers\/"},"modified":"2026-03-31T09:50:27","modified_gmt":"2026-03-31T09:50:27","slug":"goldschmiedekunst-antwerpener-ateliers","status":"publish","type":"page","link":"https:\/\/ajediam.com\/de\/ueber-ajediam\/das-diamantenrueckkaufprogramm-von-ajediam-eine-partnerschaft-auf-lebenszeit\/goldschmiedekunst-antwerpener-ateliers\/","title":{"rendered":"Goldschmiedekunst Antwerpener Ateliers"},"content":{"rendered":"\n<p class=\"postTitle\">Unsere Antwerpener Ateliers sind nur f\u00fcr Fachleute und Ajediam-Kunden zug\u00e4nglich.<\/p>\n\n<p>Unsere neuen Antwerpener Ateliers befinden sich in unseren B\u00fcros in der Hoveniersstraat 19, im Herzen des Antwerpener Diamantenviertels, direkt gegen\u00fcber den AWDC-Geb\u00e4uden und den HRD-Labors. Wir freuen uns \u00fcber professionelle und private Anfragen. Nachstehend finden Sie eine Liste unserer Dienstleistungen und M\u00f6glichkeiten im Bereich Schmuck. Schicken Sie uns eine E-Mail, wenn Sie Fragen dazu haben, was wir f\u00fcr Sie tun k\u00f6nnen!   <\/p>\n<div class=\"ub_table-of-contents\" data-showtext=\"show\" data-hidetext=\"hide\" data-scrolltype=\"auto\" id=\"ub_table-of-contents-160452d4-7cd5-4d1f-b451-3b9c42910846\" data-initiallyhideonmobile=\"false\"\n                    data-initiallyshow=\"true\"><div class=\"ub_table-of-contents-extra-container\"><div class=\"ub_table-of-contents-container ub_table-of-contents-1-column \"><ul><li><a href=https:\/\/ajediam.com\/de\/ueber-ajediam\/das-diamantenrueckkaufprogramm-von-ajediam-eine-partnerschaft-auf-lebenszeit\/goldschmiedekunst-antwerpener-ateliers\/#0-the-ajediam-lifetime-jewelry-care-guaranty>The Ajediam Lifetime Jewelry Care Guaranty<\/a><\/li><li><a href=https:\/\/ajediam.com\/de\/ueber-ajediam\/das-diamantenrueckkaufprogramm-von-ajediam-eine-partnerschaft-auf-lebenszeit\/goldschmiedekunst-antwerpener-ateliers\/#1-mirror-finish-clean-amp-shine>Mirror Finish Clean &amp; Shine<\/a><\/li><li><a href=https:\/\/ajediam.com\/de\/ueber-ajediam\/das-diamantenrueckkaufprogramm-von-ajediam-eine-partnerschaft-auf-lebenszeit\/goldschmiedekunst-antwerpener-ateliers\/#2-size-adjustment-services>Size adjustment services<\/a><\/li><li><a href=https:\/\/ajediam.com\/de\/ueber-ajediam\/das-diamantenrueckkaufprogramm-von-ajediam-eine-partnerschaft-auf-lebenszeit\/goldschmiedekunst-antwerpener-ateliers\/#3-personalization>Personalization<\/a><\/li><li><a href=https:\/\/ajediam.com\/de\/ueber-ajediam\/das-diamantenrueckkaufprogramm-von-ajediam-eine-partnerschaft-auf-lebenszeit\/goldschmiedekunst-antwerpener-ateliers\/#4-jewelry-repairs>Jewelry repairs<\/a><\/li><li><a href=https:\/\/ajediam.com\/de\/ueber-ajediam\/das-diamantenrueckkaufprogramm-von-ajediam-eine-partnerschaft-auf-lebenszeit\/goldschmiedekunst-antwerpener-ateliers\/#5-specialty-goldsmithing-and-repairs>Specialty goldsmithing (and repairs)<\/a><\/li><li><a href=https:\/\/ajediam.com\/de\/ueber-ajediam\/das-diamantenrueckkaufprogramm-von-ajediam-eine-partnerschaft-auf-lebenszeit\/goldschmiedekunst-antwerpener-ateliers\/#6-metals-amp-finishes>Metals &amp; Finishes<\/a><\/li><li><a href=https:\/\/ajediam.com\/de\/ueber-ajediam\/das-diamantenrueckkaufprogramm-von-ajediam-eine-partnerschaft-auf-lebenszeit\/goldschmiedekunst-antwerpener-ateliers\/#7-stone-setting>Stone Setting<\/a><\/li><li><a href=https:\/\/ajediam.com\/de\/ueber-ajediam\/das-diamantenrueckkaufprogramm-von-ajediam-eine-partnerschaft-auf-lebenszeit\/goldschmiedekunst-antwerpener-ateliers\/#8-stone-cutting>Stone Cutting<\/a><\/li><li><a href=https:\/\/ajediam.com\/de\/ueber-ajediam\/das-diamantenrueckkaufprogramm-von-ajediam-eine-partnerschaft-auf-lebenszeit\/goldschmiedekunst-antwerpener-ateliers\/#9-casting-jewelry>Casting jewelry<\/a><\/li><li><a href=https:\/\/ajediam.com\/de\/ueber-ajediam\/das-diamantenrueckkaufprogramm-von-ajediam-eine-partnerschaft-auf-lebenszeit\/goldschmiedekunst-antwerpener-ateliers\/#10-handmade-jewelry->Handmade jewelry<\/a><\/li><li><a href=https:\/\/ajediam.com\/de\/ueber-ajediam\/das-diamantenrueckkaufprogramm-von-ajediam-eine-partnerschaft-auf-lebenszeit\/goldschmiedekunst-antwerpener-ateliers\/#11-custom-designs-amp-special-orders->Custom designs &amp; special orders&nbsp;<\/a><\/li><li><a href=https:\/\/ajediam.com\/de\/ueber-ajediam\/das-diamantenrueckkaufprogramm-von-ajediam-eine-partnerschaft-auf-lebenszeit\/goldschmiedekunst-antwerpener-ateliers\/#12-appraisals>Appraisals<\/a><\/li><li><a href=https:\/\/ajediam.com\/de\/ueber-ajediam\/das-diamantenrueckkaufprogramm-von-ajediam-eine-partnerschaft-auf-lebenszeit\/goldschmiedekunst-antwerpener-ateliers\/#13-services-for-industry-professionals>Services for Industry Professionals<\/a><\/li><\/ul><\/div><\/div><\/div>\n<h2 class=\"wp-block-heading\" id=\"0-the-ajediam-lifetime-jewelry-care-guaranty\">Die Ajediam Lebenslange Schmuckpflege-Garantie<\/h2>\n\n<p>Jedes bei Ajediam gekaufte Schmuckst\u00fcck kann ein Leben lang kostenlos in unserem Antwerpener Atelier gereinigt und poliert werden.<\/p>\n\n<h2 class=\"wp-block-heading\" id=\"1-mirror-finish-clean-amp-shine\">Spiegelnde Oberfl\u00e4che Reinigen &amp; Gl\u00e4nzen<\/h2>\n\n<ul>\n<li>Schleifen \/ Polieren  <\/li>\n\n\n\n<li>Polieren \/ Gewinde polieren<\/li>\n\n\n\n<li>Manuelle Reinigung  <\/li>\n\n\n\n<li>Chemische Reinigung  <\/li>\n\n\n\n<li>Rhodium<\/li>\n<\/ul>\n\n<h2 class=\"wp-block-heading\" id=\"2-size-adjustment-services\">Dienstleistungen zur Gr\u00f6\u00dfenanpassung<\/h2>\n\n<ul>\n<li>Gr\u00f6\u00dfen\u00e4nderung<\/li>\n\n\n\n<li>Vor\u00fcbergehende Gr\u00f6\u00dfenanpassung: Schlichtperlen, Innenfedern<\/li>\n\n\n\n<li>Dehnbare Sch\u00e4fte f\u00fcr H\u00e4nde mit Arthritis<\/li>\n\n\n\n<li>Hinzuf\u00fcgen oder Entfernen von Komponenten oder Links<\/li>\n\n\n\n<li>Ausrichtung von Ohrringen und Anh\u00e4ngern anpassen  <\/li>\n<\/ul>\n\n<h2 class=\"wp-block-heading\" id=\"3-personalization\">Personalisierung<\/h2>\n\n<ul>\n<li>Individuelle Gravuren<\/li>\n\n\n\n<li>Schn\u00fcre austauschen<\/li>\n\n\n\n<li>Wechselnde Schlie\u00dfsysteme<\/li>\n\n\n\n<li>Sicherheitsverschl\u00fcsse und Ketten hinzuf\u00fcgen<\/li>\n\n\n\n<li>Ein Juwel in ein anderes verwandeln<\/li>\n\n\n\n<li>Anpassen und L\u00f6ten (z.B.: Brautsets zusammenf\u00fcgen oder Anh\u00e4nger an Kettengliedern)<\/li>\n\n\n\n<li>Zweifarbiges und dreifarbiges Gold<\/li>\n<\/ul>\n\n<h2 class=\"wp-block-heading\" id=\"4-jewelry-repairs\">Schmuck-Reparaturen<\/h2>\n\n<ul>\n<li>Gebrochene Teile l\u00f6ten<\/li>\n\n\n\n<li>Umformen &amp; Anpassen  <\/li>\n\n\n\n<li>Reparieren oder Wiederherstellen von gebrochenen Elementen (Sch\u00e4fte, Schlaufen, Glieder, Verschl\u00fcsse, Filigran)<\/li>\n\n\n\n<li>Nachbinden oder Reparieren von Zinken aller Art  <\/li>\n\n\n\n<li>Wiederaufbau oder Ersatz aller Arten von Blenden und Kan\u00e4len<\/li>\n\n\n\n<li>Restaurierung von Metalloberfl\u00e4chen (matt, sandgestrahlt, von Hand gebl\u00fcmt, etc.)  <\/li>\n\n\n\n<li>Reparatur von Schmuck mit hitzeempfindlichen und weichen Steinen<\/li>\n<\/ul>\n\n<h2 class=\"wp-block-heading\" id=\"5-specialty-goldsmithing-and-repairs\">Spezialisierte Goldschmiedearbeiten (und Reparaturen)<\/h2>\n\n<ul>\n<li>Perlen und Perlen auff\u00e4deln  <\/li>\n\n\n\n<li>Filigrane Arbeit<\/li>\n\n\n\n<li>Laserschwei\u00dfen f\u00fcr die Restaurierung von antiken und historischen Juwelen<\/li>\n\n\n\n<li>Kettenherstellung<\/li>\n<\/ul>\n\n<h2 class=\"wp-block-heading\" id=\"6-metals-amp-finishes\">Metalle &amp; Veredelungen<\/h2>\n\n<p><em>F\u00fcr private Anfragen arbeiten unsere Ateliers haupts\u00e4chlich mit 18kt, Platin und Hochpalladium.  <\/em><\/p>\n\n<ul>\n<li>Metalloberfl\u00e4chen: hochglanzpoliert, matt, sandgestrahlt, von Hand gebl\u00fcmt,  <\/li>\n\n\n\n<li>Emails: plique-a-jour<\/li>\n\n\n\n<li>Platzierungen<\/li>\n<\/ul>\n\n<h2 class=\"wp-block-heading\" id=\"7-stone-setting\">Steinfassung<\/h2>\n\n<ul>\n<li>Zinken\/Krallen: Wirbelkopf, Dekorativ, Doppelt, V-Zacken, Illusion, Korb, Spalier<\/li>\n\n\n\n<li>Kan\u00e4le: Channel, Bar, Fishtail,  <\/li>\n\n\n\n<li>L\u00fcnetten: L\u00fcnette &amp; halbe L\u00fcnette  <\/li>\n\n\n\n<li>Pav\u00e9s: U-f\u00f6rmig, V-f\u00f6rmig, geteilte Zacken, unsichtbar, Mikropav\u00e9, Wellenpav\u00e9, heller Schliff, Petite Pav\u00e9, franz\u00f6sisches Pav\u00e9<\/li>\n\n\n\n<li>Sonstiges: B\u00fcndig, Spannung, Br\u00fcckenakzente<\/li>\n<\/ul>\n\n<h2 class=\"wp-block-heading\" id=\"8-stone-cutting\">Steinschneiden<\/h2>\n\n<ul>\n<li>Lieferung und Fassung von Diamanten und Farbsteinen<\/li>\n\n\n\n<li>Steinpolieren und -ausbessern  <\/li>\n\n\n\n<li>Steine neu facettieren  <\/li>\n\n\n\n<li>Speziell geschliffene Steine  <\/li>\n\n\n\n<li>Eingelegte Steine  <\/li>\n\n\n\n<li>L\u00f6cher in Steine bohren  <\/li>\n<\/ul>\n\n<h2 class=\"wp-block-heading\" id=\"9-casting-jewelry\">Guss-Schmuck<\/h2>\n\n<ul>\n<li>Guss in<em> 18kt, Platin und Hochpalladium<\/em> <\/li>\n\n\n\n<li>Guss aus Metall des Kunden  <\/li>\n<\/ul>\n\n<h2 class=\"wp-block-heading\" id=\"10-handmade-jewelry-\">Handgefertigter Schmuck  <\/h2>\n\n<ul>\n<li>Handgefertigter Schmuck aus<em> 18kt, Platin und Palladium<\/em> <\/li>\n\n\n\n<li>Handgefertigter Schmuck aus dem Metall des Kunden<\/li>\n<\/ul>\n\n<h2 class=\"wp-block-heading\" id=\"11-custom-designs-amp-special-orders-\">Sonderanfertigungen &amp; Spezialauftr\u00e4ge  <\/h2>\n\n<ul>\n<li>Ma\u00dfgeschneiderte Designs  <\/li>\n\n\n\n<li>Personalisierung des Designs  <\/li>\n\n\n\n<li>Handgeschnitzte Wachsfiguren  <\/li>\n\n\n\n<li>K\u00fcnstlerische Renderings (3D-Design und Druck)<\/li>\n\n\n\n<li>Umgestaltung und Neuanbringung von vorhandenem Schmuck  <\/li>\n\n\n\n<li>Verbessern eines Juwels durch Hinzuf\u00fcgen passender transformierbarer Teile<\/li>\n\n\n\n<li>Ma\u00dfgeschneiderte Eheringe und Schattenringe  <\/li>\n<\/ul>\n\n<h2 class=\"wp-block-heading\" id=\"12-appraisals\">Sch\u00e4tzungen<\/h2>\n\n<ul>\n<li>Versicherungsgutachten  <\/li>\n\n\n\n<li>Sch\u00e4tzungen von Immobilien  <\/li>\n\n\n\n<li>Identifizierung von Diamanten und Edelsteinen durch einen diplomierten Gemmologen<\/li>\n\n\n\n<li>hausintern Rufen Sie uns f\u00fcr eine Probebewertung an.<\/li>\n<\/ul>\n\n<h2 class=\"wp-block-heading\" id=\"13-services-for-industry-professionals\">Dienstleistungen f\u00fcr Industriefachleute<\/h2>\n\n<p><em>Gold, Palladium, Platin, Silber, Versilberung, Messing, Vernickelung<\/em><\/p>\n\n<ul>\n<li>Schnelle und gro\u00dfe White-Label-Produktion oder Produktionsmanagement<\/li>\n<\/ul>\n","protected":false},"excerpt":{"rendered":"<p>Unsere Antwerpener Ateliers sind nur f\u00fcr Fachleute und Ajediam-Kunden zug\u00e4nglich. Unsere neuen Antwerpener Ateliers befinden sich in unseren B\u00fcros in der Hoveniersstraat 19, im Herzen des Antwerpener Diamantenviertels, direkt gegen\u00fcber den AWDC-Geb\u00e4uden und den HRD-Labors. Wir freuen uns \u00fcber professionelle und private Anfragen. Nachstehend finden Sie eine Liste unserer Dienstleistungen und M\u00f6glichkeiten im Bereich Schmuck. [&hellip;]<\/p>\n","protected":false},"author":5,"featured_media":55553,"parent":153548,"menu_order":1,"comment_status":"closed","ping_status":"closed","template":"jewel-cleaner-page.php","meta":{"ub_ctt_via":"","footnotes":""},"acf":[],"featured_image_src":"https:\/\/ajediam.com\/wp-content\/uploads\/2024\/10\/Ajediam-Goldsmithing-Antwerp-Ateliers-scaled.jpg","_links":{"self":[{"href":"https:\/\/ajediam.com\/de\/wp-json\/wp\/v2\/pages\/153557"}],"collection":[{"href":"https:\/\/ajediam.com\/de\/wp-json\/wp\/v2\/pages"}],"about":[{"href":"https:\/\/ajediam.com\/de\/wp-json\/wp\/v2\/types\/page"}],"author":[{"embeddable":true,"href":"https:\/\/ajediam.com\/de\/wp-json\/wp\/v2\/users\/5"}],"replies":[{"embeddable":true,"href":"https:\/\/ajediam.com\/de\/wp-json\/wp\/v2\/comments?post=153557"}],"version-history":[{"count":2,"href":"https:\/\/ajediam.com\/de\/wp-json\/wp\/v2\/pages\/153557\/revisions"}],"predecessor-version":[{"id":153559,"href":"https:\/\/ajediam.com\/de\/wp-json\/wp\/v2\/pages\/153557\/revisions\/153559"}],"up":[{"embeddable":true,"href":"https:\/\/ajediam.com\/de\/wp-json\/wp\/v2\/pages\/153548"}],"wp:featuredmedia":[{"embeddable":true,"href":"https:\/\/ajediam.com\/de\/wp-json\/wp\/v2\/media\/55553"}],"wp:attachment":[{"href":"https:\/\/ajediam.com\/de\/wp-json\/wp\/v2\/media?parent=153557"}],"curies":[{"name":"wp","href":"https:\/\/api.w.org\/{rel}","templated":true}]}}