{"id":153560,"date":"2019-05-01T14:40:30","date_gmt":"2019-05-01T14:40:30","guid":{"rendered":"https:\/\/ajediam.com\/ueber-ajediam\/der-ideale-partner-fur-ernsthafte-diamantenkaufer\/jan-huetten\/"},"modified":"2026-02-22T18:27:14","modified_gmt":"2026-02-22T18:27:14","slug":"jan-huts","status":"publish","type":"page","link":"https:\/\/ajediam.com\/de\/ueber-ajediam\/der-ideale-partner-fur-ernsthafte-diamantenkaufer\/jan-huts\/","title":{"rendered":"Jan Huts"},"content":{"rendered":"<p><div class='row vc_row '><div class='col-md-12 '><h2 class='section-title'>Jan Huts, Gr\u00fcnder von Ajediam<\/h2><p>in Antwerpen, Weltdiamantenhandelszentrum<\/p><div class='mb-4'><p><\/p>\n<h4>Wer war Jan Huts?<\/h4>\n<p>Jan wuchs in einer kleinen fl\u00e4mischen Familien-Schmuckfabrik in Antwerpen auf.<\/p>\n<p>Antwerpen liegt im niederl\u00e4ndischen Teil Belgiens \u2013 Europa<\/p>\n<p>Jans Leidenschaft f\u00fcr die Kreation einzigartiger, individueller Schmuckst\u00fccke f\u00fchrte ihn zur Sch\u00f6nheit in der Einfachheit.<\/p>\n<p>Das machte ihn so besonders. Mit nur wenigen Steinen schuf er die sch\u00f6nsten Schmuckst\u00fccke: Sch\u00f6nheit durch Schlichtheit.<\/p>\n<p>Er pflegte zu sagen, dass kombinierte Edelsteine \u200b\u200bkeiner Verzierung durch Platin oder Gold bed\u00fcrfen, sie m\u00fcssten lediglich zusammengehalten werden und&#8230; Kunst in der Einfachheit entsteht &#8211; einfach das Beste!<\/p><\/div><div class='row '><div class='col-md-12 col-inner'><div class='col-inwrap'><div class='vc-image text-center'><figure><a href='\/rare-gems-fabulous-jewels-about' class='d-block'><img src='https:\/\/ajediam.com\/wp-content\/uploads\/2019\/03\/Jan_3cm.jpg' alt=''><\/a><\/figure><\/div><div class='mb-4'><p><\/p>\n<p style=\"text-align: center;\"><a href=\"\/awards\">Awards<\/a><\/p>\n<p><\/p><\/div><div class='mb-4'><p><\/p>\n<p>Bei Fragen senden Sie uns bitte eine <a href=\"\/de\/ueber-ajediam\/kontakt-ajediam\/rueckruf-anfordern\/\">E-Mail<\/a> oder rufen Sie uns unter <a href=\"tel:+3238087202\">+32 3 808 72 02<\/a> an.<\/p>\n<p><\/p><\/div><\/div><\/div><\/div><\/div><\/div> <div class='row vc_row '><div class='col-md-3 '><\/div><div class='col-md-3 '><div style='height: 32px;'><\/div><a class='lab-button' href='http:\/\/ajediam.com\/engagement-rings' target='' title='url:http:\/\/ajediam.com\/engagement-rings|'>SHOP NOW<\/a><\/div><div class='col-md-3 '><div style='height: 32px;'><\/div><a class='lab-button' href='\/our-quick-inquiry-form\/' target='' title='make inquiry'>make inquiry<\/a><\/div><div class='col-md-3 '><\/div><\/div> <div class='row vc_row '><div class='col-md-2 '><\/div><div class='col-md-8 '><div style='height: 32px;'><\/div><div class='vc-image '><figure><a href='\/diamonds-from-one-to-20ct' class='d-block'><img src='https:\/\/ajediam.com\/wp-content\/uploads\/2019\/03\/Ajediam_footer_Buy_now_13_03_2015.jpg' alt=''><\/a><\/figure><\/div><\/div><div class='col-md-2 '><\/div><\/div> <\/p>\n","protected":false},"excerpt":{"rendered":"","protected":false},"author":5,"featured_media":52248,"parent":54465,"menu_order":0,"comment_status":"closed","ping_status":"closed","template":"","meta":{"ub_ctt_via":"","footnotes":""},"acf":[],"featured_image_src":"https:\/\/ajediam.com\/wp-content\/uploads\/2023\/06\/IMG_6508.png","_links":{"self":[{"href":"https:\/\/ajediam.com\/de\/wp-json\/wp\/v2\/pages\/153560"}],"collection":[{"href":"https:\/\/ajediam.com\/de\/wp-json\/wp\/v2\/pages"}],"about":[{"href":"https:\/\/ajediam.com\/de\/wp-json\/wp\/v2\/types\/page"}],"author":[{"embeddable":true,"href":"https:\/\/ajediam.com\/de\/wp-json\/wp\/v2\/users\/5"}],"replies":[{"embeddable":true,"href":"https:\/\/ajediam.com\/de\/wp-json\/wp\/v2\/comments?post=153560"}],"version-history":[{"count":3,"href":"https:\/\/ajediam.com\/de\/wp-json\/wp\/v2\/pages\/153560\/revisions"}],"predecessor-version":[{"id":153579,"href":"https:\/\/ajediam.com\/de\/wp-json\/wp\/v2\/pages\/153560\/revisions\/153579"}],"up":[{"embeddable":true,"href":"https:\/\/ajediam.com\/de\/wp-json\/wp\/v2\/pages\/54465"}],"wp:featuredmedia":[{"embeddable":true,"href":"https:\/\/ajediam.com\/de\/wp-json\/wp\/v2\/media\/52248"}],"wp:attachment":[{"href":"https:\/\/ajediam.com\/de\/wp-json\/wp\/v2\/media?parent=153560"}],"curies":[{"name":"wp","href":"https:\/\/api.w.org\/{rel}","templated":true}]}}