{"id":153563,"date":"2022-03-28T15:01:52","date_gmt":"2022-03-28T15:01:52","guid":{"rendered":"https:\/\/ajediam.com\/ueber-ajediam\/der-ideale-partner-fur-ernsthafte-diamantenkaufer\/partnerprogramm\/"},"modified":"2026-02-22T18:28:39","modified_gmt":"2026-02-22T18:28:39","slug":"partnerprogramm","status":"publish","type":"page","link":"https:\/\/ajediam.com\/de\/ueber-ajediam\/der-ideale-partner-fur-ernsthafte-diamantenkaufer\/partnerprogramm\/","title":{"rendered":"Partnerprogramm"},"content":{"rendered":"\n<div class=\"wp-block-columns is-layout-flex wp-container-core-columns-layout-1 wp-block-columns-is-layout-flex\">\n<div class=\"wp-block-column is-layout-flow wp-block-column-is-layout-flow\">\n<h2 class=\"wp-block-heading\">Nehmen Sie an unserem exklusiven Partnerprogramm teil<\/h2>\n\n\n\n<p>Wir bei Ajediam suchen Influencer aus den Bereichen Schmuck, Brautmode, Kunstsammlungen, Luxusmode, Lifestyle, Reisen, Finanzen und Wirtschaft, die an unserem exklusiven Partnerprogramm teilnehmen m\u00f6chten. Diese Gelegenheit ist nur auf Einladung verf\u00fcgbar und wartet auf Influencer, die unsere Leidenschaft f\u00fcr Luxus teilen. <\/p>\n<\/div>\n\n\n\n<div class=\"wp-block-column is-layout-flow wp-block-column-is-layout-flow\">\n<h2 class=\"wp-block-heading\">Warum eine Partnerschaft mit AJEDIAM?<\/h2>\n\n\n\n<p>Wenn Sie Affiliate-Partner werden, betreten Sie eine Welt voller M\u00f6glichkeiten. Verdienen Sie Provisionen, wenn Ihre Follower und Besucher bei AJEDIAM.com, der Heimat von exquisiten Diamanten und Luxus, einkaufen. <\/p>\n<\/div>\n<\/div>\n\n<div class=\"wp-block-columns is-layout-flex wp-container-core-columns-layout-2 wp-block-columns-is-layout-flex\">\n<div class=\"wp-block-column is-layout-flow wp-block-column-is-layout-flow\">\n<h2 class=\"wp-block-heading\">Wie Sie f\u00fcr Ajediam werben<\/h2>\n\n\n\n<p>Die Werbung f\u00fcr AJEDIAM.com ist eine kreative Reise, die auf Ihre einzigartige Plattform zugeschnitten ist. Egal, ob Sie Blogger sind, soziale Medien verwalten, Podcasts veranstalten oder eine Website besitzen, es gibt einen ma\u00dfgeschneiderten Ansatz f\u00fcr Sie. <\/p>\n<\/div>\n\n\n\n<div class=\"wp-block-column is-layout-flow wp-block-column-is-layout-flow\">\n<h2 class=\"wp-block-heading\">Vorteile einer AJEDIAM-Mitgliedschaft<\/h2>\n\n\n\n<p>Viel Spa\u00df als gesch\u00e4tzter Partner:<\/p>\n\n\n\n<ul><li>Bis zu 5% Provision: Verdienen Sie am Nettoumsatz, ohne Versand, Steuern und R\u00fccksendungen. Je mehr Sie werben, desto mehr verdienen Sie. <\/li><li>Berichte in Echtzeit: \u00dcberwachen Sie Ihren Erfolg mit Echtzeit-Tracking durch unsere Affiliate-Netzwerkpartner.<\/li><\/ul>\n<\/div>\n<\/div>\n\n<div class=\"wp-block-columns is-layout-flex wp-container-core-columns-layout-3 wp-block-columns-is-layout-flex\">\n<div class=\"wp-block-column is-layout-flow wp-block-column-is-layout-flow\">\n<h2 class=\"wp-block-heading\">Ihre Rolle als Partner<\/h2>\n\n\n\n<p>Als Partner spielen Sie eine wichtige Rolle. Machen Sie Ihr Publikum auf die sch\u00f6nen Diamanten und die exzellente Juwelierkunst von AJEDIAM aufmerksam. Inspirieren Sie sie, unser Angebot zu erkunden und diese Reise mit uns anzutreten.  <\/p>\n\n\n\n<p>Sind Sie bereit, an unserem exklusiven Partnerprogramm teilzunehmen? Kontaktieren Sie uns noch heute, um Ihr Interesse zu bekunden. Gemeinsam werden wir in der Welt der Diamanten, des Luxus und der Kreativit\u00e4t heller strahlen.  <\/p>\n<\/div>\n<\/div>\n\n<div class=\"wp-block-contact-form-7-contact-form-selector affprog-form\">\n<div class=\"wpcf7 no-js\" id=\"wpcf7-f5102-o1\" lang=\"en-US\" dir=\"ltr\">\n<div class=\"screen-reader-response\"><p role=\"status\" aria-live=\"polite\" aria-atomic=\"true\"><\/p> <ul><\/ul><\/div>\n<form action=\"\/de\/wp-json\/wp\/v2\/pages\/153563#wpcf7-f5102-o1\" method=\"post\" class=\"wpcf7-form init\" aria-label=\"Contact form\" novalidate=\"novalidate\" data-status=\"init\">\n<div style=\"display: none;\">\n<input type=\"hidden\" name=\"_wpcf7\" value=\"5102\" \/>\n<input type=\"hidden\" name=\"_wpcf7_version\" value=\"5.9.3\" \/>\n<input type=\"hidden\" name=\"_wpcf7_locale\" value=\"en_US\" \/>\n<input type=\"hidden\" name=\"_wpcf7_unit_tag\" value=\"wpcf7-f5102-o1\" \/>\n<input type=\"hidden\" name=\"_wpcf7_container_post\" value=\"0\" \/>\n<input type=\"hidden\" name=\"_wpcf7_posted_data_hash\" value=\"\" \/>\n<input type=\"hidden\" name=\"_wpcf7_recaptcha_response\" value=\"\" \/>\n<\/div>\n<div class=\"title\"><svg id=\"question-star\" xmlns=\"http:\/\/www.w3.org\/2000\/svg\" width=\"25.776\" height=\"25\" viewBox=\"0 0 25.776 25\"><path d=\"M16.269-90.4h1.671l2.267,8.95,9.368-1.671.418,1.671-8.115,5.489,4.952,9.129L25.576-65.4,17.82-72.2,10-65.4,8.751-66.828,13.822-75.3,4.216-79.358l.537-1.671h9.9Z\" transform=\"translate(-4.216 90.396)\" fill=\"#F5B710\"><\/path><\/svg>Apply Now<\/div>\n<div class=\"block-appr\">\n   <div><span class=\"wpcf7-form-control-wrap\" data-name=\"your-name\"><input size=\"40\" class=\"wpcf7-form-control wpcf7-text wpcf7-validates-as-required\" aria-required=\"true\" aria-invalid=\"false\" placeholder=\"Name\" value=\"\" type=\"text\" name=\"your-name\" \/><\/span><\/div>\n   <div><span class=\"wpcf7-form-control-wrap\" data-name=\"your-address\"><input size=\"40\" class=\"wpcf7-form-control wpcf7-text wpcf7-validates-as-required\" aria-required=\"true\" aria-invalid=\"false\" placeholder=\"Address\" value=\"\" type=\"text\" name=\"your-address\" \/><\/span><\/div>\n   <div><span class=\"wpcf7-form-control-wrap\" data-name=\"your-email\"><input size=\"40\" class=\"wpcf7-form-control wpcf7-email wpcf7-validates-as-required wpcf7-text wpcf7-validates-as-email\" aria-required=\"true\" aria-invalid=\"false\" placeholder=\"E-mail\" value=\"\" type=\"email\" name=\"your-email\" \/><\/span><\/div>\n   <div><span class=\"wpcf7-form-control-wrap\" data-name=\"country-list\"><input size=\"40\" class=\"wpcf7-form-control wpcf7-text wpcf7-validates-as-required\" id=\"country-input\" aria-required=\"true\" aria-invalid=\"false\" placeholder=\"Country\" value=\"\" type=\"text\" name=\"country-list\" \/><\/span><\/div>\n   <div><span class=\"wpcf7-form-control-wrap\" data-name=\"url-356\"><input size=\"40\" class=\"wpcf7-form-control wpcf7-text\" aria-invalid=\"false\" placeholder=\"Website Name or URL\" value=\"\" type=\"text\" name=\"url-356\" \/><\/span><\/div>\n   <div><span class=\"wpcf7-form-control-wrap\" data-name=\"textarea-131\"><textarea cols=\"40\" rows=\"10\" class=\"wpcf7-form-control wpcf7-textarea\" aria-invalid=\"false\" placeholder=\"Tell us about yourself and why you want to partner with us\" name=\"textarea-131\"><\/textarea><\/span><\/div>\n   <p class=\"text-center\">We\u2019ll ensure your site is suitable for our affiliate program and get back to you within five business days to let you know the outcome of your application.<\/p>\n   <div><div class=\"mb-2\"><button type=\"button\" class=\"wpcf7-submit\">Apply Now!<\/button><\/div>\n        <div><input class=\"wpcf7-form-control wpcf7-submit has-spinner d-none\" type=\"submit\" value=\"Send\" \/><\/div> \n   <\/div>\n<\/div>\n<div class=\"block-appr-final d-none\"><h3>We received your inquiry<\/h3><\/div><div class=\"wpcf7-response-output\" aria-hidden=\"true\"><\/div>\n<\/form>\n<\/div>\n<\/div>\n","protected":false},"excerpt":{"rendered":"<p>Nehmen Sie an unserem exklusiven Partnerprogramm teil Wir bei Ajediam suchen Influencer aus den Bereichen Schmuck, Brautmode, Kunstsammlungen, Luxusmode, Lifestyle, Reisen, Finanzen und Wirtschaft, die an unserem exklusiven Partnerprogramm teilnehmen m\u00f6chten. Diese Gelegenheit ist nur auf Einladung verf\u00fcgbar und wartet auf Influencer, die unsere Leidenschaft f\u00fcr Luxus teilen. Warum eine Partnerschaft mit AJEDIAM? Wenn Sie [&hellip;]<\/p>\n","protected":false},"author":5,"featured_media":57298,"parent":54465,"menu_order":0,"comment_status":"closed","ping_status":"closed","template":"affiliate-page.php","meta":{"ub_ctt_via":"","footnotes":""},"acf":[],"featured_image_src":"https:\/\/ajediam.com\/wp-content\/uploads\/2024\/12\/DALL\u00b7E-2024-12-08-17.36.43-A-clean-and-professional-image-for-an-affiliate-program-webpage-featuring-the-text-Affiliate-Marketing-prominently.-The-design-includes-a-glowing-di.webp","_links":{"self":[{"href":"https:\/\/ajediam.com\/de\/wp-json\/wp\/v2\/pages\/153563"}],"collection":[{"href":"https:\/\/ajediam.com\/de\/wp-json\/wp\/v2\/pages"}],"about":[{"href":"https:\/\/ajediam.com\/de\/wp-json\/wp\/v2\/types\/page"}],"author":[{"embeddable":true,"href":"https:\/\/ajediam.com\/de\/wp-json\/wp\/v2\/users\/5"}],"replies":[{"embeddable":true,"href":"https:\/\/ajediam.com\/de\/wp-json\/wp\/v2\/comments?post=153563"}],"version-history":[{"count":2,"href":"https:\/\/ajediam.com\/de\/wp-json\/wp\/v2\/pages\/153563\/revisions"}],"predecessor-version":[{"id":153565,"href":"https:\/\/ajediam.com\/de\/wp-json\/wp\/v2\/pages\/153563\/revisions\/153565"}],"up":[{"embeddable":true,"href":"https:\/\/ajediam.com\/de\/wp-json\/wp\/v2\/pages\/54465"}],"wp:featuredmedia":[{"embeddable":true,"href":"https:\/\/ajediam.com\/de\/wp-json\/wp\/v2\/media\/57298"}],"wp:attachment":[{"href":"https:\/\/ajediam.com\/de\/wp-json\/wp\/v2\/media?parent=153563"}],"curies":[{"name":"wp","href":"https:\/\/api.w.org\/{rel}","templated":true}]}}