{"id":153572,"date":"2019-04-06T07:46:52","date_gmt":"2019-04-06T07:46:52","guid":{"rendered":"https:\/\/ajediam.com\/ueber-ajediam\/kontakt-ajediam\/schaetzungen-von-diamanten-und-juwelen\/"},"modified":"2026-02-22T18:18:33","modified_gmt":"2026-02-22T18:18:33","slug":"schaetzungen-von-diamanten-und-juwelen","status":"publish","type":"page","link":"https:\/\/ajediam.com\/de\/ueber-ajediam\/kontakt-ajediam\/schaetzungen-von-diamanten-und-juwelen\/","title":{"rendered":"Sch\u00e4tzungen von Diamanten und Juwelen"},"content":{"rendered":"\n<h2 class=\"wp-block-heading\">Verkaufsoptionen<\/h2>\n\n<div class=\"wp-block-columns is-layout-flex wp-container-core-columns-layout-1 wp-block-columns-is-layout-flex\">\n<div class=\"wp-block-column is-layout-flow wp-block-column-is-layout-flow\">\n<h3 class=\"wp-block-heading\">&#8211; Option 1: Sofortiger Wiederverkauf zum Marktpreis<\/h3>\n\n\n\n<p>Verkaufen Sie Ihren Diamantschmuck schnell und effizient. Wir k\u00f6nnen Ihnen ein konkurrenzf\u00e4higes Angebot f\u00fcr Ihre Artikel machen und so eine schnelle und reibungslose Transaktion gew\u00e4hrleisten. <\/p>\n\n\n\n<h3 class=\"wp-block-heading\">&#8211; Option 2: Neu schneiden und nachpolieren<\/h3>\n\n\n\n<p>Wenn der Diamant es zul\u00e4sst, k\u00f6nnen wir Ihnen raten, den Wert Ihrer Diamanten zu maximieren, indem Sie in das Nachschleifen und Nachpolieren investieren. Dieser Prozess kann die Farbe, die Klarheit und den Schliff eines Steins verbessern und so seinen Gesamtwert trotz des Gewichtsverlusts erh\u00f6hen. <\/p>\n<\/div>\n\n\n\n<div class=\"wp-block-column is-layout-flow wp-block-column-is-layout-flow\">\n<h3 class=\"wp-block-heading\">&#8211; Option 3: Auktion oder Online-Verkauf<\/h3>\n\n\n\n<p>Wenn Sie es mit dem Verkauf nicht eilig haben, empfehlen wir Ihnen seri\u00f6se Auktionsh\u00e4user oder Online-Plattformen, auf denen Sie m\u00f6glicherweise einen h\u00f6heren Preis f\u00fcr Ihre Diamanten und Ihren Schmuck erzielen.<\/p>\n\n\n\n<h3 class=\"wp-block-heading\">&#8211; Option 4: In-House-Pr\u00e4sentation<\/h3>\n\n\n\n<p>Bei au\u00dfergew\u00f6hnlichen St\u00fccken k\u00f6nnen wir in Erw\u00e4gung ziehen, Ihre Artikel in unserem Ausstellungsraum und auf unseren Websites zu pr\u00e4sentieren. Wir nehmen eine Provision f\u00fcr den Verkauf, k\u00f6nnen aber keinen bestimmten Zeitrahmen f\u00fcr die Transaktion garantieren. Diese Option ist ideal f\u00fcr diejenigen, die ein Maximum an Wert und Aufmerksamkeit f\u00fcr ihre St\u00fccke suchen.  <\/p>\n<\/div>\n<\/div>\n\n<h2 class=\"wp-block-heading\">Kosten<\/h2>\n\n<div class=\"wp-block-columns is-layout-flex wp-container-core-columns-layout-2 wp-block-columns-is-layout-flex\">\n<div class=\"wp-block-column is-layout-flow wp-block-column-is-layout-flow\">\n<h3 class=\"wp-block-heading\">&#8211; Online- und pers\u00f6nliche Begutachtungen<\/h3>\n\n\n\n<p>Kostenlos<\/p>\n\n\n\n<h3 class=\"wp-block-heading\">&#8211; Transportkosten<\/h3>\n\n\n\n<p>Die Geb\u00fchren variieren je nach Standort des Kunden und dem Wert der Gegenst\u00e4nde. Wir arbeiten mit Ferrari oder Malca Amit zusammen, um einen sicheren und zuverl\u00e4ssigen Transport zu gew\u00e4hrleisten. Eine Transportversicherung kostet in der Regel etwa 3 % des Wertes des Artikels zus\u00e4tzlich zu den Transportkosten.  <\/p>\n\n\n\n<h3 class=\"wp-block-heading\">&#8211; Geb\u00fchren f\u00fcr den Laborbericht<\/h3>\n\n\n\n<p>(f\u00fcr Diamanten ohne oder mit unzureichender Dokumentation): Die Geb\u00fchren h\u00e4ngen von der Gr\u00f6\u00dfe des Diamanten ab und werden in der Regel von GIA, einem renommierten gemmologischen Labor, berechnet. Bitte beachten Sie, dass wir den Diamanten f\u00fcr eine ordnungsgem\u00e4\u00dfe Bewertung m\u00f6glicherweise aus dem Schmuckst\u00fcck herausnehmen m\u00fcssen, was die Kosten leicht erh\u00f6hen k\u00f6nnte. <\/p>\n<\/div>\n\n\n\n<div class=\"wp-block-column is-layout-flow wp-block-column-is-layout-flow\">\n<h3 class=\"wp-block-heading\">&#8211; Nachschneiden und polieren<\/h3>\n\n\n\n<p>Das Honorar h\u00e4ngt von der Gr\u00f6\u00dfe des Diamanten ab. Wir empfehlen au\u00dferdem den Abschluss einer Versicherung, die in der Regel etwa 3 % des Wertes des Gegenstands zus\u00e4tzlich zu den Kosten f\u00fcr das Nachschleifen und Polieren kostet. <\/p>\n\n\n\n<h3 class=\"wp-block-heading\">&#8211; Unsere Provision f\u00fcr den Verkauf<\/h3>\n\n\n\n<p>(ausgenommen Auktionshausverk\u00e4ufe): Unsere Provision beginnt bei 15% (ohne MwSt.) und sinkt mit steigendem Wert des Artikels.<\/p>\n\n\n\n<h3 class=\"wp-block-heading\">&#8211; Auktionshaus Verkauf<\/h3>\n\n\n\n<p>In diesem Fall erhebt Ajediam keine Provision. Die Geb\u00fchren des Auktionshauses variieren zwischen 10 % und 30 % ohne MwSt. Wir geben Empfehlungen f\u00fcr verschiedene Auktionsh\u00e4user mit unterschiedlichen Geb\u00fchren, damit der Kunde die f\u00fcr ihn am besten geeignete Option w\u00e4hlen kann. <\/p>\n<\/div>\n<\/div>\n\n<h2 class=\"wp-block-heading\">H\u00e4ufig gestellte Fragen<\/h2>\n\n<div class=\"wp-block-columns is-layout-flex wp-container-core-columns-layout-3 wp-block-columns-is-layout-flex\">\n<div class=\"wp-block-column is-layout-flow wp-block-column-is-layout-flow\" style=\"flex-basis:70%\">\n<h3 class=\"wp-block-heading\">1. Wie l\u00e4uft das Bewertungsverfahren f\u00fcr Diamanten und Diamantschmuck ab?<\/h3>\n\n\n\n<p>Im Rahmen unseres Sch\u00e4tzungsprozesses bewerten wir Ihre Diamanten und Ihren Diamantschmuck anhand der von Ihnen zur Verf\u00fcgung gestellten Bilder, Zertifizierungsdokumente und anderen relevanten Informationen. Anschlie\u00dfend bieten wir Ihnen einen gesch\u00e4tzten Marktwert und verschiedene Verkaufsoptionen an, um Ihnen bei der Entscheidung \u00fcber die beste Vorgehensweise f\u00fcr den Verkauf Ihrer Gegenst\u00e4nde zu helfen. <\/p>\n\n\n\n<h3 class=\"wp-block-heading\">2. Wie viel kostet der Begutachtungsservice?<\/h3>\n\n\n\n<p>Die Begutachtung selbst ist kostenlos. Wenn Sie sich jedoch f\u00fcr unseren Wiederverkaufsservice entscheiden, k\u00f6nnen je nach gew\u00e4hlter Verkaufsoption zus\u00e4tzliche Geb\u00fchren f\u00fcr den Transport, die Zertifizierung durch ein gemmologisches Labor, das Nachschleifen und Polieren, die Versicherung und die Verkaufsprovision anfallen. <\/p>\n\n\n\n<h3 class=\"wp-block-heading\">3. Wie sende ich meine Bilder und Dokumente zur Begutachtung?<\/h3>\n\n\n\n<p>Sie k\u00f6nnen Ihre Bilder, Dokumente und hochaufl\u00f6senden Videos sicher hochladen, indem Sie die daf\u00fcr vorgesehene Upload-Funktion auf unserer Bewertungsseite verwenden. Wir empfehlen Ihnen, klare, qualitativ hochwertige Bilder und relevante Dokumente zur Verf\u00fcgung zu stellen, um genaue Bewertungsergebnisse zu erzielen. <\/p>\n\n\n\n<h3 class=\"wp-block-heading\">4. Wie lange dauert es, bis ich die Ergebnisse der Bewertung erhalte?<\/h3>\n\n\n\n<p>Wir bem\u00fchen uns, die Ergebnisse unserer Bewertungen so schnell wie m\u00f6glich zu liefern. In der Regel k\u00f6nnen Sie damit rechnen, dass Sie Ihre Ergebnisse innerhalb weniger Werktage erhalten. Die Bearbeitungszeit kann jedoch je nach Komplexit\u00e4t der Bewertung und dem Umfang der Anfragen variieren.  <\/p>\n\n\n\n<h3 class=\"wp-block-heading\">5. Kann ich meine Diamanten und meinen Diamantschmuck ohne Zertifikat verkaufen?<\/h3>\n\n\n\n<p>Ja, Sie k\u00f6nnen Ihre Artikel auch ohne Zertifikat verkaufen. Ein Zertifikat von einer angesehenen Organisation wie GIA tr\u00e4gt jedoch dazu bei, den Wert und die Glaubw\u00fcrdigkeit Ihrer Diamanten und Ihres Diamantschmucks zu erh\u00f6hen. Falls Sie kein Zertifikat haben, bieten wir Ihnen eine pers\u00f6nliche Sch\u00e4tzung von Vintage-St\u00fccken, besonderen St\u00fccken oder Gegenst\u00e4nden mit fehlenden Informationen an.  <\/p>\n\n\n\n<h3 class=\"wp-block-heading\">6. Welche Verkaufsoptionen bieten Sie an?<\/h3>\n\n\n\n<p>Wir bieten vier Verkaufsoptionen an: sofortiger Wiederverkauf zu einem wettbewerbsf\u00e4higen Marktwert, Nachschneiden und Nachpolieren, Auktion oder Online-Verkauf und Pr\u00e4sentation des Artikels in unserem Ausstellungsraum und auf unserer Website f\u00fcr Privatkunden. Die Wahl der Verkaufsoption h\u00e4ngt von Ihren Pr\u00e4ferenzen und Umst\u00e4nden ab, wie z.B. der Dringlichkeit des Verkaufs, dem Wert des Artikels und seinem Verbesserungspotenzial. <\/p>\n\n\n\n<h3 class=\"wp-block-heading\">7. Sind meine Daten sicher, wenn ich Ihren Bewertungsservice in Anspruch nehme?<\/h3>\n\n\n\n<p>Wir nehmen den Datenschutz und die Datensicherheit sehr ernst. Wir setzen branchen\u00fcbliche Sicherheitsma\u00dfnahmen ein, um Ihre Informationen zu sch\u00fctzen und die sichere \u00dcbertragung Ihrer Daten w\u00e4hrend des Beurteilungsprozesses zu gew\u00e4hrleisten. Weitere Einzelheiten finden Sie in unserer Datenschutzrichtlinie.  <\/p>\n\n\n\n<h3 class=\"wp-block-heading\">8. Wie kann ich Sie kontaktieren, wenn ich weitere Fragen habe?<\/h3>\n\n\n\n<p>Sie k\u00f6nnen uns \u00fcber den Live-Chat auf Ajediam.com oder \u00fcber die Kontaktinformationen auf unserer Website kontaktieren. Wir helfen Ihnen gerne weiter und beantworten alle Ihre Fragen. <\/p>\n<\/div>\n\n\n\n<div class=\"wp-block-column is-layout-flow wp-block-column-is-layout-flow\" style=\"flex-basis:30%\"><\/div>\n<\/div>\n\n<h2 class=\"wp-block-heading\">Rechtlicher Hinweis<\/h2>\n\n<div class=\"wp-block-columns is-layout-flex wp-container-core-columns-layout-4 wp-block-columns-is-layout-flex\">\n<div class=\"wp-block-column is-layout-flow wp-block-column-is-layout-flow\" style=\"flex-basis:70%\">\n<div style=\"height:15px\" aria-hidden=\"true\" class=\"wp-block-spacer\"><\/div>\n\n\n\n<p>Bitte beachten Sie, dass die Informationen auf dieser Sch\u00e4tzungsseite und die von Ajediam angebotenen Dienstleistungen nur zu allgemeinen Informationszwecken dienen. Obwohl wir uns bem\u00fchen, die Genauigkeit unserer Bewertungen zu gew\u00e4hrleisten, k\u00f6nnen wir den genauen Marktwert, den Verkaufspreis oder den Zeitrahmen f\u00fcr den Verkauf eines Diamanten oder Diamantschmucks nicht garantieren. Der Bewertungsprozess st\u00fctzt sich auf die vom Nutzer zur Verf\u00fcgung gestellten Informationen, Bilder und Dokumente. Ajediam \u00fcbernimmt keine Verantwortung f\u00fcr eventuelle Ungenauigkeiten, Fehler oder Auslassungen in den bereitgestellten Informationen. Mit der Nutzung unserer Bewertungsdienste erkl\u00e4rt sich der Nutzer damit einverstanden, dass Ajediam und seine Mitarbeiter, Agenten und Vertreter nicht f\u00fcr Verluste, Sch\u00e4den oder Anspr\u00fcche haftbar gemacht werden k\u00f6nnen, die sich aus der Nutzung der Informationen, Bewertungsergebnisse oder Empfehlungen ergeben, die auf dieser Website oder \u00fcber unsere Dienste bereitgestellt werden. Ajediam beh\u00e4lt sich das Recht vor, jederzeit und ohne Angabe von Gr\u00fcnden den Service zu verweigern und die Bedingungen und Konditionen unserer Bewertungsdienste nach eigenem Ermessen und ohne vorherige Ank\u00fcndigung zu erg\u00e4nzen oder zu \u00e4ndern. Durch die Nutzung unserer Bewertungsdienste erkl\u00e4rt sich der Nutzer damit einverstanden, Ajediam, seine Mitarbeiter, Agenten und Vertreter von allen Anspr\u00fcchen, Haftungen, Sch\u00e4den, Verlusten oder Ausgaben, einschlie\u00dflich angemessener Anwaltsgeb\u00fchren und -kosten, die sich aus dem Zugang des Nutzers zu unseren Bewertungsdiensten oder deren Nutzung ergeben oder in irgendeiner Weise damit verbunden sind, freizustellen. Dieser Haftungsausschluss unterliegt dem belgischen Recht, und alle Streitigkeiten, die sich aus oder in Verbindung mit der Nutzung unserer Bewertungsdienste ergeben, unterliegen der ausschlie\u00dflichen Zust\u00e4ndigkeit der Gerichte in Belgien. Bitte konsultieren Sie einen professionellen Finanzberater, Gemmologen oder Gutachter, bevor Sie Entscheidungen auf der Grundlage der \u00fcber unsere Dienste bereitgestellten Informationen treffen. Durch die Nutzung unserer Bewertungsdienste best\u00e4tigen Sie, dass Sie die in diesem Haftungsausschluss aufgef\u00fchrten Bedingungen gelesen und verstanden haben und damit einverstanden sind.         <\/p>\n<\/div>\n\n\n\n<div class=\"wp-block-column is-layout-flow wp-block-column-is-layout-flow\" style=\"flex-basis:30%\"><\/div>\n<\/div>\n","protected":false},"excerpt":{"rendered":"<p>Verkaufsoptionen &#8211; Option 1: Sofortiger Wiederverkauf zum Marktpreis Verkaufen Sie Ihren Diamantschmuck schnell und effizient. Wir k\u00f6nnen Ihnen ein konkurrenzf\u00e4higes Angebot f\u00fcr Ihre Artikel machen und so eine schnelle und reibungslose Transaktion gew\u00e4hrleisten. &#8211; Option 2: Neu schneiden und nachpolieren Wenn der Diamant es zul\u00e4sst, k\u00f6nnen wir Ihnen raten, den Wert Ihrer Diamanten zu maximieren, [&hellip;]<\/p>\n","protected":false},"author":5,"featured_media":52799,"parent":54375,"menu_order":0,"comment_status":"closed","ping_status":"closed","template":"appraisals-page.php","meta":{"ub_ctt_via":"","footnotes":""},"acf":[],"featured_image_src":"https:\/\/ajediam.com\/wp-content\/uploads\/2023\/10\/ajediam-appraisals.jpg","_links":{"self":[{"href":"https:\/\/ajediam.com\/de\/wp-json\/wp\/v2\/pages\/153572"}],"collection":[{"href":"https:\/\/ajediam.com\/de\/wp-json\/wp\/v2\/pages"}],"about":[{"href":"https:\/\/ajediam.com\/de\/wp-json\/wp\/v2\/types\/page"}],"author":[{"embeddable":true,"href":"https:\/\/ajediam.com\/de\/wp-json\/wp\/v2\/users\/5"}],"replies":[{"embeddable":true,"href":"https:\/\/ajediam.com\/de\/wp-json\/wp\/v2\/comments?post=153572"}],"version-history":[{"count":2,"href":"https:\/\/ajediam.com\/de\/wp-json\/wp\/v2\/pages\/153572\/revisions"}],"predecessor-version":[{"id":153574,"href":"https:\/\/ajediam.com\/de\/wp-json\/wp\/v2\/pages\/153572\/revisions\/153574"}],"up":[{"embeddable":true,"href":"https:\/\/ajediam.com\/de\/wp-json\/wp\/v2\/pages\/54375"}],"wp:featuredmedia":[{"embeddable":true,"href":"https:\/\/ajediam.com\/de\/wp-json\/wp\/v2\/media\/52799"}],"wp:attachment":[{"href":"https:\/\/ajediam.com\/de\/wp-json\/wp\/v2\/media?parent=153572"}],"curies":[{"name":"wp","href":"https:\/\/api.w.org\/{rel}","templated":true}]}}