{"id":153575,"date":"2022-07-06T09:51:51","date_gmt":"2022-07-06T09:51:51","guid":{"rendered":"https:\/\/ajediam.com\/ueber-ajediam\/der-ideale-partner-fur-ernsthafte-diamantenkaufer\/nachhaltigkeit-bei-ajediam\/"},"modified":"2026-02-22T18:28:35","modified_gmt":"2026-02-22T18:28:35","slug":"nachhaltigkeit-bei-ajediam","status":"publish","type":"page","link":"https:\/\/ajediam.com\/de\/ueber-ajediam\/der-ideale-partner-fur-ernsthafte-diamantenkaufer\/nachhaltigkeit-bei-ajediam\/","title":{"rendered":"Nachhaltigkeit bei Ajediam"},"content":{"rendered":"\n<p>Wir bei Ajediam m\u00f6chten, dass sich unsere Kunden bei ihren K\u00e4ufen sicher f\u00fchlen. Wir sind bestrebt, jeden unserer Arbeitsabl\u00e4ufe zu verbessern, um ein Produkt und einen Service zu schaffen, auf den unser Team und unsere Kunden stolz sein k\u00f6nnen und mit dem sie zufrieden sind. Z\u00f6gern Sie nicht, uns Ihre Fragen oder Bedenken mitzuteilen.  <\/p>\n\n<p><\/p>\n\n<h2 class=\"wp-block-heading\">Ajediams Politik f\u00fcr konfliktfreie Diamanten<\/h2>\n\n<p>Ajediam hat sich verpflichtet, bei der Beschaffung unserer Naturdiamanten die internationalen Best Practices zu respektieren. Wir verkaufen keine Produkte, die aus Konfliktgebieten stammen, handeln nicht mit ihnen, unterst\u00fctzen sie nicht und lassen uns auch nicht auf sie ein. Wir arbeiten in \u00dcbereinstimmung mit dem Kimberley Process Certification Scheme (KPCS) und den Resolutionen der Vereinten Nationen. Wir verpflichten uns, nur mit legitimen Diamanten, Edelsteinen und Metallen zu arbeiten.   <\/p>\n\n<p>Der Begriff &#8222;Konfliktdiamanten&#8220; und &#8222;Blutdiamanten&#8220; tauchte in den 90er Jahren w\u00e4hrend des B\u00fcrgerkriegs in Sierra Leone auf, der 2002 endete. Er bezieht sich auf Diamanten, die in einem Kriegsgebiet abgebaut und verkauft werden, um einen Aufstand, die Kriegsanstrengungen einer Invasionsarmee oder die Aktivit\u00e4ten eines Warlords zu finanzieren.   <\/p>\n\n<p>Solche Praktiken waren nicht auf den B\u00fcrgerkrieg in Sierra Leone beschr\u00e4nkt, sondern kamen \u00fcberall dort vor, wo es Bodensch\u00e4tze gab. Wie alle Ressourcen, die in Kriegsgebieten abgebaut oder produziert werden, wurden Diamanten entweder zur Finanzierung des Bergbaustaates oder der Rebellenmilizen verwendet, die versuchten, die legitime Regierung zu untergraben, je nachdem, wer die milit\u00e4rische Kontrolle \u00fcber die Minen hatte.   <\/p>\n\n<p>Die UNO wollte diesen Praktiken ein Ende setzen. Gemeinsam mit dem Staat S\u00fcdafrika richteten sie ein internationales Zertifizierungssystem f\u00fcr Rohdiamanten ein. Der Kimberley-Prozess (KP) wurde im Jahr 2003 ins Leben gerufen.  <\/p>\n\n<p>Der KP bringt alle Akteure zusammen, die an der Produktion, dem Export und dem Import von Diamanten beteiligt sind: Regierungen, Zivilgesellschaften und die Diamantenindustrie. Sie alle sind an ein Abkommen zur Regulierung des Handels mit Rohdiamanten gebunden. Die Teilnahme am KP ist eine unabdingbare Voraussetzung, um im Diamantenhandel t\u00e4tig zu sein, egal wer oder was Sie sind.    <\/p>\n\n<p>Dem KP ist es gelungen, \u00fcber 99 % der Konfliktdiamanten aus dem Rohdiamantenhandel zu entfernen. Heute wird der Lebensunterhalt von 10 Millionen Menschen durch die Diamantenindustrie gesichert. Der sozio\u00f6konomische Nutzen der Diamantenindustrie ist unbestreitbar. Der ehemalige botswanische Pr\u00e4sident Mogae sagte einmal: &#8222;F\u00fcr unser Volk bedeutet jeder Kauf von Diamanten Nahrung, bessere Lebensbedingungen, eine bessere Gesundheitsversorgung, sicheres Trinkwasser, mehr Stra\u00dfen, um unsere abgelegenen Gemeinden zu verbinden, und vieles mehr.&#8220;     <\/p>\n\n<p>Lesen Sie mehr \u00fcber die Vorteile, die die Diamantenindustrie schafft, auf <a href=\"http:\/\/www.diamondfacts.org\/\" target=\"_blank\" rel=\"noopener\">diamondfacts.org<\/a>, einer vom World Diamond Council gesponserten Website.<\/p>\n\n<p><\/p>\n\n<h2 class=\"wp-block-heading\"><strong>Jenseits des Kimberly-Prozesses, auf dem Weg zur Nachhaltigkeit<\/strong><\/h2>\n\n<p>Nat\u00fcrlich haben die KP und die sozio\u00f6konomischen Nachwirkungen der Diamantenindustrie ihre Grenzen. Wir leben heute in einer Welt, in der die internationale Handelsethik und Umweltfragen ein st\u00e4ndiges Infragestellen erzwingen und strenge Anpassungen erfordern. Bei Ajediam bem\u00fchen wir uns um einen gr\u00fcnen und ethischen Ansatz in unserem gesamten Produktionsprozess.    <\/p>\n\n<p>Es ist nicht einfach, jeden Schritt, den wir tun, in nachhaltiges Handeln umzuwandeln, aber wir glauben, dass dies notwendig ist. Die ersten Schritte, die wir unternehmen, bestehen darin, umweltfreundlich zu arbeiten. Unser B\u00fcro wird nach und nach umweltfreundlicher, indem wir Abf\u00e4lle reduzieren und in unserem Tagesgesch\u00e4ft bewusst konsumieren. Wir gehen noch einen Schritt weiter, um Abfall zu reduzieren und unsere Kunden zu unterst\u00fctzen, indem wir eine handgefertigte Box herstellen, die sie zu Hause aufbewahren und wiederverwenden k\u00f6nnen.   <\/p>\n\n<p>Nachhaltigkeit geht \u00fcber die Sorge um die Umwelt hinaus. Unter der Leitung von OnlyJewels ist Ajediam dabei, sich neu zu orientieren. Wir lassen uns von verschiedenen Philosophien der Unternehmensf\u00fchrung inspirieren, unter anderem von der von Ricardo Semler. Wir begr\u00fc\u00dfen und f\u00f6rdern die Vielfalt in unserem Team und in unseren Kampagnen. Unsere Teammitglieder und Mitarbeiter kommen aus verschiedenen L\u00e4ndern, mit unterschiedlichen Hintergr\u00fcnden, Religionen und Ethnien. Davon profitieren wir jeden Tag. Wir haben das Privileg, talentierte Mitarbeiter ausw\u00e4hlen zu k\u00f6nnen, die unserer Meinung nach die wahre zeitgen\u00f6ssische Diamanten- und Schmuckszene repr\u00e4sentieren. Schlie\u00dflich ist Ajediam ein von Frauen gef\u00fchrtes Unternehmen.       <\/p>\n\n<p>Wie sehen Sie die Zukunft der nachhaltigen Wirtschaft? Wir w\u00fcrden uns freuen, mit Ihnen ins Gespr\u00e4ch zu kommen. Senden Sie uns Ihre Gedanken zu diesem Thema an admin@ajediam.com    <\/p>\n","protected":false},"excerpt":{"rendered":"<p>Wir bei Ajediam m\u00f6chten, dass sich unsere Kunden bei ihren K\u00e4ufen sicher f\u00fchlen. Wir sind bestrebt, jeden unserer Arbeitsabl\u00e4ufe zu verbessern, um ein Produkt und einen Service zu schaffen, auf den unser Team und unsere Kunden stolz sein k\u00f6nnen und mit dem sie zufrieden sind. Z\u00f6gern Sie nicht, uns Ihre Fragen oder Bedenken mitzuteilen. Ajediams [&hellip;]<\/p>\n","protected":false},"author":5,"featured_media":52716,"parent":54465,"menu_order":0,"comment_status":"closed","ping_status":"closed","template":"jewel-cleaner-page.php","meta":{"ub_ctt_via":"","footnotes":""},"acf":[],"featured_image_src":"https:\/\/ajediam.com\/wp-content\/uploads\/2023\/10\/charlottety_a_surrealist_painting_of_sustainability_in_the_diam_57c06a5b-275f-4c2d-a7fc-8e0343d2dce6.png","_links":{"self":[{"href":"https:\/\/ajediam.com\/de\/wp-json\/wp\/v2\/pages\/153575"}],"collection":[{"href":"https:\/\/ajediam.com\/de\/wp-json\/wp\/v2\/pages"}],"about":[{"href":"https:\/\/ajediam.com\/de\/wp-json\/wp\/v2\/types\/page"}],"author":[{"embeddable":true,"href":"https:\/\/ajediam.com\/de\/wp-json\/wp\/v2\/users\/5"}],"replies":[{"embeddable":true,"href":"https:\/\/ajediam.com\/de\/wp-json\/wp\/v2\/comments?post=153575"}],"version-history":[{"count":2,"href":"https:\/\/ajediam.com\/de\/wp-json\/wp\/v2\/pages\/153575\/revisions"}],"predecessor-version":[{"id":153577,"href":"https:\/\/ajediam.com\/de\/wp-json\/wp\/v2\/pages\/153575\/revisions\/153577"}],"up":[{"embeddable":true,"href":"https:\/\/ajediam.com\/de\/wp-json\/wp\/v2\/pages\/54465"}],"wp:featuredmedia":[{"embeddable":true,"href":"https:\/\/ajediam.com\/de\/wp-json\/wp\/v2\/media\/52716"}],"wp:attachment":[{"href":"https:\/\/ajediam.com\/de\/wp-json\/wp\/v2\/media?parent=153575"}],"curies":[{"name":"wp","href":"https:\/\/api.w.org\/{rel}","templated":true}]}}