{"id":153616,"date":"2019-04-08T10:03:53","date_gmt":"2019-04-08T10:03:53","guid":{"rendered":"https:\/\/ajediam.com\/investieren-in-diamanten\/lassen-sie-die-finger-von-betruegern-alles-was-sie-vor-dem-kauf-von-diamanten-wissen-muessen\/"},"modified":"2026-02-24T11:12:00","modified_gmt":"2026-02-24T11:12:00","slug":"lassen-sie-die-finger-von-betruegern-alles-was-sie-vor-dem-kauf-von-diamanten-wissen-muessen","status":"publish","type":"page","link":"https:\/\/ajediam.com\/de\/investieren-in-diamanten\/lassen-sie-die-finger-von-betruegern-alles-was-sie-vor-dem-kauf-von-diamanten-wissen-muessen\/","title":{"rendered":"Lassen Sie die Finger von Betr\u00fcgern: Alles, was Sie vor dem Kauf von Diamanten wissen m\u00fcssen"},"content":{"rendered":"\n<p class=\"postTitle\"><em>Umfassender Leitfaden f\u00fcr den<\/em> <em>sicheren<\/em><em> <em>Kauf von<\/em> Diamanten<\/em><\/p>\n\n\n\n<p>Der Kauf eines Diamanten ist eine bedeutende Investition, die mit der n\u00f6tigen Sorgfalt und einem tiefen Verst\u00e4ndnis f\u00fcr die damit verbundenen Feinheiten angegangen werden sollte. Angesichts der zunehmenden Betr\u00fcgereien in der Diamantenbranche ist es wichtiger denn je, sich mit dem n\u00f6tigen Wissen auszustatten, um eine fundierte Entscheidung zu treffen.   <\/p>\n\n\n\n<p>Hier besprechen wir sieben g\u00e4ngige Diamantenbetr\u00fcgereien und geben praktische Tipps, wie Sie sie vermeiden k\u00f6nnen. Wir fassen die Anzeichen zusammen, auf die Sie achten sollten, wenn Sie glauben, dass Sie es mit einem Betr\u00fcger zu tun haben. Zum Schluss helfen wir Ihnen zu erkennen, ob ein Diamantenh\u00e4ndler vertrauensw\u00fcrdig ist und einen guten Ruf hat.  <\/p>\n\n\n\n\n\n<div class=\"ub_table-of-contents\" data-showtext=\"show\" data-hidetext=\"hide\" data-scrolltype=\"auto\" id=\"ub_table-of-contents-7c9708a0-005a-4c14-9abe-cb1e55a407b7\" data-initiallyhideonmobile=\"false\"\n                    data-initiallyshow=\"true\"><div class=\"ub_table-of-contents-header-container\"><div class=\"ub_table-of-contents-header\">\n                    <div class=\"ub_table-of-contents-title\">Inhaltsverzeichnis<\/div><\/div><\/div><div class=\"ub_table-of-contents-extra-container\"><div class=\"ub_table-of-contents-container ub_table-of-contents-1-column \"><ol><li><a href=https:\/\/ajediam.com\/de\/investieren-in-diamanten\/lassen-sie-die-finger-von-betruegern-alles-was-sie-vor-dem-kauf-von-diamanten-wissen-muessen\/#0-die-6-h%C3%A4ufigsten-betr%C3%BCgereien-die-sie-beim-kauf-von-diamanten-oder-diamantschmuck-vermeiden-sollten->Die 6 h\u00e4ufigsten Betr\u00fcgereien, die Sie beim Kauf von Diamanten oder Diamantschmuck vermeiden sollten<\/a><\/li><li><a href=https:\/\/ajediam.com\/de\/investieren-in-diamanten\/lassen-sie-die-finger-von-betruegern-alles-was-sie-vor-dem-kauf-von-diamanten-wissen-muessen\/#7-erkennen-eines-betr%C3%BCgers-in-der-diamantenindustrie-oder-in-jeder-anderen-branche-um-genau-zu-sein->Erkennen eines Betr\u00fcgers in der Diamantenindustrie oder in jeder anderen Branche, um genau zu sein<\/a><\/li><li><a href=https:\/\/ajediam.com\/de\/investieren-in-diamanten\/lassen-sie-die-finger-von-betruegern-alles-was-sie-vor-dem-kauf-von-diamanten-wissen-muessen\/#15-bewertung-der-reputation-von-diamantenh%C3%A4ndlern-und-juweliergesch%C3%A4ften->Bewertung der Reputation von Diamantenh\u00e4ndlern und Juweliergesch\u00e4ften<\/a><\/li><\/ol><\/div><\/div><\/div>\n\n\n<h2 class=\"wp-block-heading\" id=\"0-die-6-h%C3%A4ufigsten-betr%C3%BCgereien-die-sie-beim-kauf-von-diamanten-oder-diamantschmuck-vermeiden-sollten-\"><span style=\"font-weight: 400;\">Die 6 h\u00e4ufigsten Betr\u00fcgereien, die Sie beim Kauf von Diamanten oder Diamantschmuck vermeiden sollten<\/span><\/h2>\n\n\n\n<h3 class=\"wp-block-heading\" id=\"1-vermeiden-sie-betrug-mit-synthetischen-diamanten-\"><span style=\"font-weight: 400;\">Vermeiden Sie Betrug mit synthetischen Diamanten:<\/span><\/h3>\n\n\n\n<p><span style=\"font-weight: 400;\">Synthetische oder im Labor hergestellte Diamanten sind in ihrer chemischen Zusammensetzung mit nat\u00fcrlichen Diamanten identisch. Sie werden jedoch innerhalb weniger Wochen in einem Labor hergestellt, was zu einem niedrigeren Preis im Vergleich zu nat\u00fcrlichen Diamanten f\u00fchrt. Einige unehrliche Verk\u00e4ufer versuchen m\u00f6glicherweise, diese im Labor hergestellten Diamanten als nat\u00fcrliche Diamanten auszugeben.  <\/span><\/p>\n\n\n\n<p><i><span style=\"font-weight: 400;\">Beispiel<\/span><\/i><span style=\"font-weight: 400;\">: Stellen Sie sich vor, Sie sehen einen 1-Karat-Diamanten mit exzellentem Schliff, Reinheit und Farbe zu einem Preis, der zu sch\u00f6n erscheint, um wahr zu sein. Bei n\u00e4herer Betrachtung stellen Sie fest, dass es sich um einen im Labor hergestellten Diamanten handelt, der als nat\u00fcrlicher Diamant verkauft wird. Fragen Sie immer nach eindeutigen Informationen \u00fcber die Herkunft des Diamanten und vergewissern Sie sich, dass diese Informationen in jeder Zertifizierung enthalten sind.  <\/span><\/p>\n\n\n\n<h3 class=\"wp-block-heading\" id=\"2-h%C3%BCten-sie-sich-vor-der-%C3%BCberbewertung-von-diamanten-\"><span style=\"font-weight: 400;\">H\u00fcten Sie sich vor der \u00dcberbewertung von Diamanten:<\/span><\/h3>\n\n\n\n<p><span style=\"font-weight: 400;\">\u00dcberbewertung bedeutet, dass ein Diamant g\u00fcnstiger eingestuft wird, als es seine wahren Eigenschaften rechtfertigen. Bei diesem Betrug handelt es sich oft um Bewertungsberichte von weniger seri\u00f6sen oder nicht anerkannten Labors. <\/span><\/p>\n\n\n\n<p><i><span style=\"font-weight: 400;\">Beispiel<\/span><\/i><span style=\"font-weight: 400;\">: Ein Diamant mit einem Farbgrad von D (farblos) und einem Reinheitsgrad von VS1 (sehr leicht eingeschlossen) mag verlockend klingen, aber bei der \u00dcberpr\u00fcfung durch ein seri\u00f6ses Labor wie GIA oder AGS k\u00f6nnte sich herausstellen, dass der Diamant einen niedrigeren Farb- und Reinheitsgrad aufweist. \u00dcberpr\u00fcfen Sie die Einstufung immer bei anerkannten Labors. <\/span><\/p>\n\n\n\n<h3 class=\"wp-block-heading\" id=\"3-frakturgef%C3%BCllte-diamanten-\"><span style=\"font-weight: 400;\">Frakturgef\u00fcllte Diamanten:<\/span><\/h3>\n\n\n\n<p><span style=\"font-weight: 400;\">Bei der Bruchf\u00fcllung wird eine Substanz in einen Diamanten injiziert, um Br\u00fcche oder Einschl\u00fcsse zu verbergen und den Diamanten sauberer erscheinen zu lassen. Betr\u00fcger k\u00f6nnen diese Diamanten als nat\u00fcrliche, unbehandelte Diamanten zu einem h\u00f6heren Preis verkaufen. <\/span><\/p>\n\n\n\n<p><i><span style=\"font-weight: 400;\">Beispiel<\/span><\/i><span style=\"font-weight: 400;\">: Vielleicht finden Sie einen Diamanten mit au\u00dfergew\u00f6hnlicher Reinheit zu einem attraktiven Preis. Wenn es sich jedoch um einen Diamanten mit Frakturen handelt, w\u00e4re sein wahrer Wert deutlich niedriger. Erkundigen Sie sich vor dem Kauf immer nach m\u00f6glichen Behandlungen.  <\/span><\/p>\n\n\n\n<h3 class=\"wp-block-heading\" id=\"4-lockvogelbetrug-\"><span style=\"font-weight: 400;\">Lockvogelbetrug:<\/span><\/h3>\n\n\n\n<p><span style=\"font-weight: 400;\">Bei diesem Betrug stellt ein Verk\u00e4ufer einen hochwertigen Diamanten vor, liefert aber einen minderwertigen Diamanten. Vergewissern Sie sich immer, dass die mit Laser eingravierte Berichtsnummer des Diamanten mit derjenigen auf dem dazugeh\u00f6rigen Bericht \u00fcbereinstimmt. <\/span><\/p>\n\n\n\n<p><i><span style=\"font-weight: 400;\">Beispiel<\/span><\/i><span style=\"font-weight: 400;\">: Es kann sein, dass Sie einen Diamanten aufgrund seiner anf\u00e4nglichen Pr\u00e4sentation kaufen und sp\u00e4ter einen Diamanten von minderer Qualit\u00e4t erhalten. \u00dcberpr\u00fcfen Sie die Eigenschaften des Diamanten anhand seiner Zertifizierung, um diesen Betrug zu vermeiden. <\/span><\/p>\n\n\n\n<h3 class=\"wp-block-heading\" id=\"5-preisbetrug-\"><span style=\"font-weight: 400;\">Preisbetrug:<\/span><\/h3>\n\n\n\n<p><span style=\"font-weight: 400;\">Verk\u00e4ufer k\u00f6nnen den Preis eines Diamanten aufbl\u00e4hen und behaupten, dass es sich um eine Investition handelt, die an Wert gewinnen wird. Diamanten verlieren jedoch nach dem Verkauf erheblich an Wert. <\/span><\/p>\n\n\n\n<p><i><span style=\"font-weight: 400;\">Beispiel<\/span><\/i><span style=\"font-weight: 400;\">: Ein Diamant k\u00f6nnte unter dem Vorwand einer zuk\u00fcnftigen Wertsteigerung zu einem deutlich h\u00f6heren Preis verkauft werden. Seien Sie sich bewusst, dass Diamanten, wie auch Autos, nach dem Kauf an Wert verlieren und in der Regel keine gute Investition sind. <\/span><\/p>\n\n\n\n<h3 class=\"wp-block-heading\" id=\"6-kreditbetrug-in-juweliergesch%C3%A4ften-\"><span style=\"font-weight: 400;\">Kreditbetrug in Juweliergesch\u00e4ften:<\/span><\/h3>\n\n\n\n<p><span style=\"font-weight: 400;\">Einige Gesch\u00e4fte bieten attraktive Kreditbedingungen an, um Kunden zum Kauf eines Diamanten zu verleiten, den sie sich nicht leisten k\u00f6nnen. Die K\u00e4ufer m\u00fcssen im Laufe der Zeit m\u00f6glicherweise deutlich mehr an Zinsen und Geb\u00fchren zahlen. <\/span><\/p>\n\n\n\n<p><i><span style=\"font-weight: 400;\">Beispiel<\/span><\/i><span style=\"font-weight: 400;\">: Ein Diamantring im Wert von 5.000 Dollar kann Sie am Ende viel mehr kosten, wenn Sie einen Kreditvertrag mit hohen Zinsen und versteckten Geb\u00fchren abschlie\u00dfen. Informieren Sie sich immer \u00fcber die Bedingungen eines Kreditvertrags, bevor Sie einen Kauf t\u00e4tigen. <\/span><\/p>\n\n\n\n<h2 class=\"wp-block-heading\" id=\"7-erkennen-eines-betr%C3%BCgers-in-der-diamantenindustrie-oder-in-jeder-anderen-branche-um-genau-zu-sein-\"><span style=\"font-weight: 400;\">Erkennen eines Betr\u00fcgers in der Diamantenindustrie oder in jeder anderen Branche, um genau zu sein<\/span><\/h2>\n\n\n\n<p><span style=\"font-weight: 400;\">Um einen Betr\u00fcger zu erkennen, bedarf es oft einer Kombination aus Wachsamkeit, Wissen und Intuition. Hier sind einige wichtige Anzeichen daf\u00fcr, dass Sie es m\u00f6glicherweise mit einem Betr\u00fcger zu tun haben: <\/span><\/p>\n\n\n\n<h3 class=\"wp-block-heading\" id=\"8-zu-gut-um-wahr-zu-sein-angebote-\"><span style=\"font-weight: 400;\">Zu-gut-um-wahr-zu-sein Angebote<\/span><\/h3>\n\n\n\n<p><span style=\"font-weight: 400;\">  Wenn ein Angebot zu gut erscheint, um wahr zu sein, ist es das wahrscheinlich auch. Es k\u00f6nnte sich um einen drastisch reduzierten Preis handeln oder um einen Diamanten, der als viel hochwertiger dargestellt wird, als sein Preis vermuten l\u00e4sst. Echte Diamanten haben einen festen Marktwert und sind nicht Gegenstand extremer Rabatte.    <\/span><span style=\"font-weight: 400;\">Preisnachl\u00e4sse von &#8222;50%&#8220; oder &#8222;70%&#8220; gibt es praktisch nicht, da der Wert der Diamanten auf Qualit\u00e4t und Markttrends basiert und nicht auf Werbeaktionen.  <\/span><\/p>\n\n\n\n<h3 class=\"wp-block-heading\" id=\"9-intransparenz-\"><span style=\"font-weight: 400;\">Intransparenz<\/span><\/h3>\n\n\n\n<p><span style=\"font-weight: 400;\">Ein seri\u00f6ser Diamantenh\u00e4ndler sollte bereit und in der Lage sein, klare, pr\u00e4zise Informationen \u00fcber seine Diamanten zu geben. Dazu geh\u00f6ren Bewertungsberichte von angesehenen Labors und Antworten auf alle Ihre Fragen. Wenn ein Verk\u00e4ufer ausweichend, vage oder z\u00f6gerlich ist, Informationen zu geben, ist das ein Warnsignal.  <\/span><\/p>\n\n\n\n<h3 class=\"wp-block-heading\" id=\"10-druck-taktiken-\"><span style=\"font-weight: 400;\">Druck-Taktiken<\/span><\/h3>\n\n\n\n<p><span style=\"font-weight: 400;\">  Betr\u00fcger versuchen oft, ihre Opfer zu einer Entscheidung zu dr\u00e4ngen. Sie behaupten vielleicht, dass ein Angebot zeitlich begrenzt ist oder dass es einen anderen K\u00e4ufer gibt, der sich f\u00fcr denselben Diamanten interessiert. Ein seri\u00f6ser Verk\u00e4ufer wird Ihr Bed\u00fcrfnis respektieren, sich Zeit zu nehmen und eine informierte Entscheidung zu treffen.  <\/span><\/p>\n\n\n\n<h3 class=\"wp-block-heading\" id=\"11-fehlen-einer-physischen-adresse-oder-von-kontaktinformationen-\"><span style=\"font-weight: 400;\">Fehlen einer physischen Adresse oder von Kontaktinformationen<\/span><\/h3>\n\n\n\n<p><span style=\"font-weight: 400;\">Seri\u00f6se Unternehmen haben physische Standorte und sind leicht zu erreichen. Wenn ein Verk\u00e4ufer nur online t\u00e4tig ist und keine physische Adresse oder zuverl\u00e4ssige Kontaktinformationen angibt, sollten Sie vorsichtig sein. <\/span><\/p>\n\n\n\n<h3 class=\"wp-block-heading\" id=\"12-schlechte-online-bewertungen-oder-fehlende-online-pr%C3%A4senz-\"><span style=\"font-weight: 400;\">Schlechte Online-Bewertungen oder fehlende Online-Pr\u00e4senz<\/span><\/h3>\n\n\n\n<p><span style=\"font-weight: 400;\">  Pr\u00fcfen Sie auf Online-Bewertungen oder Erfahrungsberichte. Wenn ein Verk\u00e4ufer eine Reihe von negativen Bewertungen hat oder wenn Sie online \u00fcberhaupt keine Informationen \u00fcber ihn finden k\u00f6nnen, ist das ein Grund zur Sorge. <\/span><\/p>\n\n\n\n<h3 class=\"wp-block-heading\" id=\"13-nichteinhaltung-von-industriestandards-\"><span style=\"font-weight: 400;\">Nichteinhaltung von Industriestandards<\/span><\/h3>\n\n\n\n<p><span style=\"font-weight: 400;\">Seri\u00f6se H\u00e4ndler sind in der Regel Mitglieder von anerkannten B\u00f6rsen oder Organisationen, die von ihren Mitgliedern ein strenges ethisches Verhalten verlangen. Wenn ein Verk\u00e4ufer keiner solchen Organisation angeh\u00f6rt, ist das ein m\u00f6gliches Warnzeichen. <\/span><\/p>\n\n\n\n<h3 class=\"wp-block-heading\" id=\"14-hausinterne-benotungsberichte-\"><span style=\"font-weight: 400;\">Hausinterne Benotungsberichte<\/span><\/h3>\n\n\n\n<p><span style=\"font-weight: 400;\">Seien Sie misstrauisch gegen\u00fcber Bewertungsberichten, die von Juweliergesch\u00e4ften selbst erstellt werden. Ohne die strengen Standards und die unvoreingenommene Perspektive eines angesehenen externen Bewertungslabors k\u00f6nnen solche Berichte irref\u00fchrend sein. <\/span><\/p>\n\n\n\n<p><span style=\"font-weight: 400;\">Denken Sie daran: Wissen ist Ihre beste Verteidigung gegen Betr\u00fcger. R\u00fcsten Sie sich mit den richtigen Informationen aus, bleiben Sie wachsam und vertrauen Sie Ihrem Instinkt. Wenn Ihnen etwas nicht richtig vorkommt, sollten Sie lieber die Finger davon lassen und Ihre Suche woanders fortsetzen.  <\/span><\/p>\n\n\n\n<h2 class=\"wp-block-heading\" id=\"15-bewertung-der-reputation-von-diamantenh%C3%A4ndlern-und-juweliergesch%C3%A4ften-\"><span style=\"font-weight: 400;\">Bewertung der Reputation von Diamantenh\u00e4ndlern und Juweliergesch\u00e4ften<\/span><\/h2>\n\n\n\n<p><span style=\"font-weight: 400;\">Wenn es um den Kauf von Diamanten geht, ist der Ruf des H\u00e4ndlers von gr\u00f6\u00dfter Bedeutung. Wenn Sie sich vergewissern, dass Sie mit einem seri\u00f6sen H\u00e4ndler oder Juwelier zusammenarbeiten, k\u00f6nnen Sie beruhigt sein und Ihre Investition sch\u00fctzen. Hier finden Sie einige Strategien, um die Glaubw\u00fcrdigkeit Ihres Diamantenh\u00e4ndlers zu \u00fcberpr\u00fcfen:  <\/span><\/p>\n\n\n\n<h3 class=\"wp-block-heading\" id=\"16-online-rezensionen-und-testimonials-\"><span style=\"font-weight: 400;\">Online-Rezensionen und Testimonials<\/span><\/h3>\n\n\n\n<p><span style=\"font-weight: 400;\">Im digitalen Zeitalter kann man online eine F\u00fclle von Informationen \u00fcber jedes Unternehmen finden, und Diamantenh\u00e4ndler oder Juweliergesch\u00e4fte sind da keine Ausnahme. Pr\u00fcfen Sie Ihr   <\/span><a title=\"Ajediam auf der Google Maps App\" href=\"https:\/\/goo.gl\/maps\/KpjZ9XwprqqpUQ6B6\" target=\"_blank\" rel=\"noopener\"><span style=\"font-weight: 400;\">Google Maps App<\/span><\/a><span style=\"font-weight: 400;\"> oder <\/span><a title=\"Ajediam auf Trustpilot\" href=\"https:\/\/www.trustpilot.com\/review\/www.ajediam.com\" target=\"_blank\" rel=\"noopener\"><span style=\"font-weight: 400;\">Trustpilot<\/span><\/a><span style=\"font-weight: 400;\">  die die g\u00e4ngigsten Testimonial-Plattformen sind. Beginnen Sie damit, Online-Bewertungen und Erfahrungsberichte fr\u00fcherer Kunden zu pr\u00fcfen. R\u00fcckmeldungen von anderen, die direkte Erfahrungen mit dem H\u00e4ndler oder Gesch\u00e4ft gemacht haben, k\u00f6nnen wertvolle Einblicke in die Qualit\u00e4t der Diamanten, den Kundenservice, die Preisgestaltung und mehr geben.  <\/span><\/p>\n\n\n\n<h3 class=\"wp-block-heading\" id=\"17-mitgliedschaft-in-diamantb%C3%B6rsen-oder-berufsverb%C3%A4nden-\"><span style=\"font-weight: 400;\">Mitgliedschaft in Diamantb\u00f6rsen oder Berufsverb\u00e4nden<\/span><\/h3>\n\n\n\n<p><span style=\"font-weight: 400;\">Die Mitgliedschaft in einer Diamantenb\u00f6rse oder einer Berufsorganisation ist ein starker Hinweis auf die Glaubw\u00fcrdigkeit eines H\u00e4ndlers. Diese Organisationen haben strenge ethische Anforderungen an ihre Mitglieder, was eine zuverl\u00e4ssige Garantie f\u00fcr die Professionalit\u00e4t und Vertrauensw\u00fcrdigkeit eines H\u00e4ndlers sein kann. In Antwerpen gibt es zum Beispiel vier Diamantenb\u00f6rsen, die sicherstellen, dass ihre Mitglieder hohe Verhaltensstandards einhalten.    <\/span><span style=\"font-weight: 400;\">Antwerpen ist einzigartig, da es <a title=\"Das Antwerpener Weltdiamantenzentrum\" href=\"https:\/\/www.awdc.be\/en\/diamond-bourses-0\" target=\"_blank\" rel=\"noopener\">vier Diamantb\u00f6rsen<\/a> gibt. Hier finden Sie die Kontaktdaten:<\/span><\/p>\n\n\n\n<ol>\n<li><span style=\"font-weight: 400;\">Antwerpse Diamantkring<\/span>\n<ul>\n<li><span style=\"font-weight: 400;\">Adresse: Hoveniersstraat 2 &#8211; Box 515, B-2018 Antwerpen<\/span><\/li>\n\n\n\n<li><span style=\"font-weight: 400;\">Telefon: +32 3 233 58 10<\/span><\/li>\n\n\n\n<li><span style=\"font-weight: 400;\">Website:<\/span><a title=\"Diamant Kring\" href=\"http:\/\/www.diamantkring.org\/\" target=\"_blank\" rel=\"noopener\"> <span style=\"font-weight: 400;\">http:\/\/www.diamantkring.org\/<\/span><\/a><\/li>\n\n\n\n<li><span style=\"font-weight: 400;\">E-Mail: exchangehall@diamantkring.org<\/span><\/li>\n<\/ul>\n<\/li>\n\n\n\n<li><span style=\"font-weight: 400;\">Beurs voor de Diamanthandel<\/span>\n<ul>\n<li><span style=\"font-weight: 400;\">Adresse: Pelikaanstraat 78, B-2018 Antwerpen<\/span><\/li>\n\n\n\n<li><span style=\"font-weight: 400;\">Telefon: +32 3 233 53 13<\/span><\/li>\n\n\n\n<li><span style=\"font-weight: 400;\">Website:<\/span><a title=\"Antwerpener Diamantenb\u00f6rse\" href=\"http:\/\/www.antwerpdiamondbourse.net\/\" target=\"_blank\" rel=\"noopener\"> <span style=\"font-weight: 400;\">http:\/\/www.antwerpdiamondbourse.net\/<\/span><\/a><\/li>\n\n\n\n<li><span style=\"font-weight: 400;\">E-Mail: info@diamondBourse.be<\/span><\/li>\n<\/ul>\n<\/li>\n\n\n\n<li><span style=\"font-weight: 400;\">Diamantclub van Antwerpen<\/span>\n<ul>\n<li><span style=\"font-weight: 400;\">Adresse: Pelikaanstraat 62, B-2018 Antwerpen<\/span><\/li>\n\n\n\n<li><span style=\"font-weight: 400;\">Telefon: +32 3 232 76 55<\/span><\/li>\n\n\n\n<li><span style=\"font-weight: 400;\">Website:<\/span><a title=\"Diamond Club\" href=\"http:\/\/www.diamantclub.be\/\" target=\"_blank\" rel=\"noopener\"> <span style=\"font-weight: 400;\">http:\/\/www.diamantclub.be\/<\/span><\/a><\/li>\n\n\n\n<li><span style=\"font-weight: 400;\">E-Mail: dcva@pandora.be<\/span><\/li>\n<\/ul>\n<\/li>\n\n\n\n<li><span style=\"font-weight: 400;\">Vrije Diamanthandel<\/span>\n<ul>\n<li><span style=\"font-weight: 400;\">Adresse: Pelikaanstraat 62, B-2018 Antwerpen<\/span><\/li>\n\n\n\n<li><span style=\"font-weight: 400;\">Telefon: +32 3 232 70 13<\/span><\/li>\n\n\n\n<li><span style=\"font-weight: 400;\">E-Mail: vrijediamanthandel@skynet.be<\/span><span style=\"font-weight: 400;\">.<\/span><\/li>\n<\/ul>\n<\/li>\n<\/ol>\n\n\n\n<p><span style=\"font-weight: 400;\">Zus\u00e4tzlich zu diesen B\u00f6rsen dient die F\u00f6deration der belgischen Diamantb\u00f6rsen, die ebenfalls in Antwerpen ans\u00e4ssig ist, als Koordinierungsstelle:<\/span><\/p>\n\n\n\n<ul>\n<li><span style=\"font-weight: 400;\">Adresse: Pelikaanstraat 62, B-2018 Antwerpen<\/span><\/li>\n\n\n\n<li><span style=\"font-weight: 400;\">Telefon: +32 3 234 07 78<\/span><\/li>\n\n\n\n<li><span style=\"font-weight: 400;\">E-Mail: info@worldfed.com<\/span><\/li>\n<\/ul>\n\n\n\n<p><span style=\"font-weight: 400;\">Die Mitgliedschaft in diesen B\u00f6rsen signalisiert, dass der Diamantenh\u00e4ndler sich an die von diesen Organisationen festgelegten ethischen und professionellen Standards h\u00e4lt.  <\/span><\/p>\n\n\n\n<h3 class=\"wp-block-heading\" id=\"18-zertifizierungen-und-vertrauenssiegel-\"><span style=\"font-weight: 400;\">Zertifizierungen und Vertrauenssiegel<\/span><\/h3>\n\n\n\n<p><span style=\"font-weight: 400;\">Achten Sie auf Zertifizierungen oder Vertrauenssiegel, die f\u00fcr das Engagement eines H\u00e4ndlers oder Gesch\u00e4fts f\u00fcr Qualit\u00e4t und ethische Praktiken b\u00fcrgen. Zum Beispiel: &#8218; <\/span><a title=\"Antwerpens Brillanteste\" href=\"https:\/\/visit.antwerpen.be\/en\/antwerps-most-brilliant\" target=\"_blank\" rel=\"noopener\"><span style=\"font-weight: 400;\">Antwerpens Brillanteste<\/span><\/a><span style=\"font-weight: 400;\">&#8218; ist ein G\u00fctesiegel, das an Juweliere in Antwerpen vergeben wird, die strenge Qualit\u00e4ts-, Nachhaltigkeits- und ethische Standards erf\u00fcllen. Diese G\u00fctesiegel und Zertifizierungen bieten Ihnen eine zus\u00e4tzliche Sicherheit, dass Sie es mit einem seri\u00f6sen H\u00e4ndler oder Gesch\u00e4ft zu tun haben. <\/span><\/p>\n\n\n\n<h3 class=\"wp-block-heading\" id=\"19-verstehen-von-verkaufsbedingungen-und-garantien-\"><span style=\"font-weight: 400;\">Verstehen von Verkaufsbedingungen und Garantien<\/span><\/h3>\n\n\n\n<p><span style=\"font-weight: 400;\">Bevor Sie einen Diamanten kaufen, sollten Sie sich gr\u00fcndlich \u00fcber die Verkaufsbedingungen und die Garantien des H\u00e4ndlers oder Juweliers informieren. Diese Bedingungen k\u00f6nnen eine Vielzahl von Elementen abdecken, darunter R\u00fcckgaberegelungen, Garantien und Serviceleistungen. Vergewissern Sie sich, dass diese Bedingungen klar und schriftlich festgehalten sind, um sp\u00e4tere Missverst\u00e4ndnisse zu vermeiden. Wenn ein H\u00e4ndler oder ein Gesch\u00e4ft z\u00f6gert, klare Bedingungen zu nennen oder keine guten Garantiebedingungen hat, sollten Sie dies als Warnsignal betrachten.   <\/span><\/p>\n\n\n\n<h3 class=\"wp-block-heading\" id=\"20-vertrauen-sie-ihrem-instinkt-durch-pers%C3%B6nliche-interaktionen-\"><span style=\"font-weight: 400;\">Vertrauen Sie Ihrem Instinkt durch pers\u00f6nliche Interaktionen<\/span><\/h3>\n\n\n\n<p><span style=\"font-weight: 400;\">Trotz aller Nachforschungen und Vorsichtsma\u00dfnahmen ist der pers\u00f6nliche Kontakt mit dem H\u00e4ndler oder Juwelier ein wesentlicher Bestandteil des Diamantenkaufs. Bem\u00fchen Sie sich um ein Treffen mit mehreren Juwelieren oder H\u00e4ndlern, lassen Sie sich ihr Angebot erkl\u00e4ren und achten Sie darauf, wie sie ihr Gesch\u00e4ft betreiben. Achten Sie auf ihre Transparenz, ihre Bereitschaft, Ihre Fragen zu beantworten, und ihr allgemeines Auftreten.  <\/span><\/p>\n\n\n\n<p><span style=\"font-weight: 400;\">Ein vertrauensw\u00fcrdiger H\u00e4ndler wird Ihnen seine Hilfe anbieten, um den Preis von Diamanten zu verstehen. Er wird Ihnen seine Rapaport-Preisliste zeigen, Ihnen erkl\u00e4ren, wie die Marktpreisbildung funktioniert und wie Sie   <\/span><a title=\"Wie Sie \u00fcberh\u00f6hte Preise f\u00fcr Ihre Diamanten vermeiden k\u00f6nnen\" href=\"https:\/\/ajediam.com\/diamond-prices\/avoid-overpaying-diamonds\/\" target=\"_blank\" rel=\"noopener\"><span style=\"font-weight: 400;\">Vermeiden Sie \u00fcberh\u00f6hte Rechnungen<\/span><\/a><span style=\"font-weight: 400;\">. Ebenso wird man sich die Zeit nehmen, Ihnen die Eigenschaften der Diamanten zu erkl\u00e4ren und Ihnen manchmal sogar helfen, sich selbst mit der Lupe zu betrachten, damit Sie  <\/span><a title=\"Wie man die Qualit\u00e4t von Diamanten vergleicht\" href=\"https:\/\/ajediam.com\/compare-qualities\/\" target=\"_blank\" rel=\"noopener\"><span style=\"font-weight: 400;\">Qualit\u00e4t vergleichen<\/span><\/a><span style=\"font-weight: 400;\">  Unterschiede. Man wird Ihnen raten, Diamanten mit ordnungsgem\u00e4\u00dfen Bewertungsberichten eines angesehenen Labors zu w\u00e4hlen, wie z.B.   <\/span><a title=\"Das Gemmologische Institut von Amerika\" href=\"http:\/\/www.gia.edu\" target=\"_blank\" rel=\"noopener\"><span style=\"font-weight: 400;\">GIA<\/span><\/a><span style=\"font-weight: 400;\"> und erkl\u00e4ren, wie Fluoreszenz oder ein schlechter Schliff den Preis des Diamanten ebenso beeinflussen wie seine 4Cs<\/span><\/p>\n\n\n\n<p><span style=\"font-weight: 400;\">Ihr Instinkt kann Sie oft bei der endg\u00fcltigen Entscheidung leiten. Wenn sich ein Gesch\u00e4ft zu gut anf\u00fchlt, um wahr zu sein, oder wenn etwas an der Transaktion nicht stimmt, z\u00f6gern Sie nicht, es zu verlassen. Es gibt viele seri\u00f6se Diamantenh\u00e4ndler und Juweliere da drau\u00dfen, Sie m\u00fcssen also keine \u00fcbereilte Entscheidung treffen.  <\/span><\/p>\n\n\n\n<p><span style=\"font-weight: 400;\">Der Kauf eines Diamanten ist eine bedeutende Investition, und er sollte eine angenehme Erfahrung sein. Wenn Sie sich die Zeit nehmen, Ihre Optionen gr\u00fcndlich zu pr\u00fcfen und auf Ihr Bauchgef\u00fchl vertrauen, k\u00f6nnen Sie einen Diamanten finden, den Sie ohne Reue sch\u00e4tzen werden. <\/span><\/p>\n","protected":false},"excerpt":{"rendered":"<p>Umfassender Leitfaden f\u00fcr den sicheren Kauf von Diamanten Der Kauf eines Diamanten ist eine bedeutende Investition, die mit der n\u00f6tigen Sorgfalt und einem tiefen Verst\u00e4ndnis f\u00fcr die damit verbundenen Feinheiten angegangen werden sollte. Angesichts der zunehmenden Betr\u00fcgereien in der Diamantenbranche ist es wichtiger denn je, sich mit dem n\u00f6tigen Wissen auszustatten, um eine fundierte Entscheidung [&hellip;]<\/p>\n","protected":false},"author":5,"featured_media":52449,"parent":153405,"menu_order":0,"comment_status":"closed","ping_status":"closed","template":"jewel-cleaner-page.php","meta":{"ub_ctt_via":"","footnotes":""},"acf":[],"featured_image_src":"https:\/\/ajediam.com\/wp-content\/uploads\/2023\/06\/charlotteTY_surrealistc_dimaond_scammer_trickster_b91ed5ab-c2d3-430a-8717-989bfaa650ff.png","_links":{"self":[{"href":"https:\/\/ajediam.com\/de\/wp-json\/wp\/v2\/pages\/153616"}],"collection":[{"href":"https:\/\/ajediam.com\/de\/wp-json\/wp\/v2\/pages"}],"about":[{"href":"https:\/\/ajediam.com\/de\/wp-json\/wp\/v2\/types\/page"}],"author":[{"embeddable":true,"href":"https:\/\/ajediam.com\/de\/wp-json\/wp\/v2\/users\/5"}],"replies":[{"embeddable":true,"href":"https:\/\/ajediam.com\/de\/wp-json\/wp\/v2\/comments?post=153616"}],"version-history":[{"count":4,"href":"https:\/\/ajediam.com\/de\/wp-json\/wp\/v2\/pages\/153616\/revisions"}],"predecessor-version":[{"id":153621,"href":"https:\/\/ajediam.com\/de\/wp-json\/wp\/v2\/pages\/153616\/revisions\/153621"}],"up":[{"embeddable":true,"href":"https:\/\/ajediam.com\/de\/wp-json\/wp\/v2\/pages\/153405"}],"wp:featuredmedia":[{"embeddable":true,"href":"https:\/\/ajediam.com\/de\/wp-json\/wp\/v2\/media\/52449"}],"wp:attachment":[{"href":"https:\/\/ajediam.com\/de\/wp-json\/wp\/v2\/media?parent=153616"}],"curies":[{"name":"wp","href":"https:\/\/api.w.org\/{rel}","templated":true}]}}