{"id":153736,"date":"2022-06-21T12:17:22","date_gmt":"2022-06-21T12:17:22","guid":{"rendered":"https:\/\/ajediam.com\/ueber-ajediam\/der-ideale-partner-fur-ernsthafte-diamantenkaufer\/partners\/"},"modified":"2026-02-24T12:51:58","modified_gmt":"2026-02-24T12:51:58","slug":"unsere-partner","status":"publish","type":"page","link":"https:\/\/ajediam.com\/de\/ueber-ajediam\/der-ideale-partner-fur-ernsthafte-diamantenkaufer\/unsere-partner\/","title":{"rendered":"Unsere Partner"},"content":{"rendered":"\n<h2 class=\"wp-block-heading has-text-align-center\">Wir haben unsere Kr\u00e4fte geb\u00fcndelt, um die sch\u00f6nsten Juwelen anzubieten.<\/h2>\n\n\n\n<p class=\"has-text-align-center\">Im Jahr 2021 schloss sich Ajediam dem OnlyJewels-\u00d6kosystem an. Bestehend aus f\u00fcnf Unternehmen f\u00fcr feinen Schmuck \u2013 Ajediam, <a href=\"https:\/\/www.onlyjewels.com\" target=\"_blank\" rel=\"noreferrer noopener nofollow\">OnlyJewels<\/a>, <a href=\"https:\/\/artjewelsconsulting.com\/\" target=\"_blank\" rel=\"noreferrer noopener nofollow\">Art &amp; Jewels<\/a>, OJ Studio und Antwerp Ateliers \u2013 verbindet es Kunden mit den au\u00dfergew\u00f6hnlichsten Juwelen und bietet ihnen herausragende Qualit\u00e4t sowie tadellosen Service.&nbsp;<\/p>\n\n\n\n<p class=\"has-text-align-center\">Unsere Kunden sind in den komfortablen B\u00fcro- und Ausstellungsr\u00e4umen im Diamond District sowie in Paris \u00fcber das Schwesterunternehmen <a title=\"Galeries du Diamant\" href=\"http:\/\/gdparis.com\" target=\"_blank\" rel=\"noreferrer noopener nofollow\">Galeries du Diamant<\/a> herzlich willkommen.<\/p>\n\n\n\n<div class=\"wp-block-media-text alignwide is-stacked-on-mobile\"><figure class=\"wp-block-media-text__media\"><img decoding=\"async\" width=\"1282\" height=\"1600\" src=\"https:\/\/ajediam.com\/wp-content\/uploads\/2023\/11\/ajediam-gd-partner.png\" alt=\"Galeries du Diamant image\" class=\"wp-image-11436 size-full\" srcset=\"https:\/\/ajediam.com\/wp-content\/uploads\/2023\/11\/ajediam-gd-partner.png 1282w, https:\/\/ajediam.com\/wp-content\/uploads\/2023\/11\/ajediam-gd-partner-240x300.png 240w, https:\/\/ajediam.com\/wp-content\/uploads\/2023\/11\/ajediam-gd-partner-768x959.png 768w, https:\/\/ajediam.com\/wp-content\/uploads\/2023\/11\/ajediam-gd-partner-1231x1536.png 1231w\" sizes=\"(max-width: 1282px) 100vw, 1282px\" \/><\/figure><div class=\"wp-block-media-text__content\">\n<h3 class=\"wp-block-heading rb-300\">Galeries du Diamant<\/h3>\n\n\n\n<p>Im Jahr 2018 mit dem Titel <a href=\"https:\/\/hrdantwerp.com\/nl\/retail\" target=\"_blank\" rel=\"noreferrer noopener nofollow\">HRD Center of Excellence<\/a> ausgezeichnet, ist <a href=\"https:\/\/gdparis.com\/\" target=\"_blank\" rel=\"noreferrer noopener nofollow\">Galeries du Diamant<\/a> eine elegante Boutique hinter den Galeries Lafayette. Sie bietet Antwerpener Diamanten, Gro\u00dfhandelspreise, Goldschmiedekunst f\u00fcr feinen Schmuck sowie Diamanten-Expertise in Paris.<\/p>\n<\/div><\/div>\n\n\n\n<div class=\"wp-block-media-text alignwide has-media-on-the-right is-stacked-on-mobile\"><div class=\"wp-block-media-text__content\">\n<h3 class=\"wp-block-heading rb-300\">OnlyJewels.com<\/h3>\n\n\n\n<p>Die vollst\u00e4ndig von Branchenexperten entwickelte Plattform bietet K\u00e4ufern von feinem Schmuck eine exklusive, ma\u00dfgeschneiderte digitale Reise. <a href=\"https:\/\/www.onlyjewels.com\/\" target=\"_blank\" rel=\"noreferrer noopener nofollow\">OnlyJewels<\/a> bietet eine sorgf\u00e4ltig kuratierte Auswahl an preisgekr\u00f6ntem Designerschmuck, au\u00dfergew\u00f6hnlichen Edelsteinen und edlen Objekten. Die detailreichen Pr\u00e4sentationen sowie die redaktionellen Inhalte enth\u00fcllen die wahre Welt des feinen Schmucks und seine vielen brillanten Facetten.&nbsp;<\/p>\n<\/div><figure class=\"wp-block-media-text__media\"><img decoding=\"async\" width=\"1259\" height=\"1251\" src=\"https:\/\/ajediam.com\/wp-content\/uploads\/2023\/11\/ajediam-oj-partner.png\" alt=\"OnlyJewels.com image\" class=\"wp-image-11442 size-full\" srcset=\"https:\/\/ajediam.com\/wp-content\/uploads\/2023\/11\/ajediam-oj-partner.png 1259w, https:\/\/ajediam.com\/wp-content\/uploads\/2023\/11\/ajediam-oj-partner-300x298.png 300w, https:\/\/ajediam.com\/wp-content\/uploads\/2023\/11\/ajediam-oj-partner-150x150.png 150w, https:\/\/ajediam.com\/wp-content\/uploads\/2023\/11\/ajediam-oj-partner-768x763.png 768w\" sizes=\"(max-width: 1259px) 100vw, 1259px\" \/><\/figure><\/div>\n\n\n\n<div class=\"wp-block-media-text alignwide is-stacked-on-mobile\"><figure class=\"wp-block-media-text__media\"><img decoding=\"async\" width=\"1199\" height=\"1600\" src=\"https:\/\/ajediam.com\/wp-content\/uploads\/2023\/11\/ajediam-ojstudio-partner.jpeg\" alt=\"OJ Studio! image\" class=\"wp-image-11444 size-full\" srcset=\"https:\/\/ajediam.com\/wp-content\/uploads\/2023\/11\/ajediam-ojstudio-partner.jpeg 1199w, https:\/\/ajediam.com\/wp-content\/uploads\/2023\/11\/ajediam-ojstudio-partner-225x300.jpeg 225w, https:\/\/ajediam.com\/wp-content\/uploads\/2023\/11\/ajediam-ojstudio-partner-768x1025.jpeg 768w, https:\/\/ajediam.com\/wp-content\/uploads\/2023\/11\/ajediam-ojstudio-partner-1151x1536.jpeg 1151w\" sizes=\"(max-width: 1199px) 100vw, 1199px\" \/><\/figure><div class=\"wp-block-media-text__content\">\n<h3 class=\"wp-block-heading rb-300\">OJ Studio!<\/h3>\n\n\n\n<p>Das einzige Medienproduktionsteam im Diamantenviertel von Antwerpen. OJ Studio kreiert Multimedia-L\u00f6sungen f\u00fcr feinen Schmuck.<\/p>\n<\/div><\/div>\n\n\n\n<div class=\"wp-block-media-text alignwide has-media-on-the-right is-stacked-on-mobile\"><div class=\"wp-block-media-text__content\">\n<h3 class=\"wp-block-heading rb-300\">Art &amp; Jewels<\/h3>\n\n\n\n<p><a title=\"Beate Kalisch\" href=\"https:\/\/www.bundesverband-gutachter.de\/user-vcard?task=search&amp;user_id=3235\" target=\"_blank\" rel=\"noreferrer noopener nofollow\">Beate Kalisch<\/a> ist eine renommierte deutsche Gemmologin und Expertin f\u00fcr feinen Schmuck. Bei Art &amp; Jewels erz\u00e4hlt sie mit Leidenschaft alles \u00fcber Edelsteine und Juwelen. Beate bietet ihre Expertise an und teilt die Tipps und Tricks, die sie in den letzten 30 Jahren in der Schmuckbranche gesammelt hat.<\/p>\n<\/div><figure class=\"wp-block-media-text__media\"><img decoding=\"async\" width=\"1303\" height=\"1066\" src=\"https:\/\/ajediam.com\/wp-content\/uploads\/2023\/12\/ajediam-art-and-jewels-1.jpeg\" alt=\"\" class=\"wp-image-11698 size-full\" srcset=\"https:\/\/ajediam.com\/wp-content\/uploads\/2023\/12\/ajediam-art-and-jewels-1.jpeg 1303w, https:\/\/ajediam.com\/wp-content\/uploads\/2023\/12\/ajediam-art-and-jewels-1-300x245.jpeg 300w, https:\/\/ajediam.com\/wp-content\/uploads\/2023\/12\/ajediam-art-and-jewels-1-768x628.jpeg 768w\" sizes=\"(max-width: 1303px) 100vw, 1303px\" \/><\/figure><\/div>\n\n\n\n<div class=\"wp-block-media-text alignwide is-stacked-on-mobile\"><figure class=\"wp-block-media-text__media\"><img decoding=\"async\" width=\"768\" height=\"768\" src=\"https:\/\/ajediam.com\/wp-content\/uploads\/2024\/07\/xgoud-logo.webp\" alt=\"xgoud\" class=\"wp-image-55206 size-full\" srcset=\"https:\/\/ajediam.com\/wp-content\/uploads\/2024\/07\/xgoud-logo.webp 768w, https:\/\/ajediam.com\/wp-content\/uploads\/2024\/07\/xgoud-logo-300x300.webp 300w, https:\/\/ajediam.com\/wp-content\/uploads\/2024\/07\/xgoud-logo-150x150.webp 150w\" sizes=\"(max-width: 768px) 100vw, 768px\" \/><\/figure><div class=\"wp-block-media-text__content\">\n<h3 class=\"wp-block-heading rb-300\">XGOUD<\/h3>\n\n\n\n<p><a href=\"https:\/\/www.xgoud.nl\" target=\"_blank\" data-type=\"link\" data-id=\"https:\/\/www.xgoud.nl\" rel=\"noreferrer noopener nofollow\">XGoud <\/a>ist ein Familienunternehmen in dritter Generation und heute der beste Gutachter und Ank\u00e4ufer von Edelmetallen und Schmuck in den Niederlanden. Es bietet Ihnen zuverl\u00e4ssige, faire und transparente Angebote, wo auch immer Sie sich befinden.<\/p>\n<\/div><\/div>\n","protected":false},"excerpt":{"rendered":"<p>Wir haben unsere Kr\u00e4fte geb\u00fcndelt, um die sch\u00f6nsten Juwelen anzubieten. Im Jahr 2021 schloss sich Ajediam dem OnlyJewels-\u00d6kosystem an. Bestehend aus f\u00fcnf Unternehmen f\u00fcr feinen Schmuck \u2013 Ajediam, OnlyJewels, Art &amp; Jewels, OJ Studio und Antwerp Ateliers \u2013 verbindet es Kunden mit den au\u00dfergew\u00f6hnlichsten Juwelen und bietet ihnen herausragende Qualit\u00e4t sowie tadellosen Service.&nbsp; Unsere Kunden [&hellip;]<\/p>\n","protected":false},"author":5,"featured_media":55585,"parent":54465,"menu_order":2,"comment_status":"closed","ping_status":"closed","template":"partners-page.php","meta":{"ub_ctt_via":"","footnotes":""},"acf":[],"featured_image_src":"https:\/\/ajediam.com\/wp-content\/uploads\/2024\/10\/Screenshot-2024-10-03-at-10.39.10.png","_links":{"self":[{"href":"https:\/\/ajediam.com\/de\/wp-json\/wp\/v2\/pages\/153736"}],"collection":[{"href":"https:\/\/ajediam.com\/de\/wp-json\/wp\/v2\/pages"}],"about":[{"href":"https:\/\/ajediam.com\/de\/wp-json\/wp\/v2\/types\/page"}],"author":[{"embeddable":true,"href":"https:\/\/ajediam.com\/de\/wp-json\/wp\/v2\/users\/5"}],"replies":[{"embeddable":true,"href":"https:\/\/ajediam.com\/de\/wp-json\/wp\/v2\/comments?post=153736"}],"version-history":[{"count":1,"href":"https:\/\/ajediam.com\/de\/wp-json\/wp\/v2\/pages\/153736\/revisions"}],"predecessor-version":[{"id":153738,"href":"https:\/\/ajediam.com\/de\/wp-json\/wp\/v2\/pages\/153736\/revisions\/153738"}],"up":[{"embeddable":true,"href":"https:\/\/ajediam.com\/de\/wp-json\/wp\/v2\/pages\/54465"}],"wp:featuredmedia":[{"embeddable":true,"href":"https:\/\/ajediam.com\/de\/wp-json\/wp\/v2\/media\/55585"}],"wp:attachment":[{"href":"https:\/\/ajediam.com\/de\/wp-json\/wp\/v2\/media?parent=153736"}],"curies":[{"name":"wp","href":"https:\/\/api.w.org\/{rel}","templated":true}]}}