{"id":153753,"date":"2019-04-04T09:08:09","date_gmt":"2019-04-04T09:08:09","guid":{"rendered":"https:\/\/ajediam.com\/identifizierung\/diamond-tester\/"},"modified":"2026-02-24T13:37:47","modified_gmt":"2026-02-24T13:37:47","slug":"diamond-tester","status":"publish","type":"page","link":"https:\/\/ajediam.com\/de\/identifizierung\/diamond-tester\/","title":{"rendered":"Diamanttester"},"content":{"rendered":"<p><div class='row vc_row '><div class='col-md-12 '><h2 class='section-title'>Wie zuverl\u00e4ssig sind Diamanttester? Erfahren Sie, wie Sie Diamanten von beschichteten Steinen, HPHT, Simulanten, Moissanit, CZ, Zirkonen, Labordiamanten und Synthetiken unterscheiden. Diamanttester f\u00fcr geschliffene sowie rohe, ungeschliffene Diamanten: Wie sicher sind sie?<\/h2><div class='mb-4'><p>Sind konventionelle\/traditionelle Diamantpr\u00fcfger\u00e4te zuverl\u00e4ssig? So erkennen und vermeiden Sie falsche Testergebnisse.<br \/>\n<a href=\"\/fake-or-real-diamonds-test-detect-difference\">Echte oder gef\u00e4lschte Diamanten: Online erkennen<\/a><\/p><\/div><div class='row '><div class='col-md-10 col-inner'><div class='col-inwrap'><div class='mb-4'><p><strong>Diamantpr\u00fcfger\u00e4te: Wie zuverl\u00e4ssig sind sie?<\/strong><br \/>\nSie ben\u00f6tigen mehrere Pr\u00fcfger\u00e4te und elektronische Instrumente (Kostenfaktor!) und m\u00fcssen wissen, wie man sie bedient. Konventionelle Tester unterscheiden anhand von W\u00e4rmeleitf\u00e4higkeit und digitaler Reflektivit\u00e4t, aber\u2026 f\u00fcr Laien ist dennoch nichts absolut narrensicher! Beim Kauf eines Diamanten tr\u00e4gt man meist keine Pr\u00fcfger\u00e4te bei sich.<\/p>\n<p><strong>Konventionelle Diamantpr\u00fcfger\u00e4te und elektronische Instrumente erkl\u00e4rt<\/strong> \u2013 Spezieller <a href=\"#\">HPHT-Diamanttester<\/a>. Meinten Sie: <a href=\"\/fake-or-real-diamonds-test-detect-difference\">Echte oder gef\u00e4lschte Diamanten erkennen<\/a> und online testen? Konventionelle Diamantpr\u00fcfger\u00e4te unterscheiden Diamanten von den meisten Simulanten basierend auf der W\u00e4rmeleitf\u00e4higkeit.<\/p>\n<p>Dies ist die F\u00e4higkeit eines Stoffes, W\u00e4rme zu leiten. Diamanten leiten W\u00e4rme extrem gut, w\u00e4hrend die meisten Simulanten dies schlichtweg nicht tun.<\/p><\/div><\/div><\/div><div class='col-md-2 col-inner'><div class='col-inwrap'><div class='vc-image text-center'><figure><div><img src='https:\/\/ajediam.com\/wp-content\/uploads\/2019\/03\/Triple_Excellent_Hearts___Arrows_brilliant_diamond-150x150.jpg' alt=''><\/div><\/figure><\/div><\/div><\/div><\/div><div class='row '><div class='col-md-12 col-inner'><div class='col-inwrap'><div class='mb-4'><p>Konventionelle Diamantpr\u00fcfger\u00e4te unterscheiden zwischen Diamanten und den meisten Simulanten anhand der W\u00e4rmeleitf\u00e4higkeit. Dies beschreibt die F\u00e4higkeit eines Stoffes, Hitze zu \u00fcbertragen. Diamanten leiten W\u00e4rme sehr effizient, die meisten Imitate hingegen nicht.<\/p>\n<p>Hinweis: Moissanit ist ebenfalls ein guter W\u00e4rmeleiter.<br \/>\nEin Stein, der bei einem herk\u00f6mmlichen Tester als Diamant angezeigt wird, kann sich dennoch als Moissanit herausstellen.<\/p>\n<p>Ein herk\u00f6mmliches Diamantpr\u00fcfger\u00e4t verf\u00fcgt \u00fcber eine Metallspitze, die hei\u00df wird und den W\u00e4rmeverlust misst, wenn sie auf eine Substanz aufgesetzt wird.<br \/>\nWird diese Spitze auf einen Diamanten gesetzt, entzieht der Diamant der Spitze die W\u00e4rme, woraufhin das Ger\u00e4t \u201eDiamant\u201c anzeigt.<\/p>\n<p>Einige Simulanten, wie der wei\u00dfe Saphir, k\u00f6nnen W\u00e4rme ebenfalls leiten, jedoch nicht ann\u00e4hernd so gut wie ein Diamant.<\/p>\n<p>Ein Diamanttester muss in der Lage sein, diese schw\u00e4cheren Leiter von echten Diamanten zu unterscheiden. Die meisten Ger\u00e4te werden bei solchen Objekten keinen Diamanten registrieren.<\/p>\n<p>Ein Problem beim Testen kann auftreten, wenn die Spitze des Ger\u00e4ts versehentlich eine Metallfassung (Kralle) ber\u00fchrt.<\/p>\n<p>Wenn das Objekt sowohl W\u00e4rme als auch Elektrizit\u00e4t gut leitet, wurde Metall ber\u00fchrt. (Hinweis: Moissanit leitet ebenfalls Elektrizit\u00e4t, aber nicht so gut wie ein Diamant; die Metallanzeige sollte bei Moissanit nicht ausschlagen.)<\/p>\n<p>Es muss eine Methode zur Unterscheidung von Diamant und Moissanit angewandt werden. Da es heute verschiedene Verfahren gibt, ist es notwendig, einen Stein mit einem Moissanit-Tester an mehreren Stellen zu pr\u00fcfen.<\/p>\n<p>Zuerst muss immer ein konventioneller Diamanttester verwendet werden. Dieser zeigt zweifelsfrei, ob der Stein entweder ein Simulant oder ein Diamant\/Moissanit ist. Sobald ein Stein als gew\u00f6hnlicher Simulant entlarvt wurde, gibt es keinen Grund f\u00fcr weitere Tests mit einem Moissanit-Pr\u00fcfger\u00e4t.<\/p>\n<p>Ein elektrischer Leitf\u00e4higkeitstester, wie der MT2 Moissanite Terminator, zeigt Moissanit an und sollte idealerweise eingesetzt werden, nachdem ein thermisches Pr\u00fcfger\u00e4t andere Simulanten bereits ausgeschlossen hat.<\/p><\/div><\/div><\/div><\/div><div class='row '><div class='col-md-12 col-inner'><div class='col-inwrap'><div class='mb-4'><p><strong>So testen Sie rohe, ungeschliffene Diamanten:<\/strong> Gef\u00e4lschte Rohdiamanten bestehen oft aus Glas, das mit Diamantpulver beschichtet wurde.<br \/>\nEin Diamanttester wird Ihnen f\u00e4lschlicherweise anzeigen, dass es ein Rohdiamant ist!<br \/>\nSo unterscheiden Sie gef\u00e4lschte von echten Rohdiamanten: Schleifen oder polieren Sie einen Teil der Oberfl\u00e4che des Rohsteins, um die Beschichtung zu entfernen.<\/p>\n<p>Testen Sie dann mit dem Diamantpr\u00fcfger\u00e4t direkt auf dem geschliffenen oder polierten Teil des Steins.<\/p>\n<p>Erschwingliche Diamant-\/Gold-Tester und elektronische Instrumente f\u00fcr Gemmologen, Juweliere, Gutachter und Steinschleifer: http:\/\/www.gemworld.com\/DiamondTesters.asp &#8211; http:\/\/www.swissaxe.be\/products\/testers\/gold_tester.html<\/p>\n<p><strong>Erkennung und Tests von HPHT- und synthetischen Diamanten:<\/strong><\/p>\n<p>D-Screen, eine praktische Analyse. Er identifiziert nat\u00fcrliche Diamanten gegen\u00fcber Synthetiken und\/oder farbverbesserten Steinen mittels HPHT \u2013 entwickelt vom HRD (Hoher Rat f\u00fcr Diamanten) im Antwerp World Diamond Center.<\/p>\n<p>Eine HPHT-Behandlung muss auf dem Zertifikat angegeben und per Laser auf der Rundiste des Diamanten eingraviert sein (bei seri\u00f6sen Laboren).<br \/>\nLesen Sie mehr \u00fcber <a href=\"\/hp-ht-treatment-diamonds\">HPHT-behandelte<\/a> Diamanten.<\/p>\n<p><a href=\"\/specific-gravity-density-hardness-weight-precious-stones-minerals\"><strong>Diamanten testen<\/strong><\/a> nach spezifischem Gewicht, Dichte, H\u00e4rte, Gewicht + Lichtbrechung von Edelsteinen und Mineralien.<\/p>\n<p>Echte oder gef\u00e4lschte Diamanten: Unterschiede erkennen, <a href=\"\/fake-or-real-diamonds-test-detect-difference\"><strong>online testen<\/strong><\/a>.<\/p><\/div><\/div><\/div><\/div><\/div><\/div> <div class='row vc_row '><div class='col-md-3 '><\/div><div class='col-md-3 '><div style='height: 32px;'><\/div><a class='lab-button' href='http:\/\/ajediam.com\/engagement-rings' target='' title='url:http:\/\/ajediam.com\/engagement-rings|'>JETZT SHOPPEN<\/a><\/div><div class='col-md-3 '><div style='height: 32px;'><\/div><a class='lab-button' href='https:\/\/ajediam.com\/de\/schnellanfrageformular\/' target='' title='url:https:\/\/ajediam.com\/de\/schnellanfrageformula'>ZUM KAUFBERATER<\/a><\/div><div class='col-md-3 '><\/div><\/div> <div class='row vc_row '><div class='col-md-2 '><\/div><div class='col-md-8 '><div style='height: 32px;'><\/div><div class='vc-image '><figure><a href='\/diamonds-from-one-to-20ct' class='d-block'><img src='https:\/\/ajediam.com\/wp-content\/uploads\/2019\/03\/Ajediam_footer_Buy_now_13_03_2015.jpg' alt=''><\/a><\/figure><\/div><\/div><div class='col-md-2 '><\/div><\/div> <\/p>\n","protected":false},"excerpt":{"rendered":"","protected":false},"author":5,"featured_media":0,"parent":153399,"menu_order":0,"comment_status":"closed","ping_status":"closed","template":"","meta":{"ub_ctt_via":"","footnotes":""},"acf":[],"featured_image_src":null,"_links":{"self":[{"href":"https:\/\/ajediam.com\/de\/wp-json\/wp\/v2\/pages\/153753"}],"collection":[{"href":"https:\/\/ajediam.com\/de\/wp-json\/wp\/v2\/pages"}],"about":[{"href":"https:\/\/ajediam.com\/de\/wp-json\/wp\/v2\/types\/page"}],"author":[{"embeddable":true,"href":"https:\/\/ajediam.com\/de\/wp-json\/wp\/v2\/users\/5"}],"replies":[{"embeddable":true,"href":"https:\/\/ajediam.com\/de\/wp-json\/wp\/v2\/comments?post=153753"}],"version-history":[{"count":2,"href":"https:\/\/ajediam.com\/de\/wp-json\/wp\/v2\/pages\/153753\/revisions"}],"predecessor-version":[{"id":153757,"href":"https:\/\/ajediam.com\/de\/wp-json\/wp\/v2\/pages\/153753\/revisions\/153757"}],"up":[{"embeddable":true,"href":"https:\/\/ajediam.com\/de\/wp-json\/wp\/v2\/pages\/153399"}],"wp:attachment":[{"href":"https:\/\/ajediam.com\/de\/wp-json\/wp\/v2\/media?parent=153753"}],"curies":[{"name":"wp","href":"https:\/\/api.w.org\/{rel}","templated":true}]}}