{"id":153758,"date":"2019-04-08T07:42:09","date_gmt":"2019-04-08T07:42:09","guid":{"rendered":"https:\/\/ajediam.com\/identifizierung\/guarantees-certified-diamonds\/"},"modified":"2026-02-24T13:43:26","modified_gmt":"2026-02-24T13:43:26","slug":"zertifizierte-diamanten","status":"publish","type":"page","link":"https:\/\/ajediam.com\/de\/identifizierung\/zertifizierte-diamanten\/","title":{"rendered":"Garantien f\u00fcr zertifizierte Diamanten"},"content":{"rendered":"<p><div class='row vc_row '><div class='col-md-12 '><div class='mb-4'><p>Welche Art von Zertifizierung gibt es f\u00fcr Ihre Diamanten? Was sind die Garantien?<\/p>\n<p><a href=\"\/gems-grading-certificate-antwerp\"><strong>1. International graduiert und zertifizierte Diamanten<\/strong><\/a> von internationalen Diamantlaboren: GIA, HRD und IGI<\/p>\n<p><a href=\"\/kimberley-process-certificate\"><strong>2. Das Kimberley-Prozess-Zertifizierungssystem (KPCS)<\/strong><\/a> (nur f\u00fcr den Import von Rohdiamanten erforderlich)<\/p>\n<p>Das Verfahren, durch das die Herkunft von Diamanten zertifiziert werden kann. Im Mai 2000 trafen sich die diamantproduzierenden L\u00e4nder des s\u00fcdlichen Afrikas in Kimberley, S\u00fcdafrika, um eine Methode zu planen, mit der der Handel mit <a href=\"\/blood-diamonds\">Konfliktdiamanten<\/a> gestoppt werden kann und K\u00e4ufer von Diamanten die Gewissheit haben, dass ihre Diamanten nicht zu Gewalt beigetragen haben.<\/p>\n<p>Am 19. Juli 2000 verabschiedete der Weltdiamantenkongress in Antwerpen eine Resolution zur St\u00e4rkung der F\u00e4higkeit der Diamantenindustrie, den Verkauf von Konfliktdiamanten zu unterbinden. Die Resolution forderte ein internationales Zertifizierungssystem f\u00fcr den Export und Import von Diamanten, eine Gesetzgebung in allen L\u00e4ndern, die nur offiziell versiegelte Diamantenpakete akzeptiert, die Verh\u00e4ngung von Strafanzeigen gegen jeden, der mit Konfliktdiamanten handelt, und ein Verbot f\u00fcr jede Person, die beim Handel mit Konfliktdiamanten an den Diamantenb\u00f6rsen der World Federation of Diamond Bourses angetroffen wird.<\/p>\n<p>Am 17. und 18. Januar 2001 traten Pers\u00f6nlichkeiten der Diamantenindustrie zusammen und gr\u00fcndeten die neue Organisation, den World Diamond Council. Dieses neue Gremium machte sich daran, ein neues Verfahren zu entwerfen, mit dem alle Rohdiamanten als aus konfliktfreien Quellen stammend zertifiziert werden k\u00f6nnen.<\/p>\n<p>Das KPCS wurde am 13. M\u00e4rz 2002 von den Vereinten Nationen genehmigt, und im November, nach zweij\u00e4hrigen Verhandlungen zwischen Regierungen, Diamantenproduzenten und Nichtregierungsorganisationen, wurde das Kimberley-Prozess-Zertifizierungssystem (KPCS) ins Leben gerufen.<br \/>\nMehr dazu unter: http:\/\/de.wikipedia.org\/wiki\/Blutdiamant<\/p><\/div><\/div><\/div> <div class='row vc_row '><div class='col-md-3 '><\/div><div class='col-md-3 '><div style='height: 32px;'><\/div><a class='lab-button' href='http:\/\/ajediam.com\/engagement-rings' target='' title='url:http:\/\/ajediam.com\/engagement-rings|'>JETZT SHOPPEN<\/a><\/div><div class='col-md-3 '><div style='height: 32px;'><\/div><a class='lab-button' href='https:\/\/ajediam.com\/de\/schnellanfrageformular\/' target='' title='url:https:\/\/ajediam.com\/de\/schnellanfrageformula'><\/a><\/div><div class='col-md-3 '><\/div><\/div> <div class='row vc_row '><div class='col-md-2 '><\/div><div class='col-md-8 '><div style='height: 32px;'><\/div><div class='vc-image '><figure><div><img src='https:\/\/ajediam.com\/wp-content\/uploads\/2019\/03\/Ajediam_footer_Buy_now_13_03_2015.jpg' alt=''><\/div><\/figure><\/div><\/div><div class='col-md-2 '><\/div><\/div> <\/p>\n","protected":false},"excerpt":{"rendered":"","protected":false},"author":5,"featured_media":0,"parent":153399,"menu_order":0,"comment_status":"closed","ping_status":"closed","template":"","meta":{"ub_ctt_via":"","footnotes":""},"acf":[],"featured_image_src":null,"_links":{"self":[{"href":"https:\/\/ajediam.com\/de\/wp-json\/wp\/v2\/pages\/153758"}],"collection":[{"href":"https:\/\/ajediam.com\/de\/wp-json\/wp\/v2\/pages"}],"about":[{"href":"https:\/\/ajediam.com\/de\/wp-json\/wp\/v2\/types\/page"}],"author":[{"embeddable":true,"href":"https:\/\/ajediam.com\/de\/wp-json\/wp\/v2\/users\/5"}],"replies":[{"embeddable":true,"href":"https:\/\/ajediam.com\/de\/wp-json\/wp\/v2\/comments?post=153758"}],"version-history":[{"count":3,"href":"https:\/\/ajediam.com\/de\/wp-json\/wp\/v2\/pages\/153758\/revisions"}],"predecessor-version":[{"id":153762,"href":"https:\/\/ajediam.com\/de\/wp-json\/wp\/v2\/pages\/153758\/revisions\/153762"}],"up":[{"embeddable":true,"href":"https:\/\/ajediam.com\/de\/wp-json\/wp\/v2\/pages\/153399"}],"wp:attachment":[{"href":"https:\/\/ajediam.com\/de\/wp-json\/wp\/v2\/media?parent=153758"}],"curies":[{"name":"wp","href":"https:\/\/api.w.org\/{rel}","templated":true}]}}