{"id":153763,"date":"2019-04-17T11:13:43","date_gmt":"2019-04-17T11:13:43","guid":{"rendered":"https:\/\/ajediam.com\/identifizierung\/fake-or-real-diamonds-test\/"},"modified":"2026-02-24T13:47:55","modified_gmt":"2026-02-24T13:47:55","slug":"test-auf-echte-oder-gefalschte-diamanten","status":"publish","type":"page","link":"https:\/\/ajediam.com\/de\/identifizierung\/test-auf-echte-oder-gefalschte-diamanten\/","title":{"rendered":"Test zum Erkennen von echten oder gef\u00e4lschten Diamanten: Unterschiede feststellen"},"content":{"rendered":"<p><div class='row vc_row '><div class='col-md-12 '><div class='mb-4'><p><\/p>\n<h4>Wie erkennt man echte von gef\u00e4lschten Diamanten online?\u200b<br \/>\nIdentifizieren Sie diese jetzt hier online! Unterscheiden Sie echte, nat\u00fcrliche und unbehandelte Diamanten von<br \/>\nF\u00e4lschungen, Simulanten, Moissanit, Imitaten, CZ, Zirkonen, Zuchtsteinen, Synthetiken, k\u00fcnstlich hergestellten Steinen, Doubletten, Kristall, Glas und all den schmutzigen Tricks.<\/h4>\n<p>Erkennen Sie Imitationen, Repliken und entlarven Sie F\u00e4lschungen. Vermeiden Sie Betrug bei geschliffenen und rohen Diamanten.<\/p>\n<p>Lesen Sie mehr \u00fcber <a href=\"#\">schlechte Einkaufserfahrungen<\/a><\/p><\/div><\/div><\/div> <div class='row vc_row '><div class='col-md-12 '><div class='mb-4'><p><em><strong>Die erste Regel, um Betrug zu vermeiden: Kaufen Sie NIEMALS einen Diamanten, der bereits in einem Ring oder Schmuckst\u00fcck gefasst ist!<\/strong><\/em><\/p><\/div><div class='row '><div class='col-md-6 col-inner'><div class='col-inwrap'><div class='mb-4'><p><em>Warum? Sie k\u00f6nnen Folgendes NICHT MEHR kontrollieren:<\/em><\/p>\n<p><em>&#8211; ob der Diamant echt oder gef\u00e4lscht ist,<\/em><\/p>\n<p><em>&#8211; das Gewicht,<\/em><\/p>\n<p><em>&#8211; die Schliffqualit\u00e4t (Cut),<\/em><\/p>\n<p><em>&#8211; die Qualit\u00e4t der Proportionen,<\/em><\/p>\n<p><em>&#8211; die Qualit\u00e4t der Symmetrie,<\/em><\/p>\n<p><em>&#8211; das Hearts &amp; Arrows Muster,<\/em><\/p><\/div><\/div><\/div><div class='col-md-6 col-inner'><div class='col-inwrap'><div class='mb-4'><p><em>&#8211; die Dicke der Rundiste,<\/em><\/p>\n<p><em>&#8211; die exakte Farbe,<\/em><\/p>\n<p><em>&#8211; die exakte Reinheit,<\/em><\/p>\n<p><em>&#8211; die Fluoreszenz,<\/em><\/p>\n<p><em>&#8211; das Zertifikat: kann vertauscht oder gef\u00e4lscht sein,<\/em><\/p>\n<p><em>&#8211; die Lasergravur auf der Rundiste des Diamanten ist die wichtigste Garantie f\u00fcr den Diamanten.<\/em><\/p><\/div><\/div><\/div><\/div><div class='mb-4'><p><\/p>\n<p style=\"text-align: center;\"><em>Wer kann garantieren, dass der Stein derselbe ist wie auf einem durchschnittlichen (vielleicht vertauschten) Zertifikat, das beiliegt?<\/em><\/p>\n<p style=\"text-align: center;\"><em>Um sicher zu gehen, muss der Diamant aus dem Schmuckst\u00fcck ausgefasst werden, um ihn als losen Stein von GIA, HRD oder IGI zertifizieren zu lassen. <\/em><br \/>\n<em>Keine anderen Labore sind vertrauensw\u00fcrdig!<\/em><\/p>\n<p><\/p><\/div><div class='row '><div class='col-md-12 col-inner'><div class='col-inwrap'><div class='mb-4'><p><strong>Der Verkauf von gef\u00e4lschten oder imitierten Diamanten ist betr\u00fcgerisch und illegal!<\/strong><br \/>\nWir empfehlen, mehrere einfache Tests kostenlos und ohne herk\u00f6mmliches Diamantpr\u00fcfger\u00e4t durchzuf\u00fchren, um den Unterschied zwischen gef\u00e4lschten und echten geschliffenen oder rohen Diamanten zu erkennen. Beim Kauf eines Diamanten haben die meisten Menschen kein Pr\u00fcfger\u00e4t zur Hand.<\/p>\n<p>Lesen Sie hier, wie Sie sich sch\u00fctzen k\u00f6nnen:<\/p><\/div><\/div><\/div><\/div><div class='row '><div class='col-md-9 col-inner'><div class='col-inwrap'><div class='mb-4'><p><\/p>\n<div align=\"left\"><strong>Doublette:<\/strong><\/div>\n<div align=\"left\"><\/div>\n<div align=\"left\">Nur die d\u00fcnne Oberfl\u00e4che der Tafel ist ein Diamant. Der Rest ist ein Simulant! Man erkennt dies unter der Lupe.<\/div>\n<p><\/p><\/div><\/div><\/div><div class='col-md-3 col-inner'><div class='col-inwrap'><div class='vc-image '><figure><div><img src='https:\/\/ajediam.com\/wp-content\/uploads\/2019\/03\/Doublette_Only_table_is_diamond_Rest_is_Simulant.jpg' alt=''><\/div><\/figure><\/div><\/div><\/div><\/div><div class='mb-4'><p><strong>Gewicht:<\/strong><br \/>\nJedes Mineral und jeder synthetische Stein hat ein spezifisches Gewicht. Geschliffene und rohe Diamanten ebenso! Verwechseln Sie nicht Gr\u00f6\u00dfe mit Gewicht!<br \/>\nKennen Sie das spezifische Gewicht von geschliffenen und ungeschliffenen Rohdiamanten. Sie unterscheiden sich deutlich von Simulanten, Moissanit, CZ, Zirkonen, Zuchtsteinen, Synthetiken und anderen F\u00e4lschungen. <a href=\"\/specific-gravity-density-hardness-weight-precious-stones-minerals\">Spezifisches Gewicht ansehen<\/a><\/p>\n<p>Beispiel: Ein CZ-Zirkonia wiegt etwa 1,31 Karat oder etwa 55 % mehr als ein Diamant der gleichen Gr\u00f6\u00dfe.<br \/>\nEin Moissanit von 6,5 mm (Gr\u00f6\u00dfe eines Einkar\u00e4ters) im Brillantschliff wiegt etwa 0,87 Karat.<br \/>\nVergleichen Sie den Stein mit einem echten Diamanten: Verwenden Sie eine Karat- oder Grammwaage.<\/p><\/div><div class='row '><div class='col-md-9 col-inner'><div class='col-inwrap'><div class='mb-4'><p><\/p>\n<div align=\"left\">\n<p><strong>Scharfe oder gezackte Kanten an den Facetten<\/strong><br \/>\nmachen den Unterschied zwischen gef\u00e4lschten und echten Diamanten.<\/p>\n<p>Abgenutzte Kanten an den Facetten bedeuten: F\u00e4lschung! Leicht zu erkennen. Sichtbar unter 10-facher Vergr\u00f6\u00dferung der Lupe, ganz ohne andere Instrumente.<\/p>\n<\/div>\n<p><\/p><\/div><\/div><\/div><div class='col-md-3 col-inner'><div class='col-inwrap'><div class='vc-image '><figure><div><img src='https:\/\/ajediam.com\/wp-content\/uploads\/2019\/03\/Abraded_facets_of_fake_diamonds.jpg' alt=''><\/div><\/figure><\/div><\/div><\/div><\/div><div class='row '><div class='col-md-9 col-inner'><div class='col-inwrap'><div class='mb-4'><p><\/p>\n<div align=\"left\">\n<p><em><strong>Transparenz:<\/strong><\/em><br \/>\n<em>Zeichnen Sie eine Linie auf ein Blatt Papier. Legen Sie den Stein mit der Oberseite nach unten auf die Linie. Wenn die Linie durch den Stein hindurch sichtbar ist, handelt es sich um eine F\u00e4lschung. Beachten Sie, dass die Linie bei kleineren Diamanten nur schwer zu erkennen ist!<\/em><\/p>\n<p><em>Wenn der Diamant gefasst ist, legen Sie ihn umgedreht auf ein St\u00fcck Papier. Wenn Sie durch den Stein hindurch Schrift lesen oder auch nur Flecken sehen k\u00f6nnen, ist es wahrscheinlich kein Diamant. Man sollte von oben betrachtet nicht bis zum Boden sehen k\u00f6nnen. Diamanten haben einen hohen Brechungsindex.<\/em><\/p>\n<\/div>\n<p><\/p><\/div><\/div><\/div><div class='col-md-3 col-inner'><div class='col-inwrap'><div class='vc-image '><figure><div><img src='https:\/\/ajediam.com\/wp-content\/uploads\/2019\/03\/Cognac_fancy_diamonds.jpg' alt=''><\/div><\/figure><\/div><\/div><\/div><\/div><div class='row '><div class='col-md-9 col-inner'><div class='col-inwrap'><div class='mb-4'><p><\/p>\n<div align=\"left\">\n<p><em><strong>H\u00e4rte:<\/strong><\/em><br \/>\n<em>Wenn der Stein bei 10-facher Vergr\u00f6\u00dferung abgenutzte Facettenkanten aufweist, ist es kein Diamant.<\/em><\/p>\n<p><em>Nehmen Sie ein St\u00fcck Schleifpapier und den Stein. Wenn der Stein besch\u00e4digt wird, ist er eine F\u00e4lschung! \u201eKratztests\u201c auf Glas, Metall oder Steinen:<\/em><br \/>\n<em>Diamanten schneiden und zerkratzen alles. F\u00e4lschungen nicht. Diamanten sind das h\u00e4rteste Material, das existiert!<\/em><\/p>\n<p><em>Gef\u00e4lschte ungeschliffene Rohdiamanten sind meist Kristalle, die mittels Nanotechnologie mit Diamantstaub beschichtet wurden.<\/em><br \/>\n<em>Gef\u00e4lschte rohe und geschliffene Steine werden durch Schleifpapier oder auf der Schleifscheibe besch\u00e4digt. Sie sind zudem im Diamantlabor von Profis leicht identifizierbar.<\/em><\/p>\n<\/div>\n<p><\/p><\/div><\/div><\/div><div class='col-md-3 col-inner'><div class='col-inwrap'><div class='vc-image '><figure><div><img src='https:\/\/ajediam.com\/wp-content\/uploads\/2019\/03\/hardness.jpg' alt=''><\/div><\/figure><\/div><\/div><\/div><\/div><div class='row '><div class='col-md-9 col-inner'><div class='col-inwrap'><div class='mb-4'><p><\/p>\n<div align=\"left\">\n<p><em><strong>Reinheit und Einschl\u00fcsse:<\/strong><\/em><br \/>\n<em><a href=\"\/diamond-clarity\">Einschl\u00fcsse in Diamanten<\/a> helfen bei der Bestimmung, ob es ein echter Diamant ist. Innere und \u00e4u\u00dfere Merkmale sind wie ein Fingerabdruck;<\/em><br \/>\n<em>keine zwei Diamanten haben die gleichen Eigenschaften.<\/em><br \/>\n<em><strong>Mit Silikon gef\u00fcllte Diamanten (Fracture-filled)!<\/strong><\/em><br \/>\n<em>Ein Diamant kann lasergebohrt werden, um schwarze Flecken oder Einschl\u00fcsse zu entfernen, und dann mit Silikon aufgef\u00fcllt werden. Der Fachbegriff lautet \u201eFracture Filled\u201c. Nach einiger Zeit l\u00f6st sich das Silikon auf und die lasergebohrten L\u00f6cher in Ihrem Diamanten f\u00fcllen sich mit Staub und schwarzen Flecken.<\/em><\/p>\n<\/div>\n<p><\/p><\/div><\/div><\/div><div class='col-md-3 col-inner'><div class='col-inwrap'><div class='vc-image '><figure><div><img src='https:\/\/ajediam.com\/wp-content\/uploads\/2019\/03\/I1_Clarity_a.jpg' alt=''><\/div><\/figure><\/div><\/div><\/div><\/div><div class='row '><div class='col-md-9 col-inner'><div class='col-inwrap'><div class='mb-4'><p><\/p>\n<div align=\"left\">\n<p><strong>Preis:<\/strong><br \/>\nBillige Diamanten:<br \/>\n50 % Rabatt auf den Preis eines Diamanten gibt es nicht!<br \/>\nWenn der Vergleichspreis zu gut erscheint, um wahr zu sein, ist er es wahrscheinlich auch!<\/p>\n<p>Gro\u00dfe Preisnachl\u00e4sse findet man meist bei betr\u00fcgerischen Verk\u00e4ufern im Internet, bei Auktionen oder in unseri\u00f6sen Gesch\u00e4ften.<\/p>\n<\/div>\n<p><\/p><\/div><\/div><\/div><div class='col-md-3 col-inner'><div class='col-inwrap'><div class='mb-4'><p><b>Rabatt 50%<\/b><\/p><\/div><div class='vc-image '><figure><div><img src='https:\/\/ajediam.com\/wp-content\/uploads\/2019\/03\/diamon_prices.jpg' alt=''><\/div><\/figure><\/div><\/div><\/div><\/div><div class='mb-4'><p><strong>Das Diamantzertifikat ist ein Original, aber der Diamant wurde vertauscht und entspricht nicht dem echten Zertifikat.<\/strong><\/p><\/div><div class='row '><div class='col-md-9 col-inner'><div class='col-inwrap'><div class='mb-4'><p><\/p>\n<div align=\"left\">\n<p><em>HRD, GIA und IGI aus dem Antwerp World Diamond Centre <\/em><br \/>\n<em>liefern immer echte Zertifikate in einer transparenten, gesicherten H\u00fclle oder mit Lasergravur auf der Rundiste. <\/em><br \/>\n<em>GIA liefert lose Diamanten in einem Paketpapier (Briefchen).<\/em><br \/>\n<em>Kontrollieren Sie die Lasergravur!<\/em><\/p>\n<\/div>\n<p><\/p><\/div><\/div><\/div><div class='col-md-3 col-inner'><div class='col-inwrap'><div class='vc-image '><figure><div><img src='https:\/\/ajediam.com\/wp-content\/uploads\/2019\/03\/HRD_diamond_certificate_3.56_cm.-300x213.jpg' alt=''><\/div><\/figure><\/div><\/div><\/div><\/div><div class='row '><div class='col-md-9 col-inner'><div class='col-inwrap'><div class='mb-4'><p><\/p>\n<div align=\"left\">\n<p><strong>Wie man gef\u00e4lschte Zertifikate erkennt: \u00dcberpr\u00fcfen Sie, ob das Zertifikat das Original ist.<\/strong><\/p>\n<p>Die Diamantlabore von HRD Antwerp, GIA und IGI haben neue Zertifikate mit verbesserten<br \/>\nSicherheitsmerkmalen und verfeinerter Schliffgraduierung, die online abgerufen und heruntergeladen werden k\u00f6nnen.<\/p>\n<p>HRD-, GIA- und IGI-Berichte sowie Diamantfarbzertifikate, die ab Januar 2005 ausgestellt wurden, k\u00f6nnen online abgerufen werden,<br \/>\n24 Stunden am Tag, sieben Tage die Woche.<\/p>\n<p>Seien Sie vorsichtig bei verwirrenden Zertifikaten, die von unabh\u00e4ngigen Gemmologen oder Gesch\u00e4ften selbst ausgestellt wurden.<\/p>\n<\/div>\n<p><\/p><\/div><\/div><\/div><div class='col-md-3 col-inner'><div class='col-inwrap'><div class='vc-image '><figure><div><img src='https:\/\/ajediam.com\/wp-content\/uploads\/2019\/03\/fake_diamond_certificates.gif' alt=''><\/div><\/figure><\/div><\/div><\/div><\/div><div class='row '><div class='col-md-9 col-inner'><div class='col-inwrap'><div class='mb-4'><p><\/p>\n<div align=\"left\">\n<p><em><strong>Gesicherte versiegelte Diamanten und\/oder Lasergravur auf der Rundiste zur Vermeidung von Vertauschungen:<\/strong> <\/em><br \/>\n<em>HRD, GIA und IGI versiegeln den zertifizierten Diamanten in einer transparenten Sicherheitsh\u00fclle, um Vertauschungen zu vermeiden!<\/em><br \/>\n<em>Wenn das Siegel gebrochen ist, wird der Text \u201ebroken seal\u201c auf der R\u00fcckseite der H\u00fclle sichtbar! <\/em><br \/>\n<em>Das bedeutet nicht zwingend, dass der Diamant eine F\u00e4lschung ist, aber Sie haben keine Garantie mehr \u00fcber die <\/em><br \/>\n<em>Qualit\u00e4t des Diamanten oder ob sich eventuell eine F\u00e4lschung in der ge\u00f6ffneten H\u00fclle befindet. Sehen Sie sich das Bild eines gebrochenen Siegels an.<\/em><\/p>\n<\/div>\n<p><\/p><\/div><\/div><\/div><div class='col-md-3 col-inner'><div class='col-inwrap'><div class='vc-image '><figure><div><img src='https:\/\/ajediam.com\/wp-content\/uploads\/2019\/03\/open_seal_secured_case_diamond_certificate_3-5cm.jpg' alt=''><\/div><\/figure><\/div><div class='mb-4'><p>Ge\u00f6ffnetes Siegel gezeigt<\/p><\/div><\/div><\/div><\/div><div class='row '><div class='col-md-9 col-inner'><div class='col-inwrap'><div class='mb-4'><p><\/p>\n<div align=\"left\">\n<p><strong>Lasergravierte Diamanten<\/strong><br \/>\nLasergravierte Diamanten, die den Namen des Labors (wie HRD, IGI, GIA)<br \/>\nund die Nummer des Zertifikats tragen, sind am sichersten!<\/p>\n<\/div>\n<p><\/p><\/div><\/div><\/div><div class='col-md-3 col-inner'><div class='col-inwrap'><div class='vc-image '><figure><div><img src='https:\/\/ajediam.com\/wp-content\/uploads\/2019\/03\/laser_inscription_HRD.jpg' alt=''><\/div><\/figure><\/div><div class='mb-4'><p>Ge\u00f6ffnetes Siegel gezeigt<\/p><\/div><\/div><\/div><\/div><div class='mb-4'><p><strong>HPHT-behandelte Diamanten:<\/strong><br \/>\nSie k\u00f6nnen einen HPHT-behandelten Diamanten kaufen, um dessen Farbe und Reinheit zum korrekten Preis zu verbessern.<br \/>\nOb ein Diamant HPHT-behandelt wurde, erfahren Sie nur durch den Vermerk auf dem Zertifikat<br \/>\nvon HRD, GIA oder IGI sowie durch die Lasergravur auf der Rundiste. &#8211; 60 % g\u00fcnstiger!<\/p><\/div><div class='row '><div class='col-md-9 col-inner'><div class='col-inwrap'><div class='mb-4'><p><\/p>\n<div align=\"left\">\n<p><a href=\"\/man-made-lab-grown-diamonds\"><em><strong>K\u00fcnstlich hergestellte, synthetische, im Labor gez\u00fcchtete Repliken:<\/strong><\/em><\/a><br \/>\n<em>Diese sind nicht mit nat\u00fcrlichen, unbehandelten Diamanten vergleichbar. Vorsicht! Lesen Sie die Zertifikate unter \u201eKommentare\u201c.<\/em><br \/>\n<em>Dort werden sie als \u201eSynthetic\u201c oder \u201eLaboratory Grown\u201c bezeichnet. Der Wert liegt 70 % unter dem Preis nat\u00fcrlicher Diamanten und<\/em><br \/>\n<em>Sie werden sie NIEMALS wiederverkaufen k\u00f6nnen. Es ist besser, Ihr Geld zu sparen und einen Zirkonia f\u00fcr 10 US$ zu kaufen!<\/em><\/p>\n<\/div>\n<p><\/p><\/div><\/div><\/div><div class='col-md-3 col-inner'><div class='col-inwrap'><div class='vc-image '><figure><div><img src='https:\/\/ajediam.com\/wp-content\/uploads\/2019\/03\/hthp_processing_part_1-3x4cm.jpg' alt=''><\/div><\/figure><\/div><\/div><\/div><\/div><div class='row '><div class='col-md-9 col-inner'><div class='col-inwrap'><div class='mb-4'><p><\/p>\n<div align=\"left\">\n<p><strong>Vertrauen:<\/strong><br \/>\n<strong>Kaufen Sie niemals \u201eschwarz\u201c, um Steuern zu vermeiden! Verlangen Sie eine R\u00fcckkaufgarantie:<\/strong><br \/>\nVerlangen Sie eine echte schriftliche Garantie ausschlie\u00dflich auf der offiziellen Rechnung!<br \/>\nKaufen Sie niemals bar ohne Rechnung! Gesch\u00e4fte, die Ihnen \u201eSchwarzverk\u00e4ufe\u201c vorschlagen, haben nur eine Absicht: Sie zu betr\u00fcgen! Es handelt sich immer um Betr\u00fcger&#8230; wie die Verk\u00e4ufer von goldenen Uhren auf der Stra\u00dfe hahaha.<\/p>\n<\/div>\n<p><\/p><\/div><\/div><\/div><div class='col-md-3 col-inner'><div class='col-inwrap'><div class='vc-image '><figure><div><img src='https:\/\/ajediam.com\/wp-content\/uploads\/2019\/03\/Ajediam_Jubileum_over_30_years_of_excellence___.jpg' alt=''><\/div><\/figure><\/div><\/div><\/div><\/div><div class='mb-4'><p><strong>Wichtiger Hinweis!<\/strong><br \/>\n<em>Au\u00dfenstehende und Nicht-Profis: Bitte seien Sie klug und widerstehen Sie der Versuchung, einen Rohdiamanten zu kaufen. <\/em><br \/>\n<em>Es erfordert viele Jahre Erfahrung, um einen Stein zu bewerten, sowie teure Sarin-Ausr\u00fcstung, um die Ausbeute aus dem Rohstein zu sch\u00e4tzen. Zu viele unwissende K\u00e4ufer haben h\u00fcbsche Glasst\u00fccke gekauft!<\/em><\/p>\n<p><strong><a href=\"\/diamond-tester\">Diamantpr\u00fcfger\u00e4te:<\/a> Wie zuverl\u00e4ssig sind sie?<\/strong><br \/>\nLesen Sie alles \u00fcber elektronische Testger\u00e4te f\u00fcr geschliffene + rohe\/ungeschliffene Diamanten und Gold, erkl\u00e4rt und getestet.<\/p>\n<p>Einige allgemeine Ratschl\u00e4ge:<br \/>\nWie jede gro\u00dfe Diamantenstadt (New York, London, Dubai, Sydney) hat auch Antwerpen seine \u201eTouristenfallen\u201c und Juweliere f\u00fcr den Massenmarkt, die am Wochenende ge\u00f6ffnet haben.<br \/>\nLesen Sie hier mehr dar\u00fcber:<br \/>\n\u201e47th Street Retailers Hit by Lawsuits\u201c von Rob Bates | 2. August 2016<br \/>\nIn den letzten Monaten wurden Juweliere im New Yorker Diamond District beschuldigt, Behandlungen nicht offengelegt und gef\u00e4lschte Graduierungsberichte verkauft zu haben.<\/p>\n<p>Ich habe noch viel mehr solcher F\u00e4lle bei Online-H\u00e4ndlern gesehen und kann zahlreiche Beweise vorlegen. Ich glaube nicht, dass einer meiner Kunden, der bei Web-H\u00e4ndlern gekauft hat, jemals Geld zur\u00fcckbekommen hat. etienne@etienneperret.com<\/p>\n<p>Vermeiden Sie K\u00e4ufe in den Stra\u00dfen rund um den Hauptbahnhof, der Appelmansstraat, Vestingstraat, Keyserlei und Pelikaanstraat;<br \/>\nstellen Sie stattdessen sicher, dass Sie nur offizielle, bei der Antwerpener Diamantenb\u00f6rse registrierte Diamantenh\u00e4ndler besuchen. Fragen Sie im Zweifelsfall nach deren Registrierungsnummer.<\/p>\n<p>Kluge Leute denken oft, sie k\u00f6nnten am g\u00fcnstigsten in der Stra\u00dfe in \u201eTouristenfallen-L\u00e4den\u201c kaufen.<\/p><\/div><div class='mb-4'><p><strong>Warnung vor schlechten Einkaufserfahrungen!<\/strong><br \/>\nEin japanischer Herr wollte einen 1,00 ct Brillanten kaufen, Farbe D, lupenrein (loupe clean).<br \/>\nWir lehnten seinen Besuch ab, da er diesen erstklassigen Diamanten zu einem unrealistischen Preis kaufen wollte!<\/p>\n<p>Lesen Sie hier diese unzensierte, echte und schlechte Einkaufserfahrung dieses unbelehrbaren japanischen Touristen, der alles besser wusste als die Profis:<\/p>\n<p><em>Sehr geehrte Damen und Herren,<\/em><br \/>\n<em>ich besuchte Ihre Stadt im letzten Mai und kaufte einen Diamanten in einem Gesch\u00e4ft. <\/em><br \/>\n<em>Der Name des Gesch\u00e4fts war \u201eRoyalty Jewellery &amp; Diamond\u201c und es befand sich direkt vor dem Hauptbahnhof.<\/em><\/p>\n<p><em>Der Preis war 500 EUR, aber das Gesch\u00e4ft belastete die VISA-Karte mit 5.000 EUR!<\/em><br \/>\n<em>Der Laden hat mich betrogen. Betrug!<\/em><\/p>\n<p><em>Danach stellte sich heraus, dass der Diamant eine F\u00e4lschung war. <\/em><br \/>\n<em>Ich lie\u00df den Stein im Testlabor meiner Firma untersuchen.<\/em><br \/>\n<em>Die \u201eVISA-Gesellschaft\u201c half mir nicht weiter, obwohl der Betrug offensichtlich war.<\/em><\/p>\n<p><em>Ich vermute, dass alle Diamantengesch\u00e4fte in der Stadt so handeln, zusammen mit der VISA-Gesellschaft. Deshalb werde ich dies ab jetzt immer wieder auf Twitter und Facebook ver\u00f6ffentlichen und beharrlich dagegen angehen.<\/em><\/p>\n<p><em>Ist das okay f\u00fcr Sie? \u201eAlle Diamantengesch\u00e4fte handeln normalerweise mit gef\u00e4lschten Diamanten&#8230; <\/em><br \/>\n<em>Kaufen Sie keinen Diamanten in Gesch\u00e4ften. Der Diamant ist eine F\u00e4lschung.\u201c<\/em><\/p>\n<p><em>Ich glaube, dass meine Notiz dem Ruf Ihrer Stadt schaden wird.<\/em><br \/>\n<em>Der Name des Gesch\u00e4fts war \u201eRoyalty Jewellery &amp; Diamond\u201c direkt vor dem Hauptbahnhof Antwerpen.<\/em><\/p>\n<p><em>Obwohl ich schon lange versuche, sie zu kontaktieren, antworten sie mir nicht.<\/em><br \/>\n<em>Ich habe \u00fcber die staatliche Tourismusstation Anzeige bei Ihrer Polizeistation erstattet, aber die Polizei verlangte, dass ich pers\u00f6nlich im B\u00fcro erscheine. Ich habe derzeit kein Geld, um Ihre Stadt erneut zu besuchen. Ich frage Sie nur: Ist solch ein schlechtes Verhalten in Ihrer Stadt \u00fcblich?<\/em><\/p>\n<p><em>Wie k\u00f6nnen wir im Gesch\u00e4ft pr\u00fcfen, ob ein Diamant echt ist oder nicht?<\/em><\/p>\n<p><em>Bitte besprechen Sie diese Tatsache mit dem Komitee der Diamantengesch\u00e4fte Ihrer Stadt.<\/em><br \/>\n<em>Die CC-Adresse ist die E-Mail-Adresse des Gesch\u00e4fts, aber ich habe von ihnen \u00fcber diese Adresse noch keine Antwort erhalten. Die Informationen auf ihrer Website waren ebenfalls falsch&#8230;. Nur die Telefonnummer ist derzeit korrekt. +32(0)3-203 00 44. Sehr unfreundliche Angestellte gehen ans Telefon. Tsuneo Maruyama, Japan E-Mail: t-maruya@mx2.nisiq.net<\/em><\/p><\/div><\/div><\/div> <div class='row vc_row '><div class='col-md-3 '><\/div><div class='col-md-3 '><div style='height: 32px;'><\/div><a class='lab-button' href='http:\/\/ajediam.com\/engagement-rings' target='' title='url:http:\/\/ajediam.com\/engagement-rings|'>JETZT SHOPPEN<\/a><\/div><div class='col-md-3 '><div style='height: 32px;'><\/div><a class='lab-button' href='https:\/\/ajediam.com\/de\/schnellanfrageformular\/' target='' title='https:\/\/ajediam.com\/de\/schnellanfrageformula'>ZUM KAUFBERATER<\/a><\/div><div class='col-md-3 '><\/div><\/div> <div class='row vc_row '><div class='col-md-2 '><\/div><div class='col-md-8 '><div style='height: 32px;'><\/div><div class='vc-image '><figure><a href='https:\/\/ajediam.com\/de\/schnellanfrageformular\/' class='d-block'><img src='https:\/\/ajediam.com\/wp-content\/uploads\/2019\/03\/Ajediam_footer_Buy_now_13_03_2015.jpg' alt=''><\/a><\/figure><\/div><\/div><div class='col-md-2 '><\/div><\/div> <\/p>\n","protected":false},"excerpt":{"rendered":"","protected":false},"author":5,"featured_media":0,"parent":153399,"menu_order":0,"comment_status":"closed","ping_status":"closed","template":"","meta":{"ub_ctt_via":"","footnotes":""},"acf":[],"featured_image_src":null,"_links":{"self":[{"href":"https:\/\/ajediam.com\/de\/wp-json\/wp\/v2\/pages\/153763"}],"collection":[{"href":"https:\/\/ajediam.com\/de\/wp-json\/wp\/v2\/pages"}],"about":[{"href":"https:\/\/ajediam.com\/de\/wp-json\/wp\/v2\/types\/page"}],"author":[{"embeddable":true,"href":"https:\/\/ajediam.com\/de\/wp-json\/wp\/v2\/users\/5"}],"replies":[{"embeddable":true,"href":"https:\/\/ajediam.com\/de\/wp-json\/wp\/v2\/comments?post=153763"}],"version-history":[{"count":1,"href":"https:\/\/ajediam.com\/de\/wp-json\/wp\/v2\/pages\/153763\/revisions"}],"predecessor-version":[{"id":153765,"href":"https:\/\/ajediam.com\/de\/wp-json\/wp\/v2\/pages\/153763\/revisions\/153765"}],"up":[{"embeddable":true,"href":"https:\/\/ajediam.com\/de\/wp-json\/wp\/v2\/pages\/153399"}],"wp:attachment":[{"href":"https:\/\/ajediam.com\/de\/wp-json\/wp\/v2\/media?parent=153763"}],"curies":[{"name":"wp","href":"https:\/\/api.w.org\/{rel}","templated":true}]}}