{"id":153766,"date":"2019-03-31T12:12:27","date_gmt":"2019-03-31T12:12:27","guid":{"rendered":"https:\/\/ajediam.com\/identifizierung\/diamond-certificates-images\/"},"modified":"2026-02-24T13:51:20","modified_gmt":"2026-02-24T13:51:20","slug":"bilder-von-authentischen-diamantenzertifikaten","status":"publish","type":"page","link":"https:\/\/ajediam.com\/de\/identifizierung\/bilder-von-authentischen-diamantenzertifikaten\/","title":{"rendered":"Bilder von authentischen Diamantenzertifikaten"},"content":{"rendered":"<p><div class='row vc_row '><div class='col-md-12 '><div style='height: 32px;'><\/div><h2 class='section-title'>Wie kann ich sicher sein, dass ein GIA-Zertifikat echt ist? Echtheit von Diamantzertifikaten pr\u00fcfen \u2013 Gef\u00e4lschte Zertifikate online erkennen<\/h2><div class='mb-4'><p>Verifizieren Sie authentische, echte Diamantzertifikate von <a href=\"#\"><strong>HRD \u2013 IGI \u2013 GIA<\/strong><\/a><br \/>\nEin offizielles Dokument \u00fcber die Identit\u00e4t und Qualit\u00e4t des Diamanten, einschlie\u00dflich aller relevanten Informationen.<br \/>\n<em>\u00dc<a href=\"#\">berpr\u00fcfen Sie die Echtheit von Diamant-Graduierungsberichten online<\/a><\/em><\/p><\/div><\/div><\/div> <div class='row vc_row '><div class='col-md-4 '><div class='vc-image '><figure><div><img src='https:\/\/ajediam.com\/wp-content\/uploads\/2019\/03\/HRD_diamond_certificate_3.56_cm..jpg' alt=''><\/div><\/figure><\/div><div class='mb-4'><p><\/p>\n<p style=\"text-align: center;\">HRD \u2013 Der Hohe Rat f\u00fcr Diamanten ist eine gemeinn\u00fctzige Organisation.<br \/>\nStaatlich kontrolliert nach ISO 17025 HRD Antwerp.<br \/>\nDie Abk\u00fcrzung HRD steht f\u00fcr \u201eHoge Raad voor Diamant\u201c.<br \/>\n\u00dcbersetzt ins Deutsche bedeutet es \u201eHoher Rat f\u00fcr Diamanten\u201c.<\/p>\n<p><\/p><\/div><\/div><div class='col-md-4 '><div class='vc-image '><figure><div><img src='https:\/\/ajediam.com\/wp-content\/uploads\/2019\/03\/IGI_diamond_certificate_3.5_cm..jpg' alt=''><\/div><\/figure><\/div><div class='mb-4'><p><\/p>\n<p style=\"text-align: center;\">IGI \u2013 ans\u00e4ssig im Antwerp World Diamond Center.<\/p>\n<p style=\"text-align: center;\">Das zuverl\u00e4ssige, unabh\u00e4ngige IGI und das staatlich kontrollierte<br \/>\nHRD sind die am h\u00e4ufigsten genutzten Institute f\u00fcr die Graduierung.<\/p>\n<p><\/p><\/div><\/div><div class='col-md-4 '><div class='vc-image '><figure><div><img src='https:\/\/ajediam.com\/wp-content\/uploads\/2019\/03\/Gia_Certificate_5_cm..jpg' alt=''><\/div><\/figure><\/div><div class='mb-4'><p><\/p>\n<p style=\"text-align: center;\">GIA ist ein in den USA ans\u00e4ssiges, unabh\u00e4ngiges kommerzielles Graduierungsinstitut,<br \/>\neine gemeinn\u00fctzige Organisation.<\/p>\n<p><\/p><\/div><\/div><\/div> <div class='row vc_row '><div class='col-md-6 '><div class='vc-image '><figure><div><img src='https:\/\/ajediam.com\/wp-content\/uploads\/2019\/03\/HRD_diamond_certificate.jpg' alt=''><\/div><\/figure><\/div><\/div><div class='col-md-6 '><div class='mb-4'><p>Ist das IGI-Zertifikat genauso zuverl\u00e4ssig wie ein HRD- oder GIA-Zertifikat? Lesen Sie hier mehr dar\u00fcber:<\/p><\/div><div class='vc-image '><figure><div><img src='https:\/\/ajediam.com\/wp-content\/uploads\/2019\/03\/Diamond_Certificate_Hearts_ArrowsTriple_Ex_2.jpg' alt=''><\/div><\/figure><\/div><\/div><\/div> <div class='row vc_row '><div class='col-md-6 '><h2 class='section-title'>Ist das IGI-Zertifikat genauso zuverl\u00e4ssig wie ein HRD- oder GIA-Zertifikat?<\/h2><div class='mb-4'><p>Das International Gemological Institute, das weltweit gr\u00f6\u00dfte unabh\u00e4ngige Labor f\u00fcr die Pr\u00fcfung und Bewertung von Edelsteinen und feinem Schmuck, wurde 1975 gegr\u00fcndet und hat Standorte in New York City, Antwerpen, Toronto, Los Angeles, Bangkok, Mumbai (Bombay), Dubai und Tokio. IGI ist erreichbar unter www.igiworldwide.com.<\/p>\n<p>Die International Federation of Diamond Bourses akzeptiert IGI in ihrem Bericht von 1978 als gleichwertig zu den l\u00e4nger bestehenden Instituten HRD oder GIA.<\/p>\n<p>Als Newcomer in jenen Tagen (1975) wurde IGI mit Misstrauen betrachtet, weshalb manche Leute \u2013 selbst heute noch \u2013 IGI als ein Labor bezeichnen, das \u201ezu jung\u201c sei, um gut zu sein. Ironischerweise sieht sich IGI heute mehr Diskussionen mit unzufriedenen Diamanth\u00e4ndlern gegen\u00fcber als HRD oder GIA, da diese das Gef\u00fchl haben, dass das Graduierungssystem von IGI sowohl bei der Farbe als auch bei der Reinheit zu streng geworden ist.<\/p>\n<p>Einigen Diamant-Websites zufolge wird der Eindruck erweckt, dass GIA der \u201eeinzige\u201c konsistente Graduierer sei. Hauptanteilseigner von GIA ist jedoch Herr Robert Mouawad, der an vielen Diamantunternehmen beteiligt ist. Dies hat bei einigen Mitgliedern der Diamantengemeinschaft mehr als einmal das Gef\u00fchl hervorgerufen, dass ein Interessenkonflikt aus dieser potenziellen Mischung von Diamantverkauf und Diamantgraduierung entstehen k\u00f6nnte. Der GIA-Skandal von 2005 \u00fcber Fehlgraduierungen bei einigen sehr gro\u00dfen Diamanten tr\u00e4gt nicht dazu bei, solche Bedenken zu zerstreuen.<\/p>\n<p>Weder HRD noch IGI haben Anteilseigner, die im kommerziellen Diamanthandel t\u00e4tig sind. Dies unterstreicht ihren Status der Unabh\u00e4ngigkeit.<\/p>\n<p>Was die Konsistenz der IGI-Graduierung betrifft:<\/p>\n<p>Am 26. August 2003 wurde IGI als erstes internationales gemmologisches Labor nach ISO 9001:2000 zertifiziert.<\/p><\/div><\/div><div class='col-md-6 '><h2 class='section-title'>IGI erh\u00e4lt Zertifizierung in den USA und Kanada<\/h2><div class='mb-4'><p>NEW YORK \u2013 Das International Gemological Institute (IGI) gab heute bekannt, dass seinen Laboren in Los Angeles und Toronto die Zertifizierung nach ISO 9001:2000 (International Organization for Standardization) f\u00fcr den Betrieb eines Qualit\u00e4tsmanagementsystems im Bereich der unabh\u00e4ngigen Drittanalyse von Diamanten, farbigen Edelsteinen und Schmuckartikeln erteilt wurde.<\/p>\n<p>ISO ist ein Netzwerk nationaler Normungsinstitute aus mehr als 140 L\u00e4ndern, die in Partnerschaft mit internationalen Organisationen, Regierungen, Industrie, Wirtschaft und Verbrauchervertretern zusammenarbeiten, um Gesch\u00e4ftsziele direkter mit der gesch\u00e4ftlichen Effektivit\u00e4t zu verkn\u00fcpfen.<\/p>\n<p>ISO 9000 ist ein Sammelname f\u00fcr eine Familie von Normen, die entwickelt wurden, um einen Rahmen zu schaffen, auf dem ein Qualit\u00e4tsmanagementsystem effektiv basieren kann. Die Normenfamilie ISO 9000 wurde im Dezember 2000 \u00fcberarbeitet.<\/p>\n<p>Laut Jerry Ehrenwald, G.G., A.S.A., Pr\u00e4sident von IGI Nordamerika: \u201eDies ist ein Meilenstein f\u00fcr IGI. Die ISO 9001-Zertifizierung unterstreicht das kontinuierliche Engagement des Instituts, seinen Kunden Dienstleistungen von h\u00f6chster Qualit\u00e4t zu bieten. Sie zeigt, dass IGI in jeder Phase seiner Gesch\u00e4ftsabl\u00e4ufe nach Exzellenz strebt.\u201c<\/p>\n<p>Um nach dieser Norm zertifiziert zu werden, m\u00fcssen Unternehmen ein Qualit\u00e4tsmanagementsystem implementieren, das eine Reihe von Unternehmensaktivit\u00e4ten ber\u00fccksichtigt, darunter Mitarbeiterschulungen, die Erf\u00fcllung von Kundenanforderungen und die Erbringung von Dienstleistungen. Dies geschieht nach den Prinzipien Plan-Do-Check-Act (Planen-Ausf\u00fchren-Pr\u00fcfen-Agieren) und dem Prozessmanagement, das die Schritte skizziert, die unternommen werden, um Kunden die vom Unternehmen zugesagten Dienstleistungen zu bieten.<\/p>\n<p>Als Teil des ISO-Prozesses f\u00fchrte ein externer Auditor Vor-Ort-Bewertungen der dokumentierten Verfahren in den Laboren von Toronto und Los Angeles durch und pr\u00fcfte deren gesamten Betrieb. Um die kontinuierliche Einhaltung von ISO 9001:2000 zu gew\u00e4hrleisten und intern Feedback zur Prozesseffektivit\u00e4t zu geben, werden die Gesch\u00e4ftsabl\u00e4ufe von IGI unabh\u00e4ngig durch regelm\u00e4\u00dfige \u00dcberwachungsaudits bewertet.<\/p><\/div><\/div><\/div> <div class='row vc_row '><div class='col-md-12 '><div class='vc-image text-center'><figure><div><img src='https:\/\/ajediam.com\/wp-content\/uploads\/2019\/03\/Gia_Certificate.jpg' alt=''><\/div><\/figure><\/div><div style='height: 32px;'><\/div><\/div><\/div> <div class='row vc_row '><div class='col-md-6 '><div class='mb-4'><p>GIA ist eine unabh\u00e4ngige gemeinn\u00fctzige Organisation, die 1931 gegr\u00fcndet wurde. Das GIA (Gemological Institute of America) gilt als die weltweit f\u00fchrende Autorit\u00e4t f\u00fcr Diamanten, Farbedelsteine und Perlen.<\/p>\n<p>GIA existiert, um alle K\u00e4ufer von Edelsteinen zu sch\u00fctzen, indem es die Ausbildung, Labordienstleistungen, Forschung und Instrumente bereitstellt, die f\u00fcr eine genaue und objektive Bestimmung der Edelsteinqualit\u00e4t erforderlich sind.<\/p>\n<p>Als Sch\u00f6pfer der 4Cs und des GIA International Diamond Grading System\u2122 setzt und pflegt das Institut den Standard f\u00fcr Graduierungs- und Identifizierungspraktiken, die weltweit angewendet werden.<\/p>\n<p>GIA ist im Internet unter www.gia.edu zu finden.<\/p><\/div><\/div><div class='col-md-6 '><div class='mb-4'><p><\/p>\n<ul>\n<li>Echtheit eines GIA-Diamantzertifikats online pr\u00fcfen und verifizieren:<br \/>\nhttp:\/\/www.gia.edu\/report-check-landing<\/li>\n<li>Echtheit eines HRD-Diamantzertifikats online pr\u00fcfen und verifizieren:<br \/>\nhttp:\/\/www.hrdantwerplink.be<\/li>\n<li>Echtheit eines IGI-Diamantzertifikats online pr\u00fcfen und verifizieren:<br \/>\nhttp:\/\/www.igiworldwide.com<\/li>\n<li>Erfahren Sie mehr \u00fcber authentische <a href=\"\/gems-grading-certificate-antwerp\">Diamant-Graduierung und Zertifizierung<\/a><\/li>\n<li>Kostenloser Ein-Minuten-<a href=\"\/diamond-appraisals-grading-ratings-course\">Diamantenkurs<\/a><\/li>\n<\/ul>\n<p><\/p><\/div><\/div><\/div> <div class='row vc_row '><div class='col-md-4 '><\/div><div class='col-md-4 '><div style='height: 32px;'><\/div><a class='lab-button' href='http:\/\/ajediam.com\/engagement-rings' target='' title='url:http:\/\/ajediam.com\/engagement-rings|'>JETZT SHOPPEN<\/a><\/div><div class='col-md-4 '><\/div><\/div> <div class='row vc_row '><div class='col-md-2 '><\/div><div class='col-md-8 '><div style='height: 32px;'><\/div><div class='vc-image '><figure><a href='https:\/\/ajediam.com\/de\/schnellanfrageformular\/' class='d-block'><img src='https:\/\/ajediam.com\/wp-content\/uploads\/2019\/03\/Ajediam_footer_Buy_now_13_03_2015.jpg' alt=''><\/a><\/figure><\/div><\/div><div class='col-md-2 '><\/div><\/div> <\/p>\n","protected":false},"excerpt":{"rendered":"","protected":false},"author":5,"featured_media":0,"parent":153399,"menu_order":0,"comment_status":"closed","ping_status":"closed","template":"","meta":{"ub_ctt_via":"","footnotes":""},"acf":[],"featured_image_src":null,"_links":{"self":[{"href":"https:\/\/ajediam.com\/de\/wp-json\/wp\/v2\/pages\/153766"}],"collection":[{"href":"https:\/\/ajediam.com\/de\/wp-json\/wp\/v2\/pages"}],"about":[{"href":"https:\/\/ajediam.com\/de\/wp-json\/wp\/v2\/types\/page"}],"author":[{"embeddable":true,"href":"https:\/\/ajediam.com\/de\/wp-json\/wp\/v2\/users\/5"}],"replies":[{"embeddable":true,"href":"https:\/\/ajediam.com\/de\/wp-json\/wp\/v2\/comments?post=153766"}],"version-history":[{"count":1,"href":"https:\/\/ajediam.com\/de\/wp-json\/wp\/v2\/pages\/153766\/revisions"}],"predecessor-version":[{"id":153768,"href":"https:\/\/ajediam.com\/de\/wp-json\/wp\/v2\/pages\/153766\/revisions\/153768"}],"up":[{"embeddable":true,"href":"https:\/\/ajediam.com\/de\/wp-json\/wp\/v2\/pages\/153399"}],"wp:attachment":[{"href":"https:\/\/ajediam.com\/de\/wp-json\/wp\/v2\/media?parent=153766"}],"curies":[{"name":"wp","href":"https:\/\/api.w.org\/{rel}","templated":true}]}}