{"id":153769,"date":"2019-03-31T07:29:26","date_gmt":"2019-03-31T07:29:26","guid":{"rendered":"https:\/\/ajediam.com\/identifizierung\/3-top-diamond-grading-schools\/"},"modified":"2026-02-24T13:56:27","modified_gmt":"2026-02-24T13:56:27","slug":"die-3-besten-schulen-fur-die-diamantenbewertung","status":"publish","type":"page","link":"https:\/\/ajediam.com\/de\/identifizierung\/die-3-besten-schulen-fur-die-diamantenbewertung\/","title":{"rendered":"Die 3 besten Schulen f\u00fcr die Diamantenbewertung"},"content":{"rendered":"\n<p>Ajediams Empfehlung f\u00fcr die besten Kurse weltweit<\/p>\n\n\n\n<p>M\u00f6chten Sie die mikroskopische Welt der Diamanten mit den Augen eines Profis entdecken? Die Sch\u00f6nheit von Edelsteinen zieht viele \u00c4stheten in ihren Bann. Manchen gen\u00fcgt es, ihre Sch\u00f6nheit zu bewundern. Andere wiederum m\u00f6chten davon leben. Der Diamantenhandel mag f\u00fcr Au\u00dfenstehende wie ein geschlossener Kreis wirken. Der Gedanke an einen Einstieg in diese Branche kann abschreckend erscheinen. Der Umfang an Wissen und Erfahrung, den man sich aneignen muss, schreckt viele ab, die eine Karriere im Edelsteinbereich anstreben.<\/p>\n\n\n\n<p>Obwohl praktisches Lernen der beste Weg ist, bieten Ihnen verschiedene Diamantenschulen mit professionellen Kursen und Programmen einen leichteren Einstieg in den Diamantenhandel. Neben Wissen und Selbstvertrauen erhalten Sie auch ein Zertifikat f\u00fcr Ihre erworbenen F\u00e4higkeiten. Mit den richtigen Kenntnissen und Zertifikaten k\u00f6nnen Sie Ihre Karriere im Diamantenhandel erfolgreich starten. Bedenken Sie, dass der Erwerb einiger gemmologischer Zertifikate nur der Anfang Ihrer Lernreise ist.<\/p>\n\n\n\n<p>Nach all dem Gesagten f\u00fchrt Sie dieser Artikel durch die renommiertesten Diamantengraduierungsschulen der Welt.<\/p>\n\n\n<div class=\"ub_table-of-contents\" data-showtext=\"show\" data-hidetext=\"hide\" data-scrolltype=\"auto\" id=\"ub_table-of-contents-970f3962-7d44-4117-92c2-b6d0b18fa3de\" data-initiallyhideonmobile=\"false\"\n                    data-initiallyshow=\"true\"><div class=\"ub_table-of-contents-header-container\"><div class=\"ub_table-of-contents-header\">\n                    <div class=\"ub_table-of-contents-title\">Inhaltsverzeichnis<\/div><\/div><\/div><div class=\"ub_table-of-contents-extra-container\"><div class=\"ub_table-of-contents-container ub_table-of-contents-1-column \"><ul><li><a href=https:\/\/ajediam.com\/de\/identifizierung\/die-3-besten-schulen-fur-die-diamantenbewertung\/#0-das-diamantenbewertungsprogramm-des-gemological-institute-of-america>Das Diamantenbewertungsprogramm des Gemological Institute of America<\/a><\/li><li><a href=https:\/\/ajediam.com\/de\/identifizierung\/die-3-besten-schulen-fur-die-diamantenbewertung\/#1-das-diamantenbewertungsprogramm-der-gemmologischen-vereinigung-gro%C3%9Fbritanniens>Das Diamantenbewertungsprogramm der Gemmologischen Vereinigung Gro\u00dfbritanniens<\/a><\/li><li><a href=https:\/\/ajediam.com\/de\/identifizierung\/die-3-besten-schulen-fur-die-diamantenbewertung\/#2-das-diamantenbewertungsprogramm-des-hohen-rates-f%C3%BCr-diamanten>Das Diamantenbewertungsprogramm des Hohen Rates f\u00fcr Diamanten<\/a><\/li><li><a href=https:\/\/ajediam.com\/de\/identifizierung\/die-3-besten-schulen-fur-die-diamantenbewertung\/#3-wir-hoffen-ihnen-hat-die-lekt%C3%BCre-gefallen>Wir hoffen, Ihnen hat die Lekt\u00fcre gefallen!<\/a><\/li><\/ul><\/div><\/div><\/div>\n\n\n<h2 class=\"wp-block-heading\" id=\"0-das-diamantenbewertungsprogramm-des-gemological-institute-of-america\">Das Diamantenbewertungsprogramm des Gemological Institute of America<\/h2>\n\n\n\n<figure class=\"wp-block-image size-large\"><img decoding=\"async\" src=\"https:\/\/www.gia.edu\/images\/105202cd_95295_636x358.png\" alt=\"GIA diamond grading program\"\/><\/figure>\n\n\n\n<p>Wenn es um die Ausbildung in der Diamantenbewertung geht, ist das GIA unbestritten weltweit f\u00fchrend. Das Institut wurde 1931 in Carlsbad, USA, gegr\u00fcndet. Seit fast einem Jahrhundert standardisiert es den Diamantenhandel und hat ma\u00dfgeblich beeinflusst, wie wir Diamanten verstehen und dar\u00fcber sprechen.<\/p>\n\n\n\n<p>Das GIA ist von der Commission of Schools and Colleges als Bildungseinrichtung akkreditiert. Seine Diplome und Zertifizierungen genie\u00dfen heute weltweit h\u00f6chstes Ansehen. Sie sind jedoch weder g\u00fcnstig noch leicht zu erlangen.<\/p>\n\n\n\n<p>Das GIA bietet eine Vielzahl von Kursen, Programmen und Online-Materialien f\u00fcr angehende Gemmologen an. Um den vollen Nutzen aus einer GIA-Ausbildung zu ziehen, empfiehlt sich die Absolvierung eines der Diplomprogramme. Aktuell umfasst das Angebot an Diplomprogrammen unter anderem die Bereiche Angewandte Schmuckgestaltung, Farbedelsteine, Diamanten, Gemmologie, Schmuckdesign, Perlen sowie Schmuckdesign und -technologie.<\/p>\n\n\n\n<p>Das Graduate Diamond-Programm vermittelt praktische Erfahrung mit dem internationalen Diamantenbewertungssystem des GIA, das auf den 4 Cs basiert. Die Studierenden lernen, wie Farbe, Reinheit, Schliff und Karatgewicht den Wert von Diamanten beeinflussen. Sie lernen, Diamanten anhand der D-Z-Skala zu klassifizieren und im Labor gez\u00fcchtete Diamanten, behandelte Diamanten und k\u00fcnstliche Diamanten von nat\u00fcrlichen Diamanten zu unterscheiden. Au\u00dferdem lernen sie, wann weiterf\u00fchrende Tests mit spezieller Laborausr\u00fcstung notwendig sind. Neben der Klassifizierung werden auch die Angebots- und Nachfragefaktoren des Diamantenmarktes behandelt, die die Preise beeinflussen.<\/p>\n\n\n\n<p>Das Graduiertenprogramm \u201eDiamantenkunde\u201c wird an einem der GIA-Standorte in Bangkok, Carlsbad, New York, Hongkong, Seoul, Taipeh und Mumbai angeboten. Es eignet sich auch als Fernstudium mit verschiedenen Online-Kursen und praktischen Labor\u00fcbungen. Das Pr\u00e4senzstudium ist ein Vollzeitstudium, w\u00e4hrend das Fernstudium ein flexibleres Lerntempo erm\u00f6glicht. Der Kurs er\u00f6ffnet vielf\u00e4ltige Karrierewege, darunter Diamantenhandel (Ankauf, Sortierung, Klassifizierung), Einzel- und Gro\u00dfhandel sowie die Spezialisierung auf Schmuck in Auktionsh\u00e4usern.<\/p>\n\n\n\n<h2 class=\"wp-block-heading\" id=\"1-das-diamantenbewertungsprogramm-der-gemmologischen-vereinigung-gro%C3%9Fbritanniens\">Das Diamantenbewertungsprogramm der Gemmologischen Vereinigung Gro\u00dfbritanniens<\/h2>\n\n\n\n<figure class=\"wp-block-image size-large\"><img decoding=\"async\" src=\"https:\/\/gem-a.com\/images\/Gem-AGraduates_1.jpg\" alt=\"Gem A diamond grading program\"\/><\/figure>\n\n\n\n<p>Die Gemmologische Vereinigung Gro\u00dfbritanniens (Gem-A) ist die \u00e4lteste Diamantenausbildungsst\u00e4tte der Welt. Sie wurde 1908 mit der Gr\u00fcndung des Gemmologischen Komitees in Gro\u00dfbritannien ins Leben gerufen. Dieses Komitee legte als erstes die Standards f\u00fcr moderne Gemmologiekurse fest. Ihr ber\u00fchmtester Sch\u00fcler, Robert Shipley, gr\u00fcndete sp\u00e4ter das GIA (Georgia Institute of America). Weitere Absolventen der Gem-A bekleiden f\u00fchrende Positionen in internationalen Edelsteinorganisationen.<\/p>\n\n\n\n<p>Heute ist die Gem-A eine angesehene und weltweit anerkannte Bildungseinrichtung. Die Vereinigung bietet eine Kombination aus Workshops, Kurzlehrg\u00e4ngen, Online-Materialien und zwei Masterstudieng\u00e4ngen an. Der erste Studiengang befasst sich mit Gemmologie im Allgemeinen, der zweite konzentriert sich speziell auf Diamanten.<\/p>\n\n\n\n<p>Die Dauer der beiden Studieng\u00e4nge variiert je nach Lehrmethode und liegt zwischen vier und neun Monaten. Studierende k\u00f6nnen entweder in Pr\u00e4senz an einem der international akkreditierten Gem-A-Lehrzentren oder online studieren.<\/p>\n\n\n\n<p>Derzeit gibt es Schulungszentren in Bahrain, China, Frankreich, Griechenland, Indien, Italien, Japan, Madagaskar, Myanmar, den Niederlanden, Singapur, Sri Lanka, Schweden, Thailand, Gro\u00dfbritannien und den USA. Die Kurse werden in Englisch, Franz\u00f6sisch, Japanisch und Vereinfachtem Chinesisch angeboten.<\/p>\n\n\n\n<p>Das Gem-A-Diamantendiplom eignet sich f\u00fcr alle Kenntnisstufen. Anf\u00e4nger, F\u00fchrungskr\u00e4fte, Auktionatoren und Wissenschaftler profitieren gleicherma\u00dfen von den wertvollen Einblicken. Der Kurs kann sowohl in Pr\u00e4senz als auch online absolviert werden. Nach Abschluss des Kurses erhalten die Teilnehmer das Gem-A-Diplom der Stufe 5 in Edelstein-Diamanten (Ofqual-Stufe 5). Die Kursgeb\u00fchren beginnen bei 3300 Pfund Sterling.<\/p>\n\n\n\n<p>Im Kurs lernen die Teilnehmer, die chemische Struktur eines Diamanten zu erkennen und zu beschreiben und zu verstehen, wie diese seine physikalischen und optischen Eigenschaften beeinflusst. Sie lernen, nat\u00fcrliche, behandelte und synthetische Diamanten sowie Diamantimitate zu unterscheiden. Die Teilnehmer sind in der Lage, Rohdiamantenkristalle zu beobachten und ihre Beobachtungen mithilfe der Vier Cs (Farbe, Farbe, Kreide, Kreide) zuverl\u00e4ssig zu kommunizieren, um den Wert eines Diamanten zu bestimmen.<\/p>\n\n\n\n<p>Die Studierenden lernen die Feinheiten der Diamantenlieferkette von der Mine bis zum Markt kennen. Sie erhalten au\u00dferdem eine Ausbildung in Diamantenbewertung, -pr\u00fcfung und -schliff. Dar\u00fcber hinaus werden ihnen die ethischen Grundlagen und die R\u00fcckverfolgbarkeit von Diamanten vermittelt.<\/p>\n\n\n\n<p>Nach Abschluss des Diamanten-Studiengangs k\u00f6nnen die Absolventen die Mitgliedschaft bei Gem-A beantragen und Fellow oder Diamond Member (FGA und DGA) der Gemmologischen Vereinigung werden. Sie k\u00f6nnen ihr Studium auch mit einem Gemmologie-Grundlagenkurs und einem Diplom fortsetzen. Nach Abschluss beider Studieng\u00e4nge sind sie berechtigt, einen Bachelor of Science in Gemmologie und Schmuckdesign zu absolvieren.<\/p>\n\n\n\n<h2 class=\"wp-block-heading\" id=\"2-das-diamantenbewertungsprogramm-des-hohen-rates-f%C3%BCr-diamanten\">Das Diamantenbewertungsprogramm des Hohen Rates f\u00fcr Diamanten<\/h2>\n\n\n\n<figure class=\"wp-block-image size-large\"><img decoding=\"async\" src=\"https:\/\/www.awdc.be\/sites\/awdc2016\/files\/styles\/news-overview\/public\/HRD-highres-12%20-%20foto_0.jpg?itok=2zdQuEAT\" alt=\"HRD Antwerp diamond grading program\"\/><\/figure>\n\n\n\n<p>Der Hohe Rat f\u00fcr Diamanten (Hoge Raad voor Diamant, HRD) wurde 1973 in Antwerpen, Belgien, gegr\u00fcndet. Er entstand als Tochtergesellschaft des Antwerpener Weltdiamantenzentrums auf Wunsch der belgischen Regierung. Der HRD verf\u00fcgt \u00fcber ein weltweit anerkanntes Labor, das f\u00fcr seine Ausbildungsprogramme im Bereich Diamanten, die Herstellung von Laborger\u00e4ten und seine akademische Forschung bekannt ist. Der HRD Antwerpen ist in China, Hongkong, der T\u00fcrkei, Indien und im Nahen Osten vertreten.<\/p>\n\n\n\n<p>Als Bildungseinrichtung blickt der HRD Antwerpen auf \u00fcber vierzig Jahre Erfahrung zur\u00fcck. Seine internationalen Kurse haben die Karrieren vieler Diamantgutachter, -sortierer und Gemmologen weltweit gepr\u00e4gt. Der HRD bietet spezialisierte Praxiskurse f\u00fcr Rohdiamanten, geschliffene Diamanten und Diamantschmuckdesign an.<\/p>\n\n\n\n<p>Im Kurs \u00fcber Rohdiamanten lernen die Teilnehmer, Rohdiamanten zu wiegen, zu z\u00e4hlen, zu sieben, zu katalogisieren und zu lagern. Sie lernen die Morphologie, Geologie und den Abbau von Diamanten kennen. Sie erlernen die Feinheiten des Prozesses der Umwandlung von Rohdiamanten in geschliffene Diamanten und die verschiedenen angewandten Techniken. Die Ausbildung ist praxisorientiert und beinhaltet den Besuch einer echten Diamantschleiferei.<\/p>\n\n\n\n<p>Der Kurs zur Rohdiamantenbewertung wird auf Englisch, Franz\u00f6sisch und Portugiesisch angeboten. Er dauert zwei Wochen und findet in Pr\u00e4senz in Antwerpen statt. Der Kurs eignet sich f\u00fcr alle, die mehr \u00fcber die Sortierung, Verarbeitung, den Handel und die Bewertung von Rohdiamanten erfahren m\u00f6chten. Die Kursgeb\u00fchr betr\u00e4gt derzeit 2662 Euro.<\/p>\n\n\n\n<p>HRD Antwerpen zeichnet sich durch exzellente Kurse zur Bewertung geschliffener Diamanten aus. Der umfassende Kurs zur Diamantengraduierung vermittelt die Grundlagen der \u201eVier Cs\u201c und baut darauf schnell auf. Die Teilnehmer lernen, die Qualit\u00e4t eines Steins zu bestimmen und seinen Preis festzulegen. Sie lernen, die g\u00e4ngigsten Imitationen zu erkennen und sammeln praktische Erfahrung im Umgang mit Mikroskop und anderen Laborger\u00e4ten.<\/p>\n\n\n\n<p>Die Teilnehmer lernen, Diamanten fachgerecht zu reinigen und aus verschiedenen Blickwinkeln zu untersuchen. Sie erlernen die Prinzipien des Wiegens und der Berechnung des Karatgewichts. Sie lernen, innere und \u00e4u\u00dfere Merkmale von Diamanten im Vergleich zu behandelten Steinen und Imitationen zu identifizieren. Sie lernen, Diamantenfarbe und -reinheit zu beurteilen, indem sie diese mit Referenzsteinen vergleichen.<\/p>\n\n\n\n<p>HRD zeichnet sich insbesondere durch die Vermittlung der Schliffbewertung von Diamanten aus. Die Teilnehmer lernen Proportionen, Symmetrie, Politur und das Messen von Abmessungen mit einem Messschieber kennen. Sie vergleichen alle Messwerte mit Tabellen zu Proportionen und Symmetrie. Der Kurs umfasst neben dem Brillantschliff, der in den meisten anderen Kursen behandelt wird, auch Fantasieschliffe.<\/p>\n\n\n\n<p>Der HRD-Diamantenbewertungskurs wird in Englisch, Franz\u00f6sisch, Griechisch, Italienisch und Spanisch angeboten. Studienorte sind Antwerpen, Thessaloniki, Barcelona, \u200b\u200bMadrid, Mailand, Bari und Neapel. Der Kurs dauert bis zu vier Wochen, kostet 3327 Euro und schlie\u00dft mit einem HRD-Antwerpener-Diplom f\u00fcr zertifizierte Diamantenbewerter ab.<\/p>\n\n\n\n<h2 class=\"wp-block-heading\" id=\"3-wir-hoffen-ihnen-hat-die-lekt%C3%BCre-gefallen\">Wir hoffen, Ihnen hat die Lekt\u00fcre gefallen!<\/h2>\n\n\n\n<p>Hoffentlich fanden Sie diesen Artikel interessant und hilfreich. Der Einstieg in den Diamantenhandel mag zun\u00e4chst einsch\u00fcchternd wirken, ist aber eine lohnende Erfahrung. In diesem Artikel haben wir die drei weltweit renommiertesten Institutionen f\u00fcr Diamantgraduierungskurse vorgestellt. F\u00fcr welche Sie sich auch entscheiden, denken Sie daran: Die beste Ausbildung findet sich immer vor Ort. Trends zu erkennen, Preise korrekt festzulegen und Diamanten zu verkaufen, ist wie Autofahren \u2013 \u00dcbung macht den Meister. Falls Sie eine Preisliste ben\u00f6tigen, k\u00f6nnen Sie die von <a href=\"https:\/\/ajediam.com\/de\/diamantenpreise\/\" data-type=\"link\" data-id=\"https:\/\/ajediam.com\/de\/diamantenpreise\/\">Ajediam einsehen<\/a>.<\/p>\n","protected":false},"excerpt":{"rendered":"<p>Ajediams Empfehlung f\u00fcr die besten Kurse weltweit M\u00f6chten Sie die mikroskopische Welt der Diamanten mit den Augen eines Profis entdecken? Die Sch\u00f6nheit von Edelsteinen zieht viele \u00c4stheten in ihren Bann. Manchen gen\u00fcgt es, ihre Sch\u00f6nheit zu bewundern. Andere wiederum m\u00f6chten davon leben. Der Diamantenhandel mag f\u00fcr Au\u00dfenstehende wie ein geschlossener Kreis wirken. Der Gedanke an [&hellip;]<\/p>\n","protected":false},"author":5,"featured_media":52637,"parent":153399,"menu_order":0,"comment_status":"closed","ping_status":"closed","template":"jewel-cleaner-page.php","meta":{"ub_ctt_via":"","footnotes":""},"acf":[],"featured_image_src":"https:\/\/ajediam.com\/wp-content\/uploads\/2023\/06\/The-Best-Diamond-Grading-Schools.jpeg","_links":{"self":[{"href":"https:\/\/ajediam.com\/de\/wp-json\/wp\/v2\/pages\/153769"}],"collection":[{"href":"https:\/\/ajediam.com\/de\/wp-json\/wp\/v2\/pages"}],"about":[{"href":"https:\/\/ajediam.com\/de\/wp-json\/wp\/v2\/types\/page"}],"author":[{"embeddable":true,"href":"https:\/\/ajediam.com\/de\/wp-json\/wp\/v2\/users\/5"}],"replies":[{"embeddable":true,"href":"https:\/\/ajediam.com\/de\/wp-json\/wp\/v2\/comments?post=153769"}],"version-history":[{"count":1,"href":"https:\/\/ajediam.com\/de\/wp-json\/wp\/v2\/pages\/153769\/revisions"}],"predecessor-version":[{"id":153771,"href":"https:\/\/ajediam.com\/de\/wp-json\/wp\/v2\/pages\/153769\/revisions\/153771"}],"up":[{"embeddable":true,"href":"https:\/\/ajediam.com\/de\/wp-json\/wp\/v2\/pages\/153399"}],"wp:featuredmedia":[{"embeddable":true,"href":"https:\/\/ajediam.com\/de\/wp-json\/wp\/v2\/media\/52637"}],"wp:attachment":[{"href":"https:\/\/ajediam.com\/de\/wp-json\/wp\/v2\/media?parent=153769"}],"curies":[{"name":"wp","href":"https:\/\/api.w.org\/{rel}","templated":true}]}}