{"id":153772,"date":"2019-04-25T10:29:48","date_gmt":"2019-04-25T10:29:48","guid":{"rendered":"https:\/\/ajediam.com\/identifizierung\/gia-diamond-grading\/"},"modified":"2026-02-24T14:03:50","modified_gmt":"2026-02-24T14:03:50","slug":"gia-diamantenbewertung","status":"publish","type":"page","link":"https:\/\/ajediam.com\/de\/identifizierung\/gia-diamantenbewertung\/","title":{"rendered":"GIA: die weltweit f\u00fchrende Autorit\u00e4t f\u00fcr Diamantengraduierung"},"content":{"rendered":"\n<p>Das Gemological Institute of America (GIA), ein unabh\u00e4ngiges Diamantpr\u00fcflabor, erstellt Zertifikate.<\/p>\n\n\n\n<p>Im Diamantenhandel wird nichts dem Zufall \u00fcberlassen. Hunderte unabh\u00e4ngige Labore stellen Diamantzertifikate aus, die die spezifischen Eigenschaften jedes Steins garantieren.<\/p>\n\n\n\n<p>Allerdings sind nicht alle Zertifikate gleichwertig. Zertifikate von renommierten Laboren k\u00f6nnen den Preis eines Diamanten positiv beeinflussen. Andere stammen aus fragw\u00fcrdigen Quellen und werden mit Misstrauen betrachtet.<\/p>\n\n\n\n<p>In diesem Artikel befassen wir uns mit einem der bekanntesten Labore der Welt \u2013 dem <a href=\"http:\/\/www.gia.edu\" target=\"_blank\" rel=\"noreferrer noopener\">Gemological Institute of America<\/a>. Viele betrachten das GIA als den Goldstandard f\u00fcr die Pr\u00fcfung von Diamanten. Lesen Sie weiter, um mehr \u00fcber einen der Pioniere der Standardisierung in der Diamantengraduierung zu erfahren.<\/p>\n\n\n<div class=\"ub_table-of-contents\" data-showtext=\"show\" data-hidetext=\"hide\" data-scrolltype=\"auto\" id=\"ub_table-of-contents-b0865354-2274-47dd-834b-441820d239fc\" data-initiallyhideonmobile=\"false\"\n                    data-initiallyshow=\"true\"><div class=\"ub_table-of-contents-header-container\"><div class=\"ub_table-of-contents-header\">\n                    <div class=\"ub_table-of-contents-title\">Inhaltsverzeichnis<\/div><\/div><\/div><div class=\"ub_table-of-contents-extra-container\"><div class=\"ub_table-of-contents-container ub_table-of-contents-1-column \"><ul><li><a href=https:\/\/ajediam.com\/de\/identifizierung\/gia-diamantenbewertung\/#0-die-geschichte-des-gia>Die Geschichte des GIA<\/a><\/li><li><a href=https:\/\/ajediam.com\/de\/identifizierung\/gia-diamantenbewertung\/#1-welche-bewertungsregeln-gelten-bei-gia>Welche Bewertungsregeln gelten bei GIA?<\/a><\/li><li><a href=https:\/\/ajediam.com\/de\/identifizierung\/gia-diamantenbewertung\/#2-was-beinhaltet-der-gia-bewertungsbericht>Was beinhaltet der GIA-Bewertungsbericht?<\/a><\/li><li><a href=https:\/\/ajediam.com\/de\/identifizierung\/gia-diamantenbewertung\/#3-der-wettbewerbsvorteil-der-gia>Der Wettbewerbsvorteil der GIA<\/a><\/li><li><a href=https:\/\/ajediam.com\/de\/identifizierung\/gia-diamantenbewertung\/#4-die-gia-academy-und-lernm%C3%B6glichkeiten>Die GIA Academy und Lernm\u00f6glichkeiten<\/a><\/li><li><a href=https:\/\/ajediam.com\/de\/identifizierung\/gia-diamantenbewertung\/#5-wir-hoffen-ihnen-hat-die-lekt%C3%BCre-gefallen>Wir hoffen, Ihnen hat die Lekt\u00fcre gefallen!<\/a><\/li><\/ul><\/div><\/div><\/div>\n\n\n<h2 class=\"wp-block-heading\" id=\"0-die-geschichte-des-gia\">Die Geschichte des GIA<\/h2>\n\n\n\n<p>Das Gemological Institute of America wurde 1931 in Carlsbad, Kalifornien, gegr\u00fcndet. Sein Gr\u00fcnder, Robert M. Shipley, war ehemaliger Juwelier. Obwohl er ein erfahrener Juwelier und Inhaber mehrerer Gesch\u00e4fte war, enth\u00fcllten zwei seiner besten Kunden, dass ihm Fachwissen fehlte.<\/p>\n\n\n\n<p>Zutiefst dem\u00fctig nach dieser Begegnung und nachdem er aufgrund einer Scheidung sein gesamtes Gesch\u00e4ft verloren hatte, machte er sich daran, sich als Lehrer und Gemmologie-Experte neu zu erfinden. Er reiste nach England und absolvierte einen Fernlehrgang in Gemmologie bei der <a href=\"https:\/\/nagblogdotorg1.wordpress.com\/about\/\" target=\"_blank\" rel=\"noreferrer noopener nofollow\">Great Britain National Association of Goldsmiths<\/a>.&nbsp;<\/p>\n\n\n\n<p>1929 kehrte Shipley in die USA zur\u00fcck und initiierte einen Einf\u00fchrungskurs in Gemmologie. Er bereiste das ganze Land, um die Standardisierung und Professionalisierung der Schmuckindustrie in den USA durch Weiterbildung voranzutreiben.<\/p>\n\n\n\n<p>Damals litt der Schmuckhandel in den USA unter Dezentralisierung und fehlenden einheitlichen Standards. Das Vertrauen in die Branche war notorisch gering. Daher sah Shipley es als seine Mission an, das Vertrauen der \u00d6ffentlichkeit wiederherzustellen.<\/p>\n\n\n\n<p>Seine grundlegende Vision war, dass alle Gemmologen eine spezialisierte Ausbildung und standardisierte Kriterien f\u00fcr den An- und Verkauf von Edelsteinen haben sollten.<\/p>\n\n\n\n<p>Seit seiner Gr\u00fcndung 1931 hat das Institut ma\u00dfgeblich zur Standardisierung von Wissen und Ausr\u00fcstung im amerikanischen Schmuckhandel beigetragen. 1934 patentierte es eine Lupe mit dreifach aplanatischer Linse. Diese wurde zur Standardlupe f\u00fcr professionelle Juweliere. 1937 patentierte das GIA das erste gemmologische Mikroskop. Dies erm\u00f6glichte es Gemmologen, das Innere von Edelsteinen zu untersuchen.<\/p>\n\n\n\n<p>1940 trat Richard Liddicoat dem Team bei. Er sollte sp\u00e4ter als \u201eVater der modernen Gemmologie\u201c bekannt werden. 1947 ver\u00f6ffentlichte er die erste Ausgabe seines \u201eGem Identification Handbook\u201c. Gleichzeitig entwickelte Liddicoat Bewertungskriterien f\u00fcr Diamanten, die sp\u00e4ter als die \u201e4Cs\u201c bekannt wurden. 1953 ver\u00f6ffentlichte das GIA seinen ersten Diamantenbewertungsbericht; Liddicoats Kriterien wurden zum internationalen Standard.<\/p>\n\n\n\n<p>1960 ver\u00f6ffentlichte das Institut ein Diamantenlexikon, das erste internationale Nachschlagewerk f\u00fcr Diamantenterminologie. In den folgenden Jahrzehnten wurde das GIA als Finanzinstitut akkreditiert und expandierte in verschiedene L\u00e4nder, darunter Japan, Indien, Korea und Europa.<\/p>\n\n\n\n<p>2005 f\u00fchrte das GIA eine Schliffklassifizierung f\u00fcr runde Brillanten mit den Farben D bis Z ein. 2007 entwickelte es das verfeinerte Internationale Diamantenbewertungssystem\u2122 auf Basis der 4Cs. In den 2010er Jahren er\u00f6ffnete das GIA Laboratorien in Tokio, Ramat Gan, Surat, Antwerpen, Mumbai, Johannesburg und Gaborone.<\/p>\n\n\n\n<h2 class=\"wp-block-heading\" id=\"1-welche-bewertungsregeln-gelten-bei-gia\">Welche Bewertungsregeln gelten bei GIA?<\/h2>\n\n\n\n<figure class=\"wp-block-image size-large\"><img decoding=\"async\" src=\"https:\/\/4cs.gia.edu\/wp-content\/uploads\/2013\/03\/All-Scales.jpg\" alt=\"GIA diamond grading nomenclature\"\/><\/figure>\n\n\n\n<p>Das GIA verwendet weiterhin das von Liddicoat in den 1940er-Jahren entwickelte Bewertungssystem. Zwar wurde 2007 eine Schliffbewertung eingef\u00fchrt und das System leicht modifiziert, doch die Bewertungsregeln basieren auf den vier grundlegenden Kriterien: Karat, Farbe, Reinheit und Schliff.<\/p>\n\n\n\n<p>Die Labore des GIA verwenden pr\u00e4zise Waagen, um das Karatgewicht jedes Edelsteins zu messen. Je gr\u00f6\u00dfer der Edelstein, desto seltener und teurer ist er. Zur Erinnerung: Ein Karat entspricht 0,2 Gramm. Das Mindestgewicht f\u00fcr einen Diamanten, der beim GIA bewertet werden soll, betr\u00e4gt 0,15 ct.<\/p>\n\n\n\n<p>Die Farbqualit\u00e4t eines Diamanten wird nach der GIA-Farbskala bewertet. Diese reicht von D (farblos) bis Z (leicht get\u00f6nt). Diamanten der Stufen D bis F gelten als farblos, von G bis J nahezu farblos, von K bis M leicht get\u00f6nt und von N bis R sehr leicht get\u00f6nt. Von S bis Z werden sie als leicht get\u00f6nt eingestuft.<\/p>\n\n\n\n<p>Das GIA klassifiziert die Reinheit von Diamanten in f\u00fcnf Hauptkategorien: lupenrein, sehr, sehr kleine Einschl\u00fcsse, sehr kleine Einschl\u00fcsse, kleine Einschl\u00fcsse und Einschl\u00fcsse. Jede dieser Kategorien hat Unterkategorien, die auf Gr\u00f6\u00dfe, Lage, Anzahl und Helligkeit der inneren Einschl\u00fcsse basieren. Die gesamte Skala umfasst: lupenrein, intern lupenrein, VVS1 &amp; VVS2, VS1 &amp; VS2, SI1 &amp; SI2 sowie I1, I2 &amp; I3.<\/p>\n\n\n\n<p>Abschlie\u00dfend wird die Qualit\u00e4t des Diamantschliffs gepr\u00fcft. Die GIA-Skala kennt f\u00fcnf Schliffgrade: Exzellent, Sehr gut, Gut, Befriedigend und Mangelhaft. Diese Grade setzen sich aus dem Aussehen des Diamanten, dem Design und der Verarbeitung zusammen. Messbar sind jedoch Helligkeit, Funkeln, Gewichtsverh\u00e4ltnis, Haltbarkeit, Politur und Symmetrie. Das GIA hat f\u00fcr jedes dieser Merkmale spezifische Richtlinien.<\/p>\n\n\n\n<h2 class=\"wp-block-heading\" id=\"2-was-beinhaltet-der-gia-bewertungsbericht\">Was beinhaltet der GIA-Bewertungsbericht?<\/h2>\n\n\n\n<figure class=\"wp-block-image size-large\"><img decoding=\"async\" src=\"https:\/\/4cs.gia.edu\/wp-content\/uploads\/2017\/05\/Sample_DGR_700x394-01.jpg\" alt=\"GIA diamond grading report\"\/><\/figure>\n\n\n\n<p>Das GIA bietet verschiedene Gutachten an, die auf Ihre Bed\u00fcrfnisse zugeschnitten sind. Die Gutachten gelten jedoch nur f\u00fcr lose, nat\u00fcrliche Diamanten der Farbstufen D bis Z mit einem Mindestgewicht von 0,15 Karat. Standardm\u00e4\u00dfige runde Brillanten erhalten zus\u00e4tzlich eine Schliffbewertung.<\/p>\n\n\n\n<p>Das Basisgutachten umfasst alle grundlegenden Eigenschaften Ihres Diamanten. Erg\u00e4nzend dazu k\u00f6nnen Sie ein Herkunftsgutachten anfordern, das die chemische Struktur des Diamanten untersucht und sein Ursprungsland ermittelt. Das GIA bietet au\u00dferdem ein Diamantendossier an, das die beiden vorherigen Leistungen beinhaltet und zus\u00e4tzlich die Gutachtennummer per Laser auf den Diamanten graviert.<\/p>\n\n\n\n<p>Dar\u00fcber hinaus bietet das GIA ein E-Gutachten an, das alle vorherigen Leistungen umfasst, online ausgestellt und in der sicheren GIA-Datenbank gespeichert wird. Das Gutachten enth\u00e4lt ein hochaufl\u00f6sendes Bild, das eine starke Vergr\u00f6\u00dferung erm\u00f6glicht, um Einschl\u00fcsse zu erkennen.<\/p>\n\n\n\n<p>Ein typisches GIA-Gutachten tr\u00e4gt das Logo in der oberen linken Ecke und beginnt mit einer Gutachtennummer. Mit dieser Nummer k\u00f6nnen Sie das Gutachten online verifizieren. Der erste Abschnitt des Gutachtens enth\u00e4lt Datum und Gutachtennummer, Form, Schliffart und die genauen Ma\u00dfe Ihres Diamanten in Millimetern.<\/p>\n\n\n\n<p>Im n\u00e4chsten Abschnitt werden die Ergebnisse der Bewertung aufgef\u00fchrt. Das Gewicht des Diamanten wird in Karat auf zwei Dezimalstellen genau angegeben. Die Farbstufe wird mit einem Buchstaben von D bis Z angegeben. Die Reinheitsstufe wird gem\u00e4\u00df der GIA-Skala angegeben. Handelt es sich um einen runden Brillanten, wird hier auch die Schliffqualit\u00e4t aufgef\u00fchrt.<\/p>\n\n\n\n<p>Der folgende Abschnitt enth\u00e4lt zus\u00e4tzliche Informationen zur Bewertung. Er behandelt die Politur und Symmetrie und gibt an, ob Fluoreszenz festgestellt wurde. Auch eventuelle Inschriften auf dem Diamanten werden aufgef\u00fchrt. Wenn Sie sich f\u00fcr ein Herkunftsgutachten entschieden haben, wird das Herkunftsland angegeben.<\/p>\n\n\n\n<p>Anschlie\u00dfend folgt eine Profilskizze des Diamanten mit detaillierter Beschreibung aller Proportionen. Die Qualit\u00e4t dieser Proportionen ist eine der Grundlagen f\u00fcr die Schliffqualit\u00e4t. Eine weitere Skizze zeigt den Diamanten von oben. Diese Skizze zeigt die Reinheitsmerkmale sowie die Lage und Art der Einschl\u00fcsse.<\/p>\n\n\n\n<p>Im letzten Abschnitt des Berichts sind die GIA-Skalen f\u00fcr Farbe, Reinheit und Schliff zur besseren \u00dcbersicht f\u00fcr den Kunden aufgef\u00fchrt. Weitere Anmerkungen k\u00f6nnen ebenfalls enthalten sein, falls der Diamant behandelt wurde oder besondere Qualit\u00e4tsmerkmale aufweist.<\/p>\n\n\n\n<h2 class=\"wp-block-heading\" id=\"3-der-wettbewerbsvorteil-der-gia\">Der Wettbewerbsvorteil der GIA<\/h2>\n\n\n\n<p>Der Name GIA ist in der Edelsteinindustrie zu einem Synonym f\u00fcr Qualit\u00e4t und Zuverl\u00e4ssigkeit geworden. Ihr Ruf ist der gr\u00f6\u00dfte Pluspunkt f\u00fcr Ihren Diamanten. Niemand zweifelt an GIA-Berichten, und sie sind zur Standardoption f\u00fcr die meisten Juweliere geworden. Man mag die <a href=\"https:\/\/ajediam.com\/de\/diamanten-101\/uber-diamanten-die-4-cs\/\">4C\u2019s<\/a> heute f\u00fcr selbstverst\u00e4ndlich halten, aber es war den Bem\u00fchungen des GIA zu verdanken, dass wir \u00fcber standardisierte Systeme und ein Vokabular verf\u00fcgen, um die Qualit\u00e4ten von Diamanten effektiv zu kommunizieren.&nbsp;<\/p>\n\n\n\n<p>Der gute Ruf des GIA beruht auf dem Fachwissen und der Erfahrung seiner Mitarbeiter, der Qualit\u00e4t seiner Ausr\u00fcstung, seinem Engagement, in der akademischen Forschung der Gemmologie eine Vorreiterrolle einzunehmen, und seiner Erfahrung als Bildungseinrichtung.<\/p>\n\n\n\n<h2 class=\"wp-block-heading\" id=\"4-die-gia-academy-und-lernm%C3%B6glichkeiten\">Die GIA Academy und Lernm\u00f6glichkeiten<\/h2>\n\n\n\n<figure class=\"wp-block-image size-large\"><img decoding=\"async\" src=\"https:\/\/qph.cf2.quoracdn.net\/main-qimg-60a98633cfe2b8ae19578f859661bc96-pjlq\" alt=\"GIA education campus in Carlsbad\"\/><\/figure>\n\n\n\n<p>Das GIA ist eine der weltweit f\u00fchrenden Institutionen f\u00fcr Edelsteinausbildung. Es unterh\u00e4lt Standorte in Carlsbad, New York, Bangkok, Hongkong, London, Mumbai und Taipeh. Auch in Surat, Indien, ist das GIA aktiv und kooperiert mit chinesischen Universit\u00e4ten. An diesen Standorten k\u00f6nnen Sie aus einer Vielzahl von Programmen w\u00e4hlen.<\/p>\n\n\n\n<p>Es gibt E-Learning-Kurse, Laborpraktika, Zertifikatsprogramme und ein umfassendes Diplomprogramm in Gemmologie. Die Kurse sind spezialisiert und praxisorientiert. Zu den verschiedenen Diplomprogrammen geh\u00f6ren unter anderem angewandte Schmuckgestaltung, Farbedelsteine, Diamanten, Gemmologie, Schmuck, Perlen sowie ein Design- und Technologieprogramm.<\/p>\n\n\n\n<h2 class=\"wp-block-heading\" id=\"5-wir-hoffen-ihnen-hat-die-lekt%C3%BCre-gefallen\">Wir hoffen, Ihnen hat die Lekt\u00fcre gefallen!<\/h2>\n\n\n\n<p>Zusammenfassend l\u00e4sst sich sagen, dass das GIA sowohl in der Diamantenbewertung als auch in der Ausbildung der Branchenstandard ist. Es hat einen immensen Beitrag zur Diamantenwelt geleistet und die Art und Weise, wie wir heute \u00fcber Diamanten sprechen, ma\u00dfgeblich gepr\u00e4gt. Wenn Sie mehr \u00fcber andere <a href=\"https:\/\/ajediam.com\/de\/identifizierung\/\" data-type=\"link\" data-id=\"https:\/\/ajediam.com\/de\/identifizierung\/\">renommierte Labore erfahren m\u00f6chten<\/a>, empfehlen wir Ihnen unsere Artikel \u00fcber Gubelin und SSEF.<\/p>\n","protected":false},"excerpt":{"rendered":"<p>Das Gemological Institute of America (GIA), ein unabh\u00e4ngiges Diamantpr\u00fcflabor, erstellt Zertifikate. Im Diamantenhandel wird nichts dem Zufall \u00fcberlassen. Hunderte unabh\u00e4ngige Labore stellen Diamantzertifikate aus, die die spezifischen Eigenschaften jedes Steins garantieren. Allerdings sind nicht alle Zertifikate gleichwertig. Zertifikate von renommierten Laboren k\u00f6nnen den Preis eines Diamanten positiv beeinflussen. Andere stammen aus fragw\u00fcrdigen Quellen und werden [&hellip;]<\/p>\n","protected":false},"author":5,"featured_media":52568,"parent":153399,"menu_order":0,"comment_status":"closed","ping_status":"closed","template":"jewel-cleaner-page.php","meta":{"ub_ctt_via":"","footnotes":""},"acf":[],"featured_image_src":"https:\/\/ajediam.com\/wp-content\/uploads\/2023\/06\/GIA-Gemological-Institute-of-America-Gemstones-and-Diamond-Grading-Labs-1.png","_links":{"self":[{"href":"https:\/\/ajediam.com\/de\/wp-json\/wp\/v2\/pages\/153772"}],"collection":[{"href":"https:\/\/ajediam.com\/de\/wp-json\/wp\/v2\/pages"}],"about":[{"href":"https:\/\/ajediam.com\/de\/wp-json\/wp\/v2\/types\/page"}],"author":[{"embeddable":true,"href":"https:\/\/ajediam.com\/de\/wp-json\/wp\/v2\/users\/5"}],"replies":[{"embeddable":true,"href":"https:\/\/ajediam.com\/de\/wp-json\/wp\/v2\/comments?post=153772"}],"version-history":[{"count":1,"href":"https:\/\/ajediam.com\/de\/wp-json\/wp\/v2\/pages\/153772\/revisions"}],"predecessor-version":[{"id":153774,"href":"https:\/\/ajediam.com\/de\/wp-json\/wp\/v2\/pages\/153772\/revisions\/153774"}],"up":[{"embeddable":true,"href":"https:\/\/ajediam.com\/de\/wp-json\/wp\/v2\/pages\/153399"}],"wp:featuredmedia":[{"embeddable":true,"href":"https:\/\/ajediam.com\/de\/wp-json\/wp\/v2\/media\/52568"}],"wp:attachment":[{"href":"https:\/\/ajediam.com\/de\/wp-json\/wp\/v2\/media?parent=153772"}],"curies":[{"name":"wp","href":"https:\/\/api.w.org\/{rel}","templated":true}]}}