{"id":153781,"date":"2019-04-03T11:33:55","date_gmt":"2019-04-03T11:33:55","guid":{"rendered":"https:\/\/ajediam.com\/diamanten-101\/diamond-sizes-on-hand-finger-ring\/"},"modified":"2026-02-25T13:54:25","modified_gmt":"2026-02-25T13:54:25","slug":"diamantgrossen-am-fingerring","status":"publish","type":"page","link":"https:\/\/ajediam.com\/de\/diamanten-101\/diamantgrossen-am-fingerring\/","title":{"rendered":"Diamantgr\u00f6\u00dfen am Fingerring"},"content":{"rendered":"<p><div class='row vc_row '><div class='col-md-12 '><h2 class='section-title'>Wie viel Karat hat mein Diamant, wie gro\u00df muss mein Diamantring sein?<\/h2><p>Sehen Sie Diamantgr\u00f6\u00dfen an Hand, Finger und Ring in Originalgr\u00f6\u00dfe.<br \/>\nFinden Sie die richtige Gr\u00f6\u00dfe f\u00fcr Ihren Verlobungsring.<br \/>\nPassen Sie den Diamanten an Ihre Hand und den Ring an Ihren Finger in Originalgr\u00f6\u00dfe an. Druckbare Bilder<\/p><div class='mb-4'><p><strong>Gut zu wissen&#8230; 99 Prozent aller geschliffenen Diamanten, die j\u00e4hrlich weltweit gehandelt und verkauft werden, liegen unter 0,30 Karat.<\/strong><\/p>\n<p>Zum Abgleichen und Anpassen klicken Sie bitte auf die Hand-Symbole.<\/p><\/div><\/div><\/div> <div class='row vc_row vc_custom_1552886396531'><div class='col-md-12 '><div class='row '><div class='col-md-2 col-inner'><div class='col-inwrap'><div class='mb-4'><p><\/p>\n<p style=\"text-align: center;\">0,25 Karat\u00a0 \u00a0 \u00a0 \u00a0 \u00a0 <img decoding=\"async\" class=\"alignnone wp-image-66\" src=\"\/wp-content\/uploads\/2019\/03\/0.33_carat_tn_50x64.jpg\" alt=\"\" width=\"20\" height=\"26\" \/><\/p>\n<p style=\"text-align: center;\">0,33 Karat\u00a0 \u00a0 \u00a0 \u00a0 \u00a0 <img decoding=\"async\" class=\"alignnone wp-image-66\" src=\"\/wp-content\/uploads\/2019\/03\/0.33_carat_tn_50x64.jpg\" alt=\"\" width=\"20\" height=\"26\" \/><\/p>\n<p style=\"text-align: center;\">0,50 Karat\u00a0 \u00a0 \u00a0 \u00a0 \u00a0 <img decoding=\"async\" class=\"alignnone wp-image-66\" src=\"\/wp-content\/uploads\/2019\/03\/0.33_carat_tn_50x64.jpg\" alt=\"\" width=\"20\" height=\"26\" \/><\/p>\n<p style=\"text-align: center;\">0,65 Karat\u00a0 \u00a0 \u00a0 \u00a0 \u00a0 <img decoding=\"async\" class=\"alignnone wp-image-66\" src=\"\/wp-content\/uploads\/2019\/03\/0.33_carat_tn_50x64.jpg\" alt=\"\" width=\"20\" height=\"26\" \/><\/p>\n<p style=\"text-align: center;\">0,75 Karat\u00a0 \u00a0 \u00a0 \u00a0 \u00a0 <img decoding=\"async\" class=\"alignnone wp-image-66\" src=\"\/wp-content\/uploads\/2019\/03\/0.33_carat_tn_50x64.jpg\" alt=\"\" width=\"20\" height=\"26\" \/><\/p>\n<p style=\"text-align: center;\">0,85 Karat\u00a0 \u00a0 \u00a0 \u00a0 \u00a0 <img decoding=\"async\" class=\"alignnone wp-image-66\" src=\"\/wp-content\/uploads\/2019\/03\/0.33_carat_tn_50x64.jpg\" alt=\"\" width=\"20\" height=\"26\" \/><\/p>\n<p style=\"text-align: center;\">1,00 Karat\u00a0 \u00a0 \u00a0 \u00a0 \u00a0 <img decoding=\"async\" class=\"alignnone wp-image-66\" src=\"\/wp-content\/uploads\/2019\/03\/0.33_carat_tn_50x64.jpg\" alt=\"\" width=\"20\" height=\"26\" \/><\/p>\n<p style=\"text-align: center;\">1,25 Karat\u00a0 \u00a0 \u00a0 \u00a0 \u00a0 <img decoding=\"async\" class=\"alignnone wp-image-66\" src=\"\/wp-content\/uploads\/2019\/03\/0.33_carat_tn_50x64.jpg\" alt=\"\" width=\"20\" height=\"26\" \/><\/p>\n<p style=\"text-align: center;\">1,50 Karat\u00a0 \u00a0 \u00a0 \u00a0 \u00a0 <img decoding=\"async\" class=\"alignnone wp-image-66\" src=\"\/wp-content\/uploads\/2019\/03\/0.33_carat_tn_50x64.jpg\" alt=\"\" width=\"20\" height=\"26\" \/><\/p>\n<p style=\"text-align: center;\">1,75 Karat\u00a0 \u00a0 \u00a0 \u00a0 \u00a0 <img decoding=\"async\" class=\"alignnone wp-image-66\" src=\"\/wp-content\/uploads\/2019\/03\/0.33_carat_tn_50x64.jpg\" alt=\"\" width=\"20\" height=\"26\" \/><\/p>\n<p style=\"text-align: center;\">2,00 Karat\u00a0 \u00a0 \u00a0 \u00a0 \u00a0 <img decoding=\"async\" class=\"alignnone wp-image-66\" src=\"\/wp-content\/uploads\/2019\/03\/0.33_carat_tn_50x64.jpg\" alt=\"\" width=\"20\" height=\"26\" \/><\/p>\n<p style=\"text-align: center;\">2,25 Karat\u00a0 \u00a0 \u00a0 \u00a0 \u00a0 <img decoding=\"async\" class=\"alignnone wp-image-66\" src=\"\/wp-content\/uploads\/2019\/03\/0.33_carat_tn_50x64.jpg\" alt=\"\" width=\"20\" height=\"26\" \/><\/p>\n<p style=\"text-align: center;\">2,50 Karat\u00a0 \u00a0 \u00a0 \u00a0 \u00a0 <img decoding=\"async\" class=\"alignnone wp-image-66\" src=\"\/wp-content\/uploads\/2019\/03\/0.33_carat_tn_50x64.jpg\" alt=\"\" width=\"20\" height=\"26\" \/><\/p>\n<p style=\"text-align: center;\">3,00 Karat\u00a0 \u00a0 \u00a0 \u00a0 \u00a0 <img decoding=\"async\" class=\"alignnone wp-image-66\" src=\"\/wp-content\/uploads\/2019\/03\/0.33_carat_tn_50x64.jpg\" alt=\"\" width=\"20\" height=\"26\" \/><\/p>\n<p style=\"text-align: center;\">4,00 Karat\u00a0 \u00a0 \u00a0 \u00a0 \u00a0 <img decoding=\"async\" class=\"alignnone wp-image-66\" src=\"\/wp-content\/uploads\/2019\/03\/0.33_carat_tn_50x64.jpg\" alt=\"\" width=\"20\" height=\"26\" \/><\/p>\n<p style=\"text-align: center;\">5,00 Karat\u00a0 \u00a0 \u00a0 \u00a0 \u00a0 <img decoding=\"async\" class=\"alignnone wp-image-66\" src=\"\/wp-content\/uploads\/2019\/03\/0.33_carat_tn_50x64.jpg\" alt=\"\" width=\"20\" height=\"26\" \/><\/p>\n<p style=\"text-align: center;\">6,00 Karat\u00a0 \u00a0 \u00a0 \u00a0 \u00a0 <img decoding=\"async\" class=\"alignnone wp-image-66\" src=\"\/wp-content\/uploads\/2019\/03\/0.33_carat_tn_50x64.jpg\" alt=\"\" width=\"20\" height=\"26\" \/><\/p>\n<p style=\"text-align: center;\">7,00 Karat\u00a0 \u00a0 \u00a0 \u00a0 \u00a0 <img decoding=\"async\" class=\"alignnone wp-image-66\" src=\"\/wp-content\/uploads\/2019\/03\/0.33_carat_tn_50x64.jpg\" alt=\"\" width=\"20\" height=\"26\" \/><\/p>\n<p style=\"text-align: center;\">8,00 Karat\u00a0 \u00a0 \u00a0 \u00a0 \u00a0 <img decoding=\"async\" class=\"alignnone wp-image-66\" src=\"\/wp-content\/uploads\/2019\/03\/0.33_carat_tn_50x64.jpg\" alt=\"\" width=\"20\" height=\"26\" \/><\/p>\n<p style=\"text-align: center;\">10,00 Karat\u00a0 \u00a0 \u00a0 \u00a0 \u00a0 <img decoding=\"async\" class=\"alignnone wp-image-66\" src=\"\/wp-content\/uploads\/2019\/03\/0.33_carat_tn_50x64.jpg\" alt=\"\" width=\"20\" height=\"26\" \/><\/p>\n<p style=\"text-align: center;\">15,00 Karat\u00a0 \u00a0 \u00a0 \u00a0 \u00a0 <img decoding=\"async\" class=\"alignnone wp-image-66\" src=\"\/wp-content\/uploads\/2019\/03\/0.33_carat_tn_50x64.jpg\" alt=\"\" width=\"20\" height=\"26\" \/><\/p>\n<p><\/p><\/div><\/div><\/div><div class='col-md-8 col-inner'><div class='col-inwrap'><div class='mb-4'><p><\/p>\n<p style=\"text-align: center;\">Besuchen Sie auch den <a href=\"https:\/\/ajediam.com\/de\/diamanten-101\/grosse-der-diamanten\/\">Karat-Gr\u00f6\u00dfenvergleich<\/a> \u2013 <a href=\"\/loose-diamonds\">Bilder verschiedener Formen<\/a><\/p>\n<p><\/p><\/div><div class='vc-image text-center'><figure><div><img src='https:\/\/ajediam.com\/wp-content\/uploads\/2019\/03\/0.50_carat_full_size.jpg' alt=''><\/div><\/figure><\/div><\/div><\/div><\/div><\/div><\/div> <style>.vc_custom_1552886396531 { border-top-width: 3px !important;border-right-width: 3px !important;border-bottom-width: 3px !important;border-left-width: 3px !important;border-left-color: #e2ebf0 !important;border-left-style: solid !important;border-right-color: #e2ebf0 !important;border-right-style: solid !important;border-top-color: #e2ebf0 !important;border-top-style: solid !important;border-bottom-color: #e2ebf0 !important;border-bottom-style: solid !important;} }<\/style><div class='row vc_row '><div class='col-md-3 '><\/div><div class='col-md-3 '><div style='height: 32px;'><\/div><a class='lab-button' href='http:\/\/ajediam.com\/engagement-rings' target='' title='url:http:\/\/ajediam.com\/engagement-rings|'>JETZT SHOPPEN<\/a><\/div><div class='col-md-3 '><div style='height: 32px;'><\/div><a class='lab-button' href='https:\/\/ajediam.com\/de\/schnellanfrageformular\/' target='' title='https:\/\/ajediam.com\/de\/schnellanfrageformula'>ZUM KAUFBERATER<\/a><\/div><div class='col-md-3 '><\/div><\/div> <div class='row vc_row '><div class='col-md-2 '><\/div><div class='col-md-8 '><div style='height: 32px;'><\/div><div class='vc-image '><figure><a href='\/diamonds-from-one-to-20ct' class='d-block'><img src='https:\/\/ajediam.com\/wp-content\/uploads\/2019\/03\/Ajediam_footer_Buy_now_13_03_2015.jpg' alt=''><\/a><\/figure><\/div><\/div><div class='col-md-2 '><\/div><\/div> <\/p>\n","protected":false},"excerpt":{"rendered":"","protected":false},"author":5,"featured_media":0,"parent":153392,"menu_order":0,"comment_status":"closed","ping_status":"closed","template":"","meta":{"ub_ctt_via":"","footnotes":""},"acf":[],"featured_image_src":null,"_links":{"self":[{"href":"https:\/\/ajediam.com\/de\/wp-json\/wp\/v2\/pages\/153781"}],"collection":[{"href":"https:\/\/ajediam.com\/de\/wp-json\/wp\/v2\/pages"}],"about":[{"href":"https:\/\/ajediam.com\/de\/wp-json\/wp\/v2\/types\/page"}],"author":[{"embeddable":true,"href":"https:\/\/ajediam.com\/de\/wp-json\/wp\/v2\/users\/5"}],"replies":[{"embeddable":true,"href":"https:\/\/ajediam.com\/de\/wp-json\/wp\/v2\/comments?post=153781"}],"version-history":[{"count":1,"href":"https:\/\/ajediam.com\/de\/wp-json\/wp\/v2\/pages\/153781\/revisions"}],"predecessor-version":[{"id":153783,"href":"https:\/\/ajediam.com\/de\/wp-json\/wp\/v2\/pages\/153781\/revisions\/153783"}],"up":[{"embeddable":true,"href":"https:\/\/ajediam.com\/de\/wp-json\/wp\/v2\/pages\/153392"}],"wp:attachment":[{"href":"https:\/\/ajediam.com\/de\/wp-json\/wp\/v2\/media?parent=153781"}],"curies":[{"name":"wp","href":"https:\/\/api.w.org\/{rel}","templated":true}]}}