{"id":153787,"date":"2019-04-24T04:10:36","date_gmt":"2019-04-24T04:10:36","guid":{"rendered":"https:\/\/ajediam.com\/diamanten-101\/fancy-cut-diamonds\/"},"modified":"2026-02-25T13:58:26","modified_gmt":"2026-02-25T13:58:26","slug":"diamanten-im-fantasieschliff","status":"publish","type":"page","link":"https:\/\/ajediam.com\/de\/diamanten-101\/diamanten-im-fantasieschliff\/","title":{"rendered":"Diamanten im Fantasieschliff"},"content":{"rendered":"<p><div class='row vc_row '><div class='col-md-12 '><div class='mb-4'><p>Wir k\u00f6nnen f\u00fcr Sie jede Fantasieform auf Sonderbestellung schleifen,<br \/>\nwie zum Beispiel diesen wundersch\u00f6nen Diamanten in Pferdeform.<br \/>\nDies ist eine der verschiedenen Fantasieformen, die von unseren ber\u00fchmten Antwerpener Schleifern und Polierern gefertigt werden.<br \/>\nKaufen Sie zu Gro\u00dfhandelspreisen in Antwerpen, dem weltweit gr\u00f6\u00dften Diamantenzentrum.<br \/>\nLassen Sie sich von uns helfen: <a href=\"\/diamonds-from-one-to-20ct\">E-Mail<\/a> oder rufen Sie uns an unter Tel: + 32 3 808 72 02 <\/p><\/div><\/div><\/div> <div class='row vc_row vc_custom_1552886396531'><div class='col-md-12 '><div class='row '><div class='col-md-4 col-inner'><div class='col-inwrap'><div class='vc-image text-center'><figure><div><img src='https:\/\/ajediam.com\/wp-content\/uploads\/2019\/03\/Horse_head_shaped_diamond_10_cm_3_Ct_GIA_F_VS1-300x240.jpg' alt=''><\/div><\/figure><\/div><\/div><\/div><div class='col-md-4 col-inner'><div class='col-inwrap'><div class='mb-4'><p><\/p>\n<div align=\"left\">\n<div align=\"left\">\n<p>Origineller Diamant in Pferdeform (Fancy Horse Shape)<\/p>\n<p>Auf Sonderbestellung realisieren wir Ihre ganz pers\u00f6nliche Form.<br \/>\nBeispiel:<br \/>\nDieser wundersch\u00f6ne nat\u00fcrliche Diamant in Pferdeform ist eine der vielen Fantasieformen, die von unseren ber\u00fchmten Antwerpener Schleifern und Polierern kreiert werden.<\/p>\n<p>Geliefert mit internationalem Diamantzertifikat<\/p>\n<ul>\n<li>F\u00fcr ein Angebot schreiben Sie mir eine <a href=\"\/diamonds-from-one-to-20ct\">E-Mail<\/a>:<\/li>\n<li>Geben Sie Qualit\u00e4t + Gr\u00f6\u00dfe Ihres Diamanten an<\/li>\n<\/ul>\n<p><a href=\"\/diamonds-from-one-to-20ct\"><strong>E-Mail<\/strong> <\/a>f\u00fcr ein Angebot senden<\/p>\n<p>Haben Sie einen pers\u00f6nlichen Solit\u00e4rring im Sinn?<\/p>\n<\/div>\n<\/div>\n<p><\/p><\/div><\/div><\/div><div class='col-md-4 col-inner'><div class='col-inwrap'><div class='vc-image text-center'><figure><div><img src='https:\/\/ajediam.com\/wp-content\/uploads\/2019\/03\/engagement_gift_4_x_5_cm..jpg' alt=''><\/div><\/figure><\/div><div class='mb-4'><p>Lesen Sie mehr \u00fcber spezifische Brillanz und Erscheinungsbild.<br \/>\n<a href=\"\/loose-diamonds\">Beschreibung und Merkmale<\/a> verschiedener Fancy-Diamanten<br \/>\nim Vergleich zu anderen Formen.<\/p>\n<p>Haben Sie einen Diamanten im Fantasieschliff im Sinn? Senden Sie mir eine <a href=\"\/diamonds-from-one-to-20ct\">E-Mail<\/a> f\u00fcr ein Angebot Ihrer Wunschform.<br \/>\nUnsere Meisterschleifer und Polierer werden Ihren pers\u00f6nlichen Diamanten im Fantasieschliff kreieren.<br \/>\nAjediam ist f\u00fchrend im Schleifen und Polieren der besten Diamanten.<\/p><\/div><div class='mb-4'><p><\/p>\n<p style=\"text-align: center;\">Steuerfreier Export<\/p>\n<p><\/p><\/div><\/div><\/div><\/div><\/div><\/div> <style>.vc_custom_1552886396531 { border-top-width: 3px !important;border-right-width: 3px !important;border-bottom-width: 3px !important;border-left-width: 3px !important;border-left-color: #e2ebf0 !important;border-left-style: solid !important;border-right-color: #e2ebf0 !important;border-right-style: solid !important;border-top-color: #e2ebf0 !important;border-top-style: solid !important;border-bottom-color: #e2ebf0 !important;border-bottom-style: solid !important;} }<\/style><div class='row vc_row '><div class='col-md-3 '><\/div><div class='col-md-3 '><div style='height: 32px;'><\/div><a class='lab-button' href='http:\/\/ajediam.com\/engagement-rings' target='' title='url:http:\/\/ajediam.com\/engagement-rings|'>JETZT SHOPPEN<\/a><\/div><div class='col-md-3 '><div style='height: 32px;'><\/div><a class='lab-button' href='https:\/\/ajediam.com\/de\/schnellanfrageformular\/' target='' title='https:\/\/ajediam.com\/de\/schnellanfrageformula'>ZUM KAUFBERATER<\/a><\/div><div class='col-md-3 '><\/div><\/div> <div class='row vc_row '><div class='col-md-2 '><\/div><div class='col-md-8 '><div style='height: 32px;'><\/div><div class='vc-image '><figure><a href='\/diamonds-from-one-to-20ct' class='d-block'><img src='https:\/\/ajediam.com\/wp-content\/uploads\/2019\/03\/Ajediam_footer_Buy_now_13_03_2015.jpg' alt=''><\/a><\/figure><\/div><\/div><div class='col-md-2 '><\/div><\/div> <\/p>\n","protected":false},"excerpt":{"rendered":"","protected":false},"author":5,"featured_media":0,"parent":153392,"menu_order":0,"comment_status":"closed","ping_status":"closed","template":"","meta":{"ub_ctt_via":"","footnotes":""},"acf":[],"featured_image_src":null,"_links":{"self":[{"href":"https:\/\/ajediam.com\/de\/wp-json\/wp\/v2\/pages\/153787"}],"collection":[{"href":"https:\/\/ajediam.com\/de\/wp-json\/wp\/v2\/pages"}],"about":[{"href":"https:\/\/ajediam.com\/de\/wp-json\/wp\/v2\/types\/page"}],"author":[{"embeddable":true,"href":"https:\/\/ajediam.com\/de\/wp-json\/wp\/v2\/users\/5"}],"replies":[{"embeddable":true,"href":"https:\/\/ajediam.com\/de\/wp-json\/wp\/v2\/comments?post=153787"}],"version-history":[{"count":1,"href":"https:\/\/ajediam.com\/de\/wp-json\/wp\/v2\/pages\/153787\/revisions"}],"predecessor-version":[{"id":153789,"href":"https:\/\/ajediam.com\/de\/wp-json\/wp\/v2\/pages\/153787\/revisions\/153789"}],"up":[{"embeddable":true,"href":"https:\/\/ajediam.com\/de\/wp-json\/wp\/v2\/pages\/153392"}],"wp:attachment":[{"href":"https:\/\/ajediam.com\/de\/wp-json\/wp\/v2\/media?parent=153787"}],"curies":[{"name":"wp","href":"https:\/\/api.w.org\/{rel}","templated":true}]}}