{"id":153794,"date":"2019-06-07T10:41:59","date_gmt":"2019-06-07T10:41:59","guid":{"rendered":"https:\/\/ajediam.com\/identifizierung\/specific-gravity-density-hardness-weight-precious-stones-minerals\/"},"modified":"2026-02-25T14:08:47","modified_gmt":"2026-02-25T14:08:47","slug":"spezifisches-gewicht-dichte-harte-gewicht-edelsteine-mineralien","status":"publish","type":"page","link":"https:\/\/ajediam.com\/de\/identifizierung\/spezifisches-gewicht-dichte-harte-gewicht-edelsteine-mineralien\/","title":{"rendered":"Spezifisches Gewicht Dichte H\u00e4rte Gewicht Edelsteine \u200b\u200bMineralien"},"content":{"rendered":"<div class='row vc_row '><div class='col-md-12 '><div class='row '><div class='col-md-12 col-inner'><div class='col-inwrap'><div class='mb-4'><p><\/p>\n<h5><strong>Wie bestimmt man das spezifische Gewicht, die Dichte, die H\u00e4rte und Lichtbrechung \u2013 alle Spezifikationen und Merkmale von Edelsteinen?<\/strong><\/h5>\n<p>Erfahren Sie mehr in dieser Tabelle \u00fcber nat\u00fcrliche Edelsteine.<\/p>\n<p>Die vier klassischen Edelsteine sind: Diamant, Rubin, Saphir und Smaragd. Weitere Mineralien sind: Moissanit, Achat, Alexandrit, Amethyst, Aquamarin, Katzenauge, Citrin, Granat, Jade, Lapislazuli, Mondstein, Onyx, Opal, Peridot, Quarz, Rhodolith, Rubellit, Spinell, Sonnenstein, Topas, Turmalin, T\u00fcrkis und Zirkon.<\/p>\n<p>Sehen Sie sich die <a href=\"https:\/\/ajediam.com\/de\/diamanten-101\/grosse-der-diamanten\/\">Diamantgr\u00f6\u00dfen<\/a> und das Verh\u00e4ltnis von <a href=\"\/diamond-carat-weight\">Gewicht zu Gr\u00f6\u00dfe<\/a> an. Betrachten Sie auch die <a href=\"\/diamond-sizes-on-hand-finger-ring\">Gr\u00f6\u00dfe eines Diamanten am Ring, am Finger und an der Hand<\/a>.<\/p><\/div><\/div><\/div><\/div><div class='mb-4'><p>[ct_size_guide postid = 4412]<\/p><\/div><hr class='mb-4' \/><div class='mb-4'><p><strong>Lekt\u00fcre:<\/strong><br \/>\nDichte g\u00e4ngiger Gesteinsarten \u2013 Kimberlit: das bl\u00e4uliche Gestein, die Quelle nat\u00fcrlicher Diamanten.<br \/>\nQuelle: http:\/\/geology.about.com\/cs\/rock_types\/a\/aarockspecgrav.htm<\/p>\n<p>Die H\u00e4rte von Diamanten und Mineralien wird durch Messung auf der Mohs-Skala definiert, im Vergleich von 1 f\u00fcr Talk bis 10 f\u00fcr Diamant.<\/p>\n<p>Die Mohs-H\u00e4rteskala listet 10 g\u00e4ngige Mineralien auf und ordnet jedem eine H\u00e4rte von 1 bis 10 zu.<br \/>\n(Friedrich Mohs, deutscher Mineraloge, 1822).<br \/>\nQuelle: http:\/\/www.scienceclarified.com\/Ma-Mu\/Minerals.html<\/p>\n<p>Mineralbeispiele, K\u00f6rper, Wasser, Erde, Typ, Chemie, Form, Kohlenstoff, Sauerstoff, Substanz, Oberfl\u00e4che, Teil, physische Merkmale und Mineralbestimmung.<br \/>\n<strong>Quelle<\/strong>: http:\/\/www.scienceclarified.com\/Ma-Mu\/Minerals.html#ixzz18BlRVfCE<\/p><\/div><hr class='mb-4' \/><div class='row '><div class='col-md-2 col-inner'><div class='col-inwrap'><\/div><\/div><div class='col-md-8 col-inner'><div class='col-inwrap'><div class='vc-image text-center'><figure><div><img src='https:\/\/ajediam.com\/wp-content\/uploads\/2019\/03\/Ajediam_footer_Buy_now_13_03_2015.jpg' alt=''><\/div><\/figure><\/div><\/div><\/div><div class='col-md-2 col-inner'><div class='col-inwrap'><\/div><\/div><\/div><\/div><\/div> \n","protected":false},"excerpt":{"rendered":"","protected":false},"author":5,"featured_media":0,"parent":153399,"menu_order":0,"comment_status":"closed","ping_status":"closed","template":"","meta":{"ub_ctt_via":"","footnotes":""},"acf":[],"featured_image_src":null,"_links":{"self":[{"href":"https:\/\/ajediam.com\/de\/wp-json\/wp\/v2\/pages\/153794"}],"collection":[{"href":"https:\/\/ajediam.com\/de\/wp-json\/wp\/v2\/pages"}],"about":[{"href":"https:\/\/ajediam.com\/de\/wp-json\/wp\/v2\/types\/page"}],"author":[{"embeddable":true,"href":"https:\/\/ajediam.com\/de\/wp-json\/wp\/v2\/users\/5"}],"replies":[{"embeddable":true,"href":"https:\/\/ajediam.com\/de\/wp-json\/wp\/v2\/comments?post=153794"}],"version-history":[{"count":1,"href":"https:\/\/ajediam.com\/de\/wp-json\/wp\/v2\/pages\/153794\/revisions"}],"predecessor-version":[{"id":153795,"href":"https:\/\/ajediam.com\/de\/wp-json\/wp\/v2\/pages\/153794\/revisions\/153795"}],"up":[{"embeddable":true,"href":"https:\/\/ajediam.com\/de\/wp-json\/wp\/v2\/pages\/153399"}],"wp:attachment":[{"href":"https:\/\/ajediam.com\/de\/wp-json\/wp\/v2\/media?parent=153794"}],"curies":[{"name":"wp","href":"https:\/\/api.w.org\/{rel}","templated":true}]}}