{"id":153796,"date":"2019-04-25T06:45:26","date_gmt":"2019-04-25T06:45:26","guid":{"rendered":"https:\/\/ajediam.com\/vergleichen-sie-die-qualitaeten-von-diamanten\/fluorescence-blue-white-diamonds\/"},"modified":"2026-02-25T14:12:57","modified_gmt":"2026-02-25T14:12:57","slug":"fluoreszierende-blau-weisse-diamanten","status":"publish","type":"page","link":"https:\/\/ajediam.com\/de\/vergleichen-sie-die-qualitaeten-von-diamanten\/fluoreszierende-blau-weisse-diamanten\/","title":{"rendered":"Fluoreszierende blau-wei\u00dfe Diamanten"},"content":{"rendered":"<p><div class='row vc_row '><div class='col-md-12 '><div class='mb-4'><p><strong>Was ist gute und schlechte Fluoreszenz und welchen Einfluss hat sie auf Farbe und Reinheit?<\/strong><br \/>\nWas sind milchige Diamanten (Milky Diamonds)?<br \/>\nWie GIA Fluoreszenz und Tr\u00fcbung bewertet.<br \/>\nWas sind die geheimnisvollen \u201eBlue-White\u201c-Diamanten? Eingetragener Markenname hier erkl\u00e4rt.\u200b<\/p><\/div><h2 class='section-title'>Wie erkennt man sofort einen echten, nat\u00fcrlich abgebauten Diamanten? Die Antwort ist einfach: Nur nat\u00fcrliche Diamanten k\u00f6nnen blau-wei\u00df fluoreszieren!<\/h2><\/div><\/div> <div class='row vc_row '><div class='col-md-8 '><div class='mb-4'><p>Wie unterscheidet man ganz einfach einen synthetischen Billig-Diamanten von einem echten, nat\u00fcrlich abgebauten Diamanten?<br \/>\nNur nat\u00fcrliche Diamanten k\u00f6nnen blau-wei\u00df fluoreszieren! Nur nat\u00fcrliche, abgebauten Rohdiamanten und geschliffene Diamanten k\u00f6nnen fluoreszierend sein!<br \/>\nDies ist die beste und einfachste Garantie, um sicher zu sein, dass Ihre Diamanten nat\u00fcrlich sind.<\/p><\/div><\/div><div class='col-md-4 '><div class='vc-image '><figure><div><img src='https:\/\/ajediam.com\/wp-content\/uploads\/2019\/03\/Blue_White_Diamond_4-300x184.jpg' alt=''><\/div><\/figure><\/div><\/div><\/div> <div class='row vc_row '><div class='col-md-12 '><div class='mb-4'><p>Es gibt gute und schlechte Fluoreszenz! Kennen Sie den Einfluss auf die Qualit\u00e4t: Farbe und Reinheit \/ Tr\u00fcbung! GIA stuft die Fluoreszenz und Tr\u00fcbung (milky) nach Intensit\u00e4t ein.<\/p>\n<p>Die geheimnisvollen Blue-White-Diamanten, eingetragener Markenname erkl\u00e4rt. Fluoreszenz einfach erkl\u00e4rt:<\/p>\n<p>Der Energieunterschied zwischen dem absorbierten Licht und dem emittierten Licht wird als Fluoreszenz bezeichnet.<\/p>\n<p>Wenn das absorbierte Licht dem emittierten Licht entspricht, gibt es keine Fluoreszenz.<br \/>\nAuf Zertifikaten wird dies als NONE (keine) beschrieben.<\/p>\n<p>Wenn das emittierte Licht st\u00e4rker ist als das absorbierte Licht, wird der Diamant als fluoreszierend bezeichnet.<br \/>\nSie finden Fluoreszenz in folgenden Abstufungen:<br \/>\nNIL oder NONE (keine), Faint (schwach), Slight (leicht), Medium (mittel), Strong (stark), Very Strong (sehr stark).<br \/>\nDie Fluoreszenz kann Blau oder Gelb sein.<\/p><\/div><h2 class='section-title'>Die geheimnisvollen Blue-White-Diamanten, eingetragener Markenname, erkl\u00e4rt<\/h2><\/div><\/div> <div class='row vc_row '><div class='col-md-8 '><div class='mb-4'><p>D &#8211; E &#8211; F Farben mit starker blauer Fluoreszenz sind au\u00dfergew\u00f6hnlich und daher extrem selten; sie betonen die Helligkeit und werden als \u201eBlue-White\u201c-Diamanten bezeichnet.<br \/>\nWenn wei\u00dfe Diamanten der Farbe D bis F blau fluoreszieren, stuft dies die Farbe in die h\u00f6chste Kategorie BLUE WHITE ein.<\/p>\n<p>Starke BLAUE Fluoreszenz beeinflusst die Diamantfarbe positiv hin zur modernsten Trendfarbe.<\/p>\n<p>W\u00e4rmere Wei\u00dft\u00f6ne von G bis Z mit blauer Fluoreszenz verbessern die Farbe in Richtung Wei\u00df und lassen sie farbloser erscheinen. Eine sehr positive Tatsache.<\/p>\n<p>Sehr starke Fluoreszenz kann die Reinheit beeinflussen, wenn der Stein <strong>milchig<\/strong> (milky) wird.<\/p><\/div><\/div><div class='col-md-4 '><div class='vc-image '><figure><div><img src='https:\/\/ajediam.com\/wp-content\/uploads\/2019\/03\/Milky_diamond_1.jpg' alt=''><\/div><\/figure><\/div><\/div><\/div> <div class='row vc_row '><div class='col-md-12 '><div class='mb-4'><p>Sie werden mit blo\u00dfem Auge erkennen, dass der Diamant <strong>milchig<\/strong> ist.<br \/>\nDer Begriff \u201eMilky\u201c wird auf den Zertifikaten von GIA, HRD und IGI immer deutlich angegeben.<br \/>\nStarke gelbe Fluoreszenz und milchige Reinheit f\u00fchren zu einer niedrigeren Bewertung von Farbe und Reinheit.<\/p>\n<p>Diamanth\u00e4ndler verwendeten den Begriff \u201e<strong>Blue-White<\/strong>\u201c, um sich auf farblose \u201eExceptional White\u201c D &#8211; E und \u201eRare White +\u201c F &#8211; EX EX EX H&amp;A Diamanten im Idealschliff mit seltener, starker blauer Fluoreszenz zu beziehen.<\/p>\n<p>Dies ist das Markenzeichen ultimativer, sichtbarer High-Class-Mode!<\/p>\n<p>Der Begriff wurde tats\u00e4chlich zu einem Statussymbol in der \u00d6ffentlichkeit, und bis heute fragen Experten nach einem <strong>Blue-White-Diamanten<\/strong>, der seltensten Farbe. Regel 28 der Handelspraktiken der US Federal Trade Commission f\u00fcr die Schmuckindustrie befasst sich mit diesem Thema:<\/p>\n<p>Regel 28 Missbrauch des Begriffs \u201eBlue White\u201c:<br \/>\n\u201eEs ist eine unlautere Handelspraktik, den Begriff \u201aBlue-White\u2018 oder einen anderen Begriff, Ausdruck oder eine Darstellung \u00e4hnlicher Bedeutung als Beschreibung f\u00fcr einen Diamanten zu verwenden, der unter normalem, n\u00f6rdlichem Tageslicht oder dessen \u00c4quivalent eine andere Farbe oder Spur einer anderen Farbe als Blau oder Bl\u00e4ulich aufweist.\u201c<\/p>\n<p>Mit anderen Worten: Nur ein Diamant mit starker BLAUER Fluoreszenz darf als Blue-White-Diamant bezeichnet werden. Ein echtes Sammlerst\u00fcck, wahrscheinlich bald Ihres.<\/p>\n<p>Wie unterscheidet man ganz einfach einen synthetischen Billig-Diamanten von einem echten, nat\u00fcrlich abgebauten Diamanten? Nur nat\u00fcrliche Diamanten k\u00f6nnen blau-wei\u00df fluoreszieren!<\/p>\n<p><a href=\"mailto:care@ajediam.com?&amp;subject=Anfrage f\u00fcr Blue White Diamanten\">E-Mail<\/a> senden f\u00fcr ein <strong>Angebot f\u00fcr einen sehr seltenen Blue-White-Diamanten<\/strong><\/p><\/div><\/div><\/div> <div class='row vc_row '><div class='col-md-3 '><\/div><div class='col-md-3 '><div style='height: 32px;'><\/div><a class='lab-button' href='http:\/\/ajediam.com\/engagement-rings' target='' title='url:http:\/\/ajediam.com\/engagement-rings|'>JETZT SHOPPEN<\/a><\/div><div class='col-md-3 '><div style='height: 32px;'><\/div><a class='lab-button' href='https:\/\/ajediam.com\/de\/schnellanfrageformular\/' target='' title='https:\/\/ajediam.com\/de\/schnellanfrageformula'>ZUM KAUFBERATER<\/a><\/div><div class='col-md-3 '><\/div><\/div> <div class='row vc_row '><div class='col-md-2 '><\/div><div class='col-md-8 '><div style='height: 32px;'><\/div><div class='vc-image '><figure><a href='https:\/\/ajediam.com\/de\/schnellanfrageformular\/' class='d-block'><img src='https:\/\/ajediam.com\/wp-content\/uploads\/2019\/03\/Ajediam_footer_Buy_now_13_03_2015.jpg' alt=''><\/a><\/figure><\/div><\/div><div class='col-md-2 '><\/div><\/div> <\/p>\n","protected":false},"excerpt":{"rendered":"","protected":false},"author":5,"featured_media":0,"parent":153402,"menu_order":0,"comment_status":"closed","ping_status":"closed","template":"","meta":{"ub_ctt_via":"","footnotes":""},"acf":[],"featured_image_src":null,"_links":{"self":[{"href":"https:\/\/ajediam.com\/de\/wp-json\/wp\/v2\/pages\/153796"}],"collection":[{"href":"https:\/\/ajediam.com\/de\/wp-json\/wp\/v2\/pages"}],"about":[{"href":"https:\/\/ajediam.com\/de\/wp-json\/wp\/v2\/types\/page"}],"author":[{"embeddable":true,"href":"https:\/\/ajediam.com\/de\/wp-json\/wp\/v2\/users\/5"}],"replies":[{"embeddable":true,"href":"https:\/\/ajediam.com\/de\/wp-json\/wp\/v2\/comments?post=153796"}],"version-history":[{"count":2,"href":"https:\/\/ajediam.com\/de\/wp-json\/wp\/v2\/pages\/153796\/revisions"}],"predecessor-version":[{"id":153799,"href":"https:\/\/ajediam.com\/de\/wp-json\/wp\/v2\/pages\/153796\/revisions\/153799"}],"up":[{"embeddable":true,"href":"https:\/\/ajediam.com\/de\/wp-json\/wp\/v2\/pages\/153402"}],"wp:attachment":[{"href":"https:\/\/ajediam.com\/de\/wp-json\/wp\/v2\/media?parent=153796"}],"curies":[{"name":"wp","href":"https:\/\/api.w.org\/{rel}","templated":true}]}}