{"id":153800,"date":"2019-04-30T06:27:41","date_gmt":"2019-04-30T06:27:41","guid":{"rendered":"https:\/\/ajediam.com\/behandelt-synthetik\/hp-ht-treatment-diamonds\/"},"modified":"2026-02-25T14:17:15","modified_gmt":"2026-02-25T14:17:15","slug":"hp-ht-behandelte-diamanten","status":"publish","type":"page","link":"https:\/\/ajediam.com\/de\/behandelt-synthetik\/hp-ht-behandelte-diamanten\/","title":{"rendered":"HP-HT-behandelte Diamanten"},"content":{"rendered":"<p><div class='row vc_row '><div class='col-md-12 '><div class='mb-4'><p><\/p>\n<div align=\"left\">\n<h4>HPHT-behandelte Diamanten<\/h4>\n<p>Informationen und Preise \u00fcber HPHT-optimierte Diamanten vom Typ 2A<\/p>\n<p>Einige nat\u00fcrliche braune Diamanten k\u00f6nnen k\u00fcnstlich durch Hochtemperatur (HT) und Hochdruck (HP) behandelt werden, um ihre Farbe von Braun zu Wei\u00df zu verbessern. Diese k\u00f6nnen nicht mehr als rein nat\u00fcrliche Diamanten betrachtet werden!<\/p>\n<p>Diamanten vom Typ 2a eignen sich f\u00fcr diese Farbverbesserung. HPHT-optimierte Diamanten kosten 60 % weniger.<\/p>\n<p>Dies gibt Ihnen die M\u00f6glichkeit, einen Diamanten der Farbe D zum Preis der Farbe F zu erwerben.<\/p>\n<p>Diese Diamanten sind nur in gro\u00dfen Gr\u00f6\u00dfen ab 3,00 Karat erh\u00e4ltlich.<\/p>\n<\/div>\n<p><\/p><\/div><\/div><\/div> <div class='row vc_row '><div class='col-md-12 '><div class='mb-4'><p><\/p>\n<h4>Preise f\u00fcr das HPHT-Verfahren bei Diamanten vom Typ 2A<\/h4>\n<p>Nur sehr seltene Diamanten vom Typ 2A, die Stickstoff enthalten, k\u00f6nnen durch Hochtemperatur- (HT) und Hochdruckbehandlung (HP) veredelt werden, um ihr Erscheinungsbild zu verbessern. Es ist eine \u00e4hnliche nat\u00fcrliche Behandlung wie vor 3,3 Milliarden Jahren, als die Natur Diamanten erschuf.<\/p>\n<p>Weniger als 1 % aller Diamanten \u2013 die sehr seltenen Diamanten vom Typ 2a \u2013 sind f\u00fcr diese Veredelung geeignet.<\/p>\n<p>HPHT-optimierte Diamanten kosten weniger. Das gibt Ihnen die M\u00f6glichkeit, einen Diamanten der Farbe D zum Preis einer Farbe F zu kaufen.<\/p>\n<p>Es gibt keinen einzigen Unterschied zwischen Diamanten vom Typ 2A, die vor 3,3 Milliarden Jahren von der Natur verarbeitet wurden, und Diamanten, die jetzt k\u00fcnstlich per HPHT veredelt werden. Diese Diamanten sind sehr selten, besonders in gro\u00dfen Gr\u00f6\u00dfen.<\/p>\n<p>Was passiert beim HPHT-Prozess?<br \/>\nDurch hohe Temperatur und hohen Druck kann Stickstoff eliminiert werden.<br \/>\nEin HPHT-optimierter Diamant kann in einem gemmologischen Labor daran erkannt werden, dass er stickstofffrei ist.<\/p>\n<p><strong><a href=\"\/diamond-tester\">HPHT-behandelte und synthetische Diamanten erkennen<\/a><\/strong><\/p>\n<p><strong>Achtung!<\/strong><br \/>\nDas HPHT-Verfahren wird durch sehr teure Hightech-Maschinen erm\u00f6glicht, die vor wenigen Jahren (2001) noch nicht existierten.<br \/>\nGemmologische Labore, die vor 1999 Diamantzertifikate ausstellten, konnten diese Merkmale nicht erkennen.<br \/>\nEs ist eine Verbesserung der \u201eDNA\u201c des Diamanten, die es erm\u00f6glicht, diese Eigenschaften nachzuweisen.<br \/>\nAber niemand kann sagen, ob es nat\u00fcrlich oder k\u00fcnstlich geschah. Es ist dieselbe Behandlung.<\/p>\n<p>Und nun?<\/p>\n<p>Der Kauf eines HPHT-behandelten Diamanten hat einen echten Wert.<br \/>\n<strong>Zahlen Sie einfach den korrekten Preis f\u00fcr HPHT-optimierte Diamanten!<\/strong><br \/>\n<strong>Etwa 40 bis 50 % des normalen Preises! Diamantpreise pr\u00fcfen<\/strong><br \/>\n<strong>Pr\u00fcfen Sie auch den <a href=\"\/cheapest-diamonds\">g\u00fcnstigsten Schliff<\/a><\/strong><br \/>\nDiamantzertifikate erw\u00e4hnen unter \u201eKommentare\u201c (comments):<br \/>\nHP\/HT processed to improve its color (HP\/HT-behandelt zur Farbverbesserung).<\/p>\n<p><strong><a href=\"\/lost-diamonds\">In der Rundiste des Diamanten finden Sie dies eingraviert!<\/a><\/strong><\/p>\n<p>Wenn Diamanten, die nicht vom Typ 2A sind, HPHT-behandelt werden, \u00e4ndert sich die Farbe in ein gelbliches Braun! Siehe Bild auf dieser Seite.<\/p>\n<p>Die HPHT-Behandlung wird nur bei gro\u00dfen Steinen ab mindestens 3 Karat durchgef\u00fchrt.<br \/>\nHPHT-Steine sind fast immer lupenrein,<br \/>\nda sie sonst bei der Behandlung explodieren w\u00fcrden.<\/p>\n<p>Daher finden Sie keine HPHT-Diamanten mit Einschl\u00fcssen wie SI oder Piqu\u00e9.<\/p><\/div><\/div><\/div> <div class='row vc_row '><div class='col-md-12 '><div class='mb-4'><p><\/p>\n<h4>HPHT-Diamanten verstehen<\/h4>\n<p>Wie man <a href=\"\/diamond-tester\">HPHT-behandelte Diamanten von unbehandelten unterscheidet<\/a><\/p>\n<p>Wenn Sie einen Diamanten mit schlechter Farbe bes\u00e4\u00dfen, den Sie 150 km tief zur\u00fcck in die Erde schicken k\u00f6nnten, um ihn \u201eneu geb\u00e4ren\u201c zu lassen und als einen viel besseren Diamanten zur\u00fcckzubekommen \u2013 w\u00fcrden Sie es tun? Nat\u00fcrlich w\u00fcrden Sie das. Tats\u00e4chlich k\u00f6nnen Sie das. Es nennt sich HPHT-Behandlung. Doch zu viele Menschen haben Angst vor dem Begriff HPHT (High Pressure and High Temperature). Dabei tut HPHT genau das: Es versetzt Ihren Diamanten zur\u00fcck in seinen Scho\u00df der Sch\u00f6pfung und l\u00e4sst ihn als besseren, wertvolleren Diamanten wiedergeboren werden.<\/p>\n<p>Vielleicht wird es mehr Juwelieren m\u00f6glich sein, sich diese wichtige Einnahmequelle zu erschlie\u00dfen, wenn wir die HPHT-Behandlung besser verstehen. Vielen entgeht dies mangels Wissen dar\u00fcber, worum es bei HPHT eigentlich geht.<\/p>\n<p>Die HPHT-Behandlung ist der Prozess, bei dem ein Diamant wieder in die Umgebung versetzt wird, in der er entstanden ist. Extrem hoher Druck und extrem hohe Temperatur bewirken, dass der Diamant sich neu formt, sich anpasst und verbessert.<\/p>\n<p>In Typ-I-Diamanten existiert die Verunreinigung durch Stickstoff als Pl\u00e4ttchen, die br\u00e4unliche Farben verursachen. Der HPHT-Prozess im Labor bringt den Diamanten zur\u00fcck in seine Entstehungsumgebung und bewirkt, dass die Stickstoffpl\u00e4ttchen im Kristallgitter dispergiert (verteilt) werden. Diese Verteilung der Stickstoffpl\u00e4ttchen in viel kleinere Stickstoffmolek\u00fcle f\u00fchrt dazu, dass die verf\u00e4rbten Diamanten eine Farbe von Fancy Yellow bis Gelbgr\u00fcn annehmen. Dies erm\u00f6glicht es einem ansonsten unverk\u00e4uflichen Diamanten mit schlechter Farbe, ein verk\u00e4uflicher Fancy-Color-Diamant zu werden. Er weist sogar eine sehr starke Reaktion auf UV-Licht auf, die hilft, den HTHP-behandelten Fancy-Gelbgr\u00fcn-Diamanten zu identifizieren (siehe rechts).<br \/>\nEine Demonstration dieses Prozesses sehen Sie unten.<\/p><\/div><div class='row '><div class='col-md-4 col-inner'><div class='col-inwrap'><div class='vc-image text-center'><figure><div><img src='https:\/\/ajediam.com\/wp-content\/uploads\/2019\/03\/identification_HPHT_treated_diamonds.jpg' alt=''><\/div><\/figure><\/div><\/div><\/div><div class='row '><\/div><div class='col-md-4 col-inner'><div class='col-inwrap'><div class='vc-image text-center'><figure><div><img src='https:\/\/ajediam.com\/wp-content\/uploads\/2019\/03\/HPHT_cut_diamond.jpg' alt=''><\/div><\/figure><\/div><\/div><\/div><div class='col-md-4 col-inner'><div class='col-inwrap'><div class='mb-4'><p>Dies zeigt grafisch den Prozess, bei dem die Stickstoffpl\u00e4ttchen zertr\u00fcmmert und im gesamten Diamantkristall verteilt werden, wodurch die unerw\u00fcnschte braune Farbe entfernt und die Fancy-Gelb- bis Gelbgr\u00fcn-Farbe verliehen wird. So wird aus einem ehemals unerw\u00fcnschten Stein ein hochgesch\u00e4tzter farbiger Diamant.<\/p><\/div><\/div><\/div><\/div><\/div><\/div> <div class='row vc_row '><div class='col-md-12 '><div class='mb-4'><p>Die zweite Art von HPHT befasst sich mit Typ-II-Diamanten. Typ-II-Diamanten enthalten keinen Stickstoff. Die Ursache f\u00fcr Verf\u00e4rbungen bei Typ II liegt in Defekten im Kristallgitter, die br\u00e4unliche Deformierungen erzeugen, welche nur der HPHT-Prozess korrigieren kann. Der Prozess beinhaltet erneut, den Diamanten \u00fcber das Labor zur\u00fcck an seinen Geburtsort zu bringen. Man setzt ihn der gleichen Hitze und dem gleichen Druck aus, unter denen er entstand, und gibt ihm so eine zweite Chance, es \u201erichtig\u201c zu machen. Das Ergebnis ist ein Diamant mit repariertem Kristallgitter und ein qualitativ besserer Diamant, der nun aufgrund der HPHT-Behandlung einen h\u00f6heren Preis und eine h\u00f6here Nachfrage erzielt. Eine Demonstration dazu finden Sie unten.<\/p><\/div><div class='row '><div class='col-md-4 col-inner'><div class='col-inwrap'><div class='vc-image text-center'><figure><div><img src='https:\/\/ajediam.com\/wp-content\/uploads\/2019\/03\/removing_the_unwanted_brown_color.jpg' alt=''><\/div><\/figure><\/div><div class='mb-4'><p><\/p>\n<p style=\"text-align: center;\">Entfernen der unerw\u00fcnschten braunen Farbe<\/p>\n<p><\/p><\/div><\/div><\/div><div class='col-md-4 col-inner'><div class='col-inwrap'><div class='vc-image text-center'><figure><div><img src='https:\/\/ajediam.com\/wp-content\/uploads\/2019\/03\/repaired_crystal_lattice.gif' alt=''><\/div><\/figure><\/div><div class='mb-4'><p><\/p>\n<p style=\"text-align: center;\">Repariertes Kristallgitter<\/p>\n<p><\/p><\/div><\/div><\/div><div class='col-md-4 col-inner'><div class='col-inwrap'><div class='vc-image text-center'><figure><div><img src='https:\/\/ajediam.com\/wp-content\/uploads\/2019\/03\/type_2A_diamonds_HPHT_image___size_5_cm.jpg' alt=''><\/div><\/figure><\/div><div class='mb-4'><p><\/p>\n<p style=\"text-align: center;\">HPHT-Rohdiamant Bild<br \/>\nNur diese sehr seltenen<br \/>\nTyp-2A-Diamanten<br \/>\nk\u00f6nnen HPHT-behandelt werden<\/p>\n<p><\/p><\/div><\/div><\/div><\/div><\/div><\/div> <div class='row vc_row '><div class='col-md-12 '><div class='mb-4'><p>Einige in der Branche sprechen \u00fcber die HPHT-Behandlung, als w\u00e4re sie eine Art Plage. Dass die HPHT-Firmen gute Diamanten nehmen und sie (sowie die Branche) durch diese Behandlung ruinieren. In Wirklichkeit jedoch macht die HPHT-Behandlung aus ehemals unverk\u00e4uflichen Diamanten, f\u00fcr die es kaum Nachfrage gab, wundersch\u00f6ne und marktf\u00e4hige Steine. Dies schafft neue Einnahmequellen f\u00fcr Juweliere, die wissen, wie man HPHT-Diamanten an Kunden verkauft.<br \/>\nEdelsteinbehandlungen sind gekommen, um zu bleiben. Wenn der moderne Juwelier diese Behandlungen versteht, nimmt das die Angst. Und wenn der Juwelier keine Angst mehr hat, behandelte Edelsteine zu verkaufen, werden auch die Verbraucher keine Angst mehr haben, sie zu kaufen. Das Endergebnis wird ein weltweit besserer Edelsteinmarkt f\u00fcr alle sein.<\/p>\n<p>Die ISG ist die einzige Schule in den Vereinigten Staaten, die ein Programm zur Identifizierung synthetischer Edelsteine anbietet, das sich auch mit den verschiedenen Behandlungen befasst. Wir laden Sie ein, sich uns f\u00fcr dieses wichtige Studium anzuschlie\u00dfen und diese wichtige Einnahmequelle in Ihr Gesch\u00e4ft zu bringen.<\/p>\n<p>F\u00fcr weitere Informationen zu diesem wichtigen Merkmal der ISG-Trainingsprogramme besuchen Sie bitte die ISG-Website unter www.SchoolofGemology.com.<br \/>\nRobert James FGA, GG. Pr\u00e4s. ISG<\/p>\n<p>Copyright 2007 International School of Gemology. ALLE RECHTE VORBEHALTEN. Keine Kopie, Vervielf\u00e4ltigung oder Verbreitung aller Bilder und Texte ohne schriftliche Genehmigung.<\/p>\n<hr \/>\n<p>Um sicherzustellen, dass Sie diesen Newsletter weiterhin erhalten, f\u00fcgen Sie uns bitte Ihrer sicheren Liste bei Ihrem E-Mail-Provider hinzu oder registrieren Sie sich auf dieser ISG-Webseite: Register for ISG QuikConnect http:\/\/www.schoolofgemology.com\/signupform.html.<br \/>\noder E-Mail an ISG@SchoolofGemology.com &lt;ISG@SchoolofGemology.com&gt;<\/p>\n<hr \/>\n<p>Robert James FGA, GG ist Inhaber der Texas Department of Insurance Property and Casualty Adjuster License #1300433<\/p>\n<hr \/>\n<p>Die International School of Gemmology ist ein zertifizierter Anbieter f\u00fcr kontinuierliche Weiterbildung (Continuing Education Provider) f\u00fcr das Texas Department of Insurance. Lizenz #3391<\/p><\/div><\/div><\/div> <div class='row vc_row '><div class='col-md-3 '><\/div><div class='col-md-3 '><div style='height: 32px;'><\/div><a class='lab-button' href='http:\/\/ajediam.com\/engagement-rings' target='' title='url:http:\/\/ajediam.com\/engagement-rings|'>JETZT SHOPPEN<\/a><\/div><div class='col-md-3 '><div style='height: 32px;'><\/div><a class='lab-button' href='https:\/\/ajediam.com\/de\/schnellanfrageformular\/' target='' title='https:\/\/ajediam.com\/de\/schnellanfrageformula'>ZUM KAUFBERATER<\/a><\/div><div class='col-md-3 '><\/div><\/div> <div class='row vc_row '><div class='col-md-2 '><\/div><div class='col-md-8 '><div style='height: 32px;'><\/div><div class='vc-image '><figure><a href='https:\/\/ajediam.com\/de\/schnellanfrageformular\/' class='d-block'><img src='https:\/\/ajediam.com\/wp-content\/uploads\/2019\/03\/Ajediam_footer_Buy_now_13_03_2015.jpg' alt=''><\/a><\/figure><\/div><\/div><div class='col-md-2 '><\/div><\/div> <\/p>\n","protected":false},"excerpt":{"rendered":"","protected":false},"author":5,"featured_media":0,"parent":153417,"menu_order":0,"comment_status":"closed","ping_status":"closed","template":"","meta":{"ub_ctt_via":"","footnotes":""},"acf":[],"featured_image_src":null,"_links":{"self":[{"href":"https:\/\/ajediam.com\/de\/wp-json\/wp\/v2\/pages\/153800"}],"collection":[{"href":"https:\/\/ajediam.com\/de\/wp-json\/wp\/v2\/pages"}],"about":[{"href":"https:\/\/ajediam.com\/de\/wp-json\/wp\/v2\/types\/page"}],"author":[{"embeddable":true,"href":"https:\/\/ajediam.com\/de\/wp-json\/wp\/v2\/users\/5"}],"replies":[{"embeddable":true,"href":"https:\/\/ajediam.com\/de\/wp-json\/wp\/v2\/comments?post=153800"}],"version-history":[{"count":1,"href":"https:\/\/ajediam.com\/de\/wp-json\/wp\/v2\/pages\/153800\/revisions"}],"predecessor-version":[{"id":153802,"href":"https:\/\/ajediam.com\/de\/wp-json\/wp\/v2\/pages\/153800\/revisions\/153802"}],"up":[{"embeddable":true,"href":"https:\/\/ajediam.com\/de\/wp-json\/wp\/v2\/pages\/153417"}],"wp:attachment":[{"href":"https:\/\/ajediam.com\/de\/wp-json\/wp\/v2\/media?parent=153800"}],"curies":[{"name":"wp","href":"https:\/\/api.w.org\/{rel}","templated":true}]}}