{"id":153803,"date":"2019-05-03T08:42:35","date_gmt":"2019-05-03T08:42:35","guid":{"rendered":"https:\/\/ajediam.com\/behandelt-synthetik\/man-made-lab-grown-diamonds\/"},"modified":"2026-03-02T14:59:36","modified_gmt":"2026-03-02T14:59:36","slug":"kunstlich-hergestellte-im-labor-gezuchtete-diamanten","status":"publish","type":"page","link":"https:\/\/ajediam.com\/de\/behandelt-synthetik\/kunstlich-hergestellte-im-labor-gezuchtete-diamanten\/","title":{"rendered":"Die vollst\u00e4ndige Geschichte der im Labor gez\u00fcchteten Diamanten: Von der Entwicklung bis zum Markt"},"content":{"rendered":"\n<p class=\"postTitle\">Alle Aspekte, die Sie ber\u00fccksichtigen sollten, um gut informiert zu sein<\/p>\n\n\n\n<p>In den letzten Jahren hat die Schmuckindustrie einen bemerkenswerten Wandel erlebt, der mit der Einf\u00fchrung und Akzeptanz synthetischer, k\u00fcnstlich hergestellter oder im Labor gez\u00fcchteter Diamanten einherging. Diese Diamanten, die ihren nat\u00fcrlichen Pendants in nahezu jeder Hinsicht gleichen, bieten eine ethische und oft g\u00fcnstigere Alternative. Sie werden in zwei Hauptverfahren hergestellt: Hochdruck-Hochtemperatur-Verfahren (HPHT) und chemische Gasphasenabscheidung (CVD). Jedes Verfahren erfordert spezielle Maschinen und produziert unterschiedliche Diamanttypen.<\/p>\n\n\n<div class=\"ub_table-of-contents\" data-showtext=\"show\" data-hidetext=\"hide\" data-scrolltype=\"auto\" id=\"ub_table-of-contents-5fc0f048-4005-4415-b95d-bae008f45609\" data-initiallyhideonmobile=\"false\"\n                    data-initiallyshow=\"true\"><div class=\"ub_table-of-contents-header-container\"><div class=\"ub_table-of-contents-header\">\n                    <div class=\"ub_table-of-contents-title\">Inhaltsverzeichnis<\/div><\/div><\/div><div class=\"ub_table-of-contents-extra-container\"><div class=\"ub_table-of-contents-container ub_table-of-contents-1-column \"><ul><li><a href=https:\/\/ajediam.com\/de\/behandelt-synthetik\/kunstlich-hergestellte-im-labor-gezuchtete-diamanten\/#0-hochdruck-hochtemperatur-diamanten-hpht-herstellung-maschinen-und-anwendungen>Hochdruck-Hochtemperatur-Diamanten (HPHT): Herstellung, Maschinen und Anwendungen<\/a><\/li><li><a href=https:\/\/ajediam.com\/de\/behandelt-synthetik\/kunstlich-hergestellte-im-labor-gezuchtete-diamanten\/#4-chemische-gasphasenabscheidung-von-diamanten-cvd-herstellung-maschinen-und-anwendungen>Chemische Gasphasenabscheidung von Diamanten (CVD): Herstellung, Maschinen und Anwendungen<\/a><\/li><li><a href=https:\/\/ajediam.com\/de\/behandelt-synthetik\/kunstlich-hergestellte-im-labor-gezuchtete-diamanten\/#8-identifizierung-von-im-labor-gez%C3%BCchteten-diamanten-physikalische-merkmale-die-sie-von-nat%C3%BCrlichen-diamanten-unterscheiden>Identifizierung von im Labor gez\u00fcchteten Diamanten: Physikalische Merkmale, die sie von nat\u00fcrlichen Diamanten unterscheiden<\/a><\/li><li><a href=https:\/\/ajediam.com\/de\/behandelt-synthetik\/kunstlich-hergestellte-im-labor-gezuchtete-diamanten\/#15-gemmologische-labore-und-ihre-berichte-%C3%BCber-im-labor-gez%C3%BCchtete-diamanten->Gemmologische Labore und ihre Berichte \u00fcber im Labor gez\u00fcchtete Diamanten<\/a><\/li><li><a href=https:\/\/ajediam.com\/de\/behandelt-synthetik\/kunstlich-hergestellte-im-labor-gezuchtete-diamanten\/#19-der-wert-von-synthetischen-diamanten->Der Wert von synthetischen Diamanten<\/a><\/li><li><a href=https:\/\/ajediam.com\/de\/behandelt-synthetik\/kunstlich-hergestellte-im-labor-gezuchtete-diamanten\/#20-die-nachhaltigkeitsfrage-bei-synthetischen-und-nat%C3%BCrlichen-diamanten>Die Nachhaltigkeitsfrage bei synthetischen und nat\u00fcrlichen Diamanten<\/a><\/li><li><a href=https:\/\/ajediam.com\/de\/behandelt-synthetik\/kunstlich-hergestellte-im-labor-gezuchtete-diamanten\/#21-trends-im-wandel-der-einfluss-von-im-labor-gez%C3%BCchteten-diamanten-auf-den-diamanten-und-schmuckmarkt>Trends im Wandel: Der Einfluss von im Labor gez\u00fcchteten Diamanten auf den Diamanten- und Schmuckmarkt<\/a><\/li><\/ul><\/div><\/div><\/div>\n\n\n<h2 class=\"wp-block-heading\" id=\"0-hochdruck-hochtemperatur-diamanten-hpht-herstellung-maschinen-und-anwendungen\">Hochdruck-Hochtemperatur-Diamanten (HPHT): Herstellung, Maschinen und Anwendungen<\/h2>\n\n\n\n<h3 class=\"wp-block-heading\" id=\"1-das-hpht-verfahren-zur-diamantenz%C3%BCchtung\">Das HPHT-Verfahren zur Diamantenz\u00fcchtung<\/h3>\n\n\n\n<p>Das HPHT-Verfahren ist das \u00e4lteste und am weitesten verbreitete Verfahren zur Herstellung synthetischer Diamanten. Es simuliert die nat\u00fcrlichen Bedingungen der Diamantenbildung tief in der Erde, indem Kohlenstoff \u00fcber einen l\u00e4ngeren Zeitraum hohen Temperaturen und Dr\u00fccken ausgesetzt wird.<\/p>\n\n\n\n<p>Beim Hochdruck-Hochtemperatur-Verfahren (HPHT) zur Diamantz\u00fcchtung wird ein Diamantkeim in eine speziell daf\u00fcr entwickelte Presse gegeben. Die Kammer wird anschlie\u00dfend unter extremem Druck auf Temperaturen zwischen 1300 und 1600 \u00b0C erhitzt. Eine hochreine Kohlenstoffquelle (z. B. Eisen, Nickel oder Kobalt) l\u00f6st sich im geschmolzenen Metall und kristallisiert auf dem Diamantkeim aus. Dadurch wird das Wachstum eines synthetischen Diamanten eingeleitet. Innerhalb weniger Tage bis Wochen wandert das Kohlenstoffmaterial und kristallisiert auf dem Diamantkeim aus, wodurch ein synthetischer Diamantkristall entsteht. Dieser im Labor gez\u00fcchtete Diamant wird anschlie\u00dfend geschliffen und poliert, bis er seine endg\u00fcltige Form erh\u00e4lt.<\/p>\n\n\n\n<h3 class=\"wp-block-heading\" id=\"2-hpht-maschinen\">HPHT-Maschinen<\/h3>\n\n\n\n<p>Es gibt drei Haupttypen von HPHT-Maschinen: Bandpresse, Kubikpresse und BARS-Apparatur.<\/p>\n\n\n\n<p>Bandpresse: Diese Maschine nutzt zwei gro\u00dfe Ambosse, um Druck auf eine zylindrische Kammer auszu\u00fcben. Die Probe wird zusammen mit einem metallischen Flussmittel eingef\u00fcllt, und Temperatur und Druck werden so lange erh\u00f6ht, bis sich ein Diamant bildet.<\/p>\n\n\n\n<p>Kubikpresse: Die Kubikpresse wird h\u00e4ufig in der industriellen Produktion eingesetzt. Es handelt sich um eine gro\u00dfe Mehrstempelpresse, die die f\u00fcr die Diamantbildung erforderlichen Druck- und Temperaturwerte erzeugen kann.<\/p>\n\n\n\n<p>BARS-Apparatur: BARS steht f\u00fcr \u201eBridgman Anvil Russian System\u201c. Diese Apparatur nutzt eine Kombination aus Hydraulikpresse und elektrischem Strom, um die notwendigen Bedingungen zu schaffen. Sie ist eine der effektivsten und am weitesten verbreiteten Maschinen zur Herstellung synthetischer Diamanten.<\/p>\n\n\n\n<h3 class=\"wp-block-heading\" id=\"3-die-verwendung-von-hpht-diamanten\">Die Verwendung von HPHT-Diamanten<\/h3>\n\n\n\n<p>HPHT-Diamanten lassen sich in einer Vielzahl von Gr\u00f6\u00dfen und Qualit\u00e4ten herstellen \u2013 von kleinen, minderwertigen Steinen f\u00fcr industrielle Anwendungen wie Schneiden und Bohren bis hin zu gr\u00f6\u00dferen, hochwertigen Steinen f\u00fcr Schmuck. Auch farbige Diamanten wie Gelb und Blau k\u00f6nnen so erzeugt werden; diese entstehen durch die Zugabe bestimmter Verunreinigungen w\u00e4hrend des Herstellungsprozesses.<\/p>\n\n\n\n<h2 class=\"wp-block-heading\" id=\"4-chemische-gasphasenabscheidung-von-diamanten-cvd-herstellung-maschinen-und-anwendungen\">Chemische Gasphasenabscheidung von Diamanten (CVD): Herstellung, Maschinen und Anwendungen<\/h2>\n\n\n\n<h3 class=\"wp-block-heading\" id=\"5-das-cvd-verfahren-zur-diamantenz%C3%BCchtung\">Das CVD-Verfahren zur Diamantenz\u00fcchtung<\/h3>\n\n\n\n<p>Das CVD-Verfahren hingegen beinhaltet das Einbringen von Diamantkeimkristallen in eine Vakuumkammer, die mit einem kohlenstoffhaltigen Gas gef\u00fcllt ist. Die Kammer wird anschlie\u00dfend auf etwa 900\u20131200 \u00b0C erhitzt, und ein Mikrowellenstrahl spaltet die Gasmolek\u00fcle auf, wodurch Kohlenstoff ausf\u00e4llt und sich auf dem Keimkristall ablagert. Dieser Prozess kann mehrere Wochen dauern und erfordert zwischendurch Polierarbeiten, um nicht-diamantartigen Kohlenstoff zu entfernen. Nach dieser Wachstumsphase sind die synthetischen Diamanten bereit zum Schleifen und Polieren. Anf\u00e4nglich k\u00f6nnen diese Diamanten eine braune Farbe aufweisen, die durch W\u00e4rmebehandlung vor dem Facettieren entfernt werden kann. Das Endprodukt ist ein farbloser, im Labor gez\u00fcchteter Diamant.<\/p>\n\n\n\n<h3 class=\"wp-block-heading\" id=\"6-cvd-maschinen\">CVD-Maschinen<\/h3>\n\n\n\n<p>CVD-Anlagen unterscheiden sich wesentlich von HPHT-Anlagen. Sie nutzen eine Kammer, in die ein kohlenstoffreiches Gas, \u00fcblicherweise ein Gemisch aus Methan und Wasserstoff, eingeleitet wird. Die Kammer wird dann erhitzt, typischerweise mittels Mikrowellen oder Gl\u00fchf\u00e4den, um die Gasmolek\u00fcle aufzuspalten. Die Kohlenstoffatome verbinden sich mit einer diamantbeschichteten Keimplatte und bilden so nach und nach durch das Aufbringen von Kohlenstoffschichten einen Diamanten.<\/p>\n\n\n\n<h3 class=\"wp-block-heading\" id=\"7-die-verwendung-von-cvd-diamanten\">Die Verwendung von CVD-Diamanten<\/h3>\n\n\n\n<p>CVD-Diamanten weisen in der Regel eine h\u00f6here Edelsteinqualit\u00e4t auf und werden am h\u00e4ufigsten in der Schmuckindustrie verwendet. Sie sind meist klar oder wei\u00df und eignen sich daher ideal f\u00fcr traditionelle Schmuckst\u00fccke wie Verlobungsringe. Auch farbige Diamanten lassen sich mit CVD-Verfahren herstellen, dies ist jedoch weniger \u00fcblich.<\/p>\n\n\n\n<h2 class=\"wp-block-heading\" id=\"8-identifizierung-von-im-labor-gez%C3%BCchteten-diamanten-physikalische-merkmale-die-sie-von-nat%C3%BCrlichen-diamanten-unterscheiden\"><br>Identifizierung von im Labor gez\u00fcchteten Diamanten: Physikalische Merkmale, die sie von nat\u00fcrlichen Diamanten unterscheiden<\/h2>\n\n\n\n<p>Im Labor gez\u00fcchtete und nat\u00fcrliche Diamanten sind in den meisten Aspekten identisch, einschlie\u00dflich ihrer physikalischen und chemischen Eigenschaften. Beide bestehen aus Kohlenstoffatomen, die in einer Kristallgitterstruktur angeordnet sind, was ihnen ihre H\u00e4rte und Brillanz verleiht. F\u00fcr die meisten Menschen sehen ein im Labor gez\u00fcchteter und ein nat\u00fcrlicher Diamant identisch aus. Es gibt jedoch subtile Unterschiede, die einem Gemmologen helfen k\u00f6nnen, die beiden zu unterscheiden:<\/p>\n\n\n\n<h3 class=\"wp-block-heading\" id=\"9-metallische-einschl%C3%BCsse\">Metallische Einschl\u00fcsse<\/h3>\n\n\n\n<p>Einschl\u00fcsse sind winzige Unreinheiten in einem Diamanten, die w\u00e4hrend seiner Entstehung entstanden sind. Nat\u00fcrliche Diamanten weisen h\u00e4ufig Einschl\u00fcsse auf, die durch intensive Hitze und hohen Druck \u00fcber Millionen von Jahren entstanden sind. Dazu k\u00f6nnen Spuren von Mineralien oder unregelm\u00e4\u00dfiges Kristallwachstum geh\u00f6ren. Auch im Labor gez\u00fcchtete Diamanten k\u00f6nnen Einschl\u00fcsse aufweisen, diese unterscheiden sich jedoch oft. Beispielsweise k\u00f6nnen sie metallische Einschl\u00fcsse des im Hochdruck-Hochtemperatur-Verfahren (HPHT) verwendeten Metallkatalysators enthalten.<\/p>\n\n\n\n<figure class=\"wp-block-gallery has-nested-images columns-default is-cropped wp-block-gallery-1 is-layout-flex wp-block-gallery-is-layout-flex\">\n<figure class=\"wp-block-image size-large\"><a href=\"https:\/\/www.gia.edu\/gems-gemology\/fall-2017-observations-hpht-grown-synthetic-diamonds\" target=\"_blank\" rel=\"noopener\"><img decoding=\"async\" width=\"468\" height=\"585\" data-id=\"7437\" src=\"https:\/\/ajediam.com\/wp-content\/uploads\/2023\/06\/fig8-223324-468x-v2.jpeg\" alt=\"\" class=\"wp-image-7437\" srcset=\"https:\/\/ajediam.com\/wp-content\/uploads\/2023\/06\/fig8-223324-468x-v2.jpeg 468w, https:\/\/ajediam.com\/wp-content\/uploads\/2023\/06\/fig8-223324-468x-v2-240x300.jpeg 240w\" sizes=\"(max-width: 468px) 100vw, 468px\" \/><\/a><\/figure>\n<figcaption class=\"blocks-gallery-caption wp-element-caption\"><a href=\"https:\/\/www.gia.edu\/gems-gemology\/fall-2017-observations-hpht-grown-synthetic-diamonds\" data-type=\"link\" data-id=\"https:\/\/www.gia.edu\/gems-gemology\/fall-2017-observations-hpht-grown-synthetic-diamonds\" target=\"_blank\" rel=\"noopener\">Gemmologische Fotomikrographie von metallischen Einschl\u00fcssen in synthetischen Diamanten von Sally Eaton-Maga\u00f1 und Troy Ardon f\u00fcr Gems &amp; Gemology<\/a><\/figcaption><\/figure>\n\n\n\n<h3 class=\"wp-block-heading\" id=\"10-wachstumsmuster\">Wachstumsmuster<\/h3>\n\n\n\n<p>Im Labor gez\u00fcchtete Diamanten weisen im Vergleich zu nat\u00fcrlichen Diamanten oft andere Wachstumsmuster auf. Dies liegt an den unterschiedlichen Entstehungsbedingungen. Nat\u00fcrliche Diamanten bilden sich \u00fcber Millionen von Jahren, w\u00e4hrend im Labor gez\u00fcchtete Diamanten innerhalb weniger Wochen oder Monate entstehen. Diese unterschiedlichen Entstehungsprozesse k\u00f6nnen zu verschiedenen Wachstumsmustern f\u00fchren, die unter Vergr\u00f6\u00dferung sichtbar sind.<\/p>\n\n\n\n<h3 class=\"wp-block-heading\" id=\"11-fluoreszenz\">Fluoreszenz<\/h3>\n\n\n\n<p>Manche im Labor gez\u00fcchtete Diamanten k\u00f6nnen unter ultraviolettem Licht stark fluoreszieren. Dies ist kein eindeutiger Test, da auch nat\u00fcrliche Diamanten fluoreszieren k\u00f6nnen, aber es kann ein weiterer Hinweis im Identifizierungsprozess sein.<\/p>\n\n\n\n<h3 class=\"wp-block-heading\" id=\"12-graining-\">Graining <\/h3>\n\n\n\n<p>Die Kristallstruktur eines im Labor gez\u00fcchteten Diamanten kann unter Vergr\u00f6\u00dferung mitunter ein anderes Maserungsmuster aufweisen als ein nat\u00fcrlicher Diamant. Dies ist ein weiteres Merkmal, auf das Gemmologen bei der Identifizierung von im Labor gez\u00fcchteten Diamanten achten.<\/p>\n\n\n\n<h3 class=\"wp-block-heading\" id=\"13-laser-inscriptions\">Laser Inscriptions<\/h3>\n\n\n\n<p>Viele im Labor gez\u00fcchtete Diamanten werden am Rundist per Laser beschriftet, um sie als solche zu kennzeichnen. Dies ist keine nat\u00fcrliche Eigenschaft, sondern ein g\u00e4ngiges Verfahren in der Branche, um Transparenz und Ehrlichkeit zu gew\u00e4hrleisten.<\/p>\n\n\n\n<h3 class=\"wp-block-heading\" id=\"14-farbe-und-klarheit\">Farbe und Klarheit<\/h3>\n\n\n\n<p>Im Labor gez\u00fcchtete Diamanten weisen oft eine h\u00f6here durchschnittliche Farb- und Reinheitsstufe auf als nat\u00fcrliche Diamanten. Dies liegt daran, dass die Laborbedingungen sorgf\u00e4ltig kontrolliert werden k\u00f6nnen, um die Einbringung von Verunreinigungen oder Defekten zu minimieren.<\/p>\n\n\n\n<h2 class=\"wp-block-heading\" id=\"15-gemmologische-labore-und-ihre-berichte-%C3%BCber-im-labor-gez%C3%BCchtete-diamanten-\"><strong>Gemmologische Labore und ihre Berichte \u00fcber im Labor gez\u00fcchtete Diamanten<\/strong><\/h2>\n\n\n\n<p>Im Labor gez\u00fcchtete Diamanten erfreuen sich zunehmender Beliebtheit und ihr Markt w\u00e4chst stetig. Dadurch steigt auch die Nachfrage nach Zertifizierungen und Echtheitszertifikaten f\u00fcr diese Diamanten. Diamantenzertifikate geben sowohl K\u00e4ufern als auch Verk\u00e4ufern die Gewissheit, dass es sich um synthetische Diamanten handelt. Die Labore nutzen fortschrittliche Technologien und wissenschaftliche Methoden, um die Eigenschaften und Merkmale von Labordiamanten zu bewerten.<\/p>\n\n\n\n<p>Unter den zahlreichen gemmologischen Laboren finden Sie hier einige der bekanntesten und beispielhaftsten, die Gutachten zu Labordiamanten erstellen. Jedes dieser Labore verfolgt seinen eigenen Ansatz und bietet spezifische Leistungen an.<\/p>\n\n\n\n<h3 class=\"wp-block-heading\" id=\"16-das-gemological-institute-of-america-gia\">Das Gemological Institute of America (GIA)<\/h3>\n\n\n\n<figure class=\"wp-block-image size-full\"><a href=\"https:\/\/www.gia.edu\/analysis-grading-sample-report-laboratory-grown-diamond?reporttype=laboratory-grown-colored-diamond-report\" target=\"_blank\" rel=\"noreferrer noopener\"><img decoding=\"async\" width=\"1740\" height=\"2252\" src=\"https:\/\/ajediam.com\/wp-content\/uploads\/2023\/06\/GIA-Lab-Grown-Diamonds-Report.jpeg\" alt=\"\" class=\"wp-image-7428\" srcset=\"https:\/\/ajediam.com\/wp-content\/uploads\/2023\/06\/GIA-Lab-Grown-Diamonds-Report.jpeg 1740w, https:\/\/ajediam.com\/wp-content\/uploads\/2023\/06\/GIA-Lab-Grown-Diamonds-Report-232x300.jpeg 232w, https:\/\/ajediam.com\/wp-content\/uploads\/2023\/06\/GIA-Lab-Grown-Diamonds-Report-768x994.jpeg 768w, https:\/\/ajediam.com\/wp-content\/uploads\/2023\/06\/GIA-Lab-Grown-Diamonds-Report-1187x1536.jpeg 1187w, https:\/\/ajediam.com\/wp-content\/uploads\/2023\/06\/GIA-Lab-Grown-Diamonds-Report-1582x2048.jpeg 1582w\" sizes=\"(max-width: 1740px) 100vw, 1740px\" \/><\/a><\/figure>\n\n\n\n<h3 class=\"wp-block-heading\" id=\"17-der-hohe-rat-f%C3%BCr-diamanten-hrd-antwerpen\">Der Hohe Rat f\u00fcr Diamanten (HRD Antwerpen)<\/h3>\n\n\n\n<figure class=\"wp-block-image size-full\"><a href=\"https:\/\/hrdantwerp.com\/diamond-grading-reports\/\" target=\"_blank\" rel=\"noreferrer noopener\"><img decoding=\"async\" width=\"1260\" height=\"900\" src=\"https:\/\/ajediam.com\/wp-content\/uploads\/2023\/06\/hrd-lab-grown-diamond-report.png\" alt=\"\" class=\"wp-image-7429\" srcset=\"https:\/\/ajediam.com\/wp-content\/uploads\/2023\/06\/hrd-lab-grown-diamond-report.png 1260w, https:\/\/ajediam.com\/wp-content\/uploads\/2023\/06\/hrd-lab-grown-diamond-report-300x214.png 300w, https:\/\/ajediam.com\/wp-content\/uploads\/2023\/06\/hrd-lab-grown-diamond-report-768x549.png 768w\" sizes=\"(max-width: 1260px) 100vw, 1260px\" \/><\/a><\/figure>\n\n\n\n<h3 class=\"wp-block-heading\" id=\"18-das-internationale-gemmologische-institut-igi\">Das Internationale Gemmologische Institut (IGI)<\/h3>\n\n\n\n<figure class=\"wp-block-image size-full\"><a href=\"https:\/\/www.igi.org\/reports\/laboratory-grown\" target=\"_blank\" rel=\"noreferrer noopener\"><img decoding=\"async\" width=\"1528\" height=\"704\" src=\"https:\/\/ajediam.com\/wp-content\/uploads\/2023\/06\/lg-new-cer-img.jpeg\" alt=\"\" class=\"wp-image-7430\" srcset=\"https:\/\/ajediam.com\/wp-content\/uploads\/2023\/06\/lg-new-cer-img.jpeg 1528w, https:\/\/ajediam.com\/wp-content\/uploads\/2023\/06\/lg-new-cer-img-300x138.jpeg 300w, https:\/\/ajediam.com\/wp-content\/uploads\/2023\/06\/lg-new-cer-img-768x354.jpeg 768w\" sizes=\"(max-width: 1528px) 100vw, 1528px\" \/><\/a><\/figure>\n\n\n\n<h2 class=\"wp-block-heading\" id=\"19-der-wert-von-synthetischen-diamanten-\"><strong>Der Wert von synthetischen Diamanten<\/strong><\/h2>\n\n\n\n<p>Die Herstellung synthetischer Diamanten wurde durch moderne Technologien revolutioniert. Je nach Gr\u00f6\u00dfe k\u00f6nnen sie innerhalb von Tagen oder Wochen in gro\u00dfen Mengen produziert werden. Diese Geschwindigkeit und Effizienz stehen im starken Kontrast zu den aufwendigen und kostspieligen Prozessen des Abbaus seltener, nat\u00fcrlicher Diamanten.<\/p>\n\n\n\n<p>Obwohl im Labor gez\u00fcchtete Diamanten k\u00fcnstlich hergestellt werden, entstehen auch bei ihnen Kosten. Die Produktion erfordert teure und energieintensive Maschinen, und die Diamanten werden von renommierten Gemmologielaboren geschliffen, poliert und zertifiziert, um ihre Qualit\u00e4t zu gew\u00e4hrleisten. All diese Faktoren beeinflussen ihren Preis.<\/p>\n\n\n\n<p>Die tats\u00e4chlichen Kosten f\u00fcr im Labor gez\u00fcchtete Diamanten sind deutlich niedriger als die von nat\u00fcrlichen Diamanten. Trotzdem schlagen manche Marken die Preise so auf, dass es irref\u00fchrend sein kann. Um Verbrauchern zu helfen, wird eine durchschnittliche Marktpreisliste bereitgestellt, die als Orientierungshilfe f\u00fcr die Preisgestaltung von im Labor gez\u00fcchteten Diamanten dient.<\/p>\n\n\n\n<p>Bitte beachten Sie, dass bei Schmuckst\u00fccken mit im Labor gez\u00fcchteten Diamanten die Goldschmiedearbeit oft einen ebenso gro\u00dfen oder sogar gr\u00f6\u00dferen Teil der Kosten ausmacht als die synthetischen Diamanten selbst. Im Gegensatz zu nat\u00fcrlichen Diamanten haben Zuchtdiamanten in der Regel keinen nennenswerten Wiederverkaufswert, wohl aber ihre Goldfassungen. Der Wert von Schmuck mit synthetischen Diamanten kann durch den Ruf des Designers gesteigert werden. Dies ist jedoch eher mit dem Wert von Luxusmode als mit dem von Diamanten und edlem Schmuck vergleichbar.<\/p>\n\n\n\n<p>Um unseren Besuchern die Orientierung bei den Preisen f\u00fcr synthetische Diamanten zu erleichtern, hat Ajediam eine Preisliste mit durchschnittlichen Marktpreisen f\u00fcr im Labor gez\u00fcchtete Diamanten ver\u00f6ffentlicht. Besuchen Sie unsere Seite mit der <a href=\"https:\/\/ajediam.com\/de\/diamantenpreise\/preisliste-fur-im-labor-gezuchtete-diamanten\/\">Preisliste f\u00fcr synthetische Diamanten.<\/a><\/p>\n\n\n\n<h2 class=\"wp-block-heading\" id=\"20-die-nachhaltigkeitsfrage-bei-synthetischen-und-nat%C3%BCrlichen-diamanten\">Die Nachhaltigkeitsfrage bei synthetischen und nat\u00fcrlichen Diamanten<\/h2>\n\n\n\n<p>Die Frage nach der Nachhaltigkeit von synthetischen im Vergleich zu nat\u00fcrlichen Diamanten l\u00e4sst sich nicht eindeutig beantworten. Weit verbreitet ist die Annahme, dass im Labor gez\u00fcchtete Diamanten eine ethisch vertretbarere Alternative zu ihren nat\u00fcrlichen Pendants darstellen. Es ist jedoch wichtig zu ber\u00fccksichtigen, dass die nat\u00fcrliche Diamantenindustrie ma\u00dfgeblich zur St\u00e4rkung der Wirtschaft vieler L\u00e4nder beitr\u00e4gt und Arbeitspl\u00e4tze und Einkommen f\u00fcr breite Bev\u00f6lkerungsschichten schafft.<\/p>\n\n\n\n<p>Leider f\u00fchren viele Marken Verbraucher in die Irre, indem sie behaupten, synthetische Diamanten seien eine \u201egr\u00fcne\u201c Alternative zu nat\u00fcrlichen Diamanten. Diese Behauptung ist nicht ganz korrekt. Die Herstellung von im Labor gez\u00fcchteten Diamanten ist energieintensiv. Zudem werden die meisten in L\u00e4ndern produziert, die \u00fcberwiegend auf nicht erneuerbare Energiequellen angewiesen sind. Obwohl die Produktion synthetischer Diamanten energieintensiv ist, ist sie im Allgemeinen umweltfreundlicher als die Prozesse des Diamantenabbaus. Unter Ber\u00fccksichtigung sozio\u00f6konomischer und \u00f6kologischer Faktoren h\u00e4ngt die Entscheidung zwischen synthetischen und nat\u00fcrlichen Diamanten letztendlich von den individuellen Pr\u00e4ferenzen ab.<\/p>\n\n\n\n<h2 class=\"wp-block-heading\" id=\"21-trends-im-wandel-der-einfluss-von-im-labor-gez%C3%BCchteten-diamanten-auf-den-diamanten-und-schmuckmarkt\">Trends im Wandel: Der Einfluss von im Labor gez\u00fcchteten Diamanten auf den Diamanten- und Schmuckmarkt<\/h2>\n\n\n\n<p>Die Einf\u00fchrung von im Labor gez\u00fcchteten Diamanten auf dem Markt wurde von Branchenexperten zun\u00e4chst mit wenig Besorgnis aufgenommen. Fr\u00fche Versionen dieser synthetischen Diamanten waren qualitativ minderwertig und zu teuer, um eine ernsthafte Bedrohung f\u00fcr den Markt f\u00fcr nat\u00fcrliche Diamanten darzustellen.<\/p>\n\n\n\n<p>Mit der Verbesserung der Technologie stiegen Qualit\u00e4t und Aussehen der im Labor gez\u00fcchteten Diamanten jedoch deutlich an, w\u00e4hrend sie gleichzeitig wesentlich erschwinglicher wurden. Diese Entwicklung l\u00f6ste vor einigen Jahren eine Welle der Hysterie auf dem Diamantenmarkt aus, \u00e4hnlich wie die Umw\u00e4lzungen, die Zuchtperlen auf dem Markt f\u00fcr nat\u00fcrliche Perlen verursachten.<\/p>\n\n\n\n<p>Entgegen der Bef\u00fcrchtung, dass im Labor gez\u00fcchtete Diamanten den Markt f\u00fcr nat\u00fcrliche Diamanten verdr\u00e4ngen w\u00fcrden, hat sich eine neue Nische innerhalb der Diamantenindustrie entwickelt. Diese Nische bedient zwei Kundengruppen: diejenigen, die sich zuvor keinen Verlobungsdiamanten ihrer Tr\u00e4ume leisten konnten, und diejenigen, die Diamanten h\u00e4ufiger wie luxuri\u00f6se Modeartikel tragen m\u00f6chten.<\/p>\n\n\n\n<p>Trotz dieser Entwicklung bleibt der Markt f\u00fcr nat\u00fcrliche Diamanten robust. Die Integration von im Labor gez\u00fcchteten Diamanten in den Markt scheint zur Expansion und Diversifizierung des Diamanten- und Schmuckmarktes beigetragen zu haben. Statt den bestehenden Markt zu verdr\u00e4ngen, haben sich im Labor gez\u00fcchtete Diamanten einen festen Platz in der Branche erobert. Wie wir bei Ajediam sehen, sprechen sie eine andere Kundengruppe an und tragen zum Gesamtwachstum des Sektors bei. Der Markt f\u00fcr im Labor gez\u00fcchtete Diamanten befindet sich noch in der Anfangsphase; es wird spannend sein zu beobachten, wie er sich in den n\u00e4chsten Jahrzehnten entwickelt.<\/p>\n","protected":false},"excerpt":{"rendered":"<p>Alle Aspekte, die Sie ber\u00fccksichtigen sollten, um gut informiert zu sein In den letzten Jahren hat die Schmuckindustrie einen bemerkenswerten Wandel erlebt, der mit der Einf\u00fchrung und Akzeptanz synthetischer, k\u00fcnstlich hergestellter oder im Labor gez\u00fcchteter Diamanten einherging. Diese Diamanten, die ihren nat\u00fcrlichen Pendants in nahezu jeder Hinsicht gleichen, bieten eine ethische und oft g\u00fcnstigere Alternative. [&hellip;]<\/p>\n","protected":false},"author":5,"featured_media":52236,"parent":153417,"menu_order":0,"comment_status":"closed","ping_status":"closed","template":"jewel-cleaner-page.php","meta":{"ub_ctt_via":"","footnotes":""},"acf":[],"featured_image_src":"https:\/\/ajediam.com\/wp-content\/uploads\/2023\/06\/charlotteTY_same_pitcure_with_hermes_orange_background_fdb6d77f-fc8f-432b-9b0f-7cf4e4ad9c9a.png","_links":{"self":[{"href":"https:\/\/ajediam.com\/de\/wp-json\/wp\/v2\/pages\/153803"}],"collection":[{"href":"https:\/\/ajediam.com\/de\/wp-json\/wp\/v2\/pages"}],"about":[{"href":"https:\/\/ajediam.com\/de\/wp-json\/wp\/v2\/types\/page"}],"author":[{"embeddable":true,"href":"https:\/\/ajediam.com\/de\/wp-json\/wp\/v2\/users\/5"}],"replies":[{"embeddable":true,"href":"https:\/\/ajediam.com\/de\/wp-json\/wp\/v2\/comments?post=153803"}],"version-history":[{"count":2,"href":"https:\/\/ajediam.com\/de\/wp-json\/wp\/v2\/pages\/153803\/revisions"}],"predecessor-version":[{"id":153966,"href":"https:\/\/ajediam.com\/de\/wp-json\/wp\/v2\/pages\/153803\/revisions\/153966"}],"up":[{"embeddable":true,"href":"https:\/\/ajediam.com\/de\/wp-json\/wp\/v2\/pages\/153417"}],"wp:featuredmedia":[{"embeddable":true,"href":"https:\/\/ajediam.com\/de\/wp-json\/wp\/v2\/media\/52236"}],"wp:attachment":[{"href":"https:\/\/ajediam.com\/de\/wp-json\/wp\/v2\/media?parent=153803"}],"curies":[{"name":"wp","href":"https:\/\/api.w.org\/{rel}","templated":true}]}}