{"id":153806,"date":"2019-04-24T17:31:47","date_gmt":"2019-04-24T17:31:47","guid":{"rendered":"https:\/\/ajediam.com\/schmuck-kunsthandwerk\/finger-sizes-rings\/"},"modified":"2026-02-25T14:39:12","modified_gmt":"2026-02-25T14:39:12","slug":"fingergrossen-ringe","status":"publish","type":"page","link":"https:\/\/ajediam.com\/de\/schmuck-kunsthandwerk\/fingergrossen-ringe\/","title":{"rendered":"Fingergr\u00f6\u00dfen Ringe"},"content":{"rendered":"<p><div class='row vc_row '><div class='col-md-12 '><div class='mb-4'><p>Messen Sie Ihre Ringgr\u00f6\u00dfe in Sekundenschnelle. Ringgr\u00f6\u00dfentabelle f\u00fcr Damen und Herren.<br \/>\nKostenloses druckbares Ringma\u00df aus Papier.<br \/>\nMessen Sie die exakte Ringgr\u00f6\u00dfe mit dieser Pr\u00e4zisionstabelle: Konsultieren Sie zuerst die Bedienungsanleitung.<br \/>\nMa\u00dfangaben f\u00fcr USA, Europa, UK\/Gro\u00dfbritannien, Japan und International \u2013 kostenlos angeboten.<br \/>\nSiehe auch den <strong><a href=\"https:\/\/ajediam.com\/ring-size-conversion-chart\/\">Ringgr\u00f6\u00dfen-Konverter<\/a><\/strong>.<br \/>\nMeinten Sie: <strong><a href=\"https:\/\/ajediam.com\/de\/diamanten-101\/grosse-der-diamanten\/\">Diamantgr\u00f6\u00dfen-Tabelle<\/a><\/strong> oder <strong><a href=\"\/diamond-sizes-on-hand-finger-ring\">Gr\u00f6\u00dfe eines Diamantrings an Ihrer Hand<\/a><\/strong>?<\/p><\/div><div class='row '><div class='col-md-12 col-inner'><div class='col-inwrap'><div class='mb-4'><p>Besuchen Sie auch den<strong><a href=\"\/ring-size-chart-1\"> Ringgr\u00f6\u00dfen-Konverter<\/a><\/strong> auf der n\u00e4chsten Seite f\u00fcr USA, Europa, UK &#8211; Gro\u00dfbritannien, Japanisch, International. <a href=\"\/ring-size-chart-1\"><strong>Umrechnung der Ringgr\u00f6\u00dfe<\/strong><\/a> in Durchmesser, Legende: (42) = Umfang in Millimetern: \u00e4u\u00dfere Zeichnung = Innenseite Ihres Rings &#8212; (13,37 mm): Durchmesser au\u00dferhalb der Zeichnung = Innenring. Sehen Sie <strong><a href=\"\/ring-size-chart-1\">Gr\u00f6\u00dfen in Zoll &#8211; mm in Zoll umrechnen<\/a><\/strong>.<\/p><\/div><div class='mb-4'><p><strong><a href=\"\/quality-variations-chart\">Konsultieren Sie die Qualit\u00e4tsfaktoren<\/a><\/strong>, um den realen Preis zu ermitteln!<\/p><\/div><\/div><\/div><\/div><\/div><\/div> <div class='row vc_row '><div class='col-md-6 '><ul id='vc_gallery_6965' class='vc_gallery list-unstyled d-flex flex-wrap flex-row'><li><a href='https:\/\/ajediam.com\/wp-content\/uploads\/2019\/03\/doigt42.gif' data-lightbox='vc_gallery_6965' class='d-block'><img src='https:\/\/ajediam.com\/wp-content\/uploads\/2019\/03\/doigt42.gif' alt=''><\/a><\/li><li><a href='https:\/\/ajediam.com\/wp-content\/uploads\/2019\/03\/doigt43.gif' data-lightbox='vc_gallery_6965' class='d-block'><img src='https:\/\/ajediam.com\/wp-content\/uploads\/2019\/03\/doigt43.gif' alt=''><\/a><\/li><li><a href='https:\/\/ajediam.com\/wp-content\/uploads\/2019\/03\/doigt44.gif' data-lightbox='vc_gallery_6965' class='d-block'><img src='https:\/\/ajediam.com\/wp-content\/uploads\/2019\/03\/doigt44.gif' alt=''><\/a><\/li><li><a href='https:\/\/ajediam.com\/wp-content\/uploads\/2019\/03\/doigt45.gif' data-lightbox='vc_gallery_6965' class='d-block'><img src='https:\/\/ajediam.com\/wp-content\/uploads\/2019\/03\/doigt45.gif' alt=''><\/a><\/li><li><a href='https:\/\/ajediam.com\/wp-content\/uploads\/2019\/03\/doigt51.gif' data-lightbox='vc_gallery_6965' class='d-block'><img src='https:\/\/ajediam.com\/wp-content\/uploads\/2019\/03\/doigt51.gif' alt=''><\/a><\/li><li><a href='https:\/\/ajediam.com\/wp-content\/uploads\/2019\/03\/doigt50.gif' data-lightbox='vc_gallery_6965' class='d-block'><img src='https:\/\/ajediam.com\/wp-content\/uploads\/2019\/03\/doigt50.gif' alt=''><\/a><\/li><li><a href='https:\/\/ajediam.com\/wp-content\/uploads\/2019\/03\/doigt49.gif' data-lightbox='vc_gallery_6965' class='d-block'><img src='https:\/\/ajediam.com\/wp-content\/uploads\/2019\/03\/doigt49.gif' alt=''><\/a><\/li><li><a href='https:\/\/ajediam.com\/wp-content\/uploads\/2019\/03\/doigt48.gif' data-lightbox='vc_gallery_6965' class='d-block'><img src='https:\/\/ajediam.com\/wp-content\/uploads\/2019\/03\/doigt48.gif' alt=''><\/a><\/li><li><a href='https:\/\/ajediam.com\/wp-content\/uploads\/2019\/03\/doigt47.gif' data-lightbox='vc_gallery_6965' class='d-block'><img src='https:\/\/ajediam.com\/wp-content\/uploads\/2019\/03\/doigt47.gif' alt=''><\/a><\/li><li><a href='https:\/\/ajediam.com\/wp-content\/uploads\/2019\/03\/doigt46.gif' data-lightbox='vc_gallery_6965' class='d-block'><img src='https:\/\/ajediam.com\/wp-content\/uploads\/2019\/03\/doigt46.gif' alt=''><\/a><\/li><li><a href='https:\/\/ajediam.com\/wp-content\/uploads\/2019\/03\/doigt52.gif' data-lightbox='vc_gallery_6965' class='d-block'><img src='https:\/\/ajediam.com\/wp-content\/uploads\/2019\/03\/doigt52.gif' alt=''><\/a><\/li><li><a href='https:\/\/ajediam.com\/wp-content\/uploads\/2019\/03\/doigt53.gif' data-lightbox='vc_gallery_6965' class='d-block'><img src='https:\/\/ajediam.com\/wp-content\/uploads\/2019\/03\/doigt53.gif' alt=''><\/a><\/li><li><a href='https:\/\/ajediam.com\/wp-content\/uploads\/2019\/03\/doigt54.gif' data-lightbox='vc_gallery_6965' class='d-block'><img src='https:\/\/ajediam.com\/wp-content\/uploads\/2019\/03\/doigt54.gif' alt=''><\/a><\/li><li><a href='https:\/\/ajediam.com\/wp-content\/uploads\/2019\/03\/doigt55.gif' data-lightbox='vc_gallery_6965' class='d-block'><img src='https:\/\/ajediam.com\/wp-content\/uploads\/2019\/03\/doigt55.gif' alt=''><\/a><\/li><li><a href='https:\/\/ajediam.com\/wp-content\/uploads\/2019\/03\/doigt56.gif' data-lightbox='vc_gallery_6965' class='d-block'><img src='https:\/\/ajediam.com\/wp-content\/uploads\/2019\/03\/doigt56.gif' alt=''><\/a><\/li><li><a href='https:\/\/ajediam.com\/wp-content\/uploads\/2019\/03\/doigt57.gif' data-lightbox='vc_gallery_6965' class='d-block'><img src='https:\/\/ajediam.com\/wp-content\/uploads\/2019\/03\/doigt57.gif' alt=''><\/a><\/li><li><a href='https:\/\/ajediam.com\/wp-content\/uploads\/2019\/03\/doigt58.gif' data-lightbox='vc_gallery_6965' class='d-block'><img src='https:\/\/ajediam.com\/wp-content\/uploads\/2019\/03\/doigt58.gif' alt=''><\/a><\/li><li><a href='https:\/\/ajediam.com\/wp-content\/uploads\/2019\/03\/doigt59.gif' data-lightbox='vc_gallery_6965' class='d-block'><img src='https:\/\/ajediam.com\/wp-content\/uploads\/2019\/03\/doigt59.gif' alt=''><\/a><\/li><li><a href='https:\/\/ajediam.com\/wp-content\/uploads\/2019\/03\/doigt60.gif' data-lightbox='vc_gallery_6965' class='d-block'><img src='https:\/\/ajediam.com\/wp-content\/uploads\/2019\/03\/doigt60.gif' alt=''><\/a><\/li><li><a href='https:\/\/ajediam.com\/wp-content\/uploads\/2019\/03\/doigt61.gif' data-lightbox='vc_gallery_6965' class='d-block'><img src='https:\/\/ajediam.com\/wp-content\/uploads\/2019\/03\/doigt61.gif' alt=''><\/a><\/li><li><a href='https:\/\/ajediam.com\/wp-content\/uploads\/2019\/03\/doigt62.gif' data-lightbox='vc_gallery_6965' class='d-block'><img src='https:\/\/ajediam.com\/wp-content\/uploads\/2019\/03\/doigt62.gif' alt=''><\/a><\/li><li><a href='https:\/\/ajediam.com\/wp-content\/uploads\/2019\/03\/doigt63.gif' data-lightbox='vc_gallery_6965' class='d-block'><img src='https:\/\/ajediam.com\/wp-content\/uploads\/2019\/03\/doigt63.gif' alt=''><\/a><\/li><li><a href='https:\/\/ajediam.com\/wp-content\/uploads\/2019\/03\/doigt64.gif' data-lightbox='vc_gallery_6965' class='d-block'><img src='https:\/\/ajediam.com\/wp-content\/uploads\/2019\/03\/doigt64.gif' alt=''><\/a><\/li><li><a href='https:\/\/ajediam.com\/wp-content\/uploads\/2019\/03\/doigt65.gif' data-lightbox='vc_gallery_6965' class='d-block'><img src='https:\/\/ajediam.com\/wp-content\/uploads\/2019\/03\/doigt65.gif' alt=''><\/a><\/li><li><a href='https:\/\/ajediam.com\/wp-content\/uploads\/2019\/03\/doigt66.gif' data-lightbox='vc_gallery_6965' class='d-block'><img src='https:\/\/ajediam.com\/wp-content\/uploads\/2019\/03\/doigt66.gif' alt=''><\/a><\/li><li><a href='https:\/\/ajediam.com\/wp-content\/uploads\/2019\/03\/doigt67.gif' data-lightbox='vc_gallery_6965' class='d-block'><img src='https:\/\/ajediam.com\/wp-content\/uploads\/2019\/03\/doigt67.gif' alt=''><\/a><\/li><li><a href='https:\/\/ajediam.com\/wp-content\/uploads\/2019\/03\/doigt68.gif' data-lightbox='vc_gallery_6965' class='d-block'><img src='https:\/\/ajediam.com\/wp-content\/uploads\/2019\/03\/doigt68.gif' alt=''><\/a><\/li><li><a href='https:\/\/ajediam.com\/wp-content\/uploads\/2019\/03\/doigt70.gif' data-lightbox='vc_gallery_6965' class='d-block'><img src='https:\/\/ajediam.com\/wp-content\/uploads\/2019\/03\/doigt70.gif' alt=''><\/a><\/li><li><a href='https:\/\/ajediam.com\/wp-content\/uploads\/2019\/03\/doigt69.gif' data-lightbox='vc_gallery_6965' class='d-block'><img src='https:\/\/ajediam.com\/wp-content\/uploads\/2019\/03\/doigt69.gif' alt=''><\/a><\/li><li><a href='https:\/\/ajediam.com\/wp-content\/uploads\/2019\/03\/doigt71.gif' data-lightbox='vc_gallery_6965' class='d-block'><img src='https:\/\/ajediam.com\/wp-content\/uploads\/2019\/03\/doigt71.gif' alt=''><\/a><\/li><li><a href='https:\/\/ajediam.com\/wp-content\/uploads\/2019\/03\/doigt72.gif' data-lightbox='vc_gallery_6965' class='d-block'><img src='https:\/\/ajediam.com\/wp-content\/uploads\/2019\/03\/doigt72.gif' alt=''><\/a><\/li><li><a href='https:\/\/ajediam.com\/wp-content\/uploads\/2019\/03\/doigt73.gif' data-lightbox='vc_gallery_6965' class='d-block'><img src='https:\/\/ajediam.com\/wp-content\/uploads\/2019\/03\/doigt73.gif' alt=''><\/a><\/li><li><a href='https:\/\/ajediam.com\/wp-content\/uploads\/2019\/03\/doigt74.gif' data-lightbox='vc_gallery_6965' class='d-block'><img src='https:\/\/ajediam.com\/wp-content\/uploads\/2019\/03\/doigt74.gif' alt=''><\/a><\/li><li><a href='https:\/\/ajediam.com\/wp-content\/uploads\/2019\/03\/doigt75.gif' data-lightbox='vc_gallery_6965' class='d-block'><img src='https:\/\/ajediam.com\/wp-content\/uploads\/2019\/03\/doigt75.gif' alt=''><\/a><\/li><\/ul><div class='mb-4'><p><\/p>\n<p style=\"text-align: center;\">Haben Sie einen pers\u00f6nlichen Ringwunsch? Senden Sie mir eine E-Mail<\/p>\n<p><\/p><\/div><\/div><div class='col-md-6 '><div class='mb-4'><p><strong>Bedienungsanleitung und Tipps:<\/strong><\/p>\n<p>Um die Ringgr\u00f6\u00dfe passend zu Ihrem Finger zu messen, drucken Sie diese kostenlose universelle Ringgr\u00f6\u00dfentabelle aus.<\/p>\n<p><strong>Ann\u00e4hernd exakte visuelle und gedruckte Ringgr\u00f6\u00dfentabelle bei einer Bildschirmaufl\u00f6sung von 1280 x 800 Pixeln!<\/strong><\/p>\n<p>Legen Sie einen passenden Ring \u00fcber die gedruckte Ringschablone und <span style=\"color: #ff0000;\">messen Sie die Innenseite Ihres Rings mit der Au\u00dfenseite der gedruckten Gr\u00f6\u00dfe. Wenn diese \u00fcbereinstimmen, haben Sie Ihre Ringgr\u00f6\u00dfe gefunden.<\/span><\/p>\n<p><strong>TIPPS<\/strong><br \/>\n<strong>Messen Sie die exakte Ringgr\u00f6\u00dfe unter den richtigen Bedingungen: <\/strong><br \/>\n<strong>Am Mittag<\/strong> \u2013 Die Mittagszeit bietet die durchschnittlichste Temperatur und Feuchtigkeit Ihrer Region. *Finger schwellen am Abend mehr an als am Morgen. Sie sind im Sommer auch dicker als im Winter. Hitze macht Finger dicker, K\u00e4lte macht sie d\u00fcnner.<\/p>\n<p><span style=\"color: #ff0000;\">*Seien Sie sicher! Der Unterschied im Durchmesser zwischen zwei Gr\u00f6\u00dfen betr\u00e4gt weniger als 0,32 mm!<\/span><br \/>\nEine falsche Messung kann leicht zum Verlust Ihres wertvollen Rings f\u00fchren oder, wenn der Ring zu klein ist, Schmerzen verursachen oder das Aufstecken verhindern!<br \/>\nHinweis: Im Zweifelsfall fragen Sie einen professionellen Goldschmied oder Juwelier nach der richtigen Ringgr\u00f6\u00dfe.<\/p><\/div><\/div><\/div> <div class='row vc_row '><div class='col-md-12 '><div class='mb-4'><p>Beachten Sie, dass ein ausgedrucktes \u201eRingma\u00df aus Papier zum Ausschneiden\u201c, wie unten abgebildet, nicht zuverl\u00e4ssig ist!<br \/>\nGut zu wissen: Der Unterschied im Durchmesser von einer Gr\u00f6\u00dfe zur n\u00e4chsten betr\u00e4gt weniger als 1\/3 mm = 0,32 mm. Pr\u00fcfen Sie die Gr\u00f6\u00dfe bei Ihrem \u00f6rtlichen Juwelier. Das ist am sichersten!<\/p><\/div><div class='vc-image text-center'><figure><div><img src='https:\/\/ajediam.com\/wp-content\/uploads\/2019\/03\/Ring_Sizer_X_Ajediam.jpg' alt=''><\/div><\/figure><\/div><div style='height: 32px;'><\/div><\/div><\/div> <div class='row vc_row '><div class='col-md-4 '><div class='mb-4'><p><strong>So messen Sie die Gr\u00f6\u00dfe eines gefassten Diamanten in Fassungen, Ringen und Schmuck:<\/strong><br \/>\n<a href=\"https:\/\/ajediam.com\/de\/diamanten-101\/grosse-der-diamanten\/\"><strong>Diamantgr\u00f6\u00dfen f\u00fcr lose Diamanten<\/strong><\/a><br \/>\nWenn ein Diamant in einem Ring oder einer Fassung fixiert ist, k\u00f6nnen Sie den Durchmesser zwischen den Krappen auf gegen\u00fcberliegenden Seiten des Steins sch\u00e4tzen.<br \/>\nMit einem professionellen Messwerkzeug, Sch\u00e4tzer oder einer Messing-Schieblehre<br \/>\nfinden Sie die Gr\u00f6\u00dfe \/ Abmessungen von gefassten Diamanten, den Innen- und Au\u00dfendurchmesser sowie Tiefe + Dicke.<\/p><\/div><\/div><div class='col-md-4 '><div class='vc-image text-center'><figure><div><img src='https:\/\/ajediam.com\/wp-content\/uploads\/2019\/03\/Caliper-Brass.jpg' alt=''><\/div><\/figure><\/div><div class='mb-4'><p>Messing-Schieblehre<br \/>\nzum Messen der Gr\u00f6\u00dfe gefasster Diamanten.<br \/>\nSie k\u00f6nnen dieses Instrument f\u00fcr ca. +- 7 US-Dollar kaufen bei<br \/>\nwww.stantonbooks.com<br \/>\noder Sie haben es bereits in Ihrem Werkzeugkasten.<\/p>\n<p><a href=\"\/diamonds-from-one-to-20ct\">E-Mail<\/a> oder Tel: + 32 3 808 72 02<br \/>\nAntwerp World Diamond Centre, Diamond Exchange, Hoveniersstraat 2, Antwerpen \/ Belgien \/ Europa<\/p><\/div><\/div><div class='col-md-4 '><div class='vc-image text-center'><figure><div><img src='https:\/\/ajediam.com\/wp-content\/uploads\/2019\/03\/Leveridge.jpg' alt=''><\/div><\/figure><\/div><div class='mb-4'><p>Leveridge-Messger\u00e4t, Werkzeug zum Messen<br \/>\nder Gr\u00f6\u00dfe gefasster Diamanten.<\/p><\/div><\/div><\/div> <div class='row vc_row '><div class='col-md-3 '><\/div><div class='col-md-3 '><div style='height: 32px;'><\/div><a class='lab-button' href='http:\/\/ajediam.com\/engagement-rings' target='' title='url:http:\/\/ajediam.com\/engagement-rings|'>JETZT SHOPPEN<\/a><\/div><div class='col-md-3 '><div style='height: 32px;'><\/div><a class='lab-button' href='https:\/\/ajediam.com\/de\/schnellanfrageformular\/' target='' title='https:\/\/ajediam.com\/de\/schnellanfrageformula'>ZUM KAUFBERATER<\/a><\/div><div class='col-md-3 '><\/div><\/div> <div class='row vc_row '><div class='col-md-2 '><\/div><div class='col-md-8 '><div style='height: 32px;'><\/div><div class='vc-image '><figure><a href='https:\/\/ajediam.com\/de\/schnellanfrageformular\/' class='d-block'><img src='https:\/\/ajediam.com\/wp-content\/uploads\/2019\/03\/Ajediam_footer_Buy_now_13_03_2015.jpg' alt=''><\/a><\/figure><\/div><\/div><div class='col-md-2 '><\/div><\/div> <\/p>\n","protected":false},"excerpt":{"rendered":"","protected":false},"author":5,"featured_media":0,"parent":153408,"menu_order":0,"comment_status":"closed","ping_status":"closed","template":"","meta":{"ub_ctt_via":"","footnotes":""},"acf":[],"featured_image_src":null,"_links":{"self":[{"href":"https:\/\/ajediam.com\/de\/wp-json\/wp\/v2\/pages\/153806"}],"collection":[{"href":"https:\/\/ajediam.com\/de\/wp-json\/wp\/v2\/pages"}],"about":[{"href":"https:\/\/ajediam.com\/de\/wp-json\/wp\/v2\/types\/page"}],"author":[{"embeddable":true,"href":"https:\/\/ajediam.com\/de\/wp-json\/wp\/v2\/users\/5"}],"replies":[{"embeddable":true,"href":"https:\/\/ajediam.com\/de\/wp-json\/wp\/v2\/comments?post=153806"}],"version-history":[{"count":1,"href":"https:\/\/ajediam.com\/de\/wp-json\/wp\/v2\/pages\/153806\/revisions"}],"predecessor-version":[{"id":153808,"href":"https:\/\/ajediam.com\/de\/wp-json\/wp\/v2\/pages\/153806\/revisions\/153808"}],"up":[{"embeddable":true,"href":"https:\/\/ajediam.com\/de\/wp-json\/wp\/v2\/pages\/153408"}],"wp:attachment":[{"href":"https:\/\/ajediam.com\/de\/wp-json\/wp\/v2\/media?parent=153806"}],"curies":[{"name":"wp","href":"https:\/\/api.w.org\/{rel}","templated":true}]}}