{"id":153809,"date":"2019-04-29T14:36:50","date_gmt":"2019-04-29T14:36:50","guid":{"rendered":"https:\/\/ajediam.com\/schmuck-kunsthandwerk\/how-to-clean-diamond-earrings-for-free\/"},"modified":"2026-02-25T14:42:58","modified_gmt":"2026-02-25T14:42:58","slug":"so-reinigen-sie-diamantohrringe-kostenlos","status":"publish","type":"page","link":"https:\/\/ajediam.com\/de\/schmuck-kunsthandwerk\/so-reinigen-sie-diamantohrringe-kostenlos\/","title":{"rendered":"So reinigen Sie Diamantohrringe kostenlos"},"content":{"rendered":"<p><div class='row vc_row '><div class='col-md-6 '><h2 class='section-title'>Wie reinigt man Diamantohrringe kostenlos?<\/h2><p>Diamantohrringe werden durch das t\u00e4gliche Tragen stumpf und schmutzig.<br \/>\nSie nehmen Hautfett auf, wodurch die Steine glanzlos erscheinen.<\/p>\n<p>Lesen Sie in der folgenden Anleitung, wie Sie Ihre Diamantohrringe kostenlos<br \/>\nund zu Hause reinigen k\u00f6nnen!<\/p><div class='mb-4'><p><\/p>\n<div align=\"left\">\n<p>Die L\u00f6sung ist einfach und kostenlos. Konsultieren Sie jetzt die Bedienungsanleitung!<\/p>\n<p>Anweisungen zur Pflege Ihrer Ohrringe und anderer Schmuckst\u00fccke.<br \/>\nF\u00fcr Platin, Gold, Silber*, Diamanten, Rubine, Saphire und Smaragde (*)<br \/>\n*Smaragde niemals kochen oder im Ultraschallbad reinigen!<\/p>\n<p>*Silber kann Allergien ausl\u00f6sen! <span style=\"text-decoration: underline;\">Wie man hypoallergene Ohrringe findet<\/span>. Demn\u00e4chst verf\u00fcgbar.<\/p>\n<\/div>\n<p><\/p><\/div><\/div><div class='col-md-6 '><div class='vc-image '><figure><div><img src='https:\/\/ajediam.com\/wp-content\/uploads\/2019\/03\/martini_rub_over_diamond_stud_earrings.jpg' alt=''><\/div><\/figure><\/div><\/div><\/div> <div class='row vc_row vc_custom_1552886396531'><div class='col-md-12 '><div class='mb-4'><p><\/p>\n<p style=\"text-align: center;\"><b>Anleitung zur kostenlosen Reinigung von Diamantohrringen:<\/b><\/p>\n<p><\/p><\/div><div class='row '><div class='col-md-4 col-inner'><div class='col-inwrap'><div class='mb-4'><p><\/p>\n<h4>T\u00e4glich:<\/h4>\n<p>Wenn Sie Ihre H\u00e4nde mit fl\u00fcssiger Seife waschen, reinigen Sie gleichzeitig Ihre Ohrringe und Ihren feinen Schmuck. B\u00fcrsten Sie die St\u00fccke<br \/>\nmit einer sauberen Zahnb\u00fcrste (bitte keine Zahnpasta!) ab und sp\u00fclen Sie sie mit warmem Wasser ab.<br \/>\nAnschlie\u00dfend mit einem weichen Tuch trocknen und polieren.<\/p><\/div><\/div><\/div><div class='col-md-4 col-inner'><div class='col-inwrap'><div class='mb-4'><p><\/p>\n<h4>Monatlich:<\/h4>\n<p>Tauchen Sie Ihren Schmuck etwa eine Minute lang in eine Mischung aus kochendem Wasser und etwas fl\u00fcssigem Sp\u00fclmittel. B\u00fcrsten Sie mit einer sauberen Zahnb\u00fcrste (bitte keine Zahnpasta!) alle Seiten des Platins, Golds oder Silbers sowie die Edelsteine ab. Tauchen Sie das St\u00fcck dann noch einmal f\u00fcr etwa 30 Sekunden in kochendes Wasser. Sp\u00fclen Sie es schlie\u00dflich mit warmem Wasser ab, trocknen Sie es und polieren Sie es mit einem weichen Tuch. Smaragde niemals kochen oder im Ultraschallbad reinigen!<\/p><\/div><\/div><\/div><div class='col-md-4 col-inner'><div class='col-inwrap'><div class='mb-4'><p><\/p>\n<h4>J\u00e4hrlich:<\/h4>\n<p>Ajediam bietet einen lebenslangen, kostenlosen professionellen Wartungs- und Pflegeservice durch unseren Goldschmiedemeister Italdesign an.<\/p><\/div><\/div><\/div><\/div><\/div><\/div> <style>.vc_custom_1552886396531 { border-top-width: 3px !important;border-right-width: 3px !important;border-bottom-width: 3px !important;border-left-width: 3px !important;border-left-color: #e2ebf0 !important;border-left-style: solid !important;border-right-color: #e2ebf0 !important;border-right-style: solid !important;border-top-color: #e2ebf0 !important;border-top-style: solid !important;border-bottom-color: #e2ebf0 !important;border-bottom-style: solid !important;} }<\/style><div class='row vc_row '><div class='col-md-12 '><div style='height: 32px;'><\/div><div class='mb-4'><p><\/p>\n<h4>Interesse an einem neuen Paar Ohrringen?<\/h4>\n<p>Werfen Sie einen Blick auf unsere <a href=\"\/diamond-earrings\">wundervolle Kollektion an Diamantohrringen<\/a>, entworfen von unserem Goldschmiedemeister.<\/p>\n<p>Verschaffen Sie sich einen \u00dcberblick \u00fcber die Preise. Lassen Sie sich ein Angebot f\u00fcr Ihre Diamantohrringe erstellen:<\/p>\n<p>https:\/\/www.italdesignjewellery.com\/earings<\/p>\n<p>Besuchen Sie unseren Shop oder rufen Sie uns an: Tel: + 32 3 808 72 02<br \/>\nKaufen Sie zu Gro\u00dfhandelspreisen!<br \/>\n<a href=\"\/diamonds-from-one-to-20ct\" target=\"_self\" rel=\"noopener noreferrer\">E-Mail<\/a> oder rufen Sie uns an unter Tel: + 32 3 808 72 02 <\/p><\/div><\/div><\/div> <div class='row vc_row '><div class='col-md-3 '><\/div><div class='col-md-3 '><div style='height: 32px;'><\/div><a class='lab-button' href='http:\/\/ajediam.com\/engagement-rings' target='' title='url:http:\/\/ajediam.com\/engagement-rings|'>JETZT SHOPPEN<\/a><\/div><div class='col-md-3 '><div style='height: 32px;'><\/div><a class='lab-button' href='https:\/\/ajediam.com\/de\/schnellanfrageformular\/' target='' title='https:\/\/ajediam.com\/de\/schnellanfrageformula'>ZUM KAUFBERATER<\/a><\/div><div class='col-md-3 '><\/div><\/div> <div class='row vc_row '><div class='col-md-2 '><\/div><div class='col-md-8 '><div style='height: 32px;'><\/div><div class='vc-image '><figure><a href='https:\/\/ajediam.com\/de\/schnellanfrageformular\/' class='d-block'><img src='https:\/\/ajediam.com\/wp-content\/uploads\/2019\/03\/Ajediam_footer_Buy_now_13_03_2015.jpg' alt=''><\/a><\/figure><\/div><\/div><div class='col-md-2 '><\/div><\/div> <\/p>\n","protected":false},"excerpt":{"rendered":"","protected":false},"author":5,"featured_media":0,"parent":153408,"menu_order":0,"comment_status":"closed","ping_status":"closed","template":"","meta":{"ub_ctt_via":"","footnotes":""},"acf":[],"featured_image_src":null,"_links":{"self":[{"href":"https:\/\/ajediam.com\/de\/wp-json\/wp\/v2\/pages\/153809"}],"collection":[{"href":"https:\/\/ajediam.com\/de\/wp-json\/wp\/v2\/pages"}],"about":[{"href":"https:\/\/ajediam.com\/de\/wp-json\/wp\/v2\/types\/page"}],"author":[{"embeddable":true,"href":"https:\/\/ajediam.com\/de\/wp-json\/wp\/v2\/users\/5"}],"replies":[{"embeddable":true,"href":"https:\/\/ajediam.com\/de\/wp-json\/wp\/v2\/comments?post=153809"}],"version-history":[{"count":1,"href":"https:\/\/ajediam.com\/de\/wp-json\/wp\/v2\/pages\/153809\/revisions"}],"predecessor-version":[{"id":153811,"href":"https:\/\/ajediam.com\/de\/wp-json\/wp\/v2\/pages\/153809\/revisions\/153811"}],"up":[{"embeddable":true,"href":"https:\/\/ajediam.com\/de\/wp-json\/wp\/v2\/pages\/153408"}],"wp:attachment":[{"href":"https:\/\/ajediam.com\/de\/wp-json\/wp\/v2\/media?parent=153809"}],"curies":[{"name":"wp","href":"https:\/\/api.w.org\/{rel}","templated":true}]}}