{"id":153812,"date":"2019-04-27T19:52:54","date_gmt":"2019-04-27T19:52:54","guid":{"rendered":"https:\/\/ajediam.com\/schmuck-kunsthandwerk\/size-mounted-diamonds\/"},"modified":"2026-02-25T14:48:30","modified_gmt":"2026-02-25T14:48:30","slug":"grosse-der-gefassten-diamanten","status":"publish","type":"page","link":"https:\/\/ajediam.com\/de\/schmuck-kunsthandwerk\/grosse-der-gefassten-diamanten\/","title":{"rendered":"Gr\u00f6\u00dfe der gefassten Diamanten"},"content":{"rendered":"<p>Hier ist die \u00dcbersetzung unter Beibehaltung der WPBakery-Shortcodes und der HTML-Struktur:<\/p>\n<p><div class='row vc_row '><div class='col-md-12 '><div class='mb-4'><p><\/p>\n<h4>Wie misst man die Gr\u00f6\u00dfe eines gefassten Diamanten in Ringen und Schmuck?<\/h4>\n<p>Hier erfahren Sie es. <a class=\"core-custom-blue-link\" href=\"\/Sizes-of-Diamonds\">Diamantgr\u00f6\u00dfen f\u00fcr lose Diamanten<\/a><\/p>\n<p>Wenn ein Diamant in einem Ring oder einem anderen Schmuckst\u00fcck gefasst ist, k\u00f6nnen Sie den Durchmesser zwischen den Krappen auf gegen\u00fcberliegenden Seiten des Steins sch\u00e4tzen. Mit einem professionellen Messwerkzeug, einem Gr\u00f6\u00dfensch\u00e4tzer oder einer Messing-Schieblehre ermitteln Sie die Gr\u00f6\u00dfe \/ Abmessungen von gefassten Diamanten, den Innen- und Au\u00dfendurchmesser sowie Tiefe + Dicke.<\/p><\/div><hr class='mb-4' \/><div class='row '><div class='col-md-4 col-inner'><div class='col-inwrap'><div class='vc-image text-center'><figure><a href='\/bracelets' class='d-block'><img src='https:\/\/ajediam.com\/wp-content\/uploads\/2019\/03\/Caliper-Brass.jpg' alt=''><\/a><\/figure><\/div><div class='mb-4'><p>Messing-Schieblehre zum Messen der Gr\u00f6\u00dfe gefasster Diamanten. Sie k\u00f6nnen dieses Instrument f\u00fcr ca. +- 7 US-Dollar bei <a class=\"core-custom-blue-link\" href=\"http:\/\/www.stantonbooks.com\" target=\"_blank\" rel=\"nofollow noopener\">www.stantonbooks.com<\/a> kaufen oder Sie haben es bereits in Ihrem Werkzeugkasten.<\/p><\/div><\/div><\/div><div class='col-md-4 col-inner'><div class='col-inwrap'><div class='vc-image text-center'><figure><div><img src='https:\/\/ajediam.com\/wp-content\/uploads\/2019\/03\/Leveridge.jpg' alt=''><\/div><\/figure><\/div><div class='mb-4'><p>Leveridge-Messger\u00e4t, Werkzeug zum Messen der Gr\u00f6\u00dfe gefasster Diamanten<\/p><\/div><\/div><\/div><div class='col-md-4 col-inner'><div class='col-inwrap'><div class='mb-4'><p><\/p>\n<p class=\"core-custom-blue-link\" style=\"text-align: left;\">Gr\u00f6\u00dfe am Ring messen<\/p>\n<p><\/p><\/div><div class='vc-image '><figure><div><img src='https:\/\/ajediam.com\/wp-content\/uploads\/2019\/04\/size-mounted-diamondselement90.jpg' alt=''><\/div><\/figure><\/div><div class='mb-4'><p><\/p>\n<p class=\"core-custom-blue-link\" style=\"text-align: left;\"><a href=\"\/engagement-rings\">Online shoppen<\/a><\/p>\n<p><\/p><\/div><\/div><\/div><\/div><div style='height: 32px;'><\/div><\/div><\/div> <div class='row vc_row '><div class='col-md-9 '><div class='mb-4'><p>Die Diamantgr\u00f6\u00dfe ist der Schl\u00fcssel zur Sch\u00e4tzung des Karatgewichts von Diamanten. Um den Durchmesser in einer geschlossenen Fassung und das Karatgewicht von Diamanten in Fantasieformen zu sch\u00e4tzen, empfehlen wir den Gang zu einem professionellen Juwelier.<\/p><\/div><\/div><div class='col-md-3 '>[vc_btn title=&#8220;Zum Kaufberater&#8220; style=&#8220;classic&#8220; shape=&#8220;square&#8220; color=&#8220;primary&#8220; align=&#8220;left&#8220; link=&#8220;https:\/\/ajediam.com\/de\/schnellanfrageformular\/&#8220;]<\/div><\/div> <div class='row vc_row '><div class='col-md-12 '><hr class='mb-4' \/><div class='mb-4'><p><\/p>\n<p style=\"text-align: center;\">Sehen Sie <a href=\"https:\/\/ajediam.com\/de\/diamanten-101\/grosse-der-diamanten\/\">Diamantgr\u00f6\u00dfen<\/a> und <a href=\"\/diamond-carat-weight\">Gewicht im Verh\u00e4ltnis zur Gr\u00f6\u00dfe<\/a> von Diamanten. <a href=\"\/diamond-sizes-on-hand-finger-ring\">Gr\u00f6\u00dfe eines Diamanten am Ring, am Finger und an der Hand<\/a><\/p>\n<p><\/p><\/div><\/div><\/div> <div class='row vc_row '><div class='col-md-2 '><\/div><div class='col-md-8 '><div class='vc-image text-center'><figure><div><img src='https:\/\/ajediam.com\/wp-content\/uploads\/2019\/03\/Ajediam_footer_Buy_now_13_03_2015.jpg' alt=''><\/div><\/figure><\/div><\/div><div class='col-md-2 '><\/div><\/div> <\/p>\n","protected":false},"excerpt":{"rendered":"<p>Hier ist die \u00dcbersetzung unter Beibehaltung der WPBakery-Shortcodes und der HTML-Struktur:<\/p>\n","protected":false},"author":5,"featured_media":0,"parent":153408,"menu_order":0,"comment_status":"closed","ping_status":"closed","template":"","meta":{"ub_ctt_via":"","footnotes":""},"acf":[],"featured_image_src":null,"_links":{"self":[{"href":"https:\/\/ajediam.com\/de\/wp-json\/wp\/v2\/pages\/153812"}],"collection":[{"href":"https:\/\/ajediam.com\/de\/wp-json\/wp\/v2\/pages"}],"about":[{"href":"https:\/\/ajediam.com\/de\/wp-json\/wp\/v2\/types\/page"}],"author":[{"embeddable":true,"href":"https:\/\/ajediam.com\/de\/wp-json\/wp\/v2\/users\/5"}],"replies":[{"embeddable":true,"href":"https:\/\/ajediam.com\/de\/wp-json\/wp\/v2\/comments?post=153812"}],"version-history":[{"count":1,"href":"https:\/\/ajediam.com\/de\/wp-json\/wp\/v2\/pages\/153812\/revisions"}],"predecessor-version":[{"id":153814,"href":"https:\/\/ajediam.com\/de\/wp-json\/wp\/v2\/pages\/153812\/revisions\/153814"}],"up":[{"embeddable":true,"href":"https:\/\/ajediam.com\/de\/wp-json\/wp\/v2\/pages\/153408"}],"wp:attachment":[{"href":"https:\/\/ajediam.com\/de\/wp-json\/wp\/v2\/media?parent=153812"}],"curies":[{"name":"wp","href":"https:\/\/api.w.org\/{rel}","templated":true}]}}