{"id":153815,"date":"2019-05-03T06:45:46","date_gmt":"2019-05-03T06:45:46","guid":{"rendered":"https:\/\/ajediam.com\/schmuck-kunsthandwerk\/learn-about-jewelry-gem-stones-pearls-precious-metals-settings\/"},"modified":"2026-02-25T14:53:44","modified_gmt":"2026-02-25T14:53:44","slug":"erfahren-sie-mehr-uber-schmuck","status":"publish","type":"page","link":"https:\/\/ajediam.com\/de\/schmuck-kunsthandwerk\/erfahren-sie-mehr-uber-schmuck\/","title":{"rendered":"Erfahren Sie mehr \u00fcber Schmuck: Edelsteine, Perlen, Edelmetalle und Fassungen"},"content":{"rendered":"<p><div class='row vc_row '><div class='col-md-12 '><h2 class='section-title'>Lernen Sie online und kostenlos alles \u00fcber Schmuck, Edelsteine, Perlen, Edelmetalle und alle Fassungsarten<\/h2><p>Ajediam bietet Ihnen alles, was Sie wissen m\u00fcssen, um Experte f\u00fcr feinen Diamantschmuck zu werden.<br \/>\n<\/p><div class='mb-4'><p><\/p>\n<h4><strong>Erfahren Sie, <a href=\"https:\/\/ajediam.com\/de\/diamantenpreise\/preisliste-fur-im-labor-gezuchtete-diamanten\/\">wo Sie laborgez\u00fcchtete synthetische Diamanten kaufen k\u00f6nnen,<\/a> auch bekannt als &#8222;Man-made&#8220; oder Zuchtdiamanten.<\/strong><\/h4>\n<h4><strong>Kennen Sie den echten Selbstkostenpreis des Produzenten. \u2013 Quelle: Antwerp World Diamond Centre.<\/strong><\/h4>\n<p><\/p><\/div><div class='mb-4'><p>Wir liefern Fakten und beschreiben Materialien, Fassungen f\u00fcr Schmuck<br \/>\nund <a href=\"#\">Methoden zur Befestigung von Diamanten<\/a>. <a href=\"\/diamond-appraisals-grading-ratings-course\">Kostenloser Online-Diamantenkurs<\/a><\/p>\n<h4>Schmuck-Ratgeber: Lesen Sie mehr \u00fcber <a href=\"\/jewelry-cleaner\">Schmuckreinigung<\/a><\/h4>\n<h4>Ringgr\u00f6\u00dfe<\/h4>\n<p>Um Ihre <a href=\"\/finger-sizes-rings\">Ringgr\u00f6\u00dfe<\/a> zu ermitteln, messen Sie den Innendurchmesser eines gut passenden Rings. Die Gr\u00f6\u00dfe liegt meist zwischen 4 und 13,5 Millimetern.<\/p>\n<h4>Materialien:<\/h4>\n<p>Beim Schmuckkauf ist es beruhigend, ein wenig \u00fcber die verwendeten Materialien und Techniken zu wissen. Im Folgenden geben wir Ihnen Informationen zu Gold und Platin, zu farbigen Edelsteinen und zu den Herstellungstechniken. Sollten Sie weitere Fragen haben, senden Sie uns eine E-Mail. Gold, Platin und Silber sind die am h\u00e4ufigsten verwendeten Materialien. Wir bevorzugen reines, nickelfreies Platin sowie 18-kar\u00e4tiges Gold (750er Gold), da diese eine langlebige Qualit\u00e4t und ein erstklassiges Erscheinungsbild garantieren.<\/p>\n<h4>Gold<\/h4>\n<p>Gold wird seit der Antike zur Herstellung von Schmuck, Kunst und religi\u00f6sen Gegenst\u00e4nden verwendet. Seine einzigartige Farbe und die Tatsache, dass es mit anderen Metallen legiert werden kann, machen es bis heute zu einem der beliebtesten Metalle f\u00fcr Schmuck.<\/p>\n<h4>Platin<\/h4>\n<p><a href=\"\/diamond-solitaire-platinum-ring\">Platin<\/a> ist ein extrem langlebiges Metall. Seit den 1880er Jahren wird es f\u00fcr feinen Schmuck verwendet. Da es sowohl ein dichtes als auch ein sehr festes Metall ist, wird Platin gegen\u00fcber anderen Metallen bevorzugt, um Diamanten sicher zu fassen.<\/p>\n<p>F\u00fcr komplexe Designs mit einem Inlay aus vielen kleinen Steinen bevorzugen Juweliere Platin gegen\u00fcber Gold. Wie Gold wird auch Platin mit anderen Metallen gemischt. G\u00e4ngige Markierungen sind: 850 Plat, PT 850. Manchmal wird auch die Legierung erw\u00e4hnt, wie etwa 850 Plat, 150 Irid (Iridium).<\/p>\n<h4>Silber<\/h4>\n<p>Wir verwenden 925er Sterlingsilber f\u00fcr modischen Gro\u00dfschmuck, da es kosteng\u00fcnstig ist.<\/p>\n<h4>Farbedelsteine<\/h4>\n<p><a href=\"\/rubies-diamond-rings\">Rubine<\/a>, <a href=\"\/sapphires-diamond-rings\">Saphire<\/a>, <a href=\"\/emerald-rings\">Smaragde<\/a>, Aquamarine und Topase sind ber\u00fchmte Beispiele f\u00fcr die sehr beliebte Kategorie der farbigen Edelsteine.<br \/>\nEdelsteine werden nach ihrem Gewicht und ihrer Gr\u00f6\u00dfe gemessen. Die Gr\u00f6\u00dfe eines Edelsteins wird in Millimetern angegeben (zum Beispiel 6&#215;8 Millimeter). Die Grundeinheit f\u00fcr das Gewicht von Edelsteinen ist das Karat, was 1\/5 Gramm entspricht.<br \/>\nKarat werden in 100 Einheiten unterteilt, die als Punkte (Points) bezeichnet werden. Zum Beispiel entspricht 1\/10 Gramm Edelstein einem 1\/2 Karat, was wiederum 50 Punkten entspricht.<br \/>\nAndere h\u00e4ufig vorkommende Farbedelsteine sind Aquamarin, Quarz, Citrin, Tansanit, Turmalin und Citrin.<br \/>\nMit dem technologischen Fortschritt sehen wir viele Produkt- und Prozessinnovationen im Bereich der Edelsteine. Synthetische Edelsteine, in Schmuckgesch\u00e4ften manchmal mit \u201eCTRD\u201c abgek\u00fcrzt, sind ein wichtiges Beispiel hierf\u00fcr.<br \/>\nDiese Steine besitzen die gleichen optischen, chemischen und physischen Eigenschaften wie nat\u00fcrliche Edelsteine. Obwohl sie so sch\u00f6n wie das Original sind, wurden sie vollst\u00e4ndig in einem Labor hergestellt. Daher sollten sie wesentlich g\u00fcnstiger sein.<br \/>\nDasselbe gilt f\u00fcr zusammengesetzte Steine (Doubletten\/Tripletten), die aus Glas und synthetischen Teilen bestehen, die durch einen farbinjizierten Kleber zusammengehalten werden.<\/p>\n<p>Auch nat\u00fcrliche Farbedelsteine k\u00f6nnen behandelt worden sein. Um ihre Farbe zu verbessern, wurden sie m\u00f6glicherweise gef\u00e4rbt, bestrahlt oder hitzebehandelt. W\u00e4hrend sich dadurch das Aussehen versch\u00f6nert, kann die Haltbarkeit eventuell abnehmen.<\/p>\n<p>Fragen Sie Ihren Juwelier unbedingt, welche Art von Edelstein Sie vor sich haben und welche Prozesse er durchlaufen hat. Nicht nur wegen des Aussehens, sondern weil Sie den richtigen Preis f\u00fcr den tats\u00e4chlichen Wert zahlen m\u00f6chten.<\/p>\n<p><a href=\"\/pearls-beads-diamonds-jewelry\"><strong>Perlen<\/strong><\/a><\/p>\n<p>Perlen sind ein weiteres sch\u00f6nes Geschenk der Natur. Sie werden von Austern und anderen Weichtieren gebildet. Wenn sie ohne menschliche Hilfe wachsen, sprechen wir von Naturperlen. Spezialisierte Perltaucher suchen nach diesen seltenen Sch\u00e4tzen, meist in den tropischen Gew\u00e4ssern des Pazifiks.<br \/>\nJe l\u00e4nger eine Perle in der Auster kultiviert wird, desto dicker ist ihre Perlmuttschicht (\u201eNacre\u201c). Perlen mit einer d\u00fcnnen Schicht halten nicht lange. Nat\u00fcrliche Chemikalien und Parf\u00fcms greifen die Oberfl\u00e4che an und verschlechtern das Aussehen rapide.<\/p>\n<p>Zuchtperlen werden in einer gesch\u00fctzten und kontrollierten Umgebung gez\u00fcchtet. Sie sind nicht so selten wie Naturperlen und kosten weniger. Fragen Sie Ihren Juwelier, wie die Perlen gewachsen sind. Manchmal stellt sich heraus, dass es sich um Imitationsperlen aus Glas, organischen Materialien oder Kunststoff handelt.<\/p>\n<h4>Fassungen<\/h4>\n<p><a href=\"#\"><strong>Methoden zur Befestigung von Diamanten.<\/strong><\/a><br \/>\nDie Art und Weise, wie ein Schmuckst\u00fcck konstruiert ist, hat gro\u00dfen Einfluss auf seine Sch\u00f6nheit und Haltbarkeit. F\u00fcr langlebigen Schmuck muss die richtige Menge an Lot verwendet werden. Das Gold oder Platin sollte eine angemessene St\u00e4rke aufweisen. Und, sehr wichtig: Die Steinfassungen m\u00fcssen fest und sauber gearbeitet sein.<\/p>\n<p>Es gibt gute und weniger gute Techniken, um Edelsteine und Perlen an ihrem Platz zu halten. Zu den wichtigsten geh\u00f6ren die Pav\u00e9-Fassung, die Kanalfassung (Channel Setting) und die Krappenfassung (Prong Setting).<\/p>\n<h4><a href=\"\/engagement-rings\">Tiffany-Fassung<\/a><\/h4>\n<p>Die Tiffany-Fassung ist eine beliebte Fassung f\u00fcr Solit\u00e4r-Verlobungsringe mit 4 oder 6 Krappen, abh\u00e4ngig von der Gr\u00f6\u00dfe des Diamanten. Die Krappenfassung h\u00e4lt Diamanten sicher und erm\u00f6glicht einen optimalen Lichteinfall in den Stein.<\/p>\n<p>Der klassische Tiffany-Stil hat die Herzen von Millionen Paaren erobert, die den perfekten Verlobungsring f\u00fcr ihren losen Diamanten suchen.<\/p>\n<h4><a href=\"\/diamond-ring-principess\">Kanalfassung (Channel Setting)<\/a><\/h4>\n<p>F\u00fcr eine Kanalfassung fertigt der Juwelier eine Nut zwischen zwei Metallschiene an. Diese Nut h\u00e4lt mit den seitlichen Metallr\u00e4ndern eine ganze Reihe von Steinen fest.<\/p>\n<h4><a href=\"\/diamond-ring-senza-fine\">Krappenfassung, auch Krallenfassung genannt<\/a><\/h4>\n<p>Die Krappenfassung wird f\u00fcr facettierte Edelsteine verwendet. Die Krappen (Prongs) sind eine Art Metallkrallen, die den Edelstein fixieren. Meist werden vier oder mehr Krallen verwendet, um einen Stein zu fassen.<\/p>\n<h4><a href=\"\/diamond-ring-expensive\">K\u00f6rnerfassung (Bead Setting)<\/a><\/h4>\n<p>Die K\u00f6rnerfassung wird ebenfalls f\u00fcr Edelsteine verwendet. Ein metallener Rand in Form von kleinen K\u00fcgelchen umgibt den Stein und hebt ihn von der Oberfl\u00e4che des Schmuckst\u00fccks ab.<\/p>\n<h4><a href=\"\/diamond-ring-let-it-go\">Pav\u00e9-Fassung<\/a><\/h4>\n<p>Die Pav\u00e9-Fassung wird f\u00fcr Diamanten und hochwertigen Schmuck verwendet, der eine lange Lebensdauer haben soll. Eine Pav\u00e9-Fassung erfordert Geduld und handwerkliches K\u00f6nnen. Ein erfahrener Diamantfasser ben\u00f6tigt etwa einen ganzen Tag, um eine pav\u00e9-gefasste Diamantkette herzustellen.<br \/>\nWinzige L\u00f6cher werden von Hand in das Gold gearbeitet, um die Steine sicher zu halten. Die freiliegenden Goldoberfl\u00e4chen werden zu feinen K\u00f6rnern strukturiert und die R\u00e4nder zu gl\u00e4nzenden Goldb\u00e4ndern poliert.<\/p>\n<p>Weitere beliebte Fassungen:<\/p>\n<p>Cluster-Fassung<\/p>\n<p>Spannfassung (Tension Setting)<\/p>\n<p>Zargenfassung (Bezel Setting)<\/p>\n<p>Senden Sie uns eine <a href=\"\/diamonds-from-one-to-20ct\">E-Mail<\/a>, falls Sie weitere Fragen haben. Wir werden versuchen, diese nach bestem Wissen zu beantworten.<\/p><\/div><\/div><\/div> <div class='row vc_row '><div class='col-md-3 '><\/div><div class='col-md-3 '><div style='height: 32px;'><\/div><a class='lab-button' href='http:\/\/ajediam.com\/engagement-rings' target='' title='url:http:\/\/ajediam.com\/engagement-rings|'>JETZT SHOPPEN<\/a><\/div><div class='col-md-3 '><div style='height: 32px;'><\/div><a class='lab-button' href='https:\/\/ajediam.com\/de\/schnellanfrageformular\/' target='' title='https:\/\/ajediam.com\/de\/schnellanfrageformula'>ZUM KAUFBERATER<\/a><\/div><div class='col-md-3 '><\/div><\/div> <div class='row vc_row '><div class='col-md-2 '><\/div><div class='col-md-8 '><div style='height: 32px;'><\/div><div class='vc-image '><figure><a href='https:\/\/ajediam.com\/de\/schnellanfrageformular\/' class='d-block'><img src='https:\/\/ajediam.com\/wp-content\/uploads\/2019\/03\/Ajediam_footer_Buy_now_13_03_2015.jpg' alt=''><\/a><\/figure><\/div><\/div><div class='col-md-2 '><\/div><\/div> <\/p>\n","protected":false},"excerpt":{"rendered":"","protected":false},"author":5,"featured_media":0,"parent":153408,"menu_order":0,"comment_status":"closed","ping_status":"closed","template":"","meta":{"ub_ctt_via":"","footnotes":""},"acf":[],"featured_image_src":null,"_links":{"self":[{"href":"https:\/\/ajediam.com\/de\/wp-json\/wp\/v2\/pages\/153815"}],"collection":[{"href":"https:\/\/ajediam.com\/de\/wp-json\/wp\/v2\/pages"}],"about":[{"href":"https:\/\/ajediam.com\/de\/wp-json\/wp\/v2\/types\/page"}],"author":[{"embeddable":true,"href":"https:\/\/ajediam.com\/de\/wp-json\/wp\/v2\/users\/5"}],"replies":[{"embeddable":true,"href":"https:\/\/ajediam.com\/de\/wp-json\/wp\/v2\/comments?post=153815"}],"version-history":[{"count":1,"href":"https:\/\/ajediam.com\/de\/wp-json\/wp\/v2\/pages\/153815\/revisions"}],"predecessor-version":[{"id":153817,"href":"https:\/\/ajediam.com\/de\/wp-json\/wp\/v2\/pages\/153815\/revisions\/153817"}],"up":[{"embeddable":true,"href":"https:\/\/ajediam.com\/de\/wp-json\/wp\/v2\/pages\/153408"}],"wp:attachment":[{"href":"https:\/\/ajediam.com\/de\/wp-json\/wp\/v2\/media?parent=153815"}],"curies":[{"name":"wp","href":"https:\/\/api.w.org\/{rel}","templated":true}]}}