{"id":153818,"date":"2019-05-03T05:16:23","date_gmt":"2019-05-03T05:16:23","guid":{"rendered":"https:\/\/ajediam.com\/schmuck-kunsthandwerk\/jewelry-care\/"},"modified":"2026-02-25T15:04:06","modified_gmt":"2026-02-25T15:04:06","slug":"schmuckpflege","status":"publish","type":"page","link":"https:\/\/ajediam.com\/de\/schmuck-kunsthandwerk\/schmuckpflege\/","title":{"rendered":"Wie pflegt man Diamantschmuck, damit er f\u00fcr immer in der Familie bleibt?"},"content":{"rendered":"\n<p><span style=\"font-weight: 400;\">Die Sch\u00f6nheit von Diamanten fasziniert uns. Das strahlende Funkeln ihres Inneren zieht uns in seinen Bann. Als h\u00e4tte die Natur ewige Perfektion geschaffen, um uns an unsere eigene Verg\u00e4nglichkeit zu erinnern. Sobald ein Diamant in Familienbesitz gelangt, wird er schnell mehr als nur ein faszinierendes Mineral. Er wird zum Symbol unserer tiefsten Liebe. So wie die Liebe nicht nur einem Menschen vorbehalten sein soll, so sollen auch Diamanten an die Menschen weitergegeben werden, die uns am Herzen liegen. Durch ihre Augen sehen wir die Sch\u00f6nheit des Diamanten aufs Neue erstrahlen und die Liebe in unseren Familien neu entfacht. Doch Sch\u00f6nheit, Liebe und Diamanten brauchen Pflege und Erhalt, damit ihr Glanz niemals verblasst.<\/span><\/p>\n\n\n\n<p>In diesem Artikel:<\/p>\n\n\n\n<ul>\n<li>Warum ist die Pflege von Diamantschmuck wichtig?<\/li>\n\n\n\n<li>Sch\u00e4den an Diamantschmuck vermeiden<\/li>\n\n\n\n<li>Diamantschmuck reinigen<\/li>\n\n\n\n<li>Professionelle Dienstleistungen f\u00fcr Diamantschmuck<\/li>\n<\/ul>\n\n\n\n<h2 class=\"wp-block-heading\"><span style=\"font-weight: 400;\">Warum ist die Pflege und Aufbewahrung von Diamantschmuck wichtig?<\/span><\/h2>\n\n\n\n<p><i><span style=\"font-weight: 400;\">Oftmals finden wir die ersten Diamantschmuckst\u00fccke nicht selbst, sondern sie finden uns. Meistens erhalten wir sie als Geschenk von einem geliebten Menschen. Es kann sich um einen kleinen Anh\u00e4nger, ein Paar Diamantohrstecker oder vielleicht sogar ein Familienschmuckst\u00fcck handeln. In der Regel werden sie uns von Eltern, Gro\u00dfeltern oder anderen wichtigen Familienmitgliedern vererbt. Mit der \u00dcbernahme der Verantwortung f\u00fcr ihren Schutz lernen wir, sie zu pflegen und zu sch\u00e4tzen. Wir beginnen dar\u00fcber nachzudenken, wie wundervoll es w\u00e4re, die Schmuckst\u00fccke eines Tages an einen geliebten Menschen weiterzugeben\u2026<\/span><\/i><\/p>\n\n\n\n<h3 class=\"wp-block-heading\">Bewahren Sie den brillanten Glanz des Diamanten<\/h3>\n\n\n\n<p><span style=\"font-weight: 400;\">Wenn Sie Ihren Diamanten h\u00e4ufig ber\u00fchren, werden Sie feststellen, dass er an Glanz verliert. Die Oberfl\u00e4che eines Diamanten zieht naturgem\u00e4\u00df Fett an. Selbst die \u00d6le Ihrer Finger lagern sich darauf ab. Daher ist eine regelm\u00e4\u00dfige Reinigung unerl\u00e4sslich, wenn Sie Ihren Diamanten in seiner vollen Pracht genie\u00dfen m\u00f6chten.<\/span><\/p>\n\n\n\n<h3 class=\"wp-block-heading\">Sch\u00fctzen Sie den Diamanten vor Besch\u00e4digungen.<\/h3>\n\n\n\n<p><span style=\"font-weight: 400;\">Obwohl Diamanten extrem hart sind, sind sie nicht unverwundbar. Es kommt selten vor, aber sie k\u00f6nnen Kratzer oder sogar Absplitterungen bekommen, wenn sie aus einem bestimmten Winkel getroffen werden. Nichts ist \u00e4rgerlicher als eine Besch\u00e4digung des Diamanten, die sich leicht h\u00e4tte verhindern lassen. Zudem k\u00f6nnen Reparaturen und Ersatz teuer sein.<\/span><\/p>\n\n\n\n<h3 class=\"wp-block-heading\">Bewahren Sie Ihren Diamanten sicher und versteckt auf.<\/h3>\n\n\n\n<p><span style=\"font-weight: 400;\">Wann und wo Sie Ihre Diamanten ablegen, hat gro\u00dfen Einfluss darauf, wie viel Reinigung und Pflege sie ben\u00f6tigen. Au\u00dferdem ziehen Diamanten viel Aufmerksamkeit auf sich. Von Haustieren \u00fcber Kinder bis hin zu potenziellen Dieben \u2013 es lohnt sich also, Ihre Diamanten an einem sicheren Ort aufzubewahren.<\/span><\/p>\n\n\n\n<h3 class=\"wp-block-heading\">Den Wert des Diamanten erhalten<\/h3>\n\n\n\n<p><span style=\"font-weight: 400;\">Ihr Diamantschmuck besitzt einen Eigenwert, der von verschiedenen Faktoren abh\u00e4ngt. Wenn Sie Ihren Diamantschmuck in Zukunft vererben oder verkaufen m\u00f6chten, sollten Sie die Dokumentation unbedingt auf dem neuesten Stand halten. Die meisten Zertifikate m\u00fcssen alle zehn Jahre aktualisiert werden.<\/span><\/p>\n\n\n\n<h2 class=\"wp-block-heading\"><span style=\"font-weight: 400;\">Besch\u00e4digungen an Diamantschmuck verhindern<\/span><\/h2>\n\n\n\n<p><i><span style=\"font-weight: 400;\">Mit der Zeit wird das Leben hektischer und neue Familienmitglieder wachsen heran. Unsere Aufmerksamkeit richtet sich zunehmend auf die Kleinen, und wir haben weniger Zeit, die Sch\u00f6nheit unserer Juwelen in Ruhe zu bewundern. Tats\u00e4chlich m\u00fcssen wir zus\u00e4tzliche Vorkehrungen treffen, um ihre Sicherheit zu gew\u00e4hrleisten und leicht vermeidbare Unf\u00e4lle zu verhindern. Dazu geh\u00f6rt auch, unsere Diamanten von unseren Kindern fernzuhalten, damit wir sie ihnen eines Tages vererben k\u00f6nnen. Eines Tages werden sie die Diamanten voller Ehrfurcht betrachten und uns an den Moment erinnern, als wir unseren Diamanten zum ersten Mal sahen.<\/span><\/i><\/p>\n\n\n\n<h3 class=\"wp-block-heading\">Wissen Sie, wann Sie Ihren Schmuck ablegen sollten!<\/h3>\n\n\n\n<p><span style=\"font-weight: 400;\">Die meisten Sch\u00e4den an Ihrem Schmuck lassen sich vermeiden, wenn Sie ihn ablegen. Setzen Sie ihn nicht unn\u00f6tig Chemikalien, Fl\u00fcssigkeiten oder Schmutz aus. Es gibt unz\u00e4hlige Geschichten von Menschen, die ihre Diamantringe beim Schwimmen oder G\u00e4rtnern verloren haben. Auch Berichte \u00fcber besch\u00e4digte Ringe beim Sport, beim Abwaschen oder sogar beim Hineinfallen in den Abfluss sind sehr h\u00e4ufig. Kosmetika sind eine weitere h\u00e4ufige Ursache f\u00fcr den tr\u00fcben Glanz eines Diamanten.<\/span><\/p>\n\n\n\n<h3 class=\"wp-block-heading\">Wie bewahrt man Diamantschmuck auf?<\/h3>\n\n\n\n<p><span style=\"font-weight: 400;\">Generell sollten Sie Ihre Schmuckst\u00fccke in einem trockenen Beh\u00e4lter aufbewahren, der sie vor Feuchtigkeit, Schmutz und Sonnenlicht sch\u00fctzt. Am besten eignet sich daf\u00fcr eine Schmuckschatulle. Sie k\u00f6nnen die Originalverpackung verwenden oder eine gr\u00f6\u00dfere mit separaten F\u00e4chern. Achten Sie darauf, dass die Schmuckst\u00fccke nicht zusammengekn\u00fcllt werden, da sie sich sonst gegenseitig zerkratzen k\u00f6nnten.<\/span><\/p>\n\n\n\n<h3 class=\"wp-block-heading\"><span style=\"font-weight: 400;\">Wie bewahrt man Diamantschmuck zu Hause sicher auf?<\/span><\/h3>\n\n\n\n<p><span style=\"font-weight: 400;\">Es ist wichtig, Ihre Diamanten sicher und au\u00dfer Sichtweite aufzubewahren, besonders wenn Sie Haustiere oder Kinder haben. Der Glanz eines Diamanten zieht alle Blicke auf sich. Manche betrachten ihn als Spielzeug, andere kauen oder verschlucken ihn. Deshalb sollten Sie Ihren Diamantschmuck stets verschlossen oder versteckt aufbewahren. Erw\u00e4gen Sie au\u00dferdem die Anschaffung eines Tresors und eines Sicherheitssystems f\u00fcr Ihr Zuhause, insbesondere wenn Sie Diebstahl bef\u00fcrchten.<\/span><\/p>\n\n\n\n<h3 class=\"wp-block-heading\"><span style=\"font-weight: 400;\">Wie bewahrt man Diamantschmuck sicher in der Bank auf?<\/span><\/h3>\n\n\n\n<p><span style=\"font-weight: 400;\">Wenn Ihnen Sicherheit besonders wichtig ist, k\u00f6nnen Sie Ihren Schmuck in einem Bankschlie\u00dffach aufbewahren. Diese sind so konstruiert, dass sie Naturkatastrophen wie Br\u00e4nden und \u00dcberschwemmungen standhalten. Banken bieten au\u00dferdem eine Diebstahlversicherung f\u00fcr den gesamten Inhalt Ihres Schlie\u00dffachs an. Aus Sicherheitsgr\u00fcnden wissen die Banken nicht, was Sie darin deponieren. Daher m\u00fcssen Sie einen Nachweis \u00fcber den Inhalt Ihres Schlie\u00dffachs erbringen. Banken sind die beste M\u00f6glichkeit, Ihren Schmuck sicher aufzubewahren.<\/span><\/p>\n\n\n\n<h3 class=\"wp-block-heading\"><span style=\"font-weight: 400;\">Wie und warum sollte man seinen Diamantschmuck inventarisieren?<\/span><\/h3>\n\n\n\n<p><span style=\"font-weight: 400;\">Am einfachsten erfassen Sie Ihr Schmuckinventar in einem Fotoalbum mit allen St\u00fccken. Erg\u00e4nzen Sie es mit einer umfassenden Dokumentation, beispielsweise in einer Excel-Tabelle. So behalten Sie den \u00dcberblick \u00fcber Ihre Sammlung und alle relevanten Informationen. Ein Inventar ist unerl\u00e4sslich, wenn Sie mit Versicherungen zu tun haben oder den Wert eines verlorenen Schmuckst\u00fccks nachweisen m\u00fcssen. Eine praktische Inventarvorlage finden Sie in unserem digitalen Diamantschmuck-Set!<\/span><\/p>\n\n\n\n<h3 class=\"wp-block-heading\"><span style=\"font-weight: 400;\">Bewertung und Versicherung Ihres Diamantschmucks<\/span><\/h3>\n\n\n\n<p>Um den Wert eines Diamantschmuckst\u00fccks zu ermitteln, lassen Sie es von einem zertifizierten Experten begutachten. Dieser dokumentiert die genaue Materialzusammensetzung und bestimmt den Materialwert. Mit dem Gutachten k\u00f6nnen Sie Ihr Schmuckst\u00fcck gegen Diebstahl und Besch\u00e4digung versichern. Je h\u00f6her der Wert, desto h\u00f6her die Versicherungskosten. Wenn Sie eine professionelle Begutachtung w\u00fcnschen, bietet Ajediam Ihnen eine kostenlose Bewertung Ihres Schmucks an.<\/p>\n\n\n\n<p>Bewahren Sie alle Gutachten und Belege gut auf, da Sie diese sp\u00e4ter m\u00f6glicherweise ben\u00f6tigen. Im Schadensfall dienen sie als Nachweis f\u00fcr den Wert Ihres Schmuckst\u00fccks gegen\u00fcber der Versicherung. Hoffentlich ben\u00f6tigen Sie nie eine Versicherung, aber falls doch, werden Sie froh sein, eine zu haben.<\/p>\n\n\n\n<h3 class=\"wp-block-heading\"><span style=\"font-weight: 400;\">Lassen Sie Ihren Diamantschmuck j\u00e4hrlich von einem Experten \u00fcberpr\u00fcfen.<\/span><\/h3>\n\n\n\n<p><span style=\"font-weight: 400;\">Auch wenn alles in Ordnung zu sein scheint, ist es ratsam, Ihre Schmuckst\u00fccke regelm\u00e4\u00dfig von einem Experten \u00fcberpr\u00fcfen zu lassen. Manchmal sind Sch\u00e4den mit blo\u00dfem Auge nicht erkennbar. Ein erfahrener Juwelier verwendet eine Lupe und kann so m\u00f6glicherweise ein drohendes Problem fr\u00fchzeitig erkennen. Sollte ein Problem festgestellt werden, sind Sie froh, es entdeckt zu haben; sollte keines vorliegen, k\u00f6nnen Sie beruhigt sein.<\/span><\/p>\n\n\n\n<h2 class=\"wp-block-heading\"><span style=\"font-weight: 400;\">Reinigung von Diamantschmuck<\/span><\/h2>\n\n\n\n<p><span style=\"font-weight: 400;\">Ihr Diamant zieht Hautfett an. Egal wie vorsichtig Sie sind, mit der Zeit sammelt sich Schmutz an, der seinen Glanz mindert. Doch mit ein paar einfachen Reinigungstechniken k\u00f6nnen Sie die Brillanz Ihres Diamanten wiederherstellen. Sie ben\u00f6tigen weder Spezialausr\u00fcstung noch Fachkenntnisse. F\u00fcr zus\u00e4tzliche Sicherheit hat unser Team ein digitales Diamant-Schmuckset mit Anleitungen zur Reinigung Ihrer Diamanten zu Hause zusammengestellt.<\/span><\/p>\n\n\n\n<h3 class=\"wp-block-heading\"><span style=\"font-weight: 400;\">Die vom GIA anerkannte Methode zur Reinigung von Diamantschmuck<\/span><\/h3>\n\n\n\n<p>Die vom Gemological Institute of America (GIA) offiziell empfohlene Methode zur Reinigung von Edelsteinschmuck ist die Verwendung von warmem Wasser, Sp\u00fclmittel und einer weichen B\u00fcrste. Dies ist die schonendste Methode f\u00fcr die meisten Schmuckst\u00fccke.<\/p>\n\n\n\n<p>F\u00fcllen Sie einfach eine Sch\u00fcssel mit warmem bis hei\u00dfem Wasser und geben Sie einige Tropfen Sp\u00fclmittel hinzu. Legen Sie Ihren Schmuck hinein und lassen Sie ihn etwa 20 Minuten einweichen. Nehmen Sie ihn anschlie\u00dfend mit einer Pinzette heraus und entfernen Sie sichtbaren Schmutz vorsichtig mit einer weichen B\u00fcrste. Tupfen Sie Ihren Schmuck danach mit einem fusselfreien Tuch trocken. Wiederholen Sie den Vorgang bei Bedarf.<\/p>\n\n\n\n<h3 class=\"wp-block-heading\"><span style=\"font-weight: 400;\">Welche Reinigungsmethoden man vermeiden sollte<\/span><\/h3>\n\n\n\n<p>Von Zeit zu Zeit m\u00fcssen wir unsere Diamanten pflegen und ihren Glanz wiederherstellen. Manche Reinigungsmethoden k\u00f6nnen jedoch mehr schaden als nutzen. Daher ist es wichtig, die schonendste Methode f\u00fcr den jeweiligen Schmucktyp zu kennen und anzuwenden. Schlie\u00dflich m\u00f6chten wir, dass unsere Schmuckst\u00fccke, wenn wir sie einmal weitergeben, genauso sch\u00f6n sind wie am Tag ihrer Geburt.<\/p>\n\n\n\n<p>Um Ihren Diamanten zu sch\u00fctzen, halten Sie ihn stets von aggressiven chemischen Reinigungsmitteln fern. Reinigen Sie ihn niemals mit Bleichmittel, Chlor, Aceton, Terpentin oder Ammoniak. Diese Stoffe sch\u00e4digen die chemische Zusammensetzung Ihres Diamanten. Dies kann zu Verf\u00e4rbungen oder sogar Rissen f\u00fchren.<\/p>\n\n\n\n<p>Vermeiden Sie au\u00dferdem abrasive Produkte wie Zahnpasta, Backpulver oder \u00e4hnliches. Diamanten sind zwar hart genug, um Kratzern zu widerstehen, die Metalle ihrer Fassung jedoch nicht. Verwenden Sie keine alte Zahnb\u00fcrste, da diese Zahnpastareste enth\u00e4lt, die die Metalle Ihres Schmuckst\u00fccks zerkratzen k\u00f6nnen. Vergoldete Schmuckst\u00fccke sind besonders empfindlich.<\/p>\n\n\n\n<h3 class=\"wp-block-heading\"><span style=\"font-weight: 400;\">Dampfreinigung von Diamantschmuck \u2013 Vorsicht ist geboten!<\/span><\/h3>\n\n\n\n<p>Dampfreiniger sind die bevorzugten Werkzeuge von Juwelieren und Schmuckexperten zur Diamantenreinigung. Auch Sie k\u00f6nnen sich einen kaufen und ihn zu Hause f\u00fcr strahlende Ergebnisse verwenden. Dampfreiniger eignen sich hervorragend zur Diamantenreinigung. Allerdings sollten sie mit Vorsicht eingesetzt werden, da sie bestimmte Schmuckarten besch\u00e4digen k\u00f6nnen. Sie sollten nicht zur Reinigung hitzeempfindlicher oder weicher Edelsteine \u200b\u200boder Emaille-Schmuck verwendet werden.<\/p>\n\n\n\n<p>Vermeiden Sie die Verwendung von Dampfreinigern bei der Reinigung von Fassungen mit geschlossener R\u00fcckseite, wie z. B. L\u00fcnetten. Andernfalls kann der Dampfdruck den Schmutz hinter den Edelstein dr\u00fccken. Von dort lassen sich Schmutz und Tropfenflecken nicht mehr entfernen und lassen Ihren Edelstein unsauber aussehen. In diesem Fall m\u00fcssten Sie einen Fachmann beauftragen, die Fassung zu \u00f6ffnen und den Schmutz zu entfernen. Eine vollst\u00e4ndige Liste der Metalle und Fassungen, die nicht mit Dampf gereinigt werden sollten, finden Sie in unserem digitalen Diamantschmuck-Set!<\/p>\n\n\n\n<h3 class=\"wp-block-heading\"><span style=\"font-weight: 400;\">Ultraschallreiniger \u2013 wann man sie einsetzen sollte und wann nicht!<\/span><\/h3>\n\n\n\n<p>Ultraschallreiniger sind eine sehr beliebte Methode zur Schmuckreinigung zu Hause. Viele Blogs raten zwar davon ab, sie zu verwenden, doch bei richtiger Anwendung k\u00f6nnen sie erstaunliche Ergebnisse erzielen. Sie erzeugen Ultraschallwellen, die den Schmutz innerhalb weniger Minuten von Ihrem Schmuck l\u00f6sen. Ultraschallreiniger sind in den meisten F\u00e4llen v\u00f6llig unbedenklich.<\/p>\n\n\n\n<p>Vermeiden Sie die Verwendung von Ultraschallreinigern bei vergoldetem und emailliertem Schmuck, weichen Edelsteinen und Schmuck mit Pav\u00e9-Fassung. Andernfalls riskieren Sie Farbver\u00e4nderungen oder Risse. Pav\u00e9-Schmuck stellt einen Sonderfall dar, da viele kleine Krappen die Steine \u200b\u200bhalten. Die Ultraschallwellen k\u00f6nnen diese Krappen lockern und dazu f\u00fchren, dass kleine Steine \u200b\u200bw\u00e4hrend der Reinigung herausfallen. Eine vollst\u00e4ndige Liste der F\u00e4lle, in denen Sie Ultraschallreiniger vermeiden sollten, finden Sie in unserem digitalen Diamantschmuck-Set!<\/p>\n\n\n\n<h3 class=\"wp-block-heading\"><span style=\"font-weight: 400;\">Wie oft sollte man seinen Diamantschmuck zu Hause reinigen?<\/span><\/h3>\n\n\n\n<p><span style=\"font-weight: 400;\">Die kurze Antwort lautet: so oft wie n\u00f6tig. Solange Sie dabei sachgem\u00e4\u00df vorgehen, k\u00f6nnen Sie Ihren Schmuck so oft reinigen, wie Sie m\u00f6chten. Je h\u00e4ufiger Sie Ihren Schmuck tragen, desto \u00f6fter ist eine Reinigung erforderlich. Bei regelm\u00e4\u00dfigem Tragen empfiehlt es sich, Diamanten einmal pro Woche zu reinigen, um optimale Ergebnisse zu erzielen.<\/span><\/p>\n\n\n\n<h2 class=\"wp-block-heading\"><span style=\"font-weight: 400;\">Professionelle Dienstleistungen f\u00fcr Diamantschmuck<\/span><\/h2>\n\n\n\n<p><i><span style=\"font-weight: 400;\">Die Schmuckherstellung ist uralt und eng mit Sch\u00f6nheit und Liebe verbunden. Seit Jahrhunderten fertigen, reparieren und veredeln Goldschmiede faszinierende, kostbare Kunstwerke, die die Liebe verk\u00f6rpern. Wenn unsere Schmuckst\u00fccke in perfekten Zustand versetzt werden m\u00fcssen, gibt es keine bessere L\u00f6sung als die Profis. Goldschmiede k\u00f6nnen unsere wertvollen Schmuckst\u00fccke nicht nur reparieren, sondern auch veredeln und aufwerten. Sie k\u00f6nnen ihren Glanz wiederherstellen und sogar noch verst\u00e4rken, sodass sie bereit sind, an einen geliebten Menschen weitergegeben zu werden.<\/span><\/i><\/p>\n\n\n\n<h3 class=\"wp-block-heading\"><span style=\"font-weight: 400;\">Wann sollte man einen professionellen Juwelier aufsuchen?<\/span><\/h3>\n\n\n\n<p><span style=\"font-weight: 400;\">Suchen Sie umgehend einen Juwelier auf, wenn Sie eine Besch\u00e4digung Ihres Schmuckst\u00fccks vermuten. Nach einem heftigen Sto\u00df ist eine Untersuchung ratsam. Oftmals stellt man fest, dass sich eine Fassung oder ein Edelstein gel\u00f6st hat. In diesem Fall sollten Sie Ihren Diamantschmuck sofort ablegen und ihn von einem Experten begutachten lassen. Da Besch\u00e4digungen manchmal mit blo\u00dfem Auge nicht sichtbar sind, ist Vorsicht besser als Nachsicht. Generell empfiehlt sich ein j\u00e4hrlicher Besuch beim Juwelier. F\u00fcr professionelle Goldschmiedearbeiten k\u00f6nnen Sie sich an Ajediam wenden.<\/span><\/p>\n\n\n\n<h3 class=\"wp-block-heading\"><span style=\"font-weight: 400;\">Professionelle Reinigung und Politur<\/span><\/h3>\n\n\n\n<p>Besuchen Sie alle paar Jahre einen Juwelier f\u00fcr eine professionelle Reinigung und Politur. Beachten Sie, dass Sie ein Schmuckst\u00fcck nicht \u00f6fter als ein paar Mal polieren sollten, da dabei jedes Mal eine d\u00fcnne Metallschicht abgetragen wird. Zu h\u00e4ufiges Polieren kann dazu f\u00fchren, dass das Schmuckst\u00fcck spr\u00f6de wird und sich verbiegt oder bricht.<\/p>\n\n\n\n<p>Nichts l\u00e4sst Ihren Diamanten jedoch so sch\u00f6n gl\u00e4nzen wie eine professionelle Spiegelpolitur. Sie geh\u00f6rt zu den g\u00e4ngigsten Dienstleistungen von Juwelierateliers, erfordert aber au\u00dfergew\u00f6hnliches Geschick und Geduld, um ein Schmuckst\u00fcck perfekt zu polieren. Spiegelpolitur ist selbst f\u00fcr erfahrene Goldschmiede eine der schwierigsten Aufgaben. Richtig ausgef\u00fchrt, erstrahlt Ihr Schmuckst\u00fcck wieder in vollem Glanz.<\/p>\n\n\n\n<h3 class=\"wp-block-heading\"><span style=\"font-weight: 400;\">Professionelle Reparaturen<\/span><\/h3>\n\n\n\n<p><span style=\"font-weight: 400;\">Lose Steine, Fassungen, Krappen und viele andere Probleme geh\u00f6ren zum nat\u00fcrlichen Lebenszyklus eines Schmuckst\u00fccks. Die meisten Juweliere k\u00f6nnen Schmuckst\u00fccke umformen, replizieren und aufarbeiten. Ist Ihr Schmuckst\u00fcck jedoch aufgrund der verwendeten Materialien und Techniken einzigartig, sollten Sie einen Juwelier aufsuchen, der sich auf diese Techniken spezialisiert hat. Beispielsweise einen Spezialisten f\u00fcr Filigran-, Emaille- oder Titanschmuck. Dasselbe gilt f\u00fcr Vintage-Schmuck aus einer bestimmten Epoche.<\/span><\/p>\n\n\n\n<h3 class=\"wp-block-heading\"><span style=\"font-weight: 400;\">Professionelle Upgrades<\/span><\/h3>\n\n\n\n<p>Wenn Sie Diamantschmuck kaufen, geschieht dies meist zu einem besonderen Anlass \u2013 sei es eine Verlobung, ein Geburtstag oder ein anderer wichtiger Tag. Diamantschmuck hat daher einen sentimentalen Wert. Das hei\u00dft aber nicht, dass Sie ihn nicht ver\u00e4ndern k\u00f6nnen. Mit der Zeit m\u00f6chten Sie Ihr Schmuckst\u00fcck vielleicht aufwerten.<\/p>\n\n\n\n<p>Ganz gleich, aus welchem \u200b\u200bGrund, es gibt viele M\u00f6glichkeiten. Sie k\u00f6nnen den zentralen Diamanten durch einen gr\u00f6\u00dferen ersetzen oder ihn mit weiteren farbigen Steinen umgeben. Sie k\u00f6nnen die Fassung \u00e4ndern oder das Basismetall austauschen. Sie k\u00f6nnen ein abnehmbares oder ver\u00e4nderbares Element hinzuf\u00fcgen. Wenn Sie den Ring nicht ver\u00e4ndern m\u00f6chten, k\u00f6nnen Sie ihn mit Ohrsteckern oder einem Anh\u00e4nger kombinieren. Um mehr \u00fcber alle Aufwertungsm\u00f6glichkeiten zu erfahren, wenden Sie sich am besten an einen professionellen Juwelier. Bleiben Sie \u00fcber unsere Angebote zur Aufwertung in unserer Goldschmiedewerkstatt informiert!<\/p>\n\n\n\n<p><span style=\"font-weight: 400;\">&nbsp;<\/span><\/p>\n\n\n\n<h2 class=\"wp-block-heading\"><span style=\"font-weight: 400;\">Schlussgedanken<\/span><\/h2>\n\n\n\n<p>Diamanten sind das h\u00e4rteste Material der Erde und besitzen dennoch den zartesten Glanz. Es ist faszinierend, etwas so Sch\u00f6nes zu betrachten und zu wissen, dass seine Sch\u00f6nheit uns \u00fcberdauern wird. Doch diese Sch\u00f6nheit bringt auch die Verantwortung mit sich, sie gut zu pflegen und zu erhalten, denn sonst kann sie leicht verloren gehen. Denken Sie daran, dass Ihr Diamant nicht unverwundbar ist und besch\u00e4digt oder verschmutzt werden kann. Schlimmer noch: Er kann verloren gehen oder gestohlen werden. Es liegt an Ihnen, seine Sch\u00f6nheit zu sch\u00fctzen und sie an die n\u00e4chste Generation weiterzugeben.<\/p>\n\n\n\n<p>Wenn Sie Fragen zu Diamantschmuck haben, empfehlen wir Ihnen unser digitales Diamantschmuck-Kit. Es enth\u00e4lt viele detaillierte technische Daten, die unser Team besonders benutzerfreundlich aufbereitet hat. Alternativ <a href=\"https:\/\/ajediam.com\/de\/ueber-ajediam\/kontakt-ajediam\/rueckruf-anfordern\/\">k\u00f6nnen <\/a>Sie sich an das Ajediam-Supportteam wenden. Wir beantworten Ihre Fragen gerne.<\/p>\n","protected":false},"excerpt":{"rendered":"<p>Die Sch\u00f6nheit von Diamanten fasziniert uns. Das strahlende Funkeln ihres Inneren zieht uns in seinen Bann. Als h\u00e4tte die Natur ewige Perfektion geschaffen, um uns an unsere eigene Verg\u00e4nglichkeit zu erinnern. Sobald ein Diamant in Familienbesitz gelangt, wird er schnell mehr als nur ein faszinierendes Mineral. Er wird zum Symbol unserer tiefsten Liebe. So wie [&hellip;]<\/p>\n","protected":false},"author":5,"featured_media":52182,"parent":153408,"menu_order":0,"comment_status":"closed","ping_status":"closed","template":"jewel-cleaner-page.php","meta":{"ub_ctt_via":"","footnotes":""},"acf":[],"featured_image_src":"https:\/\/ajediam.com\/wp-content\/uploads\/2023\/06\/ajediam-diamond-jewelry-maintenance.png","_links":{"self":[{"href":"https:\/\/ajediam.com\/de\/wp-json\/wp\/v2\/pages\/153818"}],"collection":[{"href":"https:\/\/ajediam.com\/de\/wp-json\/wp\/v2\/pages"}],"about":[{"href":"https:\/\/ajediam.com\/de\/wp-json\/wp\/v2\/types\/page"}],"author":[{"embeddable":true,"href":"https:\/\/ajediam.com\/de\/wp-json\/wp\/v2\/users\/5"}],"replies":[{"embeddable":true,"href":"https:\/\/ajediam.com\/de\/wp-json\/wp\/v2\/comments?post=153818"}],"version-history":[{"count":1,"href":"https:\/\/ajediam.com\/de\/wp-json\/wp\/v2\/pages\/153818\/revisions"}],"predecessor-version":[{"id":153820,"href":"https:\/\/ajediam.com\/de\/wp-json\/wp\/v2\/pages\/153818\/revisions\/153820"}],"up":[{"embeddable":true,"href":"https:\/\/ajediam.com\/de\/wp-json\/wp\/v2\/pages\/153408"}],"wp:featuredmedia":[{"embeddable":true,"href":"https:\/\/ajediam.com\/de\/wp-json\/wp\/v2\/media\/52182"}],"wp:attachment":[{"href":"https:\/\/ajediam.com\/de\/wp-json\/wp\/v2\/media?parent=153818"}],"curies":[{"name":"wp","href":"https:\/\/api.w.org\/{rel}","templated":true}]}}