{"id":153821,"date":"2019-04-06T08:59:17","date_gmt":"2019-04-06T08:59:17","guid":{"rendered":"https:\/\/ajediam.com\/investieren-in-diamanten\/avoid-overpaying-for-diamond-buying\/"},"modified":"2026-02-25T16:15:14","modified_gmt":"2026-02-25T16:15:14","slug":"vermeiden-sie-es-beim-diamantenkauf-zu-viel-zu-bezahlen","status":"publish","type":"page","link":"https:\/\/ajediam.com\/de\/investieren-in-diamanten\/vermeiden-sie-es-beim-diamantenkauf-zu-viel-zu-bezahlen\/","title":{"rendered":"Die Kunst des Diamantenkaufs von Ajediam"},"content":{"rendered":"\n<p class=\"postTitle\">Preisgestaltung verstehen, wissen, worauf man achten muss, einen seri\u00f6sen Diamantenh\u00e4ndler finden, Angebote vergleichen<\/p>\n\n\n\n<p>Der Kauf eines Diamanten kann ebenso aufregend wie herausfordernd sein. Der funkelnde Reiz dieser kostbaren Edelsteine \u200b\u200bist unbestreitbar, doch auch die Komplexit\u00e4t ihrer korrekten Wertbestimmung ist nicht zu untersch\u00e4tzen. Wir bei Ajediam sind \u00fcberzeugt: Ein gut informierter K\u00e4ufer ist ein zufriedener K\u00e4ufer. Deshalb haben wir diesen umfassenden Leitfaden erstellt, der Sie durch den Kaufprozess begleitet und Ihnen hilft, au\u00dfergew\u00f6hnliche Qualit\u00e4t zu einem fairen Preis zu erhalten.<\/p>\n\n\n\n<p>Dieser Leitfaden stattet Sie mit dem Wissen und den Werkzeugen aus, um nicht zu viel zu bezahlen. Wir erkl\u00e4ren Ihnen, was Diamantenpreise sind, wie Sie die Qualit\u00e4t von Diamanten erkennen, wie Sie sich auf dem Markt vor Betr\u00fcgern sch\u00fctzen und wie Sie durch Preisvergleiche das beste Angebot finden. Am Ende dieses Leitfadens sind Sie nicht nur bestens ger\u00fcstet f\u00fcr einen klugen Diamantenkauf, sondern auch von der Wertigkeit und Sch\u00f6nheit Ihres gew\u00e4hlten Diamanten \u00fcberzeugt. Tauchen Sie ein in die funkelnde Welt der Diamanten und entdecken Sie, wie Sie diese kostbaren Edelsteine \u200b\u200bclever erwerben.<\/p>\n\n\n\n<h2 class=\"wp-block-heading\">Diamantenpreise verstehen: So vermeiden Sie zu hohe Zahlungen<\/h2>\n\n\n\n<p>Wenn Sie einen Diamanten kaufen m\u00f6chten, ist es wichtig, sich mit den Diamantpreisen vertraut zu machen, um nicht zu viel zu bezahlen. Dieses Wissen erm\u00f6glicht Ihnen, fundierte Entscheidungen zu treffen und sicherzustellen, dass Sie nicht nur einen Diamanten erwerben, sondern in ein Schmuckst\u00fcck von bleibendem Wert investieren.<\/p>\n\n\n\n<p>Wenn Sie ein Angebot f\u00fcr einen Diamanten erhalten, ist es wichtig, zwischen dem Preis des Diamanten selbst und den Kosten der Fassung zu unterscheiden. W\u00e4hrend die Kosten einer Fassung je nach Marke, Qualit\u00e4t und Komplexit\u00e4t des Designs variieren k\u00f6nnen, ist der Preis des Diamanten in der Regel konstanter und besser vorhersehbar.<\/p>\n\n\n\n<p>Diamantpreise orientieren sich an mehreren wichtigen Preislisten, die von Fachleuten in der Branche weit verbreitet sind. Am h\u00e4ufigsten wird dabei auf die Preislisten von&nbsp;<a href=\"https:\/\/store.rapaport.com\/price-lists\/\" target=\"_blank\" rel=\"noopener nofollow\" title=\"Rapaport Diamond Pricelist\">Rapaport<\/a>&nbsp;und&nbsp;<a href=\"http:\/\/idexonline.com\/diamond_prices_index\" target=\"_blank\" rel=\"noopener nofollow\" title=\"Idex Diamond Pricelist\">Idex<\/a>&nbsp;Bezug genommen. Diese renommierten Quellen bieten einen Standard, mit dem Diamantpreise verglichen werden k\u00f6nnen, und helfen Ihnen sicherzustellen, dass Sie nicht mehr bezahlen, als Sie sollten.<\/p>\n\n\n\n<p>F\u00fcr Privatk\u00e4ufer k\u00f6nnen diese professionellen Listen jedoch manchmal \u00fcberw\u00e4ltigend sein. Deshalb haben wir bei Ajediam unsere eigene&nbsp;<a href=\"https:\/\/ajediam.com\/de\/diamantenpreise\/preise-fur-weisse-naturliche-diamanten\/\" target=\"_blank\" rel=\"noopener\" title=\"Ajediam Diamond Pricelist\">Diamanten-Preisliste<\/a> erstellt, die speziell auf Ihre Bed\u00fcrfnisse zugeschnitten ist. Unsere Liste ist frei zug\u00e4nglich und so gestaltet, dass sie f\u00fcr Privatk\u00e4ufer leicht verst\u00e4ndlich ist. Wir haben gro\u00dfen Wert darauf gelegt, sie benutzerfreundlich und umfassend zu gestalten, wobei die aktuellen Marktrabatte f\u00fcr jede Art von Diamantenkategorie bereits integriert sind.<\/p>\n\n\n\n<p>Mit dem richtigen Wissen und den passenden Ressourcen k\u00f6nnen Sie sich souver\u00e4n in der Welt des Diamantenkaufs bewegen. Denken Sie daran: Es geht nicht nur darum, einen Diamanten zu kaufen, sondern ein zeitlos sch\u00f6nes und wertvolles Schmuckst\u00fcck zu erwerben, ohne dabei zu viel zu bezahlen. Vertrauen Sie auf zuverl\u00e4ssige Anbieter wie Ajediam, die Sie auf dieser funkelnden Reise begleiten.<\/p>\n\n\n\n<h2 class=\"wp-block-heading\">Diamantenqualit\u00e4t erkennen: Der Grundstein des Wertes<\/h2>\n\n\n\n<p>Ber\u00fccksichtigen Sie zu Beginn nur Diamanten, die \u00fcber eine seri\u00f6se Zertifizierung verf\u00fcgen. Wir bei Ajediam empfehlen ausdr\u00fccklich Diamanten mit Berichten des&nbsp;<a href=\"http:\/\/www.gia.edu\/\" target=\"_blank\" rel=\"noreferrer noopener\">Gemological Institute of America<\/a>&nbsp;(GIA). Das GIA ist bekannt f\u00fcr seine strengen und konsistenten Graduierungsstandards, die Ihnen eine pr\u00e4zise Bewertung der Qualit\u00e4t Ihres Diamanten garantieren. Eine zus\u00e4tzliche Sicherheit bietet die Gravur der Zertifikatsnummer auf der Rundiste des Diamanten \u2013 dies best\u00e4tigt nicht nur die Echtheit des Steins, sondern verkn\u00fcpft ihn auch direkt mit seinem Graduierungsbericht.<\/p>\n\n\n\n<p>Als N\u00e4chstes sollten Sie sich mit den Faktoren vertraut machen, die den Wert eines Diamanten mindern k\u00f6nnen. Fluoreszenz \u2013 das Leuchten eines Diamanten unter ultraviolettem Licht \u2013 ist beispielsweise nicht immer ein Mangel, senkt aber den Preis. Dasselbe gilt f\u00fcr den Schliff. Ein schlecht geschliffener Diamant mindert nicht nur seine Brillanz und sein Feuer, sondern reduziert auch seinen Marktwert.<\/p>\n\n\n\n<p>Besonders vorsichtig sollten Sie Diamanten mit der Bezeichnung \u201eBMG\u201c (braun, milchig oder gr\u00fcn) sein. Diese Bezeichnungen beschreiben unerw\u00fcnschte Farbt\u00f6ne, Tr\u00fcbungen oder Farbstiche, die den Wert eines Diamanten erheblich mindern k\u00f6nnen. Als Branchenkenner fragen wir beim Online-Kauf eines Diamanten daher immer: \u201eKein BMG?\u201c, um sicherzustellen, dass wir einen Stein in hochwertiger Schmuckqualit\u00e4t erhalten.<\/p>\n\n\n\n<p>Indem Sie die Faktoren verstehen, die die Qualit\u00e4t eines Diamanten bestimmen und wie diese in einem Zertifikat dargestellt werden, k\u00f6nnen Sie \u00dcberzahlungen vermeiden und einen Kauf t\u00e4tigen, der sein Geld wirklich wert ist.<\/p>\n\n\n\n<h2 class=\"wp-block-heading\">Sich am Markt zurechtfinden: Vorsicht vor Betr\u00fcgern<\/h2>\n\n\n\n<p>Wenn Sie tiefer in die Welt des Diamantenkaufs eintauchen, ist es unerl\u00e4sslich, wachsam zu bleiben und sich nicht von betr\u00fcgerischen Praktiken t\u00e4uschen zu lassen. In der Diamantenbranche ist Vertrauen von zentraler Bedeutung. Wie in jeder Branche gibt es jedoch auch hier Anbieter, die versuchen, ahnungslose K\u00e4ufer zu betr\u00fcgen.<\/p>\n\n\n\n<p>Eine h\u00e4ufige Falle sind verlockende Sonderangebote. Auch wenn ein Rabatt von \u201e50 %\u201c oder \u201e70 %\u201c verlockend klingt, sind solche Preisnachl\u00e4sse in der Diamantenbranche praktisch nicht vorhanden. Der Wert von Diamanten h\u00e4ngt eng mit ihrer Qualit\u00e4t und den globalen Markttrends zusammen, nicht mit Sonderangeboten. Seien Sie misstrauisch gegen\u00fcber solchen Angeboten; sie verbergen oft \u00fcberh\u00f6hte Originalpreise oder Diamanten minderer Qualit\u00e4t.<\/p>\n\n\n\n<p>Seien Sie ebenso vorsichtig mit Gutachten, die von nicht seri\u00f6sen Anbietern stammen, insbesondere mit solchen, die von Juweliergesch\u00e4ften selbst erstellt werden. Ohne die strengen Standards und die unabh\u00e4ngige Beurteilung eines renommierten externen Labors k\u00f6nnen solche Gutachten irref\u00fchrend sein. Wir raten Ihnen dringend, nur Diamanten mit einem Gutachten anerkannter Institutionen wie dem GIA in Betracht zu ziehen.<\/p>\n\n\n\n<p>Suchen Sie beim Kauf Ihres Diamanten nach seri\u00f6sen H\u00e4ndlern mit einem guten Ruf in der Branche. Achten Sie auf H\u00e4ndler, die Mitglied anerkannter Diamantenb\u00f6rsen sind, beispielsweise in Antwerpen, welche strenge ethische und professionelle Standards einhalten.<\/p>\n\n\n\n<p>Indem Sie wachsam bleiben und diese Richtlinien befolgen, k\u00f6nnen Sie den Prozess des Diamantenkaufs souver\u00e4n meistern. Vertrauensw\u00fcrdige H\u00e4ndler, die durch Mitgliedschaften in anerkannten B\u00f6rsen legitimiert sind, bieten Ihnen verl\u00e4ssliche Orientierung auf Ihrem Weg zum Diamantenkauf und helfen Ihnen dabei, Betr\u00fcger zu meiden und \u00dcberzahlungen zu vermeiden. Lesen Sie mehr dar\u00fcber,\u00a0<a title=\"\" href=\"https:\/\/ajediam.com\/diamonds-101\/cheapest-diamonds\/\" target=\"_blank\" rel=\"noopener\">worauf Sie achten sollten, um nicht in die Irre <\/a><a href=\"https:\/\/ajediam.com\/de\/investieren-in-diamanten\/lassen-sie-die-finger-von-betruegern-alles-was-sie-vor-dem-kauf-von-diamanten-wissen-muessen\/\" target=\"_blank\" rel=\"noreferrer noopener\">gef\u00fchrt<\/a><a title=\"\" href=\"https:\/\/ajediam.com\/diamonds-101\/cheapest-diamonds\/\" target=\"_blank\" rel=\"noopener\"> zu werden<\/a>.<\/p>\n\n\n\n<h2 class=\"wp-block-heading\">Das beste Angebot finden: Die Macht des Vergleichs<\/h2>\n\n\n\n<p>Auf der Suche nach dem perfekten Diamanten zum fairen Preis ist der Vergleich von Angeboten unerl\u00e4sslich. Wie bei jeder wichtigen Investition sollten Sie vor Ihrer Entscheidung mehrere Angebote verschiedener H\u00e4ndler einholen. So erhalten Sie einen umfassenderen Markt\u00fcberblick, verstehen den Wert Ihres Kaufs und k\u00f6nnen den vertrauensw\u00fcrdigsten H\u00e4ndler mit dem besten Preis-Leistungs-Verh\u00e4ltnis ermitteln.<\/p>\n\n\n\n<p>Mehrere Angebote einzuholen bedeutet mehr als nur Preise zu vergleichen; es geht darum, ein ganzheitliches Bild von den Leistungen der einzelnen H\u00e4ndler zu gewinnen. Achten Sie auf deren Reputation, die Qualit\u00e4t ihrer Diamanten, die Ausf\u00fchrlichkeit ihrer Gutachten und ihren Kundenservice. Dies hilft Ihnen nicht nur, den besten Preis zu erzielen, sondern stellt auch sicher, dass Sie von einem zuverl\u00e4ssigen Anbieter kaufen, der f\u00fcr seine Diamanten einsteht.<\/p>\n\n\n\n<p>Wir bei Ajediam setzen auf Transparenz und faire Preise. Wir empfehlen Ihnen, unsere Angebote mit denen anderer H\u00e4ndler zu vergleichen. Nicht nur, weil wir von unseren wettbewerbsf\u00e4higen Preisen und der Qualit\u00e4t unserer Diamanten \u00fcberzeugt sind, sondern weil wir glauben, dass ein informierter K\u00e4ufer ein zufriedener K\u00e4ufer ist.<\/p>\n\n\n\n<p>Indem Sie mehrere Angebote einholen und vergleichen, vermeiden Sie aktiv zu hohe Preise. Zudem gewinnen Sie ein besseres Verst\u00e4ndnis des Diamantenmarktes, was Ihnen nicht nur bei diesem Kauf, sondern auch bei zuk\u00fcnftigen Diamanteninvestitionen zugutekommt.<\/p>\n","protected":false},"excerpt":{"rendered":"<p>Preisgestaltung verstehen, wissen, worauf man achten muss, einen seri\u00f6sen Diamantenh\u00e4ndler finden, Angebote vergleichen Der Kauf eines Diamanten kann ebenso aufregend wie herausfordernd sein. Der funkelnde Reiz dieser kostbaren Edelsteine \u200b\u200bist unbestreitbar, doch auch die Komplexit\u00e4t ihrer korrekten Wertbestimmung ist nicht zu untersch\u00e4tzen. Wir bei Ajediam sind \u00fcberzeugt: Ein gut informierter K\u00e4ufer ist ein zufriedener K\u00e4ufer. [&hellip;]<\/p>\n","protected":false},"author":5,"featured_media":52541,"parent":153405,"menu_order":0,"comment_status":"closed","ping_status":"closed","template":"jewel-cleaner-page.php","meta":{"ub_ctt_via":"","footnotes":""},"acf":[],"featured_image_src":"https:\/\/ajediam.com\/wp-content\/uploads\/2023\/06\/Avoid-overpaying-diamonds.png","_links":{"self":[{"href":"https:\/\/ajediam.com\/de\/wp-json\/wp\/v2\/pages\/153821"}],"collection":[{"href":"https:\/\/ajediam.com\/de\/wp-json\/wp\/v2\/pages"}],"about":[{"href":"https:\/\/ajediam.com\/de\/wp-json\/wp\/v2\/types\/page"}],"author":[{"embeddable":true,"href":"https:\/\/ajediam.com\/de\/wp-json\/wp\/v2\/users\/5"}],"replies":[{"embeddable":true,"href":"https:\/\/ajediam.com\/de\/wp-json\/wp\/v2\/comments?post=153821"}],"version-history":[{"count":1,"href":"https:\/\/ajediam.com\/de\/wp-json\/wp\/v2\/pages\/153821\/revisions"}],"predecessor-version":[{"id":153823,"href":"https:\/\/ajediam.com\/de\/wp-json\/wp\/v2\/pages\/153821\/revisions\/153823"}],"up":[{"embeddable":true,"href":"https:\/\/ajediam.com\/de\/wp-json\/wp\/v2\/pages\/153405"}],"wp:featuredmedia":[{"embeddable":true,"href":"https:\/\/ajediam.com\/de\/wp-json\/wp\/v2\/media\/52541"}],"wp:attachment":[{"href":"https:\/\/ajediam.com\/de\/wp-json\/wp\/v2\/media?parent=153821"}],"curies":[{"name":"wp","href":"https:\/\/api.w.org\/{rel}","templated":true}]}}