{"id":153824,"date":"2024-11-02T16:13:31","date_gmt":"2024-11-02T16:13:31","guid":{"rendered":"https:\/\/ajediam.com\/investieren-in-diamanten\/the-ultimate-gen-z-guide-to-diamond-investment-from-engagement-rings-to-legacy-pieces\/"},"modified":"2026-02-25T20:57:32","modified_gmt":"2026-02-25T20:57:32","slug":"diamanten-investment-guide-gen-z-verlobungsringe-erbstuecke","status":"publish","type":"page","link":"https:\/\/ajediam.com\/de\/investieren-in-diamanten\/diamanten-investment-guide-gen-z-verlobungsringe-erbstuecke\/","title":{"rendered":"Der ultimative Leitfaden f\u00fcr die Generation Z zur Diamantenanlage: Von Verlobungsringen bis hin zu Erbst\u00fccken"},"content":{"rendered":"\n<p>Diamanten werden seit Generationen gesch\u00e4tzt, doch die <a href=\"https:\/\/ajediam.com\/de\/investieren-in-diamanten\/are-diamonds-a-good-investment\/\">Investitionslandschaft<\/a> f\u00fcr Diamanten wandelt sich, insbesondere da die Generation Z in den Markt eintritt. Ganz gleich, ob Sie f\u00fcr eine Verlobung oder als pers\u00f6nliches Statement-St\u00fcck kaufen \u2013 das Verst\u00e4ndnis der Feinheiten von Diamantinvestitionen stellt sicher, dass Ihr Geld gut angelegt ist. Lassen Sie uns alles erkunden, was Sie wissen m\u00fcssen: von der Auswahl des besten Verlobungsdiamanten bis hin zum Verst\u00e4ndnis der Unterschiede zwischen laborgez\u00fcchteten und nat\u00fcrlichen Steinen.<\/p>\n\n\n<div class=\"ub_table-of-contents\" data-showtext=\"show\" data-hidetext=\"hide\" data-scrolltype=\"auto\" id=\"ub_table-of-contents-b8431304-f951-49e2-8561-6b13add2533a\" data-initiallyhideonmobile=\"false\"\n                    data-initiallyshow=\"true\"><div class=\"ub_table-of-contents-extra-container\"><div class=\"ub_table-of-contents-container ub_table-of-contents-1-column \"><ul><li><a href=https:\/\/ajediam.com\/de\/investieren-in-diamanten\/diamanten-investment-guide-gen-z-verlobungsringe-erbstuecke\/#0-warum-nat%C3%BCrliche-diamanten-eine-kluge-investition-f%C3%BCr-die-generation-z-sind>Warum nat\u00fcrliche Diamanten eine kluge Investition f\u00fcr die Generation Z sind<\/a><\/li><li><a href=https:\/\/ajediam.com\/de\/investieren-in-diamanten\/diamanten-investment-guide-gen-z-verlobungsringe-erbstuecke\/#1-den-diamantenmarkt-verstehen-laborgez%C3%BCchtet-vs-nat%C3%BCrlich>Den Diamantenmarkt verstehen: Laborgez\u00fcchtet vs. Nat\u00fcrlich<\/a><\/li><li><a href=https:\/\/ajediam.com\/de\/investieren-in-diamanten\/diamanten-investment-guide-gen-z-verlobungsringe-erbstuecke\/#2-die-besten-diamanten-f%C3%BCr-verlobungsringe-worauf-sie-achten-sollten>Die besten Diamanten f\u00fcr Verlobungsringe: Worauf Sie achten sollten<\/a><\/li><li><a href=https:\/\/ajediam.com\/de\/investieren-in-diamanten\/diamanten-investment-guide-gen-z-verlobungsringe-erbstuecke\/#3-fancy-color-diamanten-selten-und-hei%C3%9F-begehrt>Fancy Color Diamanten: Selten und hei\u00df begehrt<\/a><\/li><li><a href=https:\/\/ajediam.com\/de\/investieren-in-diamanten\/diamanten-investment-guide-gen-z-verlobungsringe-erbstuecke\/#4-zertifizierungsfragen-gia-vs-andere-labore>Zertifizierungsfragen: GIA vs. andere Labore<\/a><\/li><li><a href=https:\/\/ajediam.com\/de\/investieren-in-diamanten\/diamanten-investment-guide-gen-z-verlobungsringe-erbstuecke\/#5-zahlen-sie-nicht-zu-viel-so-vergleichen-sie-diamantenpreise>Zahlen Sie nicht zu viel: So vergleichen Sie Diamantenpreise<\/a><\/li><li><a href=https:\/\/ajediam.com\/de\/investieren-in-diamanten\/diamanten-investment-guide-gen-z-verlobungsringe-erbstuecke\/#6-wie-diamanten-im-vergleich-zu-anderen-anlageformen-abschneiden-edle-perlen-und-mehr>Wie Diamanten im Vergleich zu anderen Anlageformen abschneiden: Edle Perlen und mehr<\/a><\/li><li><a href=https:\/\/ajediam.com\/de\/investieren-in-diamanten\/diamanten-investment-guide-gen-z-verlobungsringe-erbstuecke\/#7-diversifizierung-setzen-sie-nicht-alles-auf-eine-karte>Diversifizierung: Setzen Sie nicht alles auf eine Karte.<\/a><\/li><li><a href=https:\/\/ajediam.com\/de\/investieren-in-diamanten\/diamanten-investment-guide-gen-z-verlobungsringe-erbstuecke\/#8-anlagestrategie-kombination-von-handelsware-mit-edelsteinen>Anlagestrategie: Kombination von Handelsware mit Edelsteinen<\/a><\/li><li><a href=https:\/\/ajediam.com\/de\/investieren-in-diamanten\/diamanten-investment-guide-gen-z-verlobungsringe-erbstuecke\/#9-wie-man-einen-diamanten-verkauft-die-besten-bis-die-schlechtesten-optionen>Wie man einen Diamanten verkauft: Die besten bis die schlechtesten Optionen<\/a><\/li><li><a href=https:\/\/ajediam.com\/de\/investieren-in-diamanten\/diamanten-investment-guide-gen-z-verlobungsringe-erbstuecke\/#10-warum-antwerpen-das-ideale-reiseziel-f%C3%BCr-den-diamantenkauf-ist>Warum Antwerpen das ideale Reiseziel f\u00fcr den Diamantenkauf ist<\/a><\/li><li><a href=https:\/\/ajediam.com\/de\/investieren-in-diamanten\/diamanten-investment-guide-gen-z-verlobungsringe-erbstuecke\/#11-h%C3%A4ufig-gestellte-fragen-zu-diamond-investments>H\u00e4ufig gestellte Fragen zu Diamond Investments<\/a><\/li><\/ul><\/div><\/div><\/div>\n\n\n<h2 class=\"wp-block-heading\" id=\"0-warum-nat%C3%BCrliche-diamanten-eine-kluge-investition-f%C3%BCr-die-generation-z-sind\">Warum nat\u00fcrliche Diamanten eine kluge Investition f\u00fcr die Generation Z sind<\/h2>\n\n\n\n<p><em>Tradition, Wert und Flexibilit\u00e4t in einem sich wandelnden Markt<\/em><\/p>\n\n\n\n<p>Diamanten sind l\u00e4ngst nicht mehr nur etwas f\u00fcr \u00e4ltere Generationen. Die Generation Z greift immer h\u00e4ufiger zu Diamanten \u2013 nicht nur f\u00fcr Verlobungsringe, sondern auch als Wertanlage. Ein Hauptgrund daf\u00fcr ist die Bedeutung von Tradition: Ein hochwertiger Diamant kann \u00fcber Generationen weitergegeben werden und beh\u00e4lt so seinen sentimentalen und materiellen Wert. Anders als Fast Fashion gewinnt ein gut gew\u00e4hlter Diamant im Laufe der Zeit an Wert und wird so zu einer wertvollen, langfristigen Investition.<\/p>\n\n\n\n<h2 class=\"wp-block-heading\" id=\"1-den-diamantenmarkt-verstehen-laborgez%C3%BCchtet-vs-nat%C3%BCrlich\">Den Diamantenmarkt verstehen: <a href=\"https:\/\/ajediam.com\/de\/behandelt-synthetik\/kunstlich-hergestellte-im-labor-gezuchtete-diamanten\/\">Laborgez\u00fcchtet <\/a>vs. Nat\u00fcrlich<\/h2>\n\n\n\n<p><em>Erkundung moderner Optionen und Bruchteilspreise<\/em><\/p>\n\n\n\n<p>Als K\u00e4ufer der Generation Z sind Sie wahrscheinlich schon auf <strong>laborgez\u00fcchtete Diamanten<\/strong> gesto\u00dfen, die auch als synthetische Diamanten bezeichnet werden. Diese haben sich als budgetfreundliche Alternative zu nat\u00fcrlichen Diamanten etabliert und sind oft zu einem <strong>Bruchteil des Preises<\/strong> erh\u00e4ltlich. Zum Beispiel <a href=\"https:\/\/ajediam.com\/de\/diamantenpreise\/preisliste-fur-im-labor-gezuchtete-diamanten\/\" data-type=\"link\" data-id=\"https:\/\/ajediam.com\/diamond-prices\/synthetic-diamond-prices\/\">kostet ein laborgez\u00fcchteter Diamant von 1 Karat derzeit weniger als 1000 $<\/a>; je besser die Technologie zu ihrer Herstellung wird, desto weiter wird ihr Preis sinken. Um dies zu verdeutlichen, k\u00f6nnen Sie gleichwertige Gr\u00f6\u00dfen von synthetischen Rubinen, Smaragden oder Saphiren vergleichen, die f\u00fcr weniger als 50 $ im Einzelhandel verkauft werden. Gr\u00f6\u00dfere synthetische Diamanten kosten nat\u00fcrlich deutlich mehr, aber es ist wichtig zu beachten, dass <strong>laborgez\u00fcchtete Diamanten<\/strong> keinen <strong>Wiederverkaufswert<\/strong> haben, was sie f\u00fcr langfristige Investitionszwecke weniger ideal macht. Nat\u00fcrliche Diamanten, insbesondere solche mit GIA-Zertifikat, behalten ihren Wert \u00fcber die Zeit hinweg weitaus besser.<\/p>\n\n\n\n<h2 class=\"wp-block-heading\" id=\"2-die-besten-diamanten-f%C3%BCr-verlobungsringe-worauf-sie-achten-sollten\">Die besten Diamanten f\u00fcr <a href=\"https:\/\/ajediam.com\/the-ultimate-guide-to-choosing-engagement-rings-styles-tips-and-insights\/\">Verlobungsringe<\/a>: Worauf Sie achten sollten<\/h2>\n\n\n\n<div class=\"wp-block-media-text is-stacked-on-mobile\" style=\"grid-template-columns:41% auto\"><figure class=\"wp-block-media-text__media\"><video controls src=\"https:\/\/ajediam.com\/wp-content\/uploads\/2024\/12\/The-Perfect-Diamond-Engagement-Ring-at-Ajediam-in-Antwerp.mp4\"><\/video><\/figure><div class=\"wp-block-media-text__content\">\n<p>Wichtige Merkmale f\u00fcr Qualit\u00e4t und Wertsteigerungspotenzial<\/p>\n\n\n\n<p>Beim Kauf eines Verlobungsrings sind Reinheit und Farbe des Diamanten entscheidend. Am beliebtesten und gleichzeitig am einfachsten wiederzuverkaufen sind Diamanten der Farbstufen G\/H und VS2\/SI1. Diese Diamanten haben typischerweise ein Gewicht von 0,50 bis 2,00 Karat \u2013 eine Gr\u00f6\u00dfe, die ein gutes Verh\u00e4ltnis von Wert und Erschwinglichkeit bietet. Wer jedoch nach dem Besten vom Besten sucht, sollte Diamanten der Farbstufen D\/E und IF\/VVS in Betracht ziehen. Diese h\u00f6herwertigen Diamanten steigen in der Regel im Wert.<\/p>\n\n\n\n<p>Auch die Fluoreszenz kann den Preis beeinflussen: Diamanten mit starker Fluoreszenz wirken m\u00f6glicherweise weniger begehrenswert. Daher ist es wichtig, diesen Aspekt vor dem Kauf zu ber\u00fccksichtigen.<\/p>\n<\/div><\/div>\n\n\n\n<p><\/p>\n\n\n\n<h2 class=\"wp-block-heading\" id=\"3-fancy-color-diamanten-selten-und-hei%C3%9F-begehrt\"><a href=\"https:\/\/ajediam.com\/diamond-history\/famous-diamonds\/the-blue-heart-diamond\/\">Fancy Color Diamanten<\/a>: Selten und hei\u00df begehrt<\/h2>\n\n\n\n<figure class=\"wp-block-video\"><video autoplay controls loop muted src=\"https:\/\/ajediam.com\/wp-content\/uploads\/2024\/12\/Fancy-Colored-Diamonds-at-Ajediam-in-Antwerp.mov\"><\/video><\/figure>\n\n\n\n<p>Wie sich Diamanten der Farbkategorien Fancy Intense und Fancy Vivid auf Ihre Investition auswirken<\/p>\n\n\n\n<p>W\u00e4hrend die meisten K\u00e4ufer farblose Diamanten bevorzugen, erfreuen sich farbige Diamanten \u2013 insbesondere in Nuancen wie Gelb, Rosa und Blau \u2013 zunehmender Beliebtheit. F\u00fcr Investitionszwecke ist es entscheidend, Diamanten mit der Farbkategorie Fancy Intense oder Fancy Vivid zu w\u00e4hlen. Diese Diamanten sind deutlich seltener und erzielen oft h\u00f6here Wertsteigerungen als farblose Standarddiamanten. Auktionsergebnisse belegen, dass farbige Diamanten, insbesondere gr\u00f6\u00dfere Steine, beeindruckende Preise erzielen k\u00f6nnen.<\/p>\n\n\n\n<p>Besondere, ungew\u00f6hnliche Diamantfarben sind immer gefragter. Im Video pr\u00e4sentieren wir einen seltenen, nat\u00fcrlichen, herzf\u00f6rmigen Diamanten in einem kr\u00e4ftigen Rosa-Violett, einen leuchtend orange-gelben, birnenf\u00f6rmigen Diamanten sowie ein passendes Paar rosafarbener Diamanten im Radiant-Schliff.<\/p>\n\n\n\n<h2 class=\"wp-block-heading\" id=\"4-zertifizierungsfragen-gia-vs-andere-labore\">Zertifizierungsfragen: GIA vs. andere Labore<\/h2>\n\n\n\n<figure class=\"wp-block-image size-full is-resized\"><img decoding=\"async\" width=\"1440\" height=\"1440\" src=\"https:\/\/ajediam.com\/wp-content\/uploads\/2024\/12\/Couple-Fancy-Yellow-Diamonds-from-Ajediam-in-Antwerp.jpeg\" alt=\"Matching Couple Fancy Yellow Cushion Modified Brilliants with GIA lab report form Ajediam in Antwerp\" class=\"wp-image-57834\" style=\"width:700px\" srcset=\"https:\/\/ajediam.com\/wp-content\/uploads\/2024\/12\/Couple-Fancy-Yellow-Diamonds-from-Ajediam-in-Antwerp.jpeg 1440w, https:\/\/ajediam.com\/wp-content\/uploads\/2024\/12\/Couple-Fancy-Yellow-Diamonds-from-Ajediam-in-Antwerp-300x300.jpeg 300w, https:\/\/ajediam.com\/wp-content\/uploads\/2024\/12\/Couple-Fancy-Yellow-Diamonds-from-Ajediam-in-Antwerp-150x150.jpeg 150w, https:\/\/ajediam.com\/wp-content\/uploads\/2024\/12\/Couple-Fancy-Yellow-Diamonds-from-Ajediam-in-Antwerp-768x768.jpeg 768w\" sizes=\"(max-width: 1440px) 100vw, 1440px\" \/><\/figure>\n\n\n\n<p>Warum das GIA der globale Standard f\u00fcr Diamantenzertifizierung ist<\/p>\n\n\n\n<p>Wenn Sie einen Diamanten als Wertanlage kaufen, achten Sie immer auf GIA-zertifizierte Diamanten. Das Gemological Institute of America (GIA) gilt weltweit als Goldstandard f\u00fcr die Diamantenbewertung. Seine strengen Bewertungskriterien gew\u00e4hrleisten, dass der Wert des Diamanten langfristig erhalten bleibt.<\/p>\n\n\n\n<p>W\u00e4hrend andere Labore wie <strong>HRD<\/strong> oder <strong>AGS<\/strong> ebenfalls Zertifizierungen anbieten, k\u00f6nnen diese bei bestimmten Faktoren wie Farbe und Reinheit weniger streng sein. <strong>IGI<\/strong>-zertifizierte Diamanten beispielsweise werden oft zu einem niedrigeren Preis verkauft, werfen jedoch Fragen hinsichtlich der Genauigkeit ihrer Graduierung auf. Dies bedeutet, dass ein <a href=\"https:\/\/www.gia.edu\" target=\"_blank\" rel=\"noopener\">GIA-zertifizierter Diamant<\/a> trotz eines h\u00f6heren Anschaffungspreises sowohl f\u00fcr K\u00e4ufer als auch f\u00fcr Verk\u00e4ufer vertrauensw\u00fcrdiger und erstrebenswerter ist.<\/p>\n\n\n\n<h2 class=\"wp-block-heading\" id=\"5-zahlen-sie-nicht-zu-viel-so-vergleichen-sie-diamantenpreise\">Zahlen Sie nicht <a href=\"https:\/\/ajediam.com\/de\/investieren-in-diamanten\/vermeiden-sie-es-beim-diamantenkauf-zu-viel-zu-bezahlen\/\">zu viel<\/a>: So vergleichen Sie Diamantenpreise<\/h2>\n\n\n\n<div class=\"wp-block-media-text has-media-on-the-right is-stacked-on-mobile\"><div class=\"wp-block-media-text__content\">\n<p><em>Clever einkaufen, um <a href=\"https:\/\/ajediam.com\/de\/investieren-in-diamanten\/lassen-sie-die-finger-von-betruegern-alles-was-sie-vor-dem-kauf-von-diamanten-wissen-muessen\/\">Betr\u00fcger zu meiden <\/a>und echte Werte zu finden<\/em><\/p>\n\n\n\n<p>Der Vergleich von Diamantenpreisen bei verschiedenen Anbietern ist entscheidend, um zu hohe Zahlungen zu vermeiden. Viele Einzelh\u00e4ndler erheben erhebliche Preisaufschl\u00e4ge, daher ist es wichtig, Angebote zu vergleichen. Suchen Sie nach seri\u00f6sen Verk\u00e4ufern, die eine transparente Preisgestaltung bieten, und meiden Sie Anbieter, die versuchen, die Unerfahrenheit von Erstk\u00e4ufern auszunutzen. Ressourcen wie unsere Preisliste oder die Preislisten von Idex Online und <strong><a href=\"https:\/\/rapaport.com\/diamond-price-list\/\" target=\"_blank\" rel=\"noreferrer noopener\">Rapaport<\/a><\/strong> k\u00f6nnen Ihnen helfen, Marktpreise zu verstehen und sicherzustellen, dass Sie nicht mehr bezahlen als n\u00f6tig.<\/p>\n<\/div><figure class=\"wp-block-media-text__media\"><img decoding=\"async\" width=\"784\" height=\"870\" src=\"https:\/\/ajediam.com\/wp-content\/uploads\/2023\/05\/Screenshot-2023-05-04-at-14.20.42.png\" alt=\"the ajediam white natural diamond price list\" class=\"wp-image-6797 size-full\" srcset=\"https:\/\/ajediam.com\/wp-content\/uploads\/2023\/05\/Screenshot-2023-05-04-at-14.20.42.png 784w, https:\/\/ajediam.com\/wp-content\/uploads\/2023\/05\/Screenshot-2023-05-04-at-14.20.42-270x300.png 270w, https:\/\/ajediam.com\/wp-content\/uploads\/2023\/05\/Screenshot-2023-05-04-at-14.20.42-768x852.png 768w\" sizes=\"(max-width: 784px) 100vw, 784px\" \/><\/figure><\/div>\n\n\n\n<h2 class=\"wp-block-heading\" id=\"6-wie-diamanten-im-vergleich-zu-anderen-anlageformen-abschneiden-edle-perlen-und-mehr\">Wie Diamanten im Vergleich zu anderen Anlageformen abschneiden: Edle Perlen und mehr<\/h2>\n\n\n\n<div class=\"wp-block-media-text is-stacked-on-mobile\" style=\"grid-template-columns:33% auto\"><figure class=\"wp-block-media-text__media\"><video controls src=\"https:\/\/ajediam.com\/wp-content\/uploads\/2024\/12\/Beautiful-Vintage-Signed-Cultured-Pearl-and-Diamond-Necklace-at-Ajediam-in-Antwerp-1.mp4\"><\/video><\/figure><div class=\"wp-block-media-text__content\">\n<p><em>Diversifizierung Ihres Anlageportfolios mit einzigartigen Edelsteinen<\/em><\/p>\n\n\n\n<p>Diamanten gelten zwar als sichere Wertanlage, doch auch feine Perlen bieten einen einzigartigen Wert. Perlen, insbesondere hochwertige, k\u00f6nnen im Laufe der Zeit an Wert gewinnen, erreichen aber nicht die Langlebigkeit und Wiederverkaufsquote von Diamanten. Im direkten Vergleich bleiben Diamanten \u2013 vor allem solche mit GIA-Zertifizierung \u2013 die erste Wahl f\u00fcr Anleger, die langfristige Gewinne anstreben.<\/p>\n\n\n\n<p>Hochwertige nat\u00fcrliche Saphire und Rubine aus Burma oder kolumbianische Smaragde sind aufgrund ihrer Seltenheit sehr begehrt. Dar\u00fcber hinaus gelten Edelsteine \u200b\u200bf\u00fcr Kenner wie Para\u00efba-Turmaline, Alexandrite und Melo-Perlen sowie weitere au\u00dfergew\u00f6hnliche und wertvolle Edelsteine \u200b\u200bals wertvolle Anlageobjekte.<\/p>\n<\/div><\/div>\n\n\n\n<h2 class=\"wp-block-heading\" id=\"7-diversifizierung-setzen-sie-nicht-alles-auf-eine-karte\">Diversifizierung: Setzen Sie nicht alles auf eine Karte.<\/h2>\n\n\n\n<p><em>Kombinieren Sie Diamanten mit anderen Anlageklassen f\u00fcr mehr Stabilit\u00e4t.<\/em><\/p>\n\n\n\n<p>Die Diversifizierung Ihres Anlageportfolios ist entscheidend f\u00fcr ein effektives Risikomanagement. Diamanten k\u00f6nnen zwar wertvolle Verm\u00f6genswerte sein, sollten aber nicht im Mittelpunkt stehen. Erw\u00e4gen Sie, Ihre Diamanteninvestitionen mit anderen Sachwerten wie Kunstwerken, seltenen Sammlerst\u00fccken oder Immobilien zu kombinieren. Diese Strategie kann helfen, Risiken bei Marktschwankungen zu minimieren. Beispielsweise k\u00f6nnen Diamanten in wirtschaftlichen Abschw\u00fcngen stabil bleiben, w\u00e4hrend andere Anlageklassen wie Aktien Verluste erleiden k\u00f6nnen. Ein ausgewogenes Portfolio bietet Stabilit\u00e4t und steigert die Gesamtrendite.<\/p>\n\n\n\n<h2 class=\"wp-block-heading\" id=\"8-anlagestrategie-kombination-von-handelsware-mit-edelsteinen\">Anlagestrategie: Kombination von Handelsware mit Edelsteinen<\/h2>\n\n\n\n<figure class=\"wp-block-image size-full is-resized\"><img decoding=\"async\" width=\"1288\" height=\"818\" src=\"https:\/\/ajediam.com\/wp-content\/uploads\/2024\/12\/Screenshot-2024-12-03-at-12.52.19.png\" alt=\"28 carat D IF Round Brilliant Investment Diamond at Ajediam in Antwerp\" class=\"wp-image-57849\" style=\"width:800px\" srcset=\"https:\/\/ajediam.com\/wp-content\/uploads\/2024\/12\/Screenshot-2024-12-03-at-12.52.19.png 1288w, https:\/\/ajediam.com\/wp-content\/uploads\/2024\/12\/Screenshot-2024-12-03-at-12.52.19-300x191.png 300w, https:\/\/ajediam.com\/wp-content\/uploads\/2024\/12\/Screenshot-2024-12-03-at-12.52.19-768x488.png 768w\" sizes=\"(max-width: 1288px) 100vw, 1288px\" \/><\/figure>\n\n\n\n<p><em>Hohe Liquidit\u00e4t und langfristige Wertsteigerung im Gleichgewicht<\/em><\/p>\n\n\n\n<p>Eine kluge Anlagestrategie besteht darin, g\u00e4ngige Diamanten mit seltenen St\u00fccken zu kombinieren. G\u00e4ngige Diamanten, wie die bereits erw\u00e4hnten Steine \u200b\u200bin der Farbe G\/H und der Reinheit VS2\/SI1, lassen sich bei Bedarf leichter verkaufen. Seltenere St\u00fccke hingegen, wie gr\u00f6\u00dfere oder Fancy Vivid-Diamanten, k\u00f6nnen im Laufe der Zeit st\u00e4rker an Wert gewinnen, sind aber oft schwieriger schnell zu ver\u00e4u\u00dfern.<\/p>\n\n\n\n<p>Durch eine ausgewogene Mischung dieser Diamantentypen in Ihrem Portfolio sichern Sie sich sowohl Liquidit\u00e4t als auch Wachstum Ihrer Diamanteninvestitionen.<\/p>\n\n\n\n<h2 class=\"wp-block-heading\" id=\"9-wie-man-einen-diamanten-verkauft-die-besten-bis-die-schlechtesten-optionen\">Wie man einen Diamanten verkauft: Die besten bis die schlechtesten Optionen<\/h2>\n\n\n\n<p><em>Maximieren Sie Ihren Erl\u00f6s beim Verkauf<\/em><\/p>\n\n\n\n<p>Wenn Sie Ihren Diamanten verkaufen m\u00f6chten, sollten Sie traditionelle Juweliere meiden, da diese oft die niedrigsten Preise bieten. Erw\u00e4gen Sie stattdessen den Verkauf \u00fcber Online-Marktpl\u00e4tze, Auktionsh\u00e4user oder spezialisierte Schmuckh\u00e4ndler. Diese bieten in der Regel eine h\u00f6here Chance auf einen besseren Preis.<\/p>\n\n\n\n<p>Auktionsh\u00e4user erzielen oft den h\u00f6chsten Wiederverkaufswert, insbesondere bei farbigen Diamanten oder gr\u00f6\u00dferen Steinen. F\u00fcr kleinere, g\u00e4ngigere Steine \u200b\u200bk\u00f6nnen Online-Plattformen wie Worthy oder TrueFacet jedoch gute Alternativen sein. Achten Sie immer darauf, dass Ihr Diamant GIA-zertifiziert ist, da dies seine Attraktivit\u00e4t f\u00fcr potenzielle K\u00e4ufer erh\u00f6ht.<\/p>\n\n\n\n<h2 class=\"wp-block-heading\" id=\"10-warum-antwerpen-das-ideale-reiseziel-f%C3%BCr-den-diamantenkauf-ist\">Warum Antwerpen das ideale Reiseziel f\u00fcr den Diamantenkauf ist<\/h2>\n\n\n\n<p>Antwerpen, oft als \u201e<a href=\"https:\/\/en.wikipedia.org\/wiki\/Antwerp_diamond_district\" data-type=\"link\" data-id=\"https:\/\/en.wikipedia.org\/wiki\/Antwerp_diamond_district\" target=\"_blank\" rel=\"noopener\">Diamantenhauptstadt der Welt<\/a>\u201c bezeichnet, blickt auf eine reiche Geschichte und einen lebendigen Marktplatz zur\u00fcck, die seinen Status als erstklassiges Ziel f\u00fcr Diamantenliebhaber gefestigt haben. Seit dem 15. Jahrhundert ist Antwerpen dank seiner strategischen Lage und der handwerklichen Meisterschaft ein Zentrum des Diamantenhandels. Das Diamantenviertel der Stadt beheimatet \u00fcber 1.600 Diamantenunternehmen und ist damit das weltweit gr\u00f6\u00dfte Handelszentrum f\u00fcr Diamanten.<\/p>\n\n\n\n<p>Antwerpens langj\u00e4hriger Ruf f\u00fcr Qualit\u00e4t und Expertise garantiert K\u00e4ufern Zugang zu einigen der feinsten Diamanten. Die Stadt ist bekannt f\u00fcr ihre strengen Bewertungsstandards, die internationalen Standards entsprechen und Kunden die beste Qualit\u00e4t f\u00fcr ihre Investition garantieren. Von Rohdiamanten bis hin zu meisterhaft geschliffenen Diamanten \u2013 die Vielfalt und Auswahl sind unvergleichlich.<\/p>\n\n\n\n<p>Wenn es darum geht, hochwertige Diamanten zu wettbewerbsf\u00e4higen Preisen zu finden, ist Ajediam eine hervorragende Wahl. Mit Engagement f\u00fcr Transparenz und Integrit\u00e4t bietet Ajediam eine sorgf\u00e4ltig ausgew\u00e4hlte Kollektion zertifizierter Diamanten und stellt so sicher, dass Sie den besten Wert f\u00fcr Ihre Investition erhalten.<\/p>\n\n\n\n<p>Unser erfahrenes Team bietet Ihnen individuelle Beratung und unterst\u00fctzt Sie dabei, sich sicher auf dem Diamantenmarkt zu bewegen. Dar\u00fcber hinaus erm\u00f6glicht Ihnen unser umfangreiches Netzwerk den Zugang zu einer Vielzahl einzigartiger Steine \u200b\u200bund erleichtert Ihnen so die Suche nach dem perfekten Edelstein f\u00fcr Ihre Bed\u00fcrfnisse. Sie erreichen uns jederzeit unter care@ajediam.com.<\/p>\n\n\n\n<p>Ob Sie zum ersten Mal Diamanten kaufen oder ein erfahrener Investor sind \u2013 Ajediam unterst\u00fctzt Sie dabei, fundierte Entscheidungen zu treffen und Ihre Anlageziele im Diamantenhandel zu erreichen.<\/p>\n\n\n\n<p>Ob Sie einen Verlobungsring, ein pers\u00f6nliches Schmuckst\u00fcck oder einen Diamanten als Wertanlage suchen \u2013 Antwerpens reiche Geschichte und Ajediams Qualit\u00e4tsanspruch machen die Stadt zum idealen Ausgangspunkt f\u00fcr Ihre Reise in die Welt der Diamanten.<\/p>\n\n\n\n<h2 class=\"wp-block-heading\" id=\"11-h%C3%A4ufig-gestellte-fragen-zu-diamond-investments\">H\u00e4ufig gestellte Fragen zu Diamond Investments<\/h2>\n\n\n<div id=\"rank-math-faq\" class=\"rank-math-block\">\n<div class=\"rank-math-list \">\n<div id=\"faq-question-1730148580216\" class=\"rank-math-list-item\">\n<h3 class=\"rank-math-question \"><strong>Sind im Labor gez\u00fcchtete Diamanten eine gute Investition?<\/strong><\/h3>\n<div class=\"rank-math-answer \">\n\n<p>Obwohl im Labor gez\u00fcchtete Diamanten g\u00fcnstiger sind, erzielen sie nicht den gleichen Wiederverkaufswert wie nat\u00fcrliche Diamanten. F\u00fcr eine langfristige Wertanlage sollten Sie sich f\u00fcr nat\u00fcrliche Diamanten mit GIA-Zertifizierung entscheiden.<\/p>\n\n<\/div>\n<\/div>\n<div id=\"faq-question-1730148594239\" class=\"rank-math-list-item\">\n<h3 class=\"rank-math-question \"><strong>Welche Diamantgr\u00f6\u00dfen sind bei Verlobungsringen am beliebtesten?<\/strong><\/h3>\n<div class=\"rank-math-answer \">\n\n<p>Die g\u00e4ngigsten Gr\u00f6\u00dfen liegen zwischen 0,50 und 2,00 Karat, insbesondere Diamanten mit der Farbe G\/H und der Reinheit VS2\/SI1. Diese Diamanten sind nicht nur beliebt, sondern lassen sich auch leichter wiederverkaufen.<\/p>\n\n<\/div>\n<\/div>\n<div id=\"faq-question-1730148608922\" class=\"rank-math-list-item\">\n<h3 class=\"rank-math-question \"><strong>Warum ist die GIA-Zertifizierung wichtig?<\/strong><\/h3>\n<div class=\"rank-math-answer \">\n\n<p>GIA-zertifizierte Diamanten werden nach strengsten Standards bewertet, wodurch die Genauigkeit der Qualit\u00e4tsangaben gew\u00e4hrleistet wird. Dies macht sie f\u00fcr den Wiederverkauf und als Kapitalanlage begehrter.<\/p>\n\n<\/div>\n<\/div>\n<div id=\"faq-question-1730148622500\" class=\"rank-math-list-item\">\n<h3 class=\"rank-math-question \"><strong>Worin besteht der Unterschied zwischen Fancy Intense- und Fancy Vivid-Diamanten?<\/strong><\/h3>\n<div class=\"rank-math-answer \">\n\n<p>Fancy Vivid-Diamanten sind die seltensten und farbintensivsten Diamanten und daher die beste Wahl f\u00fcr eine langfristige Wertsteigerung. Fancy Intense-Diamanten sind zwar auch wertvoll, erzielen aber bei Auktionen m\u00f6glicherweise nicht so hohe Preise.<\/p>\n\n<\/div>\n<\/div>\n<div id=\"faq-question-1730148636488\" class=\"rank-math-list-item\">\n<h3 class=\"rank-math-question \"><strong>Wie beeinflusst Fluoreszenz den Wert von Diamanten?<\/strong><\/h3>\n<div class=\"rank-math-answer \">\n\n<p>Diamanten mit starker Fluoreszenz wirken m\u00f6glicherweise weniger begehrenswert und erzielen daher einen niedrigeren Preis. Eine schwache Fluoreszenz hingegen beeintr\u00e4chtigt den Wert nicht wesentlich und kann das Aussehen des Steins unter bestimmten Lichtverh\u00e4ltnissen sogar verbessern.<\/p>\n\n<\/div>\n<\/div>\n<\/div>\n<\/div>","protected":false},"excerpt":{"rendered":"<p>Diamanten werden seit Generationen gesch\u00e4tzt, doch die Investitionslandschaft f\u00fcr Diamanten wandelt sich, insbesondere da die Generation Z in den Markt eintritt. Ganz gleich, ob Sie f\u00fcr eine Verlobung oder als pers\u00f6nliches Statement-St\u00fcck kaufen \u2013 das Verst\u00e4ndnis der Feinheiten von Diamantinvestitionen stellt sicher, dass Ihr Geld gut angelegt ist. Lassen Sie uns alles erkunden, was Sie [&hellip;]<\/p>\n","protected":false},"author":5,"featured_media":57133,"parent":153405,"menu_order":0,"comment_status":"closed","ping_status":"closed","template":"jewel-cleaner-page.php","meta":{"ub_ctt_via":"","footnotes":""},"acf":[],"featured_image_src":"https:\/\/ajediam.com\/wp-content\/uploads\/2024\/12\/Screenshot-2024-12-03-at-12.52.45.png","_links":{"self":[{"href":"https:\/\/ajediam.com\/de\/wp-json\/wp\/v2\/pages\/153824"}],"collection":[{"href":"https:\/\/ajediam.com\/de\/wp-json\/wp\/v2\/pages"}],"about":[{"href":"https:\/\/ajediam.com\/de\/wp-json\/wp\/v2\/types\/page"}],"author":[{"embeddable":true,"href":"https:\/\/ajediam.com\/de\/wp-json\/wp\/v2\/users\/5"}],"replies":[{"embeddable":true,"href":"https:\/\/ajediam.com\/de\/wp-json\/wp\/v2\/comments?post=153824"}],"version-history":[{"count":1,"href":"https:\/\/ajediam.com\/de\/wp-json\/wp\/v2\/pages\/153824\/revisions"}],"predecessor-version":[{"id":153831,"href":"https:\/\/ajediam.com\/de\/wp-json\/wp\/v2\/pages\/153824\/revisions\/153831"}],"up":[{"embeddable":true,"href":"https:\/\/ajediam.com\/de\/wp-json\/wp\/v2\/pages\/153405"}],"wp:featuredmedia":[{"embeddable":true,"href":"https:\/\/ajediam.com\/de\/wp-json\/wp\/v2\/media\/57133"}],"wp:attachment":[{"href":"https:\/\/ajediam.com\/de\/wp-json\/wp\/v2\/media?parent=153824"}],"curies":[{"name":"wp","href":"https:\/\/api.w.org\/{rel}","templated":true}]}}