{"id":153903,"date":"2023-05-04T14:56:17","date_gmt":"2023-05-04T14:56:17","guid":{"rendered":"https:\/\/ajediam.com\/fancy-colors\/"},"modified":"2026-03-02T12:02:18","modified_gmt":"2026-03-02T12:02:18","slug":"ausgefallene-farben","status":"publish","type":"page","link":"https:\/\/ajediam.com\/de\/ausgefallene-farben\/","title":{"rendered":"Ausgefallene Farben"},"content":{"rendered":"\n<p class=\"tt1\">Entdecken Sie den Zauber der faszinierendsten Edelsteine \u200b\u200bder Erde.<\/p>\n\n\n\n<p class=\"tt2\">Tauchen Sie ein in die faszinierende Welt der farbigen Diamanten \u2013 einige der begehrtesten und seltensten Edelsteine \u200b\u200bder Welt. Entdecken Sie in diesem spannenden Buch die einzigartigen Eigenschaften und Merkmale der farbigen Diamanten, die ihnen ihre atemberaubenden Farbt\u00f6ne verleihen \u2013 von zartesten Pastellt\u00f6nen bis hin zu intensiven und leuchtenden Farben. Erfahren Sie mehr \u00fcber die faszinierende Welt der farbigen Diamanten und ihre Seltenheit, ihren Wert und ihre atemberaubende Sch\u00f6nheit, die sie zum Inbegriff von Luxus und Eleganz machen.<\/p>\n","protected":false},"excerpt":{"rendered":"<p>Entdecken Sie den Zauber der faszinierendsten Edelsteine \u200b\u200bder Erde. Tauchen Sie ein in die faszinierende Welt der farbigen Diamanten \u2013 einige der begehrtesten und seltensten Edelsteine \u200b\u200bder Welt. Entdecken Sie in diesem spannenden Buch die einzigartigen Eigenschaften und Merkmale der farbigen Diamanten, die ihnen ihre atemberaubenden Farbt\u00f6ne verleihen \u2013 von zartesten Pastellt\u00f6nen bis hin zu [&hellip;]<\/p>\n","protected":false},"author":5,"featured_media":0,"parent":0,"menu_order":0,"comment_status":"closed","ping_status":"closed","template":"childpage-page.php","meta":{"ub_ctt_via":"","footnotes":""},"acf":[],"featured_image_src":null,"_links":{"self":[{"href":"https:\/\/ajediam.com\/de\/wp-json\/wp\/v2\/pages\/153903"}],"collection":[{"href":"https:\/\/ajediam.com\/de\/wp-json\/wp\/v2\/pages"}],"about":[{"href":"https:\/\/ajediam.com\/de\/wp-json\/wp\/v2\/types\/page"}],"author":[{"embeddable":true,"href":"https:\/\/ajediam.com\/de\/wp-json\/wp\/v2\/users\/5"}],"replies":[{"embeddable":true,"href":"https:\/\/ajediam.com\/de\/wp-json\/wp\/v2\/comments?post=153903"}],"version-history":[{"count":1,"href":"https:\/\/ajediam.com\/de\/wp-json\/wp\/v2\/pages\/153903\/revisions"}],"predecessor-version":[{"id":153906,"href":"https:\/\/ajediam.com\/de\/wp-json\/wp\/v2\/pages\/153903\/revisions\/153906"}],"wp:attachment":[{"href":"https:\/\/ajediam.com\/de\/wp-json\/wp\/v2\/media?parent=153903"}],"curies":[{"name":"wp","href":"https:\/\/api.w.org\/{rel}","templated":true}]}}