{"id":153909,"date":"2019-04-17T11:53:46","date_gmt":"2019-04-17T11:53:46","guid":{"rendered":"https:\/\/ajediam.com\/ausgefallene-farben\/fancy-color-diamonds\/"},"modified":"2026-03-02T12:06:47","modified_gmt":"2026-03-02T12:06:47","slug":"ausgefallene-farbige-diamanten","status":"publish","type":"page","link":"https:\/\/ajediam.com\/de\/ausgefallene-farben\/ausgefallene-farbige-diamanten\/","title":{"rendered":"Ausgefallene Farbige Diamanten"},"content":{"rendered":"<p><div class='row vc_row '><div class='col-md-12 '><div class='mb-4'><p>Aktuelle Farbskala f\u00fcr Ausgefallene Farbige Diamanten: Pink | Kanariengelb | Gelb | Rot | Champagner | Cognac | Orange | Blau | Chocolate | Gr\u00fcn | Schwarz | Grau und mehr<\/p>\n<p><div class='row vc_row '><\/div> <div class='col-md-12 '><\/div><div class='mb-4'><p><\/p><\/div><strong>Aktuelle Farbskala f\u00fcr Fancy Color Diamanten<\/strong><br \/>\nPink | Kanariengelb | Gelb | Rot | Champagner | Cognac | Orange | Blau | Chocolate | Gr\u00fcn | Schwarz | Grau und mehr<\/p>\n<p><strong>WICHTIGER HINWEIS:<\/strong> Nat\u00fcrliche, intensiv farbige Diamanten sind 200.000-mal seltener und teurer als wei\u00dfe Diamanten!<br \/>\nEs ist beeindruckend zu wissen, dass die weltweite Jahresproduktion an wei\u00dfen Diamanten der Kategorie \u201eExceptional White +\u201c (Farbe D, Reinheit LC\/IF) insgesamt nur etwa 900 Karat betr\u00e4gt!<br \/>\nDies unterstreicht die extreme Seltenheit nat\u00fcrlich farbiger Diamanten. Auf 10.000 farblose Diamanten kommt nur ein einziger sehr hell bis hell farbiger Diamant.<\/p><\/div><\/div><\/div> <div class='row vc_row '><div class='col-md-2 '><\/div><div class='col-md-8 '><div class='row '><div class='col-md-20p col-inner'><div class='col-inwrap'><div class='vc-image text-center'><figure><a href='\/yellow-diamonds' class='d-block'><img src='https:\/\/ajediam.com\/wp-content\/uploads\/2019\/03\/Yellow__Intense_Yellow_fancy_diamonds.jpg' alt=''><\/a><\/figure><\/div><div class='mb-4'><p><\/p>\n<p style=\"text-align: center;\">Gelb<\/p>\n<p><\/p><\/div><\/div><\/div><div class='col-md-20p col-inner'><div class='col-inwrap'><div class='vc-image text-center'><figure><a href='\/yellow-diamonds' class='d-block'><img src='https:\/\/ajediam.com\/wp-content\/uploads\/2019\/03\/Radiant_fancy_yellow_3.15_Carat_LC_100_x_100.jpg' alt=''><\/a><\/figure><\/div><div class='mb-4'><p><\/p>\n<p style=\"text-align: center;\">Kanariengelb<\/p>\n<p><\/p><\/div><\/div><\/div><div class='col-md-20p col-inner'><div class='col-inwrap'><div class='vc-image text-center'><figure><a href='\/orange-diamonds' class='d-block'><img src='https:\/\/ajediam.com\/wp-content\/uploads\/2019\/03\/Orange_fancy_diamonds.jpg' alt=''><\/a><\/figure><\/div><div class='mb-4'><p><\/p>\n<p style=\"text-align: center;\">Orange<\/p>\n<p><\/p><\/div><\/div><\/div><div class='col-md-20p col-inner'><div class='col-inwrap'><div class='vc-image text-center'><figure><a href='\/cognac-diamonds' class='d-block'><img src='https:\/\/ajediam.com\/wp-content\/uploads\/2019\/03\/Cognac_fancy_diamonds.jpg' alt=''><\/a><\/figure><\/div><div class='mb-4'><p><\/p>\n<p style=\"text-align: center;\"><span class=\"size8 Verdana8\" style=\"color: #000066; font-family: Verdana, Arial, Helvetica, sans-serif;\">Cognac<\/span><b> <\/b><\/p>\n<p><\/p><\/div><\/div><\/div><div class='col-md-20p col-inner'><div class='col-inwrap'><div class='vc-image text-center'><figure><a href='\/champaign-diamonds' class='d-block'><img src='https:\/\/ajediam.com\/wp-content\/uploads\/2019\/03\/Champaign_fancy_diamonds.jpg' alt=''><\/a><\/figure><\/div><div class='mb-4'><p><\/p>\n<p style=\"text-align: center;\">Champagner<\/p>\n<p><\/p><\/div><\/div><\/div><\/div><\/div><div class='col-md-2 '><\/div><\/div> <div class='row vc_row '><div class='col-md-2 '><\/div><div class='col-md-8 '><div class='row '><div class='col-md-20p col-inner'><div class='col-inwrap'><div class='vc-image text-center'><figure><a href='\/brown-diamonds' class='d-block'><img src='https:\/\/ajediam.com\/wp-content\/uploads\/2019\/03\/Champaign_Fancy_Diamond_3cm_16.01.07-1.jpg' alt=''><\/a><\/figure><\/div><div class='mb-4'><p><\/p>\n<p style=\"text-align: center;\">Chocolate &#8211; Braun<\/p>\n<p><\/p><\/div><\/div><\/div><div class='col-md-20p col-inner'><div class='col-inwrap'><div class='vc-image text-center'><figure><a href='\/grey-diamonds' class='d-block'><img src='https:\/\/ajediam.com\/wp-content\/uploads\/2019\/04\/fancy_color_diamonds__element452.jpg' alt=''><\/a><\/figure><\/div><div class='mb-4'><p><\/p>\n<p style=\"text-align: center;\">Grau<\/p>\n<p><\/p><\/div><\/div><\/div><div class='col-md-20p col-inner'><div class='col-inwrap'><div class='vc-image text-center'><figure><a href='\/green-diamonds' class='d-block'><img src='https:\/\/ajediam.com\/wp-content\/uploads\/2019\/03\/Green_fancy_intense_diamond_3_x_2_cm.jpg' alt=''><\/a><\/figure><\/div><div class='mb-4'><p><\/p>\n<p style=\"text-align: center;\">Gr\u00fcn &#8211; Lime<\/p>\n<p><\/p><\/div><\/div><\/div><div class='col-md-20p col-inner'><div class='col-inwrap'><div class='vc-image text-center'><figure><a href='\/pink-diamonds' class='d-block'><img src='https:\/\/ajediam.com\/wp-content\/uploads\/2019\/03\/pink_diamond_1_x_1_cm.jpg' alt=''><\/a><\/figure><\/div><div class='mb-4'><p><\/p>\n<p style=\"text-align: center;\">Pink<\/p>\n<p><\/p><\/div><\/div><\/div><div class='col-md-20p col-inner'><div class='col-inwrap'><div class='vc-image text-center'><figure><a href='\/pink-diamonds' class='d-block'><img src='https:\/\/ajediam.com\/wp-content\/uploads\/2019\/03\/PINK_diamond_Radiant_200_x_200.jpg' alt=''><\/a><\/figure><\/div><div class='mb-4'><p><\/p>\n<p style=\"text-align: center;\">Intense Purplish Pink<\/p>\n<p><\/p><\/div><\/div><\/div><\/div><\/div><div class='col-md-2 '><\/div><\/div> <div class='row vc_row '><div class='col-md-2 '><\/div><div class='col-md-8 '><div class='row '><div class='col-md-20p col-inner'><div class='col-inwrap'><div class='vc-image text-center'><figure><a href='\/blue-diamonds' class='d-block'><img src='https:\/\/ajediam.com\/wp-content\/uploads\/2019\/03\/blue_diamond_1_x_1_cm-1.jpg' alt=''><\/a><\/figure><\/div><div class='mb-4'><p><\/p>\n<p style=\"text-align: center;\">Blau<\/p>\n<p><\/p><\/div><\/div><\/div><div class='col-md-20p col-inner'><div class='col-inwrap'><div class='vc-image text-center'><figure><a href='\/blue-diamonds' class='d-block'><img src='https:\/\/ajediam.com\/wp-content\/uploads\/2019\/03\/intense_blue_diamond_1_x_1_cm.jpg' alt=''><\/a><\/figure><\/div><div class='mb-4'><p><\/p>\n<p style=\"text-align: center;\">Intensives Blau<\/p>\n<p><\/p><\/div><\/div><\/div><div class='col-md-20p col-inner'><div class='col-inwrap'><div class='vc-image text-center'><figure><a href='\/red-diamonds' class='d-block'><img src='https:\/\/ajediam.com\/wp-content\/uploads\/2019\/03\/Red_diamond_1_x_1_cm.jpg' alt=''><\/a><\/figure><\/div><div class='mb-4'><p><\/p>\n<p style=\"text-align: center;\">Rot<\/p>\n<p><\/p><\/div><\/div><\/div><div class='col-md-20p col-inner'><div class='col-inwrap'><div class='vc-image text-center'><figure><a href='\/black-diamonds' class='d-block'><img src='https:\/\/ajediam.com\/wp-content\/uploads\/2019\/03\/black_diamond_small.jpg' alt=''><\/a><\/figure><\/div><div class='mb-4'><p><\/p>\n<p style=\"text-align: center;\">Schwarz<\/p>\n<p><\/p><\/div><\/div><\/div><div class='col-md-20p col-inner'><div class='col-inwrap'><\/div><\/div><\/div><\/div><div class='col-md-2 '><\/div><\/div> <div class='row vc_row '><div class='col-md-12 '><div style='height: 32px;'><\/div><div class='mb-4'><p>Mehr als 80 % aller farbigen Diamanten sind gelblich. Die meisten farbigen Diamanten weisen eine milchige Farbe, starke Piqu\u00e9s (Einschl\u00fcsse) und Tr\u00fcbungen auf \u2013<br \/>\n<a href=\"#\">Bild ansehen<\/a><br \/>\nDamit die Farbe intensiv, gleichm\u00e4\u00dfig und gut verteilt bleibt, ben\u00f6tigt ein Diamant Volumen und Masse!<br \/>\nDaher empfehlen wir f\u00fcr farbige Diamanten Formen wie Cushion (Kissen), Radiant, Birne (Pear), Herz, Oval oder Asscher, um die Farbe bestm\u00f6glich zur Geltung zu bringen!<br \/>\nEin flach oder spitz geschliffener Diamant verliert den Gro\u00dfteil seiner Farbe \u2013 die Farbe wird quasi \u201eweggeschliffen\u201c. Fragen Sie bei Fancy Color Diamanten nicht nach einem Princess- oder Trillion-Schliff.<br \/>\nSie werden solche Steine kaum finden, oder wenn doch, wird die Farbs\u00e4ttigung entt\u00e4uschen!<br \/>\nDie meisten gr\u00f6\u00dferen Fancy Vivid Diamanten \u00fcber einem Karat in Farben wie Blau, Rot, Cognac, Orange, Pink und Gr\u00fcn sind behandelt oder synthetisch. <a href=\"https:\/\/ajediam.com\/de\/diamantenpreise\/preisliste-fur-farbige-diamanten\/\"><strong>Preise f\u00fcr Fancy Color Diamanten<\/strong><\/a><\/p><\/div><div class='mb-4'><p>Was w\u00fcrden Sie geben, um farbig get\u00f6nte Diamanten zu besitzen, die als die seltensten und teuersten Diamanten der Welt gelten?<br \/>\nEdelsteinh\u00e4ndler, Sammler und Enthusiasten \u2013 hier ist Ihre Farbskala und die Chance auf eine \u201eErnte\u201c an kanariengelben, champagnerfarbenen,<br \/>\ncognacfarbenen, pinken, schwarzen, blauen und weiteren wundersch\u00f6nen Regenbogenfarben. Finden Sie bei Ajediam sowohl exklusive nat\u00fcrliche Farbdiamanten als auch preiswerte farboptimierte Steine.<br \/>\nHochwertige nat\u00fcrliche Fancy Color Diamanten, zertifiziert von renommierten internationalen Laboren, stehen hier zum Angebot.<br \/>\nWenn Sie bereit sind, in einen herausragenden Fancy Color Diamanten zu investieren, sind Sie bei uns herzlich willkommen!<br \/>\nAntwerpen ist das weltweit gr\u00f6\u00dfte Handelszentrum f\u00fcr Diamanten mit einem Jahresumsatz von mehr als 58,8 Milliarden US-Dollar.<br \/>\nLassen Sie uns Ihnen helfen: Senden Sie uns eine <a href=\"\/diamonds-from-one-to-20ct\">E-Mail<\/a> oder rufen Sie uns an: Tel: + 32 3 808 72 02<\/p><\/div><div class='row '><div class='col-md-3 col-inner'><div class='col-inwrap'><\/div><\/div><div class='col-md-3 col-inner'><div class='col-inwrap'><div class='mb-4'><p>Die meisten farbigen Diamanten haben eine milchige<br \/>\nFarbe, starke Einschl\u00fcsse, Unvollkommenheiten (Piqu\u00e9s) und sind meist tr\u00fcb, wie auf diesem Bild zu sehen ist.<\/p><\/div><\/div><\/div><div class='col-md-3 col-inner'><div class='col-inwrap'><div class='vc-image text-center'><figure><div><img src='https:\/\/ajediam.com\/wp-content\/uploads\/2019\/03\/Color_diamond_heavy_piqu_s_cloudy.jpg' alt=''><\/div><\/figure><\/div><\/div><\/div><div class='col-md-3 col-inner'><div class='col-inwrap'><\/div><\/div><\/div><\/div><\/div> <div class='row vc_row '><div class='col-md-3 '><\/div><div class='col-md-3 '><div style='height: 32px;'><\/div><a class='lab-button' href='http:\/\/ajediam.com\/engagement-rings' target='' title='url:http:\/\/ajediam.com\/engagement-rings|'>JETZT SHOPPEN<\/a><\/div><div class='col-md-3 '><div style='height: 32px;'><\/div><a class='lab-button' href='https:\/\/ajediam.com\/de\/schnellanfrageformular\/' target='' title='https:\/\/ajediam.com\/de\/schnellanfrageformula'>ZUM KAUFBERATER<\/a><\/div><div class='col-md-3 '><\/div><\/div> <div class='row vc_row '><div class='col-md-2 '><\/div><div class='col-md-8 '><div style='height: 32px;'><\/div><div class='vc-image '><figure><a href='\/diamonds-from-one-to-20ct' class='d-block'><img src='https:\/\/ajediam.com\/wp-content\/uploads\/2019\/03\/Ajediam_footer_Buy_now_13_03_2015.jpg' alt=''><\/a><\/figure><\/div><\/div><div class='col-md-2 '><\/div><\/div> <\/p>\n","protected":false},"excerpt":{"rendered":"","protected":false},"author":5,"featured_media":0,"parent":153903,"menu_order":0,"comment_status":"closed","ping_status":"closed","template":"","meta":{"ub_ctt_via":"","footnotes":""},"acf":[],"featured_image_src":null,"_links":{"self":[{"href":"https:\/\/ajediam.com\/de\/wp-json\/wp\/v2\/pages\/153909"}],"collection":[{"href":"https:\/\/ajediam.com\/de\/wp-json\/wp\/v2\/pages"}],"about":[{"href":"https:\/\/ajediam.com\/de\/wp-json\/wp\/v2\/types\/page"}],"author":[{"embeddable":true,"href":"https:\/\/ajediam.com\/de\/wp-json\/wp\/v2\/users\/5"}],"replies":[{"embeddable":true,"href":"https:\/\/ajediam.com\/de\/wp-json\/wp\/v2\/comments?post=153909"}],"version-history":[{"count":1,"href":"https:\/\/ajediam.com\/de\/wp-json\/wp\/v2\/pages\/153909\/revisions"}],"predecessor-version":[{"id":153911,"href":"https:\/\/ajediam.com\/de\/wp-json\/wp\/v2\/pages\/153909\/revisions\/153911"}],"up":[{"embeddable":true,"href":"https:\/\/ajediam.com\/de\/wp-json\/wp\/v2\/pages\/153903"}],"wp:attachment":[{"href":"https:\/\/ajediam.com\/de\/wp-json\/wp\/v2\/media?parent=153909"}],"curies":[{"name":"wp","href":"https:\/\/api.w.org\/{rel}","templated":true}]}}