{"id":153913,"date":"2019-05-04T08:09:03","date_gmt":"2019-05-04T08:09:03","guid":{"rendered":"https:\/\/ajediam.com\/vergleichen-sie-die-qualitaeten-von-diamanten\/quality-variations-chart\/"},"modified":"2026-03-02T12:35:25","modified_gmt":"2026-03-02T12:35:25","slug":"tabelle-der-qualitatsschwankungen","status":"publish","type":"page","link":"https:\/\/ajediam.com\/de\/vergleichen-sie-die-qualitaeten-von-diamanten\/tabelle-der-qualitatsschwankungen\/","title":{"rendered":"Tabelle der Qualit\u00e4tsschwankungen"},"content":{"rendered":"<p><div class='row vc_row '><div class='col-md-12 '><h2 class='section-title'>Wie f\u00fchrt man Preisvergleiche bei Diamanten durch? Wie wird der Diamantenpreis ermittelt?<\/h2><p><b>Wie werden die Kosten und Verkaufspreise von Diamanten berechnet? Hier erfahren Sie es. Diamantenpreise werden durch Qualit\u00e4tsfaktoren bestimmt.<br \/>\nFinden Sie alle m\u00f6glichen Kombinationen von GIA- und HRD-Kriterien, die den Wert beeinflussen.<br \/>\nIhr universeller Leitfaden zur Preisbestimmung.<\/b>Ermitteln Sie den exakten Wert durch Qualit\u00e4tsvariationen und verschiedene Faktoren!<br \/>\nDie Qualit\u00e4t kann von minus 60 % bis hin zu Pr\u00e4mien von + 50 % variieren. Kennen Sie den Unterschied zwischen Einkaufs- und Verkaufspreisen: 30 bis 40 %.<br \/>\nErhalten Sie mit diesem Qualit\u00e4tsschema sofortige Ergebnisse \u00fcber den realen Wert nat\u00fcrlicher, unbehandelter und abgebauter Diamanten.<\/p><h2 class='section-title'>Transparenz in der Diamantenqualit\u00e4t basierend auf weit \u00fcber einer Million Qualit\u00e4tsunterschieden und M\u00e4ngeln in Schliff, Politur, Symmetrie, Finish, Farbe, Fluoreszenz, Rundistenst\u00e4rke und Reinheit.<\/h2><div class='mb-4'><p>Passen Sie die Qualit\u00e4t durch Graduierung zus\u00e4tzlich zum Rapaport-Standard an.<br \/>\nDas fehlende Glied zu den durchschnittlichen Gro\u00dfhandelspreisen ist nun vervollst\u00e4ndigt. <a href=\"\/about-diamonds-4cs\">Qualit\u00e4tsunterschiede<\/a> anschaulich erkl\u00e4rt.<\/p><\/div><\/div><\/div> <div class='row vc_row vc_custom_1552886396531'><div class='col-md-12 '><div class='mb-4'><p><\/p>\n<p style=\"text-align: center;\"><a href=\"#\"><strong>Kopieren Sie dieses Schema f\u00fcr Qualit\u00e4tsvariationen, um Preisvergleiche durchzuf\u00fchren<\/strong><\/a><\/p>\n<p><\/p><\/div><div class='row '><div class='col-md-12 col-inner'><div class='col-inwrap'><div class='vc-image text-center'><figure><a href='\/diamonds-prices-diamonds-ratings' class='d-block'><img src='https:\/\/ajediam.com\/wp-content\/uploads\/2019\/05\/Quality_Factors_Ajediam.jpg' alt=''><\/a><\/figure><\/div><div style='height: 32px;'><\/div><div class='mb-4'><p>Betrachten Sie die Rundistenst\u00e4rke (Girdle thickness) als eine zus\u00e4tzliche wichtige Qualit\u00e4tsvariation. Bei einer sehr d\u00fcnnen Rundiste kann der Diamant leicht brechen!<br \/>\nVermeiden Sie den Kauf von Diamanten mit einer sehr d\u00fcnnen Rundiste.<br \/>\nQuelle: Antwerp World Diamond Centre<\/p>\n<p>Die Faktoren, die Diamanten im Preis teurer oder g\u00fcnstiger machen. Lesen Sie mehr <a href=\"\/about-diamonds-4cs\">\u00fcber die 8Cs:<\/a><\/p><\/div><\/div><\/div><\/div><\/div><\/div> <style>.vc_custom_1552886396531 { border-top-width: 3px !important;border-right-width: 3px !important;border-bottom-width: 3px !important;border-left-width: 3px !important;border-left-color: #e2ebf0 !important;border-left-style: solid !important;border-right-color: #e2ebf0 !important;border-right-style: solid !important;border-top-color: #e2ebf0 !important;border-top-style: solid !important;border-bottom-color: #e2ebf0 !important;border-bottom-style: solid !important;} }<\/style><div class='row vc_row '><div class='col-md-12 '><div style='height: 32px;'><\/div><div class='mb-4'><p><\/p>\n<p style=\"text-align: left; padding-left: 40px;\">+ 50 % f\u00fcr EX EX EX H&amp;A Super Ideal Cut und FL Flawless<br \/>\nnur wenige auf dem Weltmarkt verf\u00fcgbar<\/p>\n<p style=\"text-align: left; padding-left: 40px;\">+ 7 % f\u00fcr Nil (keine) Fluoreszenz zus\u00e4tzlich zu allen anderen Qualit\u00e4tsfaktoren<\/p>\n<p style=\"text-align: left; padding-left: 40px;\">+ 29 % f\u00fcr EX EX EX, Hearts &amp; Arrows Super Ideal Cut<br \/>\nExtrem selten<\/p>\n<p style=\"text-align: left; padding-left: 40px;\">+ 25 % f\u00fcr Triple Excellent Cut (3x EX) Sehr, sehr selten<\/p>\n<p style=\"text-align: left; padding-left: 40px;\">&#8211; 30 % f\u00fcr ungew\u00f6hnliche Schliffe und Fantasieformen (Fancy Cut)<\/p>\n<p style=\"text-align: left; padding-left: 40px;\">+ 12 % f\u00fcr gemischte Schliffe: Excellent \/ Very Good \u2013 Sehr selten<\/p>\n<p style=\"text-align: left; padding-left: 40px;\">+ 10 % f\u00fcr Triple Very Good Cut (3x VG) Selten<\/p>\n<p style=\"text-align: left; padding-left: 40px;\">+ 0 % f\u00fcr gemischte Schliffe: Very Good und Good<\/p>\n<p style=\"text-align: left; padding-left: 40px;\">&#8211; 20 % f\u00fcr Schliffqualit\u00e4t: Good (Gut)<\/p>\n<p style=\"text-align: left; padding-left: 40px;\">&#8211; 25 % f\u00fcr gemischte Schliffe: Good und Fair<\/p>\n<p style=\"text-align: left; padding-left: 40px;\">&#8211; 50 % f\u00fcr Schliffqualit\u00e4t: Fair (Ausreichend)<\/p>\n<p style=\"text-align: left; padding-left: 40px;\">&#8211; 60 % f\u00fcr Schliffqualit\u00e4t: Poor (Mangelhaft)<\/p>\n<p><\/p><\/div><\/div><\/div> <div class='row vc_row vc_custom_1552886396531'><div class='col-md-12 '><div class='row '><div class='col-md-12 col-inner'><div class='col-inwrap'><div class='mb-4'><p><\/p>\n<p style=\"text-align: center;\">Kopieren Sie diese Tabelle der Qualit\u00e4tsvariationen, um Preise zu bestimmen<br \/>\nWie das Geheimnis der Diamantenpreisbewertung mit der Tabelle der Qualit\u00e4tsvariationen gel\u00fcftet wird<\/p>\n<p><\/p><\/div><div style='height: 32px;'><\/div><div class='vc-image text-center'><figure><a href='https:\/\/ajediam.com\/de\/diamantenpreise\/preise-fur-weisse-naturliche-diamanten\/' class='d-block'><img src='https:\/\/ajediam.com\/wp-content\/uploads\/2019\/03\/Quality_factors_schema.jpg' alt=''><\/a><\/figure><\/div><\/div><\/div><\/div><\/div><\/div> <style>.vc_custom_1552886396531 { border-top-width: 3px !important;border-right-width: 3px !important;border-bottom-width: 3px !important;border-left-width: 3px !important;border-left-color: #e2ebf0 !important;border-left-style: solid !important;border-right-color: #e2ebf0 !important;border-right-style: solid !important;border-top-color: #e2ebf0 !important;border-top-style: solid !important;border-bottom-color: #e2ebf0 !important;border-bottom-style: solid !important;} }<\/style><div class='row vc_row '><div class='col-md-3 '><\/div><div class='col-md-3 '><div style='height: 32px;'><\/div><a class='lab-button' href='http:\/\/ajediam.com\/engagement-rings' target='' title='url:http:\/\/ajediam.com\/engagement-rings|'>JETZT SHOPPEN<\/a><\/div><div class='col-md-3 '><div style='height: 32px;'><\/div><a class='lab-button' href='https:\/\/ajediam.com\/de\/schnellanfrageformular\/' target='' title='https:\/\/ajediam.com\/de\/schnellanfrageformula'>ZUM KAUFBERATER<\/a><\/div><div class='col-md-3 '><\/div><\/div> <div class='row vc_row '><div class='col-md-2 '><\/div><div class='col-md-8 '><div style='height: 32px;'><\/div><div class='vc-image '><figure><a href='https:\/\/ajediam.com\/de\/schnellanfrageformular\/' class='d-block'><img src='https:\/\/ajediam.com\/wp-content\/uploads\/2019\/03\/Ajediam_footer_Buy_now_13_03_2015.jpg' alt=''><\/a><\/figure><\/div><\/div><div class='col-md-2 '><\/div><\/div> <\/p>\n","protected":false},"excerpt":{"rendered":"","protected":false},"author":5,"featured_media":0,"parent":153402,"menu_order":0,"comment_status":"closed","ping_status":"closed","template":"","meta":{"ub_ctt_via":"","footnotes":""},"acf":[],"featured_image_src":null,"_links":{"self":[{"href":"https:\/\/ajediam.com\/de\/wp-json\/wp\/v2\/pages\/153913"}],"collection":[{"href":"https:\/\/ajediam.com\/de\/wp-json\/wp\/v2\/pages"}],"about":[{"href":"https:\/\/ajediam.com\/de\/wp-json\/wp\/v2\/types\/page"}],"author":[{"embeddable":true,"href":"https:\/\/ajediam.com\/de\/wp-json\/wp\/v2\/users\/5"}],"replies":[{"embeddable":true,"href":"https:\/\/ajediam.com\/de\/wp-json\/wp\/v2\/comments?post=153913"}],"version-history":[{"count":1,"href":"https:\/\/ajediam.com\/de\/wp-json\/wp\/v2\/pages\/153913\/revisions"}],"predecessor-version":[{"id":153916,"href":"https:\/\/ajediam.com\/de\/wp-json\/wp\/v2\/pages\/153913\/revisions\/153916"}],"up":[{"embeddable":true,"href":"https:\/\/ajediam.com\/de\/wp-json\/wp\/v2\/pages\/153402"}],"wp:attachment":[{"href":"https:\/\/ajediam.com\/de\/wp-json\/wp\/v2\/media?parent=153913"}],"curies":[{"name":"wp","href":"https:\/\/api.w.org\/{rel}","templated":true}]}}