{"id":153917,"date":"2019-03-31T12:40:28","date_gmt":"2019-03-31T12:40:28","guid":{"rendered":"https:\/\/ajediam.com\/vergleichen-sie-die-qualitaeten-von-diamanten\/diamond-clarity-grading-chart\/"},"modified":"2026-03-02T12:40:11","modified_gmt":"2026-03-02T12:40:11","slug":"diamanten-reinheitsbewertungstabelle","status":"publish","type":"page","link":"https:\/\/ajediam.com\/de\/vergleichen-sie-die-qualitaeten-von-diamanten\/diamanten-reinheitsbewertungstabelle\/","title":{"rendered":"Diamanten-Reinheitsbewertungstabelle"},"content":{"rendered":"<p><div class='row vc_row '><div class='col-md-12 '><h2 class='section-title'>Wie sehen die verschiedenen Arten von Einschl\u00fcssen in Diamanten aus?<\/h2><div class='mb-4'><p>Fragen Sie sich, wie Einschl\u00fcsse in einem Diamanten tats\u00e4chlich aussehen?<\/p>\n<p>Betrachten Sie vergr\u00f6\u00dferte Bilder von Verunreinigungen auf dieser aktuellen Reinheits-Skala,<br \/>\ndargestellt unter dem Mikroskop und sortiert nach der Bedeutung der Merkmale.<\/p>\n<p>Vom GIA definierte und identifizierte Merkmale auf Bildern, die mit einem Mikroskop 100-fach vergr\u00f6\u00dfert wurden.<\/p>\n<p>Erkennen Sie die visuelle Wirkung und den Einfluss von Flecken auf die Preise geschliffener Diamanten.<br \/>\nSehen Sie sich die Arten von Einschl\u00fcssen an, klassifiziert nach Kategorien der Bedeutung der Verunreinigungen:<\/p>\n<p>Graduieren und bewerten Sie die Reinheit von Diamanten anhand echter Fotografien, um interne und externe Einschl\u00fcsse sowie Oberfl\u00e4chenmerkmale zu identifizieren.<\/p>\n<p>Die Reinheitsgraduierung eines Diamanten ist eine Expertenmeinung, kein mathematisch-wissenschaftlicher Fakt!<br \/>\nEinschl\u00fcsse sind Kristalle oder strukturelle Unvollkommenheiten wie wei\u00dfliche Wolken, Risse (Feathers), Knoten und schwarze Flecken.<\/p>\n<p>Menge, Gr\u00f6\u00dfe, Farbe, Lage, Ausrichtung und Sichtbarkeit von Einschl\u00fcssen k\u00f6nnen die Reinheit bis hin zu SI3 und Piqu\u00e9 beeinflussen.<\/p>\n<p>Die meisten Einschl\u00fcsse in Diamanten beeintr\u00e4chtigen die Brillanz nicht.<br \/>\nDiamanten mit den h\u00f6chsten Reinheitsgraden sind teurer, da sie wesentlich seltener vorkommen.<\/p><\/div><h2 class='section-title'>Reinheitsgraduierung anhand von Bildern \u2013 Fotos unter dem Mikroskop.<\/h2><p>Mikroskopische Aufnahmen dienen ausschlie\u00dflich zu Studienzwecken f\u00fcr Diamantengraduierer!<\/p><\/div><\/div> <div class='row vc_row '><div class='col-md-12 '><div class='mb-4'><div class='tab-container'><div class='tab-header d-none d-md-block'><\/div><div class='tab' id='1552888342085-653f68ed-9cbf'><h3 class='tab-title d-block d-md-none'>Echte Gr\u00f6\u00dfe eines Einkar\u00e4ters<\/h3><div class='tab-content'><div class='row '><div class='col-md-3 col-inner'><div class='col-inwrap'><div class='vc-image text-center'><figure><div><img src='https:\/\/ajediam.com\/wp-content\/uploads\/2019\/03\/VVS1_Clarity-150x150.jpg' alt=''><\/div><\/figure><\/div><\/div><\/div><div class='col-md-9 col-inner'><div class='col-inwrap'><div class='mb-4'><p>Internally Flawless (IF) \u2013 keine Einschl\u00fcsse im Inneren. Auch lupenrein (LC) genannt:<br \/>\nEs gibt nur sehr wenige Diamanten, die im Inneren vollkommen rein sind.<\/p>\n<p>Flawless (FL) \u2013 keine Einschl\u00fcsse im Inneren und keine Makel an der Au\u00dfenseite:<br \/>\nDiamanten, die sowohl intern als auch extern makellos sind (FL), sind extrem selten.<br \/>\nDieses Bild eines 1,00-Karat-Diamanten ist unter dem Mikroskop 100-fach vergr\u00f6\u00dfert.<\/p><\/div><\/div><\/div><\/div><\/div><\/div><div class='tab' id='1552888342107-d7980eee-afd1'><h3 class='tab-title d-block d-md-none'>Echte Gr\u00f6\u00dfe eines VVS1-Diamanten (1 Karat)<\/h3><div class='tab-content'><div class='row '><div class='col-md-3 col-inner'><div class='col-inwrap'><div class='vc-image text-center'><figure><div><img src='https:\/\/ajediam.com\/wp-content\/uploads\/2019\/03\/VVS1_Clarity_grading-150x150.jpg' alt=''><\/div><\/figure><\/div><\/div><\/div><div class='col-md-9 col-inner'><div class='col-inwrap'><div class='mb-4'><p><strong>VVS1 Reinheit<\/strong><br \/>\nSehr, sehr kleine Einschl\u00fcsse 1. Grades.<br \/>\nSelbst f\u00fcr erfahrene Graduierer mit der Lupe extrem schwer zu erkennen.<br \/>\nDieses Bild eines 1,00-Karat-Diamanten ist mikroskopisch 100-fach vergr\u00f6\u00dfert.<\/p><\/div><\/div><\/div><\/div><\/div><\/div><div class='tab' id='1552933473741-a138fe8e-5fec'><h3 class='tab-title d-block d-md-none'>Echte Gr\u00f6\u00dfe eines VVS2-Diamanten (1 Karat)<\/h3><div class='tab-content'><div class='row '><div class='col-md-3 col-inner'><div class='col-inwrap'><div class='vc-image text-center'><figure><div><img src='https:\/\/ajediam.com\/wp-content\/uploads\/2019\/03\/VVS2_Clarity_grade-150x150.jpg' alt=''><\/div><\/figure><\/div><\/div><\/div><div class='col-md-9 col-inner'><div class='col-inwrap'><div class='mb-4'><p><strong>VVS2 Reinheit<\/strong><br \/>\nSehr, sehr kleine Einschl\u00fcsse 2. Grades.<br \/>\nSelbst f\u00fcr erfahrene Graduierer mit der Lupe extrem schwer zu erkennen.<br \/>\nDieses Bild ist 100-fach vergr\u00f6\u00dfert.<\/p><\/div><\/div><\/div><\/div><\/div><\/div><div class='tab' id='1552933888083-db8227db-f722'><h3 class='tab-title d-block d-md-none'>VS1 \u2013 Echte Gr\u00f6\u00dfe (1 Karat)<\/h3><div class='tab-content'><div class='row '><div class='col-md-3 col-inner'><div class='col-inwrap'><div class='vc-image text-center'><figure><div><img src='https:\/\/ajediam.com\/wp-content\/uploads\/2019\/03\/VVS2_Clarity_grade-150x150.jpg' alt=''><\/div><\/figure><\/div><\/div><\/div><div class='col-md-9 col-inner'><div class='col-inwrap'><div class='mb-4'><p><strong>VS1 Reinheit<\/strong><br \/>\nSehr kleine Einschl\u00fcsse 1. Grades.<br \/>\nSelbst f\u00fcr erfahrene Graduierer mit der Lupe schwer zu erkennen.<br \/>\nDieses Bild eines 1-Karat-Diamanten ist 100-fach vergr\u00f6\u00dfert.<\/p><\/div><\/div><\/div><\/div><\/div><\/div><div class='tab' id='1552933889171-f1ed2875-237c'><h3 class='tab-title d-block d-md-none'>Echte Gr\u00f6\u00dfe eines VS2-Diamanten<\/h3><div class='tab-content'><div class='row '><div class='col-md-3 col-inner'><div class='col-inwrap'><div class='vc-image text-center'><figure><div><img src='https:\/\/ajediam.com\/wp-content\/uploads\/2019\/03\/VS2_a-150x150.jpg' alt=''><\/div><\/figure><\/div><\/div><\/div><div class='col-md-9 col-inner'><div class='col-inwrap'><div class='mb-4'><p><strong>VS2 Reinheit<\/strong><br \/>\nSehr kleine Einschl\u00fcsse 2. Grades.<br \/>\nF\u00fcr erfahrene Graduierer mit der Lupe schwer zu erkennen.<br \/>\nDieses Bild eines 1,00-Karat-Steins ist 100-fach vergr\u00f6\u00dfert.<\/p><\/div><\/div><\/div><\/div><\/div><\/div><\/div><\/div><div class='row '><div class='col-md-3 col-inner'><div class='col-inwrap'><\/div><\/div><div class='col-md-3 col-inner'><div class='col-inwrap'><a class='lab-button' href='http:\/\/ajediam.com\/engagement-rings' target='' title='url:http:\/\/ajediam.com\/engagement-rings|'>JETZT SHOPPEN<\/a><\/div><\/div><div class='col-md-3 col-inner'><div class='col-inwrap'><a class='lab-button' href='https:\/\/ajediam.com\/de\/schnellanfrageformular\/' target='' title='https:\/\/ajediam.com\/de\/schnellanfrageformula'>ZUM KAUFBERATER<\/a><\/div><\/div><div class='col-md-3 col-inner'><div class='col-inwrap'><\/div><\/div><\/div><div style='height: 32px;'><\/div><\/div><\/div> <div class='row vc_row '><div class='col-md-12 '><div class='mb-4'><div class='tab-container'><div class='tab-header d-none d-md-block'><\/div><div class='tab' id='1552936488195-765d356c-5ff4'><h3 class='tab-title d-block d-md-none'>Echte Gr\u00f6\u00dfe SI1 (1 Karat)<\/h3><div class='tab-content'><div class='row '><div class='col-md-3 col-inner'><div class='col-inwrap'><div class='vc-image text-center'><figure><div><img src='https:\/\/ajediam.com\/wp-content\/uploads\/2019\/03\/SI1_Clarity_a-150x150.jpg' alt=''><\/div><\/figure><\/div><\/div><\/div><div class='col-md-9 col-inner'><div class='col-inwrap'><div class='mb-4'><p><strong>SI1 Reinheit<\/strong><br \/>\nKleine Einschl\u00fcsse 1. Grades. Augenrein.<br \/>\nF\u00fcr ein geschultes Auge mit der Lupe erkennbar.<br \/>\nDieses Foto eines 1-Karat-Diamanten ist hundertfach vergr\u00f6\u00dfert.<\/p><\/div><\/div><\/div><\/div><\/div><\/div><div class='tab' id='1552936486832-95f41152-7bab'><h3 class='tab-title d-block d-md-none'>Echte Gr\u00f6\u00dfe eines SI2-Diamanten (1 Karat)<\/h3><div class='tab-content'><div class='row '><div class='col-md-3 col-inner'><div class='col-inwrap'><div class='vc-image text-center'><figure><div><img src='https:\/\/ajediam.com\/wp-content\/uploads\/2019\/03\/SI2_Clarity_a-150x150.jpg' alt=''><\/div><\/figure><\/div><\/div><\/div><div class='col-md-9 col-inner'><div class='col-inwrap'><div class='mb-4'><p><strong>SI2 Reinheit<\/strong><br \/>\nKleine Einschl\u00fcsse 2. Grades.<br \/>\nMit der Lupe leicht zu erkennen \u2013 achten Sie auf die schwarzen Punkte.<br \/>\nDieses Foto eines 1-Karat-Diamanten ist unter dem Mikroskop 100-fach vergr\u00f6\u00dfert.<\/p><\/div><\/div><\/div><\/div><\/div><\/div><div class='tab' id='1552936487073-bc091969-9a45'><h3 class='tab-title d-block d-md-none'>Echte Gr\u00f6\u00dfe (1 Karat) SI3<\/h3><div class='tab-content'><div class='row '><div class='col-md-3 col-inner'><div class='col-inwrap'><div class='vc-image text-center'><figure><div><img src='https:\/\/ajediam.com\/wp-content\/uploads\/2019\/03\/SI2_Clarity_c-150x150.jpg' alt=''><\/div><\/figure><\/div><\/div><\/div><div class='col-md-9 col-inner'><div class='col-inwrap'><div class='mb-4'><p><strong>SI3 Reinheit<\/strong><br \/>\nKleine Einschl\u00fcsse 3. Grades.<br \/>\nMit der Lupe leicht zu erkennen \u2013 achten Sie auf die schwarzen Punkte und Risse \u00fcber den gesamten Stein.<br \/>\nDieses Bild eines 1,00-Karat-Diamanten ist 100-fach vergr\u00f6\u00dfert.<\/p><\/div><\/div><\/div><\/div><\/div><\/div><div class='tab' id='1552936487286-a86e92e8-8ba3'><h3 class='tab-title d-block d-md-none'>Echte Gr\u00f6\u00dfe ist 40-mal kleiner<\/h3><div class='tab-content'><div class='row '><div class='col-md-3 col-inner'><div class='col-inwrap'><div class='vc-image text-center'><figure><div><img src='https:\/\/ajediam.com\/wp-content\/uploads\/2019\/03\/I1_Clarity_a-150x150.jpg' alt=''><\/div><\/figure><\/div><\/div><\/div><div class='col-md-9 col-inner'><div class='col-inwrap'><div class='mb-4'><p><strong>I1 \/ P1 Reinheit<\/strong><br \/>\nDeutliche Einschl\u00fcsse, Makel \/ Flecken 1. Grades, welche die Reinheit beeintr\u00e4chtigen. Mit blo\u00dfem Auge erkennbar.<br \/>\nAuch Piqu\u00e9 1 genannt.<br \/>\nDieses Bild eines 1,00-Karat-Diamanten ist 40-fach vergr\u00f6\u00dfert.<br \/>\nWir raten vom Kauf ab!<\/p><\/div><\/div><\/div><\/div><\/div><\/div><div class='tab' id='1552936487504-708a4bf3-d700'><h3 class='tab-title d-block d-md-none'>Echte Gr\u00f6\u00dfe<\/h3><div class='tab-content'><div class='row '><div class='col-md-3 col-inner'><div class='col-inwrap'><div class='vc-image text-center'><figure><div><img src='https:\/\/ajediam.com\/wp-content\/uploads\/2019\/03\/I2_Clarity_g-150x150.jpg' alt=''><\/div><\/figure><\/div><\/div><\/div><div class='col-md-9 col-inner'><div class='col-inwrap'><div class='mb-4'><p><strong>I2 \/ P2 Reinheit<\/strong><br \/>\nSehr deutliche Einschl\u00fcsse, Makel \/ Flecken 2. Grades. Mit blo\u00dfem Auge leicht erkennbar. Auch Piqu\u00e9 2 genannt.<br \/>\nDieses Bild eines 1,00-Karat-Diamanten ist 40-fach vergr\u00f6\u00dfert.<br \/>\nWir raten vom Kauf ab!<\/p><\/div><\/div><\/div><\/div><\/div><\/div><div class='tab' id='1552936487732-3cdf8d8a-4f44'><h3 class='tab-title d-block d-md-none'>Echte Gr\u00f6\u00dfe<\/h3><div class='tab-content'><div class='row '><div class='col-md-3 col-inner'><div class='col-inwrap'><div class='vc-image text-center'><figure><div><img src='https:\/\/ajediam.com\/wp-content\/uploads\/2019\/03\/I3_Clarity.jpg' alt=''><\/div><\/figure><\/div><\/div><\/div><div class='col-md-9 col-inner'><div class='col-inwrap'><div class='mb-4'><p><strong>I3 \/ P3 Reinheit<\/strong><br \/>\n\u00dcbers\u00e4t mit deutlichen Einschl\u00fcssen, Makeln \/ Flecken 3. Grades. Mit blo\u00dfem Auge m\u00fchelos erkennbar.<br \/>\nAuch Piqu\u00e9 3 genannt.<br \/>\nDieses Bild eines 1-Karat-Diamanten ist 40-fach vergr\u00f6\u00dfert.<br \/>\nNicht kaufen!<\/p><\/div><\/div><\/div><\/div><\/div><\/div><\/div><\/div><div class='row '><div class='col-md-3 col-inner'><div class='col-inwrap'><\/div><\/div><div class='col-md-3 col-inner'><div class='col-inwrap'><div style='height: 32px;'><\/div><a class='lab-button' href='http:\/\/ajediam.com\/engagement-rings' target='' title='url:http:\/\/ajediam.com\/engagement-rings|'>JETZT SHOPPEN<\/a><\/div><\/div><div class='col-md-3 col-inner'><div class='col-inwrap'><div style='height: 32px;'><\/div><a class='lab-button' href='https:\/\/ajediam.com\/de\/schnellanfrageformular\/' target='' title='https:\/\/ajediam.com\/de\/schnellanfrageformula'>ZUM KAUFBERATER<\/a><\/div><\/div><div class='col-md-3 col-inner'><div class='col-inwrap'><\/div><\/div><\/div><div class='row '><div class='col-md-12 col-inner'><div class='col-inwrap'><div style='height: 32px;'><\/div><h2 class='section-title'>Diamanten-Reinheitsskala<\/h2><div class='mb-4'><p>GIA Diamantengraduierung<br \/>\nLabore verwenden Mikroskope, um die Gr\u00f6\u00dfe der Einschl\u00fcsse in Mikrometern zu messen.<\/p>\n<p>Die folgenden Reinheitsgrade werden als lupenrein (Loupe Clean), fast rein (Cleanish) und Piqu\u00e9 bezeichnet,<br \/>\nbestimmt durch Gr\u00f6\u00dfe, Position, Helligkeit und Anzahl der internen und externen Einschl\u00fcsse \/ Makel \/ Flecken auf der Skala.<\/p>\n<p>\u200b\u200b<br \/>\nLC \/ IF \u2013 Ein Diamant wird als lupenrein (Loupe Clean) und im Inneren makellos (Internally Flawless) bezeichnet, wenn bei 10-facher Vergr\u00f6\u00dferung keine internen Einschl\u00fcsse sichtbar sind.<\/p>\n<p>VVS1 \u2013 Diamant mit sehr, sehr kleinen Einschl\u00fcssen \/ Flecken 1. Grades. Selbst f\u00fcr erfahrene Graduierer mit einer 10-fach vergr\u00f6\u00dfernden Lupe extrem schwer zu erkennen.<\/p>\n<p>VVS2 \u2013 Diamant mit sehr, sehr kleinen Einschl\u00fcssen und Flecken 2. Grades. Selbst f\u00fcr erfahrene Graduierer mit einer 10-fach vergr\u00f6\u00dfernden Lupe extrem schwer zu erkennen.<\/p>\n<p>VS1 \u2013 Diamant mit sehr kleinen Einschl\u00fcssen \/ Makeln \/ Flecken 1. Grades. Mit einer 10-fach vergr\u00f6\u00dfernden Lupe f\u00fcr erfahrene Graduierer schwer zu erkennen.<\/p>\n<p>VS2 \u2013 Diamant mit sehr kleinen Einschl\u00fcssen \/ Makeln \/ Flecken 2. Grades. Mit einer 10-fach vergr\u00f6\u00dfernden Lupe f\u00fcr erfahrene Graduierer schwer zu erkennen.<\/p>\n<p>SI1 \u2013 Diamant mit kleinen Einschl\u00fcssen \/ Makeln \/ Flecken 1. Grades. Augenrein. Mit einer 10-fach vergr\u00f6\u00dfernden Lupe erkennbar.<\/p>\n<p>SI2 \/ SI3 \u2013 Diamant mit kleinen Einschl\u00fcssen \/ Makeln \/ Flecken 2. und 3. Grades. Mit blo\u00dfem Auge erkennbar.<\/p>\n<p>I1 \/ P1 \u2013 Diamant mit Einschl\u00fcssen, Makeln \/ Flecken 1. Grades. Mit blo\u00dfem Auge sichtbar. Auch Piqu\u00e9 1 genannt.<\/p>\n<p>I2 \/ P2 \u2013 Diamant mit Einschl\u00fcssen: Makel \/ Flecken 2. Grades. Mit blo\u00dfem Auge sichtbar. Auch Piqu\u00e9 2 genannt.<\/p>\n<p>I3 \/ P3 \u2013 Diamant mit Einschl\u00fcssen \/ Makeln 3. Grades. Offensichtliche Einschl\u00fcsse \/ Flecken, die mit blo\u00dfem Auge leicht sichtbar sind und die Transparenz sowie Brillanz beeintr\u00e4chtigen. Auch Piqu\u00e9 3 genannt.<\/p><\/div><\/div><\/div><\/div><\/div><\/div> <div class='row vc_row '><div class='col-md-2 '><\/div><div class='col-md-8 '><div style='height: 32px;'><\/div><div class='vc-image '><figure><a href='https:\/\/ajediam.com\/de\/schnellanfrageformular\/' class='d-block'><img src='https:\/\/ajediam.com\/wp-content\/uploads\/2019\/03\/Ajediam_footer_Buy_now_13_03_2015.jpg' alt=''><\/a><\/figure><\/div><\/div><div class='col-md-2 '><\/div><\/div> <\/p>\n","protected":false},"excerpt":{"rendered":"","protected":false},"author":5,"featured_media":0,"parent":153402,"menu_order":0,"comment_status":"closed","ping_status":"closed","template":"","meta":{"ub_ctt_via":"","footnotes":""},"acf":[],"featured_image_src":null,"_links":{"self":[{"href":"https:\/\/ajediam.com\/de\/wp-json\/wp\/v2\/pages\/153917"}],"collection":[{"href":"https:\/\/ajediam.com\/de\/wp-json\/wp\/v2\/pages"}],"about":[{"href":"https:\/\/ajediam.com\/de\/wp-json\/wp\/v2\/types\/page"}],"author":[{"embeddable":true,"href":"https:\/\/ajediam.com\/de\/wp-json\/wp\/v2\/users\/5"}],"replies":[{"embeddable":true,"href":"https:\/\/ajediam.com\/de\/wp-json\/wp\/v2\/comments?post=153917"}],"version-history":[{"count":2,"href":"https:\/\/ajediam.com\/de\/wp-json\/wp\/v2\/pages\/153917\/revisions"}],"predecessor-version":[{"id":153921,"href":"https:\/\/ajediam.com\/de\/wp-json\/wp\/v2\/pages\/153917\/revisions\/153921"}],"up":[{"embeddable":true,"href":"https:\/\/ajediam.com\/de\/wp-json\/wp\/v2\/pages\/153402"}],"wp:attachment":[{"href":"https:\/\/ajediam.com\/de\/wp-json\/wp\/v2\/media?parent=153917"}],"curies":[{"name":"wp","href":"https:\/\/api.w.org\/{rel}","templated":true}]}}