{"id":153923,"date":"2019-03-31T12:28:17","date_gmt":"2019-03-31T12:28:17","guid":{"rendered":"https:\/\/ajediam.com\/vergleichen-sie-die-qualitaeten-von-diamanten\/diamond-clarity\/"},"modified":"2026-03-02T12:44:40","modified_gmt":"2026-03-02T12:44:40","slug":"diamantreinheit","status":"publish","type":"page","link":"https:\/\/ajediam.com\/de\/vergleichen-sie-die-qualitaeten-von-diamanten\/diamantreinheit\/","title":{"rendered":"Diamantreinheit"},"content":{"rendered":"<p><div class='row vc_row '><div class='col-md-12 '><div style='height: 32px;'><\/div><h2 class='section-title'>Was ist am wichtigsten: Schliff, Reinheit, Farbe, Gr\u00f6\u00dfe oder Gewicht? Die Reinheit ist das am wenigsten wichtige, aber teuerste der 4Cs.<\/h2><p>Wie findet man Diamantbroschen in Wei\u00df- oder Gelbgold 18K? Entdecken Sie hier unsere Auswahl an Diamantbroschen, unter anderem im Blumenstrau\u00df-Design.<\/p><div class='mb-4'><p>Diese <a href=\"https:\/\/ajediam.com\/de\/vergleichen-sie-die-qualitaeten-von-diamanten\/tabelle-der-qualitatsschwankungen\/\">Diamanten-Reinheitsskala<\/a> zeigt Ihnen, was wirklich wichtig oder eher irrelevant ist.<\/p>\n<p>Zahlen Sie weniger f\u00fcr mehr!<\/p>\n<p>Die <strong>Reinheit<\/strong> (Clarity) ist das am wenigsten wichtige Merkmal der 4Cs. Machen Sie den Test:<br \/>\nWas f\u00e4llt Ihnen zuerst auf, wenn Sie einen Diamanten betrachten?<\/p>\n<p><strong>1. Zuerst sehen Sie, wie gro\u00df der Diamant ist.<\/strong><br \/>\nDen Unterschied zwischen einem kleinen und einem gro\u00dfen Diamanten erkennt man bereits aus der Ferne. Sehen Sie selbst hier unten:<\/p><\/div><div class='mb-4'><p><strong>2. <\/strong>Als Zweites<strong> sehen Sie, ob der Diamant funkelt oder nicht.<\/strong><br \/>\nMachen Sie den Test: Den Unterschied sehen Sie bereits aus der Distanz.<br \/>\nDies ist eine Frage des idealen Schliffs (Ideal Cut).<\/p><\/div><div class='mb-4'><p><strong>3. <\/strong>Als Drittes<strong> sehen Sie den Farbunterschied.<\/strong><br \/>\nMachen Sie noch einmal den Test: Auch diesen Unterschied erkennt man aus der Ferne.<\/p><\/div><div class='mb-4'><p><strong>4. Viertens k\u00f6nnen Sie den Unterschied in der Reinheit mit blo\u00dfem Auge nicht erkennen.<\/strong><br \/>\nWiederholen Sie den Test:<\/p>\n<p>Aus der Distanz l\u00e4sst sich kein Unterschied feststellen!<br \/>\n<a href=\"https:\/\/ajediam.com\/de\/vergleichen-sie-die-qualitaeten-von-diamanten\/tabelle-der-qualitatsschwankungen\/\">Erkennen Sie Einschl\u00fcsse auf Fotos, die unter dem Mikroskop 100-fach vergr\u00f6\u00dfert wurden.<\/a><br \/>\nErfahren Sie mehr \u00fcber&#8230;<a href=\"https:\/\/ajediam.com\/de\/diamanten-101\/uber-diamanten-die-4-cs\/\"> die 8 Cs im Vergleich zu den 4 Cs.<\/a><\/p><\/div><\/div><\/div> <div class='row vc_row '><div class='col-md-4 '><\/div><div class='col-md-4 '><a class='lab-button' href='http:\/\/ajediam.com\/engagement-rings' target='' title='url:http:\/\/ajediam.com\/engagement-rings|'>JETZT SHOPPEN<\/a><\/div><div class='col-md-4 '><\/div><\/div> <div class='row vc_row '><div class='col-md-2 '><\/div><div class='col-md-8 '><div style='height: 32px;'><\/div><div class='vc-image '><figure><a href='https:\/\/ajediam.com\/de\/schnellanfrageformular\/' class='d-block'><img src='https:\/\/ajediam.com\/wp-content\/uploads\/2019\/03\/Ajediam_footer_Buy_now_13_03_2015.jpg' alt=''><\/a><\/figure><\/div><\/div><div class='col-md-2 '><\/div><\/div> <\/p>\n","protected":false},"excerpt":{"rendered":"","protected":false},"author":5,"featured_media":0,"parent":153402,"menu_order":0,"comment_status":"closed","ping_status":"closed","template":"","meta":{"ub_ctt_via":"","footnotes":""},"acf":[],"featured_image_src":null,"_links":{"self":[{"href":"https:\/\/ajediam.com\/de\/wp-json\/wp\/v2\/pages\/153923"}],"collection":[{"href":"https:\/\/ajediam.com\/de\/wp-json\/wp\/v2\/pages"}],"about":[{"href":"https:\/\/ajediam.com\/de\/wp-json\/wp\/v2\/types\/page"}],"author":[{"embeddable":true,"href":"https:\/\/ajediam.com\/de\/wp-json\/wp\/v2\/users\/5"}],"replies":[{"embeddable":true,"href":"https:\/\/ajediam.com\/de\/wp-json\/wp\/v2\/comments?post=153923"}],"version-history":[{"count":1,"href":"https:\/\/ajediam.com\/de\/wp-json\/wp\/v2\/pages\/153923\/revisions"}],"predecessor-version":[{"id":153925,"href":"https:\/\/ajediam.com\/de\/wp-json\/wp\/v2\/pages\/153923\/revisions\/153925"}],"up":[{"embeddable":true,"href":"https:\/\/ajediam.com\/de\/wp-json\/wp\/v2\/pages\/153402"}],"wp:attachment":[{"href":"https:\/\/ajediam.com\/de\/wp-json\/wp\/v2\/media?parent=153923"}],"curies":[{"name":"wp","href":"https:\/\/api.w.org\/{rel}","templated":true}]}}