{"id":153926,"date":"2019-03-31T13:58:16","date_gmt":"2019-03-31T13:58:16","guid":{"rendered":"https:\/\/ajediam.com\/vergleichen-sie-die-qualitaeten-von-diamanten\/diamond-colors\/"},"modified":"2026-03-02T12:50:48","modified_gmt":"2026-03-02T12:50:48","slug":"diamantfarben","status":"publish","type":"page","link":"https:\/\/ajediam.com\/de\/vergleichen-sie-die-qualitaeten-von-diamanten\/diamantfarben\/","title":{"rendered":"Diamantfarben"},"content":{"rendered":"<p><div class='row vc_row '><div class='col-md-12 '><div style='height: 32px;'><\/div><h2 class='section-title'>Wie sehen Diamantfarben in der Realit\u00e4t aus? Betrachten Sie echte Fotos \/ Bilder der Diamantfarben D E F G H I J K L M N O P R S Z<\/h2><p>Diamanten-Farbskala nach GIA-Standards. Aktuelle Farben auf der Skala von D bis Z f\u00fcr wei\u00dfe bis gelbliche Diamanten. Das Vorhandensein eines Gelbstichs mindert den Preis.<\/p><div class='mb-4'><p>Konsultieren Sie auch unsere Skala f\u00fcr farbige Diamanten (Fancy Colors), Regenbogen-Diamanten in allen Farben. Quelle: Antwerp World Diamond Trade Centre.<\/p><\/div><\/div><\/div> <div class='row vc_row '><div class='col-md-12 '><div class='mb-4'><div class='tab-container'><div class='tab-header d-none d-md-block'><\/div><div class='tab' id='1552888342085-653f68ed-9cbf'><h3 class='tab-title d-block d-md-none'>Farblos D - E - F<\/h3><div class='tab-content'><div class='row '><div class='col-md-3 col-inner'><div class='col-inwrap'><div class='vc-image '><figure><div><img src='https:\/\/ajediam.com\/wp-content\/uploads\/2019\/03\/color_chart_DEF.jpg' alt=''><\/div><\/figure><\/div><\/div><\/div><div class='col-md-9 col-inner'><div class='col-inwrap'><div class='mb-4'><p>D-Farbe: Hochfeines Wei\u00df + (River)<\/p>\n<p>E-Farbe: Hochfeines Wei\u00df (River)<\/p>\n<p>F-Farbe: Feines Wei\u00df + (Top Wesselton)<\/p>\n<p><a href=\"https:\/\/ajediam.com\/de\/vergleichen-sie-die-qualitaeten-von-diamanten\/fluoreszierende-blau-weisse-diamanten\/\">Die mysteri\u00f6sen \u201eBlue White Diamonds\u201c der Farben D E F erkl\u00e4rt<\/a><\/p><\/div><\/div><\/div><\/div><\/div><\/div><div class='tab' id='1552888342107-d7980eee-afd1'><h3 class='tab-title d-block d-md-none'>Fast farblos G \u2013 H \u2013 I \u2013 J<\/h3><div class='tab-content'><div class='row '><div class='col-md-3 col-inner'><div class='col-inwrap'><div class='vc-image '><figure><div><img src='https:\/\/ajediam.com\/wp-content\/uploads\/2019\/03\/color_chart_GHI.jpg' alt=''><\/div><\/figure><\/div><\/div><\/div><div class='col-md-9 col-inner'><div class='col-inwrap'><div class='mb-4'><p>G-Farbe: Feines Wei\u00df (Top Wesselton)<\/p>\n<p>H-Farbe: Wei\u00df (Wesselton)<\/p>\n<p>I-Farbe: Leicht get\u00f6ntes Wei\u00df (Top Cristal)<\/p>\n<p>J-Farbe: Get\u00f6ntes Wei\u00df (Cristal)<\/p><\/div><\/div><\/div><\/div><\/div><\/div><div class='tab' id='1552933473741-a138fe8e-5fec'><h3 class='tab-title d-block d-md-none'>Schwach gelblich K \u2013 L \u2013 M<\/h3><div class='tab-content'><div class='row '><div class='col-md-3 col-inner'><div class='col-inwrap'><div class='vc-image '><figure><div><img src='https:\/\/ajediam.com\/wp-content\/uploads\/2019\/03\/color_chart_JKLM.jpg' alt=''><\/div><\/figure><\/div><\/div><\/div><div class='col-md-9 col-inner'><div class='col-inwrap'><div class='mb-4'><p>K-Farbe: Get\u00f6ntes Wei\u00df \u2013 Schwach gelblich (Top Cape)<\/p>\n<p>L-Farbe: Get\u00f6ntes Wei\u00df \u2013 Schwach gelblich (Top Cape)<\/p>\n<p>M-Farbe: Schwach gelblich (Tinted Cape)<\/p><\/div><\/div><\/div><\/div><\/div><\/div><div class='tab' id='1552933888083-db8227db-f722'><h3 class='tab-title d-block d-md-none'>Sehr helles Gelb N \u2013 O \u2013 P \u2013 R<\/h3><div class='tab-content'><div class='row '><div class='col-md-3 col-inner'><div class='col-inwrap'><div class='vc-image '><figure><div><img src='https:\/\/ajediam.com\/wp-content\/uploads\/2019\/03\/color_chart_NOPQR.jpg' alt=''><\/div><\/figure><\/div><\/div><\/div><div class='col-md-9 col-inner'><div class='col-inwrap'><div class='mb-4'><p>N \u2013 O \u2013 P \u2013 R Farbe: Sehr helles Gelblich (Tinted Cape)<\/p><\/div><\/div><\/div><\/div><\/div><\/div><div class='tab' id='1552933889171-f1ed2875-237c'><h3 class='tab-title d-block d-md-none'>Helles Gelblich S \u2013 T \u2013 U \u2013 V<\/h3><div class='tab-content'><div class='row '><div class='col-md-3 col-inner'><div class='col-inwrap'><div class='vc-image '><figure><div><img src='https:\/\/ajediam.com\/wp-content\/uploads\/2019\/03\/colour_chart_STUV.jpg' alt=''><\/div><\/figure><\/div><\/div><\/div><div class='col-md-9 col-inner'><div class='col-inwrap'><div class='mb-4'><p>S \u2013 T \u2013 U \u2013 V Farbe: Helles Gelblich (Tinted Cape)<\/p>\n<p><\/p><\/div><\/div><\/div><\/div><\/div><\/div><div class='tab' id='1552933890244-87339f26-ccaf'><h3 class='tab-title d-block d-md-none'>Helles Gelb W \u2013 X \u2013 Y \u2013 Z<\/h3><div class='tab-content'><div class='row '><div class='col-md-3 col-inner'><div class='col-inwrap'><div class='vc-image '><figure><div><img src='https:\/\/ajediam.com\/wp-content\/uploads\/2019\/03\/colour_chart_WXYZ.jpg' alt=''><\/div><\/figure><\/div><\/div><\/div><div class='col-md-9 col-inner'><div class='col-inwrap'><div class='mb-4'><p>W \u2013 X \u2013 Y \u2013 Z Farbe: Helles Gelb (Tinted Cape)<\/p>\n<p><a href=\"https:\/\/ajediam.com\/de\/vergleichen-sie-die-qualitaeten-von-diamanten\/fluoreszierende-blau-weisse-diamanten\/\">Einfluss der Fluoreszenz auf die Farbe<\/a><\/p><\/div><\/div><\/div><\/div><\/div><\/div><\/div><\/div><\/div><\/div> <div class='row vc_row '><div class='col-md-12 '><div style='height: 32px;'><\/div><div class='row '><div class='col-md-4 col-inner'><div class='col-inwrap'><div class='mb-4'><p>Bitte beachten Sie!<br \/>\nJeder Diamant hat seine eigene individuelle Farbe und kann vom Standard abweichen.<br \/>\nBedenken Sie, dass die Natur keine scharfen Linien zwischen den flie\u00dfenden \u00dcberg\u00e4ngen der Farben zieht.<\/p><\/div><\/div><\/div><div class='col-md-4 col-inner'><div class='col-inwrap'><a class='lab-button' href='http:\/\/ajediam.com\/engagement-rings' target='' title='url:http:\/\/ajediam.com\/engagement-rings|'>JETZT SHOPPEN<\/a><\/div><\/div><div class='col-md-4 col-inner'><div class='col-inwrap'><div class='mb-4'><p><a href=\"https:\/\/ajediam.com\/de\/ausgefallene-farben\/ausgefallene-farbige-diamanten\/\">Zur Farbskala f\u00fcr Fancy Colors<\/a><\/p><\/div><\/div><\/div><\/div><\/div><\/div> <div class='row vc_row '><div class='col-md-2 '><\/div><div class='col-md-8 '><div style='height: 32px;'><\/div><div class='vc-image '><figure><a href='https:\/\/ajediam.com\/de\/schnellanfrageformular\/' class='d-block'><img src='https:\/\/ajediam.com\/wp-content\/uploads\/2019\/03\/Ajediam_footer_Buy_now_13_03_2015.jpg' alt=''><\/a><\/figure><\/div><\/div><div class='col-md-2 '><\/div><\/div> <div class='row vc_row '><div class='col-md-12 '><div class='mb-4'><p><\/p>\n<p><\/p><\/div><\/div><\/div> <\/p>\n","protected":false},"excerpt":{"rendered":"","protected":false},"author":5,"featured_media":0,"parent":153402,"menu_order":0,"comment_status":"closed","ping_status":"closed","template":"","meta":{"ub_ctt_via":"","footnotes":""},"acf":[],"featured_image_src":null,"_links":{"self":[{"href":"https:\/\/ajediam.com\/de\/wp-json\/wp\/v2\/pages\/153926"}],"collection":[{"href":"https:\/\/ajediam.com\/de\/wp-json\/wp\/v2\/pages"}],"about":[{"href":"https:\/\/ajediam.com\/de\/wp-json\/wp\/v2\/types\/page"}],"author":[{"embeddable":true,"href":"https:\/\/ajediam.com\/de\/wp-json\/wp\/v2\/users\/5"}],"replies":[{"embeddable":true,"href":"https:\/\/ajediam.com\/de\/wp-json\/wp\/v2\/comments?post=153926"}],"version-history":[{"count":1,"href":"https:\/\/ajediam.com\/de\/wp-json\/wp\/v2\/pages\/153926\/revisions"}],"predecessor-version":[{"id":153928,"href":"https:\/\/ajediam.com\/de\/wp-json\/wp\/v2\/pages\/153926\/revisions\/153928"}],"up":[{"embeddable":true,"href":"https:\/\/ajediam.com\/de\/wp-json\/wp\/v2\/pages\/153402"}],"wp:attachment":[{"href":"https:\/\/ajediam.com\/de\/wp-json\/wp\/v2\/media?parent=153926"}],"curies":[{"name":"wp","href":"https:\/\/api.w.org\/{rel}","templated":true}]}}